{"id":715,"date":"2019-06-18T10:54:47","date_gmt":"2019-06-18T08:54:47","guid":{"rendered":"https:\/\/eu.kresstools.com\/produkt\/ku310-1\/"},"modified":"2021-09-08T18:10:02","modified_gmt":"2021-09-08T16:10:02","slug":"kress-furadeira-de-impacto-ku310-650w-13mm","status":"publish","type":"product","link":"https:\/\/eu.kresstools.com\/pt-br\/produkt\/kress-furadeira-de-impacto-ku310-650w-13mm\/","title":{"rendered":"KRESS FURADEIRA DE IMPACTO KU310 650W 13mm"},"content":{"rendered":"<div id='av_section_1'  class='avia-section main_color avia-section-default avia-no-border-styling  avia-bg-style-scroll  avia-builder-el-0  el_before_av_section  avia-builder-el-first   container_wrap fullsize' style=' '  ><div class='container' ><main  role=\"main\" itemprop=\"mainContentOfPage\"  class='template-page content  av-content-full alpha units'><div class='post-entry post-entry-type-page post-entry-715'><div class='entry-content-wrapper clearfix'>\n<div class=\"flex_column av_one_half  flex_column_div av-zero-column-padding first  avia-builder-el-1  el_before_av_one_half  avia-builder-el-first  \" style='border-radius:0px; '><div  class='avia-gallery  avia-gallery-1 avia_lazyload avia-gallery-animate avia_animate_when_visible  avia-builder-el-2  avia-builder-el-no-sibling '  itemprop=\"image\" itemscope=\"itemscope\" itemtype=\"https:\/\/schema.org\/ImageObject\" ><a class='avia-gallery-big fakeLightbox lightbox avia-gallery-big-crop-thumb ' href='https:\/\/eu.kresstools.com\/wp-content\/uploads\/2019\/06\/KU310-1030x1030.png'  data-onclick='1' title='' ><span class='avia-gallery-big-inner'  itemprop=\"thumbnailUrl\" >\t<img width='705' height='705' src='https:\/\/eu.kresstools.com\/wp-content\/uploads\/2019\/06\/KU310-705x705.png' title='KU310' alt='' \/><\/span><\/a><div class='avia-gallery-thumb'> <a href='https:\/\/eu.kresstools.com\/wp-content\/uploads\/2019\/06\/KU310-1030x1030.png' data-rel='gallery-1' data-prev-img='https:\/\/eu.kresstools.com\/wp-content\/uploads\/2019\/06\/KU310-705x705.png' class='first_thumb lightbox ' data-onclick='1' title=''  itemprop=\"thumbnailUrl\" ><img  src='https:\/\/eu.kresstools.com\/wp-content\/uploads\/2019\/06\/KU310-705x705.png' width='705' height='705'  title='KU310' alt='' \/><\/a><\/div><\/div><\/div><div class=\"flex_column av_one_half  flex_column_div av-zero-column-padding   avia-builder-el-3  el_after_av_one_half  avia-builder-el-last  \" style='border-radius:0px; '><p><div  style='padding-bottom:10px; font-size:34px;' class='av-special-heading av-special-heading-h3  blockquote modern-quote  avia-builder-el-4  el_before_av_hr  avia-builder-el-first  av-inherit-size '><h3 class='av-special-heading-tag '  itemprop=\"headline\"  >KRESS FURADEIRA DE IMPACTO KU310 650W<\/h3><div class ='av-subheading av-subheading_below  ' style='font-size:15px;'><p>13mm &#8211; 220v<\/p>\n<\/div><div class='special-heading-border'><div class='special-heading-inner-border' ><\/div><\/div><\/div><br \/>\n<div  style='height:10px' class='hr hr-invisible   avia-builder-el-5  el_after_av_heading  el_before_av_textblock '><span class='hr-inner ' ><span class='hr-inner-style'><\/span><\/span><\/div><br \/>\n<section class=\"av_textblock_section \"  itemscope=\"itemscope\" itemtype=\"https:\/\/schema.org\/CreativeWork\" ><div class='avia_textblock  '   itemprop=\"text\" ><p><strong>R$ 364,00<\/strong><\/p>\n<\/div><\/section><br \/>\n<div  style='height:10px' class='hr hr-invisible   avia-builder-el-7  el_after_av_textblock  el_before_av_textblock '><span class='hr-inner ' ><span class='hr-inner-style'><\/span><\/span><\/div><br \/>\n<section class=\"av_textblock_section \"  itemscope=\"itemscope\" itemtype=\"https:\/\/schema.org\/CreativeWork\" ><div class='avia_textblock  '   itemprop=\"text\" ><div class=\"text-wrap tlid-copy-target\">\n<ul>\n<li>M\u00e1quina para profissionais com 650W pot\u00eancia, trabalhos intensos;<\/li>\n<li>N\u00edvel integrado<\/li>\n<li>Corpo emborrachado,<\/li>\n<li>componentes robustos.<\/li>\n<\/ul>\n<\/div>\n<\/div><\/section><br \/>\n<div  style='height:10px' class='hr hr-invisible   avia-builder-el-9  el_after_av_textblock  el_before_av_textblock '><span class='hr-inner ' ><span class='hr-inner-style'><\/span><\/span><\/div><br \/>\n<section class=\"av_textblock_section \"  itemscope=\"itemscope\" itemtype=\"https:\/\/schema.org\/CreativeWork\" ><div class='avia_textblock  '   itemprop=\"text\" ><p>M\u00e1quina para profissionais com 650W de pot\u00eancia para realizar trabalhos intensos;<br \/>\n\u00danica m\u00e1quina da categoria com n\u00edvel na parte superior para facilitar o trabalho;<br \/>\nCarca\u00e7a emborrachada, leve e ergon\u00f4mica;<br \/>\nPe\u00e7as robustas internas, com rolamento nos eixos.<\/p>\n<p><span class=\"tlid-translation translation\" lang=\"en\"><span title=\"\">\u00a0<\/span><\/span><\/p>\n<\/div><\/section><\/p><\/div><\/div><\/div><\/main><!-- close content main element --><\/div><\/div><div id='av_section_2'  class='avia-section main_color avia-section-default avia-no-border-styling  avia-bg-style-scroll  avia-builder-el-11  el_after_av_section  el_before_av_section   container_wrap fullsize' style=' '  ><div class='container' ><div class='template-page content  av-content-full alpha units'><div class='post-entry post-entry-type-page post-entry-715'><div class='entry-content-wrapper clearfix'>\n<div class='av-woo-product-review av-woo-product-tabs product  avia-builder-el-12  avia-builder-el-no-sibling '><\/div>\n<\/p>\n<\/div><\/div><\/div><!-- close content main div --><\/div><\/div><div id='av_section_3'  class='avia-section main_color avia-section-default avia-no-border-styling  avia-bg-style-scroll  avia-builder-el-13  el_after_av_section  avia-builder-el-last   container_wrap fullsize' style=' '  ><div class='container' ><div class='template-page content  av-content-full alpha units'><div class='post-entry post-entry-type-page post-entry-715'><div class='entry-content-wrapper clearfix'>\n<div   data-autoplay=''  data-interval='5'  data-animation='fade'  data-hoverpause='1'  class='template-shop avia-content-slider avia-content-grid-active avia-product-slider1 avia-content-slider-odd  avia-builder-el-14  avia-builder-el-no-sibling   shop_columns_3' ><div class='product-sorting'><ul class='sort-param sort-param-order'><li><span class='currently-selected'>Sort by <strong>Default<\/strong><\/span><ul><li class='current-param'><a href='?avia_extended_shop_select=yes&product_order=default' rel=\"nofollow\"><span class='avia-bullet'><\/span>Default<\/a><\/li><li><a href='?avia_extended_shop_select=yes&product_order=menu_order' rel=\"nofollow\"><span class='avia-bullet'><\/span>Custom<\/a><\/li><li><a href='?avia_extended_shop_select=yes&product_order=title' rel=\"nofollow\"><span class='avia-bullet'><\/span>Name<\/a><\/li><li><a href='?avia_extended_shop_select=yes&product_order=price' rel=\"nofollow\"><span class='avia-bullet'><\/span>Price<\/a><\/li><li><a href='?avia_extended_shop_select=yes&product_order=date' rel=\"nofollow\"><span class='avia-bullet'><\/span>Date<\/a><\/li><li><a href='?avia_extended_shop_select=yes&product_order=popularity' rel=\"nofollow\"><span class='avia-bullet'><\/span>Popularity (sales)<\/a><\/li><li><a href='?avia_extended_shop_select=yes&product_order=rating' rel=\"nofollow\"><span class='avia-bullet'><\/span>Average rating<\/a><\/li><li><a href='?avia_extended_shop_select=yes&product_order=relevance' rel=\"nofollow\"><span class='avia-bullet'><\/span>Relevance<\/a><\/li><li><a href='?avia_extended_shop_select=yes&product_order=rand' rel=\"nofollow\"><span class='avia-bullet'><\/span>Random<\/a><\/li><li><a href='?avia_extended_shop_select=yes&product_order=id' rel=\"nofollow\"><span class='avia-bullet'><\/span>Product ID<\/a><\/li><\/ul><\/li><\/ul><ul class='sort-param sort-param-count'><li><span class='currently-selected'>Display <strong>9 Products per page<\/strong><\/span><ul><li class='current-param'><a href='?paged=1&avia_extended_shop_select=yes&product_count=9' rel=\"nofollow\">\t\t<span class='avia-bullet'><\/span>9 Products per page<\/a><\/li><li><a href='?paged=1&avia_extended_shop_select=yes&product_count=18' rel=\"nofollow\">\t<span class='avia-bullet'><\/span>18 Products per page<\/a><\/li><li><a href='?paged=1&avia_extended_shop_select=yes&product_count=27' rel=\"nofollow\">\t<span class='avia-bullet'><\/span>27 Products per page<\/a><\/li><\/ul><\/li><\/ul><\/div><div class='avia-content-slider-inner'><ul class=\"products\"><li class=\"product type-product post-715 status-publish first instock product_cat-todos-os-produtos product_cat-furadeira-impacto has-post-thumbnail taxable shipping-taxable product-type-simple\">\n\t<div class='inner_product main_color wrapped_style noLightbox  av-product-class-'><div class='thumbnail_container'><img width=\"300\" height=\"300\" src=\"https:\/\/eu.kresstools.com\/wp-content\/uploads\/2019\/06\/KU310-300x300.png\" class=\"attachment-shop_catalog size-shop_catalog wp-post-image\" alt=\"\" loading=\"lazy\" srcset=\"https:\/\/eu.kresstools.com\/wp-content\/uploads\/2019\/06\/KU310-300x300.png 300w, https:\/\/eu.kresstools.com\/wp-content\/uploads\/2019\/06\/KU310-80x80.png 80w, https:\/\/eu.kresstools.com\/wp-content\/uploads\/2019\/06\/KU310-768x768.png 768w, https:\/\/eu.kresstools.com\/wp-content\/uploads\/2019\/06\/KU310-1030x1030.png 1030w, https:\/\/eu.kresstools.com\/wp-content\/uploads\/2019\/06\/KU310-36x36.png 36w, https:\/\/eu.kresstools.com\/wp-content\/uploads\/2019\/06\/KU310-180x180.png 180w, https:\/\/eu.kresstools.com\/wp-content\/uploads\/2019\/06\/KU310-1500x1500.png 1500w, https:\/\/eu.kresstools.com\/wp-content\/uploads\/2019\/06\/KU310-705x705.png 705w, https:\/\/eu.kresstools.com\/wp-content\/uploads\/2019\/06\/KU310-100x100.png 100w, https:\/\/eu.kresstools.com\/wp-content\/uploads\/2019\/06\/KU310-600x600.png 600w, https:\/\/eu.kresstools.com\/wp-content\/uploads\/2019\/06\/KU310-32x32.png 32w\" sizes=\"(max-width: 300px) 100vw, 300px\" \/><span class='cart-loading'><\/span><\/div><div class='inner_product_header'><div class='avia-arrow'><\/div><div class='inner_product_header_table'><div class='inner_product_header_cell'><\/div><\/div><\/div><div class='avia_cart_buttons '><a href=\"https:\/\/eu.kresstools.com\/pt-br\/produkt\/kress-furadeira-de-impacto-ku310-650w-13mm\/\" data-quantity=\"1\" class=\"button product_type_simple\" data-product_id=\"715\" data-product_sku=\"KU310\" aria-label=\"Leia mais sobre &ldquo;KRESS FURADEIRA DE IMPACTO KU310 650W 13mm&rdquo;\" rel=\"nofollow\"><span aria-hidden='true' data-av_icon='\ue859' data-av_iconfont='entypo-fontello'><\/span> Leia mais<\/a><a class=\"button show_details_button\" href=\"https:\/\/eu.kresstools.com\/pt-br\/produkt\/kress-furadeira-de-impacto-ku310-650w-13mm\/\"><span aria-hidden='true' data-av_icon='\ue84b' data-av_iconfont='entypo-fontello'><\/span>  Show Details<\/a> <span class='button-mini-delimiter'><\/span><\/div><\/div><\/li>\n<li class=\"product type-product post-713 status-publish instock product_cat-furadeira-impacto product_cat-todos-os-produtos has-post-thumbnail taxable shipping-taxable product-type-simple\">\n\t<div class='inner_product main_color wrapped_style noLightbox  av-product-class-'><div class='thumbnail_container'><img width=\"300\" height=\"300\" src=\"https:\/\/eu.kresstools.com\/wp-content\/uploads\/2019\/06\/KU310-300x300.png\" class=\"attachment-shop_catalog size-shop_catalog wp-post-image\" alt=\"\" loading=\"lazy\" srcset=\"https:\/\/eu.kresstools.com\/wp-content\/uploads\/2019\/06\/KU310-300x300.png 300w, https:\/\/eu.kresstools.com\/wp-content\/uploads\/2019\/06\/KU310-80x80.png 80w, https:\/\/eu.kresstools.com\/wp-content\/uploads\/2019\/06\/KU310-768x768.png 768w, https:\/\/eu.kresstools.com\/wp-content\/uploads\/2019\/06\/KU310-1030x1030.png 1030w, https:\/\/eu.kresstools.com\/wp-content\/uploads\/2019\/06\/KU310-36x36.png 36w, https:\/\/eu.kresstools.com\/wp-content\/uploads\/2019\/06\/KU310-180x180.png 180w, https:\/\/eu.kresstools.com\/wp-content\/uploads\/2019\/06\/KU310-1500x1500.png 1500w, https:\/\/eu.kresstools.com\/wp-content\/uploads\/2019\/06\/KU310-705x705.png 705w, https:\/\/eu.kresstools.com\/wp-content\/uploads\/2019\/06\/KU310-100x100.png 100w, https:\/\/eu.kresstools.com\/wp-content\/uploads\/2019\/06\/KU310-600x600.png 600w, https:\/\/eu.kresstools.com\/wp-content\/uploads\/2019\/06\/KU310-32x32.png 32w\" sizes=\"(max-width: 300px) 100vw, 300px\" \/><span class='cart-loading'><\/span><\/div><div class='inner_product_header'><div class='avia-arrow'><\/div><div class='inner_product_header_table'><div class='inner_product_header_cell'><\/div><\/div><\/div><div class='avia_cart_buttons '><a href=\"https:\/\/eu.kresstools.com\/pt-br\/produkt\/kress-furadeira-de-impacto-ku310l-650w\/\" data-quantity=\"1\" class=\"button product_type_simple\" data-product_id=\"713\" data-product_sku=\"\" aria-label=\"Leia mais sobre &ldquo;KRESS FURADEIRA DE IMPACTO KU310L 650W&rdquo;\" rel=\"nofollow\"><span aria-hidden='true' data-av_icon='\ue859' data-av_iconfont='entypo-fontello'><\/span> Leia mais<\/a><a class=\"button show_details_button\" href=\"https:\/\/eu.kresstools.com\/pt-br\/produkt\/kress-furadeira-de-impacto-ku310l-650w\/\"><span aria-hidden='true' data-av_icon='\ue84b' data-av_iconfont='entypo-fontello'><\/span>  Show Details<\/a> <span class='button-mini-delimiter'><\/span><\/div><\/div><\/li>\n<li class=\"product type-product post-722 status-publish last instock product_cat-furadeira-impacto product_cat-todos-os-produtos has-post-thumbnail taxable shipping-taxable product-type-simple\">\n\t<div class='inner_product main_color wrapped_style noLightbox  av-product-class-'><div class='thumbnail_container'><img width=\"300\" height=\"300\" src=\"https:\/\/eu.kresstools.com\/wp-content\/uploads\/2019\/06\/KU361-300x300.png\" class=\"attachment-shop_catalog size-shop_catalog wp-post-image\" alt=\"\" loading=\"lazy\" srcset=\"https:\/\/eu.kresstools.com\/wp-content\/uploads\/2019\/06\/KU361-300x300.png 300w, https:\/\/eu.kresstools.com\/wp-content\/uploads\/2019\/06\/KU361-80x80.png 80w, https:\/\/eu.kresstools.com\/wp-content\/uploads\/2019\/06\/KU361-768x768.png 768w, https:\/\/eu.kresstools.com\/wp-content\/uploads\/2019\/06\/KU361-1030x1030.png 1030w, https:\/\/eu.kresstools.com\/wp-content\/uploads\/2019\/06\/KU361-36x36.png 36w, https:\/\/eu.kresstools.com\/wp-content\/uploads\/2019\/06\/KU361-180x180.png 180w, https:\/\/eu.kresstools.com\/wp-content\/uploads\/2019\/06\/KU361-1500x1500.png 1500w, https:\/\/eu.kresstools.com\/wp-content\/uploads\/2019\/06\/KU361-705x705.png 705w, https:\/\/eu.kresstools.com\/wp-content\/uploads\/2019\/06\/KU361-100x100.png 100w, https:\/\/eu.kresstools.com\/wp-content\/uploads\/2019\/06\/KU361-600x600.png 600w, https:\/\/eu.kresstools.com\/wp-content\/uploads\/2019\/06\/KU361-32x32.png 32w\" sizes=\"(max-width: 300px) 100vw, 300px\" \/><span class='cart-loading'><\/span><\/div><div class='inner_product_header'><div class='avia-arrow'><\/div><div class='inner_product_header_table'><div class='inner_product_header_cell'><\/div><\/div><\/div><div class='avia_cart_buttons '><a href=\"https:\/\/eu.kresstools.com\/pt-br\/produkt\/kuc31-1\/\" data-quantity=\"1\" class=\"button product_type_simple\" data-product_id=\"722\" data-product_sku=\"\" aria-label=\"Leia mais sobre &ldquo;KRESS FURADEIRA DE IMPACTO KUC31.1&rdquo;\" rel=\"nofollow\"><span aria-hidden='true' data-av_icon='\ue859' data-av_iconfont='entypo-fontello'><\/span> Leia mais<\/a><a class=\"button show_details_button\" href=\"https:\/\/eu.kresstools.com\/pt-br\/produkt\/kuc31-1\/\"><span aria-hidden='true' data-av_icon='\ue84b' data-av_iconfont='entypo-fontello'><\/span>  Show Details<\/a> <span class='button-mini-delimiter'><\/span><\/div><\/div><\/li>\n<\/ul><\/div><\/div><div class=\"clear\"><\/div>\n\n","protected":false},"excerpt":{"rendered":"","protected":false},"featured_media":448,"template":"","meta":[],"product_cat":[40,46],"product_tag":[],"_links":{"self":[{"href":"https:\/\/eu.kresstools.com\/pt-br\/wp-json\/wp\/v2\/product\/715"}],"collection":[{"href":"https:\/\/eu.kresstools.com\/pt-br\/wp-json\/wp\/v2\/product"}],"about":[{"href":"https:\/\/eu.kresstools.com\/pt-br\/wp-json\/wp\/v2\/types\/product"}],"wp:featuredmedia":[{"embeddable":true,"href":"https:\/\/eu.kresstools.com\/pt-br\/wp-json\/wp\/v2\/media\/448"}],"wp:attachment":[{"href":"https:\/\/eu.kresstools.com\/pt-br\/wp-json\/wp\/v2\/media?parent=715"}],"wp:term":[{"taxonomy":"product_cat","embeddable":true,"href":"https:\/\/eu.kresstools.com\/pt-br\/wp-json\/wp\/v2\/product_cat?post=715"},{"taxonomy":"product_tag","embeddable":true,"href":"https:\/\/eu.kresstools.com\/pt-br\/wp-json\/wp\/v2\/product_tag?post=715"}],"curies":[{"name":"wp","href":"https:\/\/api.w.org\/{rel}","templated":true}]}}