{"id":640,"date":"2019-06-26T09:33:48","date_gmt":"2019-06-26T07:33:48","guid":{"rendered":"https:\/\/eu.kresstools.com\/?page_id=640"},"modified":"2019-08-19T13:41:48","modified_gmt":"2019-08-19T11:41:48","slug":"martelete-sds-plus","status":"publish","type":"page","link":"https:\/\/eu.kresstools.com\/pt-br\/martelete-sds-plus\/","title":{"rendered":"Martelete SDS-plus"},"content":{"rendered":"<div id='av_section_1'  class='avia-section main_color avia-section-default avia-no-border-styling  avia-bg-style-scroll  avia-builder-el-0  el_before_av_section  avia-builder-el-first   container_wrap fullsize' style=' '  ><div class='container' ><main  role=\"main\" itemprop=\"mainContentOfPage\"  class='template-page content  av-content-full alpha units'><div class='post-entry post-entry-type-page post-entry-640'><div class='entry-content-wrapper clearfix'>\n<div class=\"flex_column av_two_third  flex_column_div av-zero-column-padding first  avia-builder-el-1  el_before_av_one_third  avia-builder-el-first  \" style='border-radius:0px; '><section class=\"av_textblock_section \"  itemscope=\"itemscope\" itemtype=\"https:\/\/schema.org\/CreativeWork\" ><div class='avia_textblock  '   itemprop=\"text\" ><h1><span style=\"color: #000000;\">Martelete SDS-plus<\/span><\/h1>\n<\/div><\/section><br \/>\n<section class=\"av_textblock_section \"  itemscope=\"itemscope\" itemtype=\"https:\/\/schema.org\/CreativeWork\" ><div class='avia_textblock  '   itemprop=\"text\" ><p>Feito para trabalho intensivo<\/p>\n<\/div><\/section><\/p><\/div><div class=\"flex_column av_one_third  flex_column_div av-zero-column-padding   avia-builder-el-4  el_after_av_two_third  avia-builder-el-last  \" style='border-radius:0px; '><div  class='avia-button-wrap avia-button-right  avia-builder-el-5  avia-builder-el-no-sibling ' ><a href='#text'  class='avia-button   avia-icon_select-yes-right-icon avia-color-theme-color avia-size-x-large avia-position-right '   ><span class='avia_iconbox_title' >Todos Martelete SDS-plus <\/span><span class='avia_button_icon avia_button_icon_right' aria-hidden='true' data-av_icon='\ue875' data-av_iconfont='entypo-fontello'><\/span><\/a><\/div><\/div>\n\n<\/div><\/div><\/main><!-- close content main element --><\/div><\/div><div id='av_section_2'  class='avia-section main_color avia-section-default avia-no-border-styling  avia-bg-style-scroll  avia-builder-el-6  el_after_av_section  el_before_av_section   container_wrap fullsize' style=' '  ><div class='container' ><div class='template-page content  av-content-full alpha units'><div class='post-entry post-entry-type-page post-entry-640'><div class='entry-content-wrapper clearfix'>\n<div class=\"flex_column av_one_fifth  flex_column_div av-zero-column-padding first  avia-builder-el-7  el_before_av_three_fifth  avia-builder-el-first  \" style='border-radius:0px; '><\/div><div class=\"flex_column av_three_fifth  flex_column_div av-zero-column-padding   avia-builder-el-8  el_after_av_one_fifth  el_before_av_one_fifth  \" style='border-radius:0px; '><div  class='av-hotspot-image-container   av-hotspot-numbered av-mobile-fallback-active    avia-builder-el-9  avia-builder-el-no-sibling  av-non-fullwidth-hotspot-image'  itemprop=\"image\" itemscope=\"itemscope\" itemtype=\"https:\/\/schema.org\/ImageObject\" ><div class='av-hotspot-container'><div class='av-hotspot-container-inner-cell'><div class='av-hotspot-container-inner-wrap'><img class='avia_image' src='https:\/\/eu.kresstools.com\/wp-content\/uploads\/2019\/06\/KU388.png' alt='' title='KU388'  height=\"2600\" width=\"2600\"  itemprop=\"thumbnailUrl\"  \/><\/div><\/div><\/div><\/div><\/div><div class=\"flex_column av_one_fifth  flex_column_div av-zero-column-padding   avia-builder-el-10  el_after_av_three_fifth  avia-builder-el-last  \" style='border-radius:0px; '><\/div>\n\n<\/div><\/div><\/div><!-- close content main div --><\/div><\/div><div id='text'  class='avia-section header_color avia-section-default avia-no-border-styling  avia-bg-style-scroll  avia-builder-el-11  el_after_av_section  el_before_av_section   container_wrap fullsize' style=' '  ><div class='container' ><div class='template-page content  av-content-full alpha units'><div class='post-entry post-entry-type-page post-entry-640'><div class='entry-content-wrapper clearfix'>\n<div class=\"flex_column av_three_fifth  flex_column_div av-zero-column-padding first  avia-builder-el-12  el_before_av_two_fifth  avia-builder-el-first  \" style='border-radius:0px; '><section class=\"av_textblock_section \"  itemscope=\"itemscope\" itemtype=\"https:\/\/schema.org\/CreativeWork\" ><div class='avia_textblock  av_inherit_color '  style='color:#ffffff; '  itemprop=\"text\" ><h3 style=\"text-align: left; color: white;\">A broca de martelo certa para voc\u00ea<\/h3>\n<p>Ao contr\u00e1rio das brocas de impacto, os martelos rotativos s\u00e3o adequados para materiais duros. Nossa ferramenta sem fio permite n\u00e3o apenas martelos de perfura\u00e7\u00e3o, mas tamb\u00e9m parafusos e perfura\u00e7\u00f5es convencionais.<\/p>\n<p>Os martelos rotativos da Kress usam uma broqueadora pneum\u00e1tica e, portanto, s\u00e3o adequados para aplica\u00e7\u00f5es de perfura\u00e7\u00e3o exigentes. Eles apoiam voc\u00ea em todos os trabalhos pesados e s\u00e3o ideais para perfurar materiais duros como pedra e concreto.<\/p>\n<\/div><\/section><\/div><div class=\"flex_column av_two_fifth  flex_column_div av-zero-column-padding   avia-builder-el-14  el_after_av_three_fifth  avia-builder-el-last  \" style='border-radius:0px; '><div  class='avia-image-container  av-styling-    avia-builder-el-15  avia-builder-el-no-sibling  avia-align-center '  itemprop=\"image\" itemscope=\"itemscope\" itemtype=\"https:\/\/schema.org\/ImageObject\"  ><div class='avia-image-container-inner'><div class='avia-image-overlay-wrap'><img class='avia_image' src='https:\/\/eu.kresstools.com\/wp-content\/uploads\/2019\/03\/50-years-big.png' alt='' title='50-years-big' height=\"229\" width=\"205\"  itemprop=\"thumbnailUrl\"  \/><\/div><\/div><\/div><\/div><\/div><\/div><\/div><!-- close content main div --><\/div><\/div><div id='product'  class='avia-section main_color avia-section-default avia-no-border-styling  avia-bg-style-scroll  avia-builder-el-16  el_after_av_section  avia-builder-el-last   container_wrap fullsize' style=' '  ><div class='container' ><div class='template-page content  av-content-full alpha units'><div class='post-entry post-entry-type-page post-entry-640'><div class='entry-content-wrapper clearfix'>\n<div   data-autoplay=''  data-interval='5'  data-animation='fade'  data-hoverpause='1'  class='template-shop avia-content-slider avia-content-grid-active avia-product-slider1 avia-content-slider-odd  avia-builder-el-17  avia-builder-el-no-sibling   shop_columns_3' ><div class='avia-content-slider-inner'><ul class=\"products\"><li class=\"product type-product post-710 status-publish first instock product_cat-martelete-sds-pt-br product_cat-todos-os-produtos has-post-thumbnail taxable shipping-taxable product-type-simple\">\n\t<div class='inner_product main_color wrapped_style noLightbox  av-product-class-'><div class='thumbnail_container'><img width=\"300\" height=\"300\" src=\"https:\/\/eu.kresstools.com\/wp-content\/uploads\/2019\/06\/KU322-300x300.png\" class=\"attachment-shop_catalog size-shop_catalog wp-post-image\" alt=\"\" loading=\"lazy\" srcset=\"https:\/\/eu.kresstools.com\/wp-content\/uploads\/2019\/06\/KU322-300x300.png 300w, https:\/\/eu.kresstools.com\/wp-content\/uploads\/2019\/06\/KU322-80x80.png 80w, https:\/\/eu.kresstools.com\/wp-content\/uploads\/2019\/06\/KU322-768x768.png 768w, https:\/\/eu.kresstools.com\/wp-content\/uploads\/2019\/06\/KU322-1030x1030.png 1030w, https:\/\/eu.kresstools.com\/wp-content\/uploads\/2019\/06\/KU322-36x36.png 36w, https:\/\/eu.kresstools.com\/wp-content\/uploads\/2019\/06\/KU322-180x180.png 180w, https:\/\/eu.kresstools.com\/wp-content\/uploads\/2019\/06\/KU322-1500x1500.png 1500w, https:\/\/eu.kresstools.com\/wp-content\/uploads\/2019\/06\/KU322-705x705.png 705w, https:\/\/eu.kresstools.com\/wp-content\/uploads\/2019\/06\/KU322-100x100.png 100w, https:\/\/eu.kresstools.com\/wp-content\/uploads\/2019\/06\/KU322-600x600.png 600w, https:\/\/eu.kresstools.com\/wp-content\/uploads\/2019\/06\/KU322-32x32.png 32w\" sizes=\"(max-width: 300px) 100vw, 300px\" \/><span class='cart-loading'><\/span><\/div><div class='inner_product_header'><div class='avia-arrow'><\/div><div class='inner_product_header_table'><div class='inner_product_header_cell'><\/div><\/div><\/div><div class='avia_cart_buttons '><a href=\"https:\/\/eu.kresstools.com\/pt-br\/produkt\/kress-martelo-perfurador-ku322-sds-plus-1010w\/\" data-quantity=\"1\" class=\"button product_type_simple\" data-product_id=\"710\" data-product_sku=\"KU322\" aria-label=\"Leia mais sobre &ldquo;KRESS MARTELO PERFURADOR KU322 SDS-PLUS 1010W&rdquo;\" rel=\"nofollow\"><span aria-hidden='true' data-av_icon='\ue859' data-av_iconfont='entypo-fontello'><\/span> Leia mais<\/a><a class=\"button show_details_button\" href=\"https:\/\/eu.kresstools.com\/pt-br\/produkt\/kress-martelo-perfurador-ku322-sds-plus-1010w\/\"><span aria-hidden='true' data-av_icon='\ue84b' data-av_iconfont='entypo-fontello'><\/span>  Show Details<\/a> <span class='button-mini-delimiter'><\/span><\/div><\/div><\/li>\n<li class=\"product type-product post-686 status-publish instock product_cat-martelete-sds-pt-br product_cat-todos-os-produtos has-post-thumbnail taxable shipping-taxable product-type-simple\">\n\t<div class='inner_product main_color wrapped_style noLightbox  av-product-class-'><div class='thumbnail_container'><img width=\"300\" height=\"300\" src=\"https:\/\/eu.kresstools.com\/wp-content\/uploads\/2019\/06\/KUX12P-5-300x300.jpg\" class=\"attachment-shop_catalog size-shop_catalog wp-post-image\" alt=\"\" loading=\"lazy\" srcset=\"https:\/\/eu.kresstools.com\/wp-content\/uploads\/2019\/06\/KUX12P-5-300x300.jpg 300w, https:\/\/eu.kresstools.com\/wp-content\/uploads\/2019\/06\/KUX12P-5-1030x1030.jpg 1030w, https:\/\/eu.kresstools.com\/wp-content\/uploads\/2019\/06\/KUX12P-5-80x80.jpg 80w, https:\/\/eu.kresstools.com\/wp-content\/uploads\/2019\/06\/KUX12P-5-768x768.jpg 768w, https:\/\/eu.kresstools.com\/wp-content\/uploads\/2019\/06\/KUX12P-5-1536x1536.jpg 1536w, https:\/\/eu.kresstools.com\/wp-content\/uploads\/2019\/06\/KUX12P-5-2048x2048.jpg 2048w, https:\/\/eu.kresstools.com\/wp-content\/uploads\/2019\/06\/KUX12P-5-36x36.jpg 36w, https:\/\/eu.kresstools.com\/wp-content\/uploads\/2019\/06\/KUX12P-5-180x180.jpg 180w, https:\/\/eu.kresstools.com\/wp-content\/uploads\/2019\/06\/KUX12P-5-1500x1500.jpg 1500w, https:\/\/eu.kresstools.com\/wp-content\/uploads\/2019\/06\/KUX12P-5-705x705.jpg 705w, https:\/\/eu.kresstools.com\/wp-content\/uploads\/2019\/06\/KUX12P-5-100x100.jpg 100w, https:\/\/eu.kresstools.com\/wp-content\/uploads\/2019\/06\/KUX12P-5-600x600.jpg 600w\" sizes=\"(max-width: 300px) 100vw, 300px\" \/><span class='cart-loading'><\/span><\/div><div class='inner_product_header'><div class='avia-arrow'><\/div><div class='inner_product_header_table'><div class='inner_product_header_cell'><\/div><\/div><\/div><div class='avia_cart_buttons '><a href=\"https:\/\/eu.kresstools.com\/pt-br\/produkt\/kux12p\/\" data-quantity=\"1\" class=\"button product_type_simple\" data-product_id=\"686\" data-product_sku=\"\" aria-label=\"Leia mais sobre &ldquo;KRESS MARTELETE SDS-PLUS 850W KUX12P&rdquo;\" rel=\"nofollow\"><span aria-hidden='true' data-av_icon='\ue859' data-av_iconfont='entypo-fontello'><\/span> Leia mais<\/a><a class=\"button show_details_button\" href=\"https:\/\/eu.kresstools.com\/pt-br\/produkt\/kux12p\/\"><span aria-hidden='true' data-av_icon='\ue84b' data-av_iconfont='entypo-fontello'><\/span>  Show Details<\/a> <span class='button-mini-delimiter'><\/span><\/div><\/div><\/li>\n<li class=\"product type-product post-724 status-publish last instock product_cat-martelete-sds-pt-br product_cat-todos-os-produtos has-post-thumbnail taxable shipping-taxable product-type-simple\">\n\t<div class='inner_product main_color wrapped_style noLightbox  av-product-class-'><div class='thumbnail_container'><img width=\"300\" height=\"300\" src=\"https:\/\/eu.kresstools.com\/wp-content\/uploads\/2019\/06\/KU388-300x300.png\" class=\"attachment-shop_catalog size-shop_catalog wp-post-image\" alt=\"\" loading=\"lazy\" srcset=\"https:\/\/eu.kresstools.com\/wp-content\/uploads\/2019\/06\/KU388-300x300.png 300w, https:\/\/eu.kresstools.com\/wp-content\/uploads\/2019\/06\/KU388-80x80.png 80w, https:\/\/eu.kresstools.com\/wp-content\/uploads\/2019\/06\/KU388-768x768.png 768w, https:\/\/eu.kresstools.com\/wp-content\/uploads\/2019\/06\/KU388-1030x1030.png 1030w, https:\/\/eu.kresstools.com\/wp-content\/uploads\/2019\/06\/KU388-36x36.png 36w, https:\/\/eu.kresstools.com\/wp-content\/uploads\/2019\/06\/KU388-180x180.png 180w, https:\/\/eu.kresstools.com\/wp-content\/uploads\/2019\/06\/KU388-1500x1500.png 1500w, https:\/\/eu.kresstools.com\/wp-content\/uploads\/2019\/06\/KU388-705x705.png 705w, https:\/\/eu.kresstools.com\/wp-content\/uploads\/2019\/06\/KU388-100x100.png 100w, https:\/\/eu.kresstools.com\/wp-content\/uploads\/2019\/06\/KU388-600x600.png 600w, https:\/\/eu.kresstools.com\/wp-content\/uploads\/2019\/06\/KU388-32x32.png 32w\" sizes=\"(max-width: 300px) 100vw, 300px\" \/><span class='cart-loading'><\/span><\/div><div class='inner_product_header'><div class='avia-arrow'><\/div><div class='inner_product_header_table'><div class='inner_product_header_cell'><\/div><\/div><\/div><div class='avia_cart_buttons '><a href=\"https:\/\/eu.kresstools.com\/pt-br\/produkt\/kress-martelete-a-bateria-ku388-sds-plus\/\" data-quantity=\"1\" class=\"button product_type_simple\" data-product_id=\"724\" data-product_sku=\"KU388\" aria-label=\"Leia mais sobre &ldquo;KRESS MARTELETE \u00c0 BATERIA KU388 SDS-PLUS&rdquo;\" rel=\"nofollow\"><span aria-hidden='true' data-av_icon='\ue859' data-av_iconfont='entypo-fontello'><\/span> Leia mais<\/a><a class=\"button show_details_button\" href=\"https:\/\/eu.kresstools.com\/pt-br\/produkt\/kress-martelete-a-bateria-ku388-sds-plus\/\"><span aria-hidden='true' data-av_icon='\ue84b' data-av_iconfont='entypo-fontello'><\/span>  Show Details<\/a> <span class='button-mini-delimiter'><\/span><\/div><\/div><\/li>\n<\/ul><\/div><\/div><div class=\"clear\"><\/div>\n<\/p>\n","protected":false},"excerpt":{"rendered":"","protected":false},"author":1,"featured_media":0,"parent":0,"menu_order":0,"comment_status":"closed","ping_status":"closed","template":"","meta":[],"_links":{"self":[{"href":"https:\/\/eu.kresstools.com\/pt-br\/wp-json\/wp\/v2\/pages\/640"}],"collection":[{"href":"https:\/\/eu.kresstools.com\/pt-br\/wp-json\/wp\/v2\/pages"}],"about":[{"href":"https:\/\/eu.kresstools.com\/pt-br\/wp-json\/wp\/v2\/types\/page"}],"author":[{"embeddable":true,"href":"https:\/\/eu.kresstools.com\/pt-br\/wp-json\/wp\/v2\/users\/1"}],"replies":[{"embeddable":true,"href":"https:\/\/eu.kresstools.com\/pt-br\/wp-json\/wp\/v2\/comments?post=640"}],"version-history":[{"count":0,"href":"https:\/\/eu.kresstools.com\/pt-br\/wp-json\/wp\/v2\/pages\/640\/revisions"}],"wp:attachment":[{"href":"https:\/\/eu.kresstools.com\/pt-br\/wp-json\/wp\/v2\/media?parent=640"}],"curies":[{"name":"wp","href":"https:\/\/api.w.org\/{rel}","templated":true}]}}