{"id":624,"date":"2019-06-26T09:05:39","date_gmt":"2019-06-26T07:05:39","guid":{"rendered":"https:\/\/eu.kresstools.com\/?page_id=624"},"modified":"2019-08-19T13:47:07","modified_gmt":"2019-08-19T11:47:07","slug":"esmerilhadeira-angular","status":"publish","type":"page","link":"https:\/\/eu.kresstools.com\/pt-br\/esmerilhadeira-angular\/","title":{"rendered":"Esmerilhadeira angular"},"content":{"rendered":"<div id='av_section_1'  class='avia-section main_color avia-section-default avia-no-border-styling  avia-bg-style-scroll  avia-builder-el-0  el_before_av_section  avia-builder-el-first   container_wrap fullsize' style=' '  ><div class='container' ><main  role=\"main\" itemprop=\"mainContentOfPage\"  class='template-page content  av-content-full alpha units'><div class='post-entry post-entry-type-page post-entry-624'><div class='entry-content-wrapper clearfix'>\n<div class=\"flex_column av_two_third  flex_column_div av-zero-column-padding first  avia-builder-el-1  el_before_av_one_third  avia-builder-el-first  \" style='border-radius:0px; '><section class=\"av_textblock_section \"  itemscope=\"itemscope\" itemtype=\"https:\/\/schema.org\/CreativeWork\" ><div class='avia_textblock  '   itemprop=\"text\" ><h1><span style=\"color: #000000;\">Esmerilhadeira angular<\/span><\/h1>\n<\/div><\/section><br \/>\n<section class=\"av_textblock_section \"  itemscope=\"itemscope\" itemtype=\"https:\/\/schema.org\/CreativeWork\" ><div class='avia_textblock  '   itemprop=\"text\" ><p>Sempre o \u00e2ngulo certo<\/p>\n<\/div><\/section><\/p><\/div><div class=\"flex_column av_one_third  flex_column_div av-zero-column-padding   avia-builder-el-4  el_after_av_two_third  avia-builder-el-last  \" style='border-radius:0px; '><div  class='avia-button-wrap avia-button-right  avia-builder-el-5  avia-builder-el-no-sibling ' ><a href='#text'  class='avia-button   avia-icon_select-yes-right-icon avia-color-theme-color avia-size-x-large avia-position-right '   ><span class='avia_iconbox_title' >Todos Esmerilhadeira angular <\/span><span class='avia_button_icon avia_button_icon_right' aria-hidden='true' data-av_icon='\ue875' data-av_iconfont='entypo-fontello'><\/span><\/a><\/div><\/div>\n\n<\/div><\/div><\/main><!-- close content main element --><\/div><\/div><div id='av_section_2'  class='avia-section main_color avia-section-default avia-no-border-styling  avia-bg-style-scroll  avia-builder-el-6  el_after_av_section  el_before_av_section   container_wrap fullsize' style=' '  ><div class='container' ><div class='template-page content  av-content-full alpha units'><div class='post-entry post-entry-type-page post-entry-624'><div class='entry-content-wrapper clearfix'>\n<div class=\"flex_column av_one_fifth  flex_column_div av-zero-column-padding first  avia-builder-el-7  el_before_av_three_fifth  avia-builder-el-first  \" style='border-radius:0px; '><\/div><div class=\"flex_column av_three_fifth  flex_column_div av-zero-column-padding   avia-builder-el-8  el_after_av_one_fifth  el_before_av_one_fifth  \" style='border-radius:0px; '><div  class='av-hotspot-image-container   av-hotspot-numbered av-mobile-fallback-active    avia-builder-el-9  avia-builder-el-no-sibling  av-non-fullwidth-hotspot-image'  itemprop=\"image\" itemscope=\"itemscope\" itemtype=\"https:\/\/schema.org\/ImageObject\" ><div class='av-hotspot-container'><div class='av-hotspot-container-inner-cell'><div class='av-hotspot-container-inner-wrap'><img class='avia_image' src='https:\/\/eu.kresstools.com\/wp-content\/uploads\/2019\/06\/KU732.png' alt='' title='KU732'  height=\"2600\" width=\"2600\"  itemprop=\"thumbnailUrl\"  \/><\/div><\/div><\/div><\/div><\/div><div class=\"flex_column av_one_fifth  flex_column_div av-zero-column-padding   avia-builder-el-10  el_after_av_three_fifth  avia-builder-el-last  \" style='border-radius:0px; '><\/div>\n\n<\/div><\/div><\/div><!-- close content main div --><\/div><\/div><div id='text'  class='avia-section header_color avia-section-default avia-no-border-styling  avia-bg-style-scroll  avia-builder-el-11  el_after_av_section  el_before_av_section   container_wrap fullsize' style=' '  ><div class='container' ><div class='template-page content  av-content-full alpha units'><div class='post-entry post-entry-type-page post-entry-624'><div class='entry-content-wrapper clearfix'>\n<div class=\"flex_column av_three_fifth  flex_column_div av-zero-column-padding first  avia-builder-el-12  el_before_av_two_fifth  avia-builder-el-first  \" style='border-radius:0px; '><section class=\"av_textblock_section \"  itemscope=\"itemscope\" itemtype=\"https:\/\/schema.org\/CreativeWork\" ><div class='avia_textblock  av_inherit_color '  style='color:#ffffff; '  itemprop=\"text\" ><h3 style=\"text-align: left; color: white;\">A rebarbadora direita para voc\u00ea<\/h3>\n<p>A ampla gama de rebarbadoras pode, eventualmente, garantir que voc\u00ea n\u00e3o saiba exatamente qual rebarbadora voc\u00ea deve comprar. Se voc\u00ea j\u00e1 possui v\u00e1rios dispositivos PowerShare, pode ser uma vantagem escolher uma rebarbadora PowerShare.<\/p>\n<h3 style=\"text-align: left; color: white;\"><strong>Descubra qual ferramenta combina com voc\u00ea<\/strong><\/h3>\n<p>Esta \u00e9 a melhor maneira de encontrar a ferramenta de sua escolha. Qual rebarbadora combina com voc\u00ea? Para qual material a rebarbadora deve ser usada e quanta pot\u00eancia voc\u00ea precisa para o seu trabalho. Dependendo da espessura e do tipo de material a ser lixado, voc\u00ea deve optar por um modelo mais potente. Da mesma forma, voc\u00ea deve se perguntar com que frequ\u00eancia o dispositivo est\u00e1 em uso com voc\u00ea.<\/p>\n<\/div><\/section><\/div><div class=\"flex_column av_two_fifth  flex_column_div av-zero-column-padding   avia-builder-el-14  el_after_av_three_fifth  avia-builder-el-last  \" style='border-radius:0px; '><div  class='avia-image-container  av-styling-    avia-builder-el-15  avia-builder-el-no-sibling  avia-align-center '  itemprop=\"image\" itemscope=\"itemscope\" itemtype=\"https:\/\/schema.org\/ImageObject\"  ><div class='avia-image-container-inner'><div class='avia-image-overlay-wrap'><img class='avia_image' src='https:\/\/eu.kresstools.com\/wp-content\/uploads\/2019\/03\/50-years-big.png' alt='' title='50-years-big' height=\"229\" width=\"205\"  itemprop=\"thumbnailUrl\"  \/><\/div><\/div><\/div><\/div><\/div><\/div><\/div><!-- close content main div --><\/div><\/div><div id='product'  class='avia-section main_color avia-section-default avia-no-border-styling  avia-bg-style-scroll  avia-builder-el-16  el_after_av_section  avia-builder-el-last   container_wrap fullsize' style=' '  ><div class='container' ><div class='template-page content  av-content-full alpha units'><div class='post-entry post-entry-type-page post-entry-624'><div class='entry-content-wrapper clearfix'>\n<div   data-autoplay=''  data-interval='5'  data-animation='fade'  data-hoverpause='1'  class='template-shop avia-content-slider avia-content-grid-active avia-product-slider1 avia-content-slider-odd  avia-builder-el-17  avia-builder-el-no-sibling   shop_columns_3' ><div class='avia-content-slider-inner'><ul class=\"products\"><li class=\"product type-product post-696 status-publish first instock product_cat-angle-grinder-pt-br product_cat-todos-os-produtos has-post-thumbnail taxable shipping-taxable product-type-simple\">\n\t<div class='inner_product main_color wrapped_style noLightbox  av-product-class-'><div class='thumbnail_container'><img width=\"300\" height=\"300\" src=\"https:\/\/eu.kresstools.com\/wp-content\/uploads\/2019\/06\/KU716-300x300.png\" class=\"attachment-shop_catalog size-shop_catalog wp-post-image\" alt=\"\" loading=\"lazy\" srcset=\"https:\/\/eu.kresstools.com\/wp-content\/uploads\/2019\/06\/KU716-300x300.png 300w, https:\/\/eu.kresstools.com\/wp-content\/uploads\/2019\/06\/KU716-80x80.png 80w, https:\/\/eu.kresstools.com\/wp-content\/uploads\/2019\/06\/KU716-768x768.png 768w, https:\/\/eu.kresstools.com\/wp-content\/uploads\/2019\/06\/KU716-1030x1030.png 1030w, https:\/\/eu.kresstools.com\/wp-content\/uploads\/2019\/06\/KU716-36x36.png 36w, https:\/\/eu.kresstools.com\/wp-content\/uploads\/2019\/06\/KU716-180x180.png 180w, https:\/\/eu.kresstools.com\/wp-content\/uploads\/2019\/06\/KU716-1500x1500.png 1500w, https:\/\/eu.kresstools.com\/wp-content\/uploads\/2019\/06\/KU716-705x705.png 705w, https:\/\/eu.kresstools.com\/wp-content\/uploads\/2019\/06\/KU716-100x100.png 100w, https:\/\/eu.kresstools.com\/wp-content\/uploads\/2019\/06\/KU716-600x600.png 600w, https:\/\/eu.kresstools.com\/wp-content\/uploads\/2019\/06\/KU716-32x32.png 32w\" sizes=\"(max-width: 300px) 100vw, 300px\" \/><span class='cart-loading'><\/span><\/div><div class='inner_product_header'><div class='avia-arrow'><\/div><div class='inner_product_header_table'><div class='inner_product_header_cell'><\/div><\/div><\/div><div class='avia_cart_buttons '><a href=\"https:\/\/eu.kresstools.com\/pt-br\/produkt\/kress-esmerilhadeira-angular-kus15\/\" data-quantity=\"1\" class=\"button product_type_simple\" data-product_id=\"696\" data-product_sku=\"KU716\" aria-label=\"Leia mais sobre &ldquo;KRESS ESMERILHADEIRA ANGULAR KUS15&rdquo;\" rel=\"nofollow\"><span aria-hidden='true' data-av_icon='\ue859' data-av_iconfont='entypo-fontello'><\/span> Leia mais<\/a><a class=\"button show_details_button\" href=\"https:\/\/eu.kresstools.com\/pt-br\/produkt\/kress-esmerilhadeira-angular-kus15\/\"><span aria-hidden='true' data-av_icon='\ue84b' data-av_iconfont='entypo-fontello'><\/span>  Show Details<\/a> <span class='button-mini-delimiter'><\/span><\/div><\/div><\/li>\n<li class=\"product type-product post-700 status-publish instock product_cat-angle-grinder-pt-br product_cat-todos-os-produtos has-post-thumbnail taxable shipping-taxable product-type-simple\">\n\t<div class='inner_product main_color wrapped_style noLightbox  av-product-class-'><div class='thumbnail_container'><img width=\"300\" height=\"300\" src=\"https:\/\/eu.kresstools.com\/wp-content\/uploads\/2019\/06\/KU701-300x300.png\" class=\"attachment-shop_catalog size-shop_catalog wp-post-image\" alt=\"\" loading=\"lazy\" srcset=\"https:\/\/eu.kresstools.com\/wp-content\/uploads\/2019\/06\/KU701-300x300.png 300w, https:\/\/eu.kresstools.com\/wp-content\/uploads\/2019\/06\/KU701-80x80.png 80w, https:\/\/eu.kresstools.com\/wp-content\/uploads\/2019\/06\/KU701-768x768.png 768w, https:\/\/eu.kresstools.com\/wp-content\/uploads\/2019\/06\/KU701-1030x1030.png 1030w, https:\/\/eu.kresstools.com\/wp-content\/uploads\/2019\/06\/KU701-36x36.png 36w, https:\/\/eu.kresstools.com\/wp-content\/uploads\/2019\/06\/KU701-180x180.png 180w, https:\/\/eu.kresstools.com\/wp-content\/uploads\/2019\/06\/KU701-1500x1500.png 1500w, https:\/\/eu.kresstools.com\/wp-content\/uploads\/2019\/06\/KU701-705x705.png 705w, https:\/\/eu.kresstools.com\/wp-content\/uploads\/2019\/06\/KU701-100x100.png 100w, https:\/\/eu.kresstools.com\/wp-content\/uploads\/2019\/06\/KU701-600x600.png 600w, https:\/\/eu.kresstools.com\/wp-content\/uploads\/2019\/06\/KU701-32x32.png 32w\" sizes=\"(max-width: 300px) 100vw, 300px\" \/><span class='cart-loading'><\/span><\/div><div class='inner_product_header'><div class='avia-arrow'><\/div><div class='inner_product_header_table'><div class='inner_product_header_cell'><\/div><\/div><\/div><div class='avia_cart_buttons '><a href=\"https:\/\/eu.kresstools.com\/pt-br\/produkt\/kress-esmerilhadeira-angular-ku701-115mm-220v\/\" data-quantity=\"1\" class=\"button product_type_simple\" data-product_id=\"700\" data-product_sku=\"KU701\" aria-label=\"Leia mais sobre &ldquo;KRESS ESMERILHADEIRA ANGULAR KU701 115mm - 220V&rdquo;\" rel=\"nofollow\"><span aria-hidden='true' data-av_icon='\ue859' data-av_iconfont='entypo-fontello'><\/span> Leia mais<\/a><a class=\"button show_details_button\" href=\"https:\/\/eu.kresstools.com\/pt-br\/produkt\/kress-esmerilhadeira-angular-ku701-115mm-220v\/\"><span aria-hidden='true' data-av_icon='\ue84b' data-av_iconfont='entypo-fontello'><\/span>  Show Details<\/a> <span class='button-mini-delimiter'><\/span><\/div><\/div><\/li>\n<li class=\"product type-product post-720 status-publish last instock product_cat-angle-grinder-pt-br product_cat-todos-os-produtos has-post-thumbnail taxable shipping-taxable product-type-simple\">\n\t<div class='inner_product main_color wrapped_style noLightbox  av-product-class-'><div class='thumbnail_container'><img width=\"300\" height=\"300\" src=\"https:\/\/eu.kresstools.com\/wp-content\/uploads\/2019\/06\/KU801-300x300.png\" class=\"attachment-shop_catalog size-shop_catalog wp-post-image\" alt=\"\" loading=\"lazy\" srcset=\"https:\/\/eu.kresstools.com\/wp-content\/uploads\/2019\/06\/KU801-300x300.png 300w, https:\/\/eu.kresstools.com\/wp-content\/uploads\/2019\/06\/KU801-80x80.png 80w, https:\/\/eu.kresstools.com\/wp-content\/uploads\/2019\/06\/KU801-768x768.png 768w, https:\/\/eu.kresstools.com\/wp-content\/uploads\/2019\/06\/KU801-1030x1030.png 1030w, https:\/\/eu.kresstools.com\/wp-content\/uploads\/2019\/06\/KU801-36x36.png 36w, https:\/\/eu.kresstools.com\/wp-content\/uploads\/2019\/06\/KU801-180x180.png 180w, https:\/\/eu.kresstools.com\/wp-content\/uploads\/2019\/06\/KU801-1500x1500.png 1500w, https:\/\/eu.kresstools.com\/wp-content\/uploads\/2019\/06\/KU801-705x705.png 705w, https:\/\/eu.kresstools.com\/wp-content\/uploads\/2019\/06\/KU801-100x100.png 100w, https:\/\/eu.kresstools.com\/wp-content\/uploads\/2019\/06\/KU801-600x600.png 600w, https:\/\/eu.kresstools.com\/wp-content\/uploads\/2019\/06\/KU801-32x32.png 32w\" sizes=\"(max-width: 300px) 100vw, 300px\" \/><span class='cart-loading'><\/span><\/div><div class='inner_product_header'><div class='avia-arrow'><\/div><div class='inner_product_header_table'><div class='inner_product_header_cell'><\/div><\/div><\/div><div class='avia_cart_buttons '><a href=\"https:\/\/eu.kresstools.com\/pt-br\/produkt\/kress-esmerilhadeira-a-bateria-ku801-20v-4-0-ah\/\" data-quantity=\"1\" class=\"button product_type_simple\" data-product_id=\"720\" data-product_sku=\"KU801\" aria-label=\"Leia mais sobre &ldquo;KRESS ESMERILHADEIRA \u00c0 BATERIA KU801 20V \/ 4.0 Ah&rdquo;\" rel=\"nofollow\"><span aria-hidden='true' data-av_icon='\ue859' data-av_iconfont='entypo-fontello'><\/span> Leia mais<\/a><a class=\"button show_details_button\" href=\"https:\/\/eu.kresstools.com\/pt-br\/produkt\/kress-esmerilhadeira-a-bateria-ku801-20v-4-0-ah\/\"><span aria-hidden='true' data-av_icon='\ue84b' data-av_iconfont='entypo-fontello'><\/span>  Show Details<\/a> <span class='button-mini-delimiter'><\/span><\/div><\/div><\/li>\n<\/ul><\/div><\/div><div class=\"clear\"><\/div>\n<\/p>\n","protected":false},"excerpt":{"rendered":"","protected":false},"author":1,"featured_media":0,"parent":0,"menu_order":0,"comment_status":"closed","ping_status":"closed","template":"","meta":[],"_links":{"self":[{"href":"https:\/\/eu.kresstools.com\/pt-br\/wp-json\/wp\/v2\/pages\/624"}],"collection":[{"href":"https:\/\/eu.kresstools.com\/pt-br\/wp-json\/wp\/v2\/pages"}],"about":[{"href":"https:\/\/eu.kresstools.com\/pt-br\/wp-json\/wp\/v2\/types\/page"}],"author":[{"embeddable":true,"href":"https:\/\/eu.kresstools.com\/pt-br\/wp-json\/wp\/v2\/users\/1"}],"replies":[{"embeddable":true,"href":"https:\/\/eu.kresstools.com\/pt-br\/wp-json\/wp\/v2\/comments?post=624"}],"version-history":[{"count":0,"href":"https:\/\/eu.kresstools.com\/pt-br\/wp-json\/wp\/v2\/pages\/624\/revisions"}],"wp:attachment":[{"href":"https:\/\/eu.kresstools.com\/pt-br\/wp-json\/wp\/v2\/media?parent=624"}],"curies":[{"name":"wp","href":"https:\/\/api.w.org\/{rel}","templated":true}]}}