{"id":9998,"date":"2024-03-07T04:33:54","date_gmt":"2024-03-26T15:26:30","guid":{"rendered":"https:\/\/eu.kresstools.com\/produkt\/meuleuse-dangle-kus20p\/"},"modified":"2024-03-27T17:52:03","modified_gmt":"2024-03-27T16:52:03","slug":"meuleuse-dangle-kus20p","status":"publish","type":"product","link":"https:\/\/eu.kresstools.com\/fr\/produkt\/meuleuse-dangle-kus20p\/","title":{"rendered":"Meuleuse d&rsquo;angle KUS20P"},"content":{"rendered":"<div id='av_section_1'  class='avia-section main_color avia-section-default avia-no-border-styling  avia-bg-style-scroll  avia-builder-el-0  el_before_av_table  avia-builder-el-first   container_wrap fullsize' style=' '  ><div class='container' ><main  role=\"main\" itemprop=\"mainContentOfPage\"  class='template-page content  av-content-full alpha units'><div class='post-entry post-entry-type-page post-entry-9998'><div class='entry-content-wrapper clearfix'>\n<div class=\"flex_column av_one_half  flex_column_div av-zero-column-padding first  avia-builder-el-1  el_before_av_one_half  avia-builder-el-first  \" style='border-radius:0px; '><div  class='avia-gallery  avia-gallery-1 avia_lazyload avia-gallery-animate avia_animate_when_visible  avia-builder-el-2  avia-builder-el-no-sibling '  itemprop=\"image\" itemscope=\"itemscope\" itemtype=\"https:\/\/schema.org\/ImageObject\" ><a class='avia-gallery-big fakeLightbox lightbox avia-gallery-big-crop-thumb ' href='https:\/\/eu.kresstools.com\/wp-content\/uploads\/2024\/03\/02-KUS20P_45-1030x1030.png'  data-onclick='1' title='' ><span class='avia-gallery-big-inner'  itemprop=\"thumbnailUrl\" >\t<img width='495' height='400' src='https:\/\/eu.kresstools.com\/wp-content\/uploads\/2024\/03\/02-KUS20P_45-495x400.png' title='02-KUS20P_45' alt='' \/><\/span><\/a><div class='avia-gallery-thumb'> <a href='https:\/\/eu.kresstools.com\/wp-content\/uploads\/2024\/03\/02-KUS20P_45-1030x1030.png' data-rel='gallery-1' data-prev-img='https:\/\/eu.kresstools.com\/wp-content\/uploads\/2024\/03\/02-KUS20P_45-495x400.png' class='first_thumb lightbox ' data-onclick='1' title=''  itemprop=\"thumbnailUrl\" ><img  src='https:\/\/eu.kresstools.com\/wp-content\/uploads\/2024\/03\/02-KUS20P_45-495x400.png' width='495' height='400'  title='02-KUS20P_45' alt='' \/><\/a> <a href='https:\/\/eu.kresstools.com\/wp-content\/uploads\/2024\/03\/01-KUS20P_F-1030x1030.png' data-rel='gallery-1' data-prev-img='https:\/\/eu.kresstools.com\/wp-content\/uploads\/2024\/03\/01-KUS20P_F-495x400.png' class='lightbox ' data-onclick='2' title=''  itemprop=\"thumbnailUrl\" ><img  src='https:\/\/eu.kresstools.com\/wp-content\/uploads\/2024\/03\/01-KUS20P_F-495x400.png' width='495' height='400'  title='01-KUS20P_F' alt='' \/><\/a> <a href='https:\/\/eu.kresstools.com\/wp-content\/uploads\/2024\/03\/05-KUS20P_on-off-button-1030x1030.png' data-rel='gallery-1' data-prev-img='https:\/\/eu.kresstools.com\/wp-content\/uploads\/2024\/03\/05-KUS20P_on-off-button-495x400.png' class='lightbox ' data-onclick='3' title=''  itemprop=\"thumbnailUrl\" ><img  src='https:\/\/eu.kresstools.com\/wp-content\/uploads\/2024\/03\/05-KUS20P_on-off-button-495x400.png' width='495' height='400'  title='05-KUS20P_bouton marche-arr\u00eat' alt='' \/><\/a> <a href='https:\/\/eu.kresstools.com\/wp-content\/uploads\/2024\/03\/08-KUS20P_family-1030x1030.png' data-rel='gallery-1' data-prev-img='https:\/\/eu.kresstools.com\/wp-content\/uploads\/2024\/03\/08-KUS20P_family-495x400.png' class='lightbox ' data-onclick='4' title=''  itemprop=\"thumbnailUrl\" ><img  src='https:\/\/eu.kresstools.com\/wp-content\/uploads\/2024\/03\/08-KUS20P_family-495x400.png' width='495' height='400'  title='08-KUS20P_famille' alt='' \/><\/a> <a href='https:\/\/eu.kresstools.com\/wp-content\/uploads\/2024\/03\/07-KUS20P_handle-1030x1030.png' data-rel='gallery-1' data-prev-img='https:\/\/eu.kresstools.com\/wp-content\/uploads\/2024\/03\/07-KUS20P_handle-495x400.png' class='lightbox ' data-onclick='5' title=''  itemprop=\"thumbnailUrl\" ><img  src='https:\/\/eu.kresstools.com\/wp-content\/uploads\/2024\/03\/07-KUS20P_handle-495x400.png' width='495' height='400'  title='07-KUS20P_handle' alt='' \/><\/a> <a href='https:\/\/eu.kresstools.com\/wp-content\/uploads\/2024\/03\/06-KUS20P_air-1030x1030.png' data-rel='gallery-1' data-prev-img='https:\/\/eu.kresstools.com\/wp-content\/uploads\/2024\/03\/06-KUS20P_air-495x400.png' class='first_thumb lightbox ' data-onclick='6' title=''  itemprop=\"thumbnailUrl\" ><img  src='https:\/\/eu.kresstools.com\/wp-content\/uploads\/2024\/03\/06-KUS20P_air-495x400.png' width='495' height='400'  title='06-KUS20P_air' alt='' \/><\/a> <a href='https:\/\/eu.kresstools.com\/wp-content\/uploads\/2024\/03\/03-KUS20P_Head-1030x1030.png' data-rel='gallery-1' data-prev-img='https:\/\/eu.kresstools.com\/wp-content\/uploads\/2024\/03\/03-KUS20P_Head-495x400.png' class='lightbox ' data-onclick='7' title=''  itemprop=\"thumbnailUrl\" ><img  src='https:\/\/eu.kresstools.com\/wp-content\/uploads\/2024\/03\/03-KUS20P_Head-495x400.png' width='495' height='400'  title='03-KUS20P_Head' alt='' \/><\/a><\/div><\/div><\/div><div class=\"flex_column av_one_half  flex_column_div av-zero-column-padding   avia-builder-el-3  el_after_av_one_half  avia-builder-el-last  \" style='border-radius:0px; '><p><div  style='padding-bottom:10px; font-size:34px;' class='av-special-heading av-special-heading-h3  blockquote modern-quote  avia-builder-el-4  el_before_av_hr  avia-builder-el-first  av-inherit-size '><h3 class='av-special-heading-tag '  itemprop=\"headline\"  >Meuleuse d\u2019angle KRESS 1400W 125mm corps mince interrupteur coulissant KUS20P<\/h3><div class ='av-subheading av-subheading_below  ' style='font-size:15px;'><p>KUS20P dispose d&rsquo;un d\u00e9marrage progressif et d&rsquo;une protection contre le red\u00e9marrage. Fourni avec une poign\u00e9e anti-vibration.<\/p>\n<\/div><div class='special-heading-border'><div class='special-heading-inner-border' ><\/div><\/div><\/div><br \/>\n<div  style='height:10px' class='hr hr-invisible   avia-builder-el-5  el_after_av_heading  el_before_av_textblock '><span class='hr-inner ' ><span class='hr-inner-style'><\/span><\/span><\/div><br \/>\n<section class=\"av_textblock_section \"  itemscope=\"itemscope\" itemtype=\"https:\/\/schema.org\/CreativeWork\" ><div class='avia_textblock  '   itemprop=\"text\" ><p>La meuleuse d&rsquo;angle KRESS KUS20P 1400W 125mm offre des performances de niveau professionnel et est con\u00e7ue avec un corps mince pour am\u00e9liorer le confort et le contr\u00f4le. Il offre un syst\u00e8me de contr\u00f4le de la vitesse constante. Il est dot\u00e9 d&rsquo;une protection contre le d\u00e9marrage et le red\u00e9marrage en douceur pour plus de s\u00e9curit\u00e9, d&rsquo;une grille anti-poussi\u00e8re amovible qui emp\u00eache les d\u00e9bris d&rsquo;endommager les orifices d&rsquo;a\u00e9ration, et de balais de carbone \u00e0 arr\u00eat automatique qui arr\u00eatent le moteur lorsque les balais ont besoin d&rsquo;\u00eatre remplac\u00e9s. Le bouton de verrouillage de la broche permet de changer facilement de disque sans outil, et l&rsquo;interrupteur \u00e0 glissi\u00e8re lat\u00e9ral est facile d&rsquo;acc\u00e8s. Comprend une poign\u00e9e anti-vibration \u00e0 2 positions, 1 cl\u00e9 de serrage et 1 prot\u00e8ge-meule pour le meulage.<\/p>\n<\/div><\/section><br \/>\n<section class=\"av_textblock_section \"  itemscope=\"itemscope\" itemtype=\"https:\/\/schema.org\/CreativeWork\" ><div class='avia_textblock  '   itemprop=\"text\" ><p>* Conception du corps mince pour un meilleur confort et un meilleur contr\u00f4le<br \/>\n* Le d\u00e9marrage progressif et la protection contre le red\u00e9marrage assurent un environnement de travail plus s\u00fbr.<br \/>\n* La grille amovible \u00e9vite les dommages caus\u00e9s par les d\u00e9bris et prolonge la dur\u00e9e de vie du moteur.<br \/>\n* Les balais de carbone \u00e0 arr\u00eat automatique arr\u00eatent le moteur lorsque les balais doivent \u00eatre remplac\u00e9s.<br \/>\n* Le bouton de verrouillage de la broche permet de changer facilement de disque.<\/p>\n<\/div><\/section><\/p><\/div>\n<\/div><\/div><\/main><!-- close content main element --><\/div><\/div><div id='after_section_1'  class='main_color av_default_container_wrap container_wrap fullsize' style=' '  ><div class='container' ><div class='template-page content  av-content-full alpha units'><div class='post-entry post-entry-type-page post-entry-9998'><div class='entry-content-wrapper clearfix'>\n<div  class='avia-table main_color avia-pricing-table-container  avia_pricing_default   avia-builder-el-8  el_after_av_section  avia-builder-el-no-sibling  avia-table-1'  itemscope=\"itemscope\" itemtype=\"https:\/\/schema.org\/Table\" ><div class='pricing-table-wrap'><ul class='pricing-table '><li class=''><div class='first-table-item'>Puissance nominale<\/div><span class='pricing-extra'><\/span><\/li><li class=''>Type de moteur<\/li><li class=''>Type de montage du disque<\/li><li class=''>Taille du filetage de la broche<\/li><li class=''>Diam\u00e8tre de la lame<\/li><li class=''>Taille de l&rsquo;al\u00e9sage du disque<\/li><li class=''>Poign\u00e9e r\u00e9glable<\/li><li class=''>Garde r\u00e9glable<\/li><li class=''>Vitesse \u00e0 vide<\/li><li class=''>Niveau de vibration<\/li><li class=''>Longueur du produit<\/li><li class=''>Largeur du produit<\/li><li class=''>Hauteur du produit<\/li><li class=''>Poids sans batterie<\/li><li class=''>Paquet<\/li><li class=''>Dans la bo\u00eete<\/li><\/ul><\/div><div class='pricing-table-wrap'><ul class='pricing-table '><li class=''><div class='first-table-item'>1400W<\/div><span class='pricing-extra'><\/span><\/li><li class=''>\/<\/li><li class=''>Filet de broche M14<\/li><li class=''>M14 (en)<\/li><li class=''>125 mm<\/li><li class=''>22,2 mm<\/li><li class=''>2 positions<\/li><li class=''>oui<\/li><li class=''>0-9500 tr\/min<\/li><li class=''>1,5 m\/s\u00b2 (1,5 m\/s\u00b2)<\/li><li class=''>302 mm<\/li><li class=''>170 mm<\/li><li class=''>108 mm<\/li><li class=''>2,0 kg<\/li><li class=''>Bo\u00eete de couleur<\/li><li class=''>1x poign\u00e9e auxiliaire anti-vibration<br \/>\n1x cl\u00e9 de serrage<br \/>\n1x prot\u00e8ge-meule pour le meulage<\/li><\/ul><\/div><\/div>\n","protected":false},"excerpt":{"rendered":"","protected":false},"featured_media":8516,"template":"","meta":[],"product_cat":[671,665,582],"product_tag":[],"_links":{"self":[{"href":"https:\/\/eu.kresstools.com\/fr\/wp-json\/wp\/v2\/product\/9998"}],"collection":[{"href":"https:\/\/eu.kresstools.com\/fr\/wp-json\/wp\/v2\/product"}],"about":[{"href":"https:\/\/eu.kresstools.com\/fr\/wp-json\/wp\/v2\/types\/product"}],"wp:featuredmedia":[{"embeddable":true,"href":"https:\/\/eu.kresstools.com\/fr\/wp-json\/wp\/v2\/media\/8516"}],"wp:attachment":[{"href":"https:\/\/eu.kresstools.com\/fr\/wp-json\/wp\/v2\/media?parent=9998"}],"wp:term":[{"taxonomy":"product_cat","embeddable":true,"href":"https:\/\/eu.kresstools.com\/fr\/wp-json\/wp\/v2\/product_cat?post=9998"},{"taxonomy":"product_tag","embeddable":true,"href":"https:\/\/eu.kresstools.com\/fr\/wp-json\/wp\/v2\/product_tag?post=9998"}],"curies":[{"name":"wp","href":"https:\/\/api.w.org\/{rel}","templated":true}]}}