{"id":9976,"date":"2024-03-07T04:25:12","date_gmt":"2024-03-26T02:59:24","guid":{"rendered":"https:\/\/eu.kresstools.com\/produkt\/kuh10-91-meuleuse-dangle-20v-125mm\/"},"modified":"2024-03-27T17:52:01","modified_gmt":"2024-03-27T16:52:01","slug":"kuh10-91-meuleuse-dangle-20v-125mm","status":"publish","type":"product","link":"https:\/\/eu.kresstools.com\/fr\/produkt\/kuh10-91-meuleuse-dangle-20v-125mm\/","title":{"rendered":"KUH10.91 Meuleuse d&rsquo;angle 20V 125mm"},"content":{"rendered":"<div id='av_section_1'  class='avia-section main_color avia-section-default avia-no-border-styling  avia-bg-style-scroll  avia-builder-el-0  el_before_av_table  avia-builder-el-first   container_wrap fullsize' style=' '  ><div class='container' ><main  role=\"main\" itemprop=\"mainContentOfPage\"  class='template-page content  av-content-full alpha units'><div class='post-entry post-entry-type-page post-entry-9976'><div class='entry-content-wrapper clearfix'>\n<div class=\"flex_column av_one_half  flex_column_div av-zero-column-padding first  avia-builder-el-1  el_before_av_one_half  avia-builder-el-first  \" style='border-radius:0px; '><div  class='avia-gallery  avia-gallery-1 avia_lazyload avia-gallery-animate avia_animate_when_visible  avia-builder-el-2  avia-builder-el-no-sibling '  itemprop=\"image\" itemscope=\"itemscope\" itemtype=\"https:\/\/schema.org\/ImageObject\" ><a class='avia-gallery-big fakeLightbox lightbox avia-gallery-big-crop-thumb ' href='https:\/\/eu.kresstools.com\/wp-content\/uploads\/2023\/08\/KUH10.91-KUH10.9_Angle-1030x1030.png'  data-onclick='1' title='' ><span class='avia-gallery-big-inner'  itemprop=\"thumbnailUrl\" >\t<img width='495' height='400' src='https:\/\/eu.kresstools.com\/wp-content\/uploads\/2023\/08\/KUH10.91-KUH10.9_Angle-495x400.png' title='KUH10.91 KUH10.9_Angle' alt='' \/><\/span><\/a><div class='avia-gallery-thumb'> <a href='https:\/\/eu.kresstools.com\/wp-content\/uploads\/2023\/08\/KUH10.91-KUH10.9_Angle-1030x1030.png' data-rel='gallery-1' data-prev-img='https:\/\/eu.kresstools.com\/wp-content\/uploads\/2023\/08\/KUH10.91-KUH10.9_Angle-495x400.png' class='first_thumb lightbox ' data-onclick='1' title=''  itemprop=\"thumbnailUrl\" ><img  src='https:\/\/eu.kresstools.com\/wp-content\/uploads\/2023\/08\/KUH10.91-KUH10.9_Angle-495x400.png' width='495' height='400'  title='KUH10.91 KUH10.9_Angle' alt='' \/><\/a> <a href='https:\/\/eu.kresstools.com\/wp-content\/uploads\/2023\/08\/KUH10.91-KUH10.9_Front-1030x1030.png' data-rel='gallery-1' data-prev-img='https:\/\/eu.kresstools.com\/wp-content\/uploads\/2023\/08\/KUH10.91-KUH10.9_Front-495x400.png' class='lightbox ' data-onclick='2' title=''  itemprop=\"thumbnailUrl\" ><img  src='https:\/\/eu.kresstools.com\/wp-content\/uploads\/2023\/08\/KUH10.91-KUH10.9_Front-495x400.png' width='495' height='400'  title='KUH10.91 KUH10.9_Front' alt='' \/><\/a> <a href='https:\/\/eu.kresstools.com\/wp-content\/uploads\/2023\/08\/KUH10.91_Family-1030x1030.png' data-rel='gallery-1' data-prev-img='https:\/\/eu.kresstools.com\/wp-content\/uploads\/2023\/08\/KUH10.91_Family-495x400.png' class='lightbox ' data-onclick='3' title=''  itemprop=\"thumbnailUrl\" ><img  src='https:\/\/eu.kresstools.com\/wp-content\/uploads\/2023\/08\/KUH10.91_Family-495x400.png' width='495' height='400'  title='KUH10.91_Family' alt='' \/><\/a> <a href='https:\/\/eu.kresstools.com\/wp-content\/uploads\/2023\/08\/KUH10.2-KUH10.91-KUH10.9_Handle-1030x1030.png' data-rel='gallery-1' data-prev-img='https:\/\/eu.kresstools.com\/wp-content\/uploads\/2023\/08\/KUH10.2-KUH10.91-KUH10.9_Handle-495x400.png' class='lightbox ' data-onclick='4' title=''  itemprop=\"thumbnailUrl\" ><img  src='https:\/\/eu.kresstools.com\/wp-content\/uploads\/2023\/08\/KUH10.2-KUH10.91-KUH10.9_Handle-495x400.png' width='495' height='400'  title='KUH10.2 KUH10.91 KUH10.9_Handle' alt='' \/><\/a> <a href='https:\/\/eu.kresstools.com\/wp-content\/uploads\/2023\/08\/KUH10.2-KUH10.91-KUH10.9_Switch-1030x1030.png' data-rel='gallery-1' data-prev-img='https:\/\/eu.kresstools.com\/wp-content\/uploads\/2023\/08\/KUH10.2-KUH10.91-KUH10.9_Switch-495x400.png' class='lightbox ' data-onclick='5' title=''  itemprop=\"thumbnailUrl\" ><img  src='https:\/\/eu.kresstools.com\/wp-content\/uploads\/2023\/08\/KUH10.2-KUH10.91-KUH10.9_Switch-495x400.png' width='495' height='400'  title='KUH10.2 KUH10.91 KUH10.9_Switch' alt='' \/><\/a><\/div><\/div><\/div><div class=\"flex_column av_one_half  flex_column_div av-zero-column-padding   avia-builder-el-3  el_after_av_one_half  avia-builder-el-last  \" style='border-radius:0px; '><p><div  style='padding-bottom:10px; font-size:34px;' class='av-special-heading av-special-heading-h3  blockquote modern-quote  avia-builder-el-4  el_before_av_hr  avia-builder-el-first  av-inherit-size '><h3 class='av-special-heading-tag '  itemprop=\"headline\"  >Meuleuse d\u2019angle Kress 20V Max sans fil et sans balais 125mm 3 vitesses Skin KUH10.91<\/h3><div class ='av-subheading av-subheading_below  ' style='font-size:15px;'><p>Le KUH02 est dot\u00e9 de plusieurs vitesses qui conviennent \u00e0 diverses applications de broyage. Le d\u00e9marrage progressif et la protection contre le red\u00e9marrage offrent un environnement de travail plus s\u00fbr. Fourni avec une poign\u00e9e anti-vibration.<\/p>\n<\/div><div class='special-heading-border'><div class='special-heading-inner-border' ><\/div><\/div><\/div><br \/>\n<div  style='height:10px' class='hr hr-invisible   avia-builder-el-5  el_after_av_heading  el_before_av_textblock '><span class='hr-inner ' ><span class='hr-inner-style'><\/span><\/span><\/div><br \/>\n<section class=\"av_textblock_section \"  itemscope=\"itemscope\" itemtype=\"https:\/\/schema.org\/CreativeWork\" ><div class='avia_textblock  '   itemprop=\"text\" ><p>La meuleuse d&rsquo;angle KUH10.2 20V 3 vitesses 125mm est \u00e9quip\u00e9e d&rsquo;un moteur sans balais qui offre une taille plus compacte, une dur\u00e9e de vie du moteur jusqu&rsquo;\u00e0 10 fois plus longue et 50% d&rsquo;autonomie en plus. Il dispose de 3 vitesses, jusqu&rsquo;\u00e0 8500 tours\/minute, s\u00e9lectionn\u00e9es par un affichage \u00e9lectronique LED. La vitesse peut \u00eatre r\u00e9gl\u00e9e pour s&rsquo;adapter \u00e0 une vari\u00e9t\u00e9 de travaux de meulage par simple pression d&rsquo;un bouton. Les fonctions de s\u00e9curit\u00e9 suppl\u00e9mentaires comprennent un d\u00e9marrage progressif et une protection anti-red\u00e9marrage, et la grille anti-poussi\u00e8re amovible emp\u00eache les d\u00e9bris de s&rsquo;infiltrer dans les orifices de ventilation. Convient aux applications de meulage l\u00e9g\u00e8res et lourdes.<br \/>\nEmball\u00e9 dans une mallette robuste et empilable pour faciliter le transport et le stockage<\/p>\n<\/div><\/section><br \/>\n<section class=\"av_textblock_section \"  itemscope=\"itemscope\" itemtype=\"https:\/\/schema.org\/CreativeWork\" ><div class='avia_textblock  '   itemprop=\"text\" ><p>* Technologie de moteur sans balais offrant une taille plus compacte, une dur\u00e9e de vie du moteur jusqu&rsquo;\u00e0 10 fois plus longue et une autonomie accrue de 50 %.<br \/>\n*3 r\u00e9glages de vitesse jusqu&rsquo;\u00e0 8500 tours\/minute pour r\u00e9pondre \u00e0 une vari\u00e9t\u00e9 de travaux de meulage par simple pression d&rsquo;un bouton.<br \/>\n* D\u00e9marrage progressif et antired\u00e9marrage pour un environnement de travail plus s\u00fbr<br \/>\n* La grille anti-poussi\u00e8re amovible emp\u00eache les d\u00e9bris d&rsquo;endommager le produit et augmente sa long\u00e9vit\u00e9.<br \/>\n* Poign\u00e9e anti-vibration et poign\u00e9e surmoul\u00e9e en caoutchouc pour une protection et un confort accrus de l&rsquo;utilisateur.<br \/>\n* R\u00e9glage rapide et sans outil de la protection<br \/>\n* Tous les produits Kress 20V sont compatibles avec toutes les batteries KROSSPACK\u00ae 20V Max.<br \/>\n*Bo\u00eetier d&#8217;empilage M<\/p>\n<\/div><\/section><\/p><\/div><\/div><\/div><\/main><!-- close content main element --><\/div><\/div><div id='after_section_1'  class='main_color av_default_container_wrap container_wrap fullsize' style=' '  ><div class='container' ><div class='template-page content  av-content-full alpha units'><div class='post-entry post-entry-type-page post-entry-9976'><div class='entry-content-wrapper clearfix'><div  class='avia-table main_color avia-pricing-table-container  avia_pricing_default   avia-builder-el-8  el_after_av_section  avia-builder-el-no-sibling  avia-table-1'  itemscope=\"itemscope\" itemtype=\"https:\/\/schema.org\/Table\" ><div class='pricing-table-wrap'><ul class='pricing-table '><li class=''><div class='first-table-item'>Tension nominale<\/div><span class='pricing-extra'><\/span><\/li><li class=''>Type de moteur<\/li><li class=''>Type de montage du disque<\/li><li class=''>Taille du filetage de la broche<\/li><li class=''>Diam\u00e8tre de la lame<\/li><li class=''>Taille de l&rsquo;al\u00e9sage du disque<\/li><li class=''>Poign\u00e9e r\u00e9glable<\/li><li class=''>Garde r\u00e9glable<\/li><li class=''>Vitesse \u00e0 vide<\/li><li class=''>Niveau de vibration<\/li><li class=''>Longueur du produit<\/li><li class=''>Largeur du produit<\/li><li class=''>Hauteur du produit<\/li><li class=''>Poids sans batterie<\/li><li class=''>Type de batterie<\/li><li class=''>Temps de charge<\/li><li class=''>Indicateur de puissance<\/li><li class=''>Non. Nombre de piles par paquet<\/li><li class=''>Paquet<\/li><li class=''>Dans la bo\u00eete<\/li><\/ul><\/div><div class='pricing-table-wrap'><ul class='pricing-table '><li class=''><div class='first-table-item'>20V Max<\/div><span class='pricing-extra'><\/span><\/li><li class=''>brushless<\/li><li class=''>Filet de broche M14<\/li><li class=''>M14 (en)<\/li><li class=''>125mm<\/li><li class=''>22.2mm<\/li><li class=''>2 positions<\/li><li class=''>oui<\/li><li class=''>0- 3500 \/ 6000 \/ 8500 tr\/min<\/li><li class=''>1,5 m\/s\u00b2 (1,5 m\/s\u00b2)<\/li><li class=''>348,5 mm<\/li><li class=''>115 mm<\/li><li class=''>118 mm<\/li><li class=''>1,7 kg<\/li><li class=''>\/<\/li><li class=''>\/<\/li><li class=''>\/<\/li><li class=''>\/<\/li><li class=''>Mallette empilable<\/li><li class=''>1x poign\u00e9e auxiliaire<br \/>\n1x cl\u00e9 de serrage<br \/>\n1x prot\u00e8ge-meule pour le meulage<br \/>\n1x valise d&#8217;empilage<\/li><\/ul><\/div><\/div><\/p>\n","protected":false},"excerpt":{"rendered":"","protected":false},"featured_media":5466,"template":"","meta":[],"product_cat":[671,665,582],"product_tag":[],"_links":{"self":[{"href":"https:\/\/eu.kresstools.com\/fr\/wp-json\/wp\/v2\/product\/9976"}],"collection":[{"href":"https:\/\/eu.kresstools.com\/fr\/wp-json\/wp\/v2\/product"}],"about":[{"href":"https:\/\/eu.kresstools.com\/fr\/wp-json\/wp\/v2\/types\/product"}],"wp:featuredmedia":[{"embeddable":true,"href":"https:\/\/eu.kresstools.com\/fr\/wp-json\/wp\/v2\/media\/5466"}],"wp:attachment":[{"href":"https:\/\/eu.kresstools.com\/fr\/wp-json\/wp\/v2\/media?parent=9976"}],"wp:term":[{"taxonomy":"product_cat","embeddable":true,"href":"https:\/\/eu.kresstools.com\/fr\/wp-json\/wp\/v2\/product_cat?post=9976"},{"taxonomy":"product_tag","embeddable":true,"href":"https:\/\/eu.kresstools.com\/fr\/wp-json\/wp\/v2\/product_tag?post=9976"}],"curies":[{"name":"wp","href":"https:\/\/api.w.org\/{rel}","templated":true}]}}