{"id":9953,"date":"2024-03-26T03:32:45","date_gmt":"2024-03-26T02:35:01","guid":{"rendered":"https:\/\/eu.kresstools.com\/produkt\/kuh04-91-meuleuse-dangle-20v\/"},"modified":"2024-06-27T05:14:31","modified_gmt":"2024-06-27T03:14:31","slug":"kuh04-91-meuleuse-dangle-20v","status":"publish","type":"product","link":"https:\/\/eu.kresstools.com\/fr\/produkt\/kuh04-91-meuleuse-dangle-20v\/","title":{"rendered":"KUH04.91 Meuleuse d&rsquo;angle 20V"},"content":{"rendered":"<div id='av_section_1'  class='avia-section main_color avia-section-default avia-no-border-styling  avia-bg-style-scroll  avia-builder-el-0  el_before_av_table  avia-builder-el-first   container_wrap fullsize' style=' '  ><div class='container' ><main  role=\"main\" itemprop=\"mainContentOfPage\"  class='template-page content  av-content-full alpha units'><div class='post-entry post-entry-type-page post-entry-9953'><div class='entry-content-wrapper clearfix'>\n<div class=\"flex_column av_one_half  flex_column_div av-zero-column-padding first  avia-builder-el-1  el_before_av_one_half  avia-builder-el-first  \" style='border-radius:0px; '><div  class='avia-gallery  avia-gallery-1 avia_lazyload avia-gallery-animate avia_animate_when_visible  avia-builder-el-2  avia-builder-el-no-sibling '  itemprop=\"image\" itemscope=\"itemscope\" itemtype=\"https:\/\/schema.org\/ImageObject\" ><a class='avia-gallery-big fakeLightbox lightbox avia-gallery-big-crop-thumb ' href='https:\/\/eu.kresstools.com\/wp-content\/uploads\/2024\/03\/KUH04.91_7-1-1030x1030.png'  data-onclick='1' title='' ><span class='avia-gallery-big-inner'  itemprop=\"thumbnailUrl\" >\t<img width='495' height='400' src='https:\/\/eu.kresstools.com\/wp-content\/uploads\/2024\/03\/KUH04.91_7-1-495x400.png' title='KUH04.91_7 (1)' alt='' \/><\/span><\/a><div class='avia-gallery-thumb'> <a href='https:\/\/eu.kresstools.com\/wp-content\/uploads\/2024\/03\/KUH04.91_7-1-1030x1030.png' data-rel='gallery-1' data-prev-img='https:\/\/eu.kresstools.com\/wp-content\/uploads\/2024\/03\/KUH04.91_7-1-495x400.png' class='first_thumb lightbox ' data-onclick='1' title=''  itemprop=\"thumbnailUrl\" ><img  src='https:\/\/eu.kresstools.com\/wp-content\/uploads\/2024\/03\/KUH04.91_7-1-495x400.png' width='495' height='400'  title='KUH04.91_7 (1)' alt='' \/><\/a> <a href='https:\/\/eu.kresstools.com\/wp-content\/uploads\/2024\/03\/KUH04.91_1-1-1030x1030.png' data-rel='gallery-1' data-prev-img='https:\/\/eu.kresstools.com\/wp-content\/uploads\/2024\/03\/KUH04.91_1-1-495x400.png' class='lightbox ' data-onclick='2' title=''  itemprop=\"thumbnailUrl\" ><img  src='https:\/\/eu.kresstools.com\/wp-content\/uploads\/2024\/03\/KUH04.91_1-1-495x400.png' width='495' height='400'  title='KUH04.91_1 (1)' alt='' \/><\/a> <a href='https:\/\/eu.kresstools.com\/wp-content\/uploads\/2024\/03\/KUH04.91_6-1-1030x1030.png' data-rel='gallery-1' data-prev-img='https:\/\/eu.kresstools.com\/wp-content\/uploads\/2024\/03\/KUH04.91_6-1-495x400.png' class='lightbox ' data-onclick='3' title=''  itemprop=\"thumbnailUrl\" ><img  src='https:\/\/eu.kresstools.com\/wp-content\/uploads\/2024\/03\/KUH04.91_6-1-495x400.png' width='495' height='400'  title='KUH04.91_6 (1)' alt='' \/><\/a> <a href='https:\/\/eu.kresstools.com\/wp-content\/uploads\/2024\/03\/KUH04.91_5-1-1030x1030.png' data-rel='gallery-1' data-prev-img='https:\/\/eu.kresstools.com\/wp-content\/uploads\/2024\/03\/KUH04.91_5-1-495x400.png' class='lightbox ' data-onclick='4' title=''  itemprop=\"thumbnailUrl\" ><img  src='https:\/\/eu.kresstools.com\/wp-content\/uploads\/2024\/03\/KUH04.91_5-1-495x400.png' width='495' height='400'  title='KUH04.91_5 (1)' alt='' \/><\/a> <a href='https:\/\/eu.kresstools.com\/wp-content\/uploads\/2024\/03\/KUH04.91_3-1-1030x1030.png' data-rel='gallery-1' data-prev-img='https:\/\/eu.kresstools.com\/wp-content\/uploads\/2024\/03\/KUH04.91_3-1-495x400.png' class='lightbox ' data-onclick='5' title=''  itemprop=\"thumbnailUrl\" ><img  src='https:\/\/eu.kresstools.com\/wp-content\/uploads\/2024\/03\/KUH04.91_3-1-495x400.png' width='495' height='400'  title='KUH04.91_3 (1)' alt='' \/><\/a> <a href='https:\/\/eu.kresstools.com\/wp-content\/uploads\/2024\/03\/KUH04.91_4-1-1030x1030.png' data-rel='gallery-1' data-prev-img='https:\/\/eu.kresstools.com\/wp-content\/uploads\/2024\/03\/KUH04.91_4-1-495x400.png' class='first_thumb lightbox ' data-onclick='6' title=''  itemprop=\"thumbnailUrl\" ><img  src='https:\/\/eu.kresstools.com\/wp-content\/uploads\/2024\/03\/KUH04.91_4-1-495x400.png' width='495' height='400'  title='KUH04.91_4 (1)' alt='' \/><\/a> <a href='https:\/\/eu.kresstools.com\/wp-content\/uploads\/2024\/03\/KUH04.91_2-1-1030x1030.png' data-rel='gallery-1' data-prev-img='https:\/\/eu.kresstools.com\/wp-content\/uploads\/2024\/03\/KUH04.91_2-1-495x400.png' class='lightbox ' data-onclick='7' title=''  itemprop=\"thumbnailUrl\" ><img  src='https:\/\/eu.kresstools.com\/wp-content\/uploads\/2024\/03\/KUH04.91_2-1-495x400.png' width='495' height='400'  title='KUH04.91_2 (1)' alt='' \/><\/a> <a href='https:\/\/eu.kresstools.com\/wp-content\/uploads\/2024\/03\/KUH04.91_Family-3-1030x1030.png' data-rel='gallery-1' data-prev-img='https:\/\/eu.kresstools.com\/wp-content\/uploads\/2024\/03\/KUH04.91_Family-3-495x400.png' class='lightbox ' data-onclick='8' title=''  itemprop=\"thumbnailUrl\" ><img  src='https:\/\/eu.kresstools.com\/wp-content\/uploads\/2024\/03\/KUH04.91_Family-3-495x400.png' width='495' height='400'  title='KUH04.91_Family' alt='' \/><\/a><\/div><\/div><\/div><div class=\"flex_column av_one_half  flex_column_div av-zero-column-padding   avia-builder-el-3  el_after_av_one_half  avia-builder-el-last  \" style='border-radius:0px; '><p><div  style='padding-bottom:10px; font-size:34px;' class='av-special-heading av-special-heading-h3  blockquote modern-quote  avia-builder-el-4  el_before_av_hr  avia-builder-el-first  av-inherit-size '><h3 class='av-special-heading-tag '  itemprop=\"headline\"  >Meuleuse d\u2019angle KUH04.91_20V<\/h3><div class ='av-subheading av-subheading_below  ' style='font-size:15px;'><p>Meuleuse d&rsquo;angle sans balai 20V max 125mm 3 vitesses avec d\u00e9marrage progressif<br \/>\n&#8211; outil uniquement dans le coffret d&#8217;empilage<br \/>\nKUH04.91<\/p>\n<\/div><div class='special-heading-border'><div class='special-heading-inner-border' ><\/div><\/div><\/div><br \/>\n<div  style='height:10px' class='hr hr-invisible   avia-builder-el-5  el_after_av_heading  el_before_av_textblock '><span class='hr-inner ' ><span class='hr-inner-style'><\/span><\/span><\/div><br \/>\n<section class=\"av_textblock_section \"  itemscope=\"itemscope\" itemtype=\"https:\/\/schema.org\/CreativeWork\" ><div class='avia_textblock  '   itemprop=\"text\" ><p>La meuleuse d&rsquo;angle KRESS 20V max 125mm sans balais dispose de 3 vitesses, jusqu&rsquo;\u00e0 8500 RPM, qui peuvent \u00eatre r\u00e9gl\u00e9es pour s&rsquo;adapter \u00e0 une vari\u00e9t\u00e9 de travaux de meulage. Les caract\u00e9ristiques de s\u00e9curit\u00e9 suppl\u00e9mentaires comprennent un interrupteur \u00e0 palette avec frein \u00e9lectronique. L&rsquo;outil ne fonctionne qu&rsquo;en appuyant sur un interrupteur et peut s&rsquo;arr\u00eater rapidement au moment du rel\u00e2chement. \u00e0 la fois le d\u00e9marrage progressif et la protection contre le red\u00e9marrage. Conception compacte et l\u00e9g\u00e8re permettant une utilisation d&rsquo;une seule main et r\u00e9duisant la fatigue. La grille anti-poussi\u00e8re amovible emp\u00eache les d\u00e9bris d&rsquo;endommager les orifices d&rsquo;a\u00e9ration.<\/p>\n<\/div><\/section><br \/>\n<section class=\"av_textblock_section \"  itemscope=\"itemscope\" itemtype=\"https:\/\/schema.org\/CreativeWork\" ><div class='avia_textblock  '   itemprop=\"text\" ><p>*Technologie de moteur sans balais : taille compacte, dur\u00e9e de vie du moteur plus longue et temps de fonctionnement accru.<br \/>\n*3 S\u00e9lection du r\u00e9glage de la vitesse en fonction de l&rsquo;application<br \/>\n*Fonctions d&rsquo;antired\u00e9marrage et de d\u00e9marrage en douceur<br \/>\n*La grille anti-poussi\u00e8re amovible emp\u00eache les d\u00e9bris d&rsquo;endommager l&rsquo;appareil.<br \/>\n*Poign\u00e9e surmoul\u00e9e en caoutchouc<br \/>\n*R\u00e9glage rapide de la protection<br \/>\n*L&rsquo;interrupteur \u00e0 palette et la fonction de freinage garantissent la s\u00e9curit\u00e9.<br \/>\n*Tous les produits Kress 20V sont compatibles avec toutes les batteries KROSSPACK\u00ae 20V Max.<\/p>\n<\/div><\/section><\/p><\/div><\/div><\/div><\/main><!-- close content main element --><\/div><\/div><div id='after_section_1'  class='main_color av_default_container_wrap container_wrap fullsize' style=' '  ><div class='container' ><div class='template-page content  av-content-full alpha units'><div class='post-entry post-entry-type-page post-entry-9953'><div class='entry-content-wrapper clearfix'><div  class='avia-table main_color avia-pricing-table-container  avia_pricing_default   avia-builder-el-8  el_after_av_section  avia-builder-el-no-sibling  avia-table-1'  itemscope=\"itemscope\" itemtype=\"https:\/\/schema.org\/Table\" ><div class='pricing-table-wrap'><ul class='pricing-table '><li class=''><div class='first-table-item'>Niveau de vibration<\/div><span class='pricing-extra'><\/span><\/li><li class=''>Longueur du produit<\/li><li class=''>Largeur du produit<\/li><li class=''>Hauteur du produit<\/li><li class=''>Poids sans batterie<\/li><li class=''>Type de batterie<\/li><li class=''>Temps de charge<\/li><li class=''>Indicateur de puissance<\/li><li class=''>Non. Nombre de piles par paquet<\/li><li class=''>Paquet<\/li><li class=''>Dans la bo\u00eete<\/li><\/ul><\/div><div class='pricing-table-wrap'><ul class='pricing-table '><li class=''><div class='first-table-item'>3,825m\/s\u00b2, et<\/div><span class='pricing-extra'><\/span><\/li><li class=''>348,5 mm<\/li><li class=''>115 mm<\/li><li class=''>118 mm<\/li><li class=''>1,4 kg<\/li><li class=''>\/<\/li><li class=''>\/<\/li><li class=''>\/<\/li><li class=''>\/<\/li><li class=''>Mallette empilable<\/li><li class=''>1x poign\u00e9e auxiliaire anti-vibration<br \/>\n1x cl\u00e9 de serrage<br \/>\n1x protection rapide pour le meulage<br \/>\n1x valise d&#8217;empilage<\/li><\/ul><\/div><\/div><\/p>\n","protected":false},"excerpt":{"rendered":"","protected":false},"featured_media":9453,"template":"","meta":[],"product_cat":[671,665,582],"product_tag":[],"_links":{"self":[{"href":"https:\/\/eu.kresstools.com\/fr\/wp-json\/wp\/v2\/product\/9953"}],"collection":[{"href":"https:\/\/eu.kresstools.com\/fr\/wp-json\/wp\/v2\/product"}],"about":[{"href":"https:\/\/eu.kresstools.com\/fr\/wp-json\/wp\/v2\/types\/product"}],"wp:featuredmedia":[{"embeddable":true,"href":"https:\/\/eu.kresstools.com\/fr\/wp-json\/wp\/v2\/media\/9453"}],"wp:attachment":[{"href":"https:\/\/eu.kresstools.com\/fr\/wp-json\/wp\/v2\/media?parent=9953"}],"wp:term":[{"taxonomy":"product_cat","embeddable":true,"href":"https:\/\/eu.kresstools.com\/fr\/wp-json\/wp\/v2\/product_cat?post=9953"},{"taxonomy":"product_tag","embeddable":true,"href":"https:\/\/eu.kresstools.com\/fr\/wp-json\/wp\/v2\/product_tag?post=9953"}],"curies":[{"name":"wp","href":"https:\/\/api.w.org\/{rel}","templated":true}]}}