{"id":9942,"date":"2024-03-26T03:23:27","date_gmt":"2024-03-26T02:24:37","guid":{"rendered":"https:\/\/eu.kresstools.com\/produkt\/kuf30-9_aspirateur-soufflant\/"},"modified":"2024-03-28T00:40:44","modified_gmt":"2024-03-27T23:40:44","slug":"kuf30-9_aspirateur-soufflant","status":"publish","type":"product","link":"https:\/\/eu.kresstools.com\/fr\/produkt\/kuf30-9_aspirateur-soufflant\/","title":{"rendered":"KUF30.9_Aspirateur soufflant"},"content":{"rendered":"<div id='av_section_1'  class='avia-section main_color avia-section-default avia-no-border-styling  avia-bg-style-scroll  avia-builder-el-0  el_before_av_table  avia-builder-el-first   container_wrap fullsize' style=' '  ><div class='container' ><main  role=\"main\" itemprop=\"mainContentOfPage\"  class='template-page content  av-content-full alpha units'><div class='post-entry post-entry-type-page post-entry-9942'><div class='entry-content-wrapper clearfix'>\n<div class=\"flex_column av_one_half  flex_column_div av-zero-column-padding first  avia-builder-el-1  el_before_av_one_half  avia-builder-el-first  \" style='border-radius:0px; '><div  class='avia-gallery  avia-gallery-1 avia_lazyload avia-gallery-animate avia_animate_when_visible  avia-builder-el-2  avia-builder-el-no-sibling '  itemprop=\"image\" itemscope=\"itemscope\" itemtype=\"https:\/\/schema.org\/ImageObject\" ><a class='avia-gallery-big fakeLightbox lightbox avia-gallery-big-crop-thumb ' href='https:\/\/eu.kresstools.com\/wp-content\/uploads\/2024\/03\/KUF30.9_all-1030x1030.png'  data-onclick='1' title='' ><span class='avia-gallery-big-inner'  itemprop=\"thumbnailUrl\" >\t<img width='495' height='400' src='https:\/\/eu.kresstools.com\/wp-content\/uploads\/2024\/03\/KUF30.9_all-495x400.png' title='KUF30.9_all' alt='' \/><\/span><\/a><div class='avia-gallery-thumb'> <a href='https:\/\/eu.kresstools.com\/wp-content\/uploads\/2024\/03\/KUF30.9_all-1030x1030.png' data-rel='gallery-1' data-prev-img='https:\/\/eu.kresstools.com\/wp-content\/uploads\/2024\/03\/KUF30.9_all-495x400.png' class='first_thumb lightbox ' data-onclick='1' title=''  itemprop=\"thumbnailUrl\" ><img  src='https:\/\/eu.kresstools.com\/wp-content\/uploads\/2024\/03\/KUF30.9_all-495x400.png' width='495' height='400'  title='KUF30.9_all' alt='' \/><\/a> <a href='https:\/\/eu.kresstools.com\/wp-content\/uploads\/2024\/03\/KUF30.9_view1-1030x1030.png' data-rel='gallery-1' data-prev-img='https:\/\/eu.kresstools.com\/wp-content\/uploads\/2024\/03\/KUF30.9_view1-495x400.png' class='lightbox ' data-onclick='2' title=''  itemprop=\"thumbnailUrl\" ><img  src='https:\/\/eu.kresstools.com\/wp-content\/uploads\/2024\/03\/KUF30.9_view1-495x400.png' width='495' height='400'  title='KUF30.9_vue1' alt='' \/><\/a> <a href='https:\/\/eu.kresstools.com\/wp-content\/uploads\/2024\/03\/KUF30.9_view3-1030x1030.png' data-rel='gallery-1' data-prev-img='https:\/\/eu.kresstools.com\/wp-content\/uploads\/2024\/03\/KUF30.9_view3-495x400.png' class='lightbox ' data-onclick='3' title=''  itemprop=\"thumbnailUrl\" ><img  src='https:\/\/eu.kresstools.com\/wp-content\/uploads\/2024\/03\/KUF30.9_view3-495x400.png' width='495' height='400'  title='KUF30.9_vue3' alt='' \/><\/a> <a href='https:\/\/eu.kresstools.com\/wp-content\/uploads\/2024\/03\/KUF30.9_view2-1030x1030.png' data-rel='gallery-1' data-prev-img='https:\/\/eu.kresstools.com\/wp-content\/uploads\/2024\/03\/KUF30.9_view2-495x400.png' class='lightbox ' data-onclick='4' title=''  itemprop=\"thumbnailUrl\" ><img  src='https:\/\/eu.kresstools.com\/wp-content\/uploads\/2024\/03\/KUF30.9_view2-495x400.png' width='495' height='400'  title='KUF30.9_vue2' alt='' \/><\/a><\/div><\/div><\/div><div class=\"flex_column av_one_half  flex_column_div av-zero-column-padding   avia-builder-el-3  el_after_av_one_half  avia-builder-el-last  \" style='border-radius:0px; '><p><div  style='padding-bottom:10px; font-size:34px;' class='av-special-heading av-special-heading-h3  blockquote modern-quote  avia-builder-el-4  el_before_av_hr  avia-builder-el-first  av-inherit-size '><h3 class='av-special-heading-tag '  itemprop=\"headline\"  >Kress 20V Max 3 Speed Jobsite Blower Skin KUF30.9<\/h3><div class ='av-subheading av-subheading_below  ' style='font-size:15px;'><p>Le KUF30 a une vitesse maximale impressionnante de 290 km\/h.<\/p>\n<\/div><div class='special-heading-border'><div class='special-heading-inner-border' ><\/div><\/div><\/div><br \/>\n<div  style='height:10px' class='hr hr-invisible   avia-builder-el-5  el_after_av_heading  el_before_av_textblock '><span class='hr-inner ' ><span class='hr-inner-style'><\/span><\/span><\/div><br \/>\n<section class=\"av_textblock_section \"  itemscope=\"itemscope\" itemtype=\"https:\/\/schema.org\/CreativeWork\" ><div class='avia_textblock  '   itemprop=\"text\" ><p>Le souffleur de chantier compact et l\u00e9ger KRESS KUF30.9 20V 3 vitesses est un atout inestimable pour le nettoyage rapide des chantiers avec une vitesse maximale impressionnante de 290km\/h. 3 r\u00e9glages individuels de la vitesse (11000 \/ 15000 \/ 18000 tr\/min) permettent de varier la vitesse en fonction de la t\u00e2che \u00e0 accomplir, et comprend un kit d&rsquo;adaptation pour un soufflage fin.<\/p>\n<\/div><\/section><br \/>\n<section class=\"av_textblock_section \"  itemscope=\"itemscope\" itemtype=\"https:\/\/schema.org\/CreativeWork\" ><div class='avia_textblock  '   itemprop=\"text\" ><p>* Vitesse d&rsquo;air maximale de 290 km\/h pour le nettoyage<br \/>\n* Force de soufflage \u00e9lev\u00e9e avec 3 r\u00e9glages de vitesse pour s&rsquo;adapter \u00e0 l&rsquo;application requise<br \/>\n* Conception compacte et l\u00e9g\u00e8re avec poign\u00e9e ergonomique<br \/>\n* Comprend un kit d&rsquo;accessoires d&rsquo;adaptation pour le soufflage fin<br \/>\n* Tous les produits Kress sont compatibles avec les batteries KROSSPACK\u00ae 20V Max.<\/p>\n<\/div><\/section><br \/>\n<section class=\"av_textblock_section \"  itemscope=\"itemscope\" itemtype=\"https:\/\/schema.org\/CreativeWork\" ><div class='avia_textblock  '   itemprop=\"text\" ><p>* Vitesse d&rsquo;air maximale de 290 km\/h pour le nettoyage<br \/>\n* Force de soufflage \u00e9lev\u00e9e avec 3 r\u00e9glages de vitesse pour s&rsquo;adapter \u00e0 l&rsquo;application requise<br \/>\n* Conception compacte et l\u00e9g\u00e8re avec poign\u00e9e ergonomique<br \/>\n* Comprend un kit d&rsquo;accessoires d&rsquo;adaptation pour le soufflage fin<br \/>\n* Tous les produits Kress sont compatibles avec les batteries KROSSPACK\u00ae 20V Max.<\/p>\n<\/div><\/section><\/p><\/div><\/div><\/div><\/main><!-- close content main element --><\/div><\/div><div id='after_section_1'  class='main_color av_default_container_wrap container_wrap fullsize' style=' '  ><div class='container' ><div class='template-page content  av-content-full alpha units'><div class='post-entry post-entry-type-page post-entry-9942'><div class='entry-content-wrapper clearfix'><div  class='avia-table main_color avia-pricing-table-container  avia_pricing_default   avia-builder-el-9  el_after_av_section  avia-builder-el-no-sibling  avia-table-1'  itemscope=\"itemscope\" itemtype=\"https:\/\/schema.org\/Table\" ><div class='pricing-table-wrap'><ul class='pricing-table '><li class=''><div class='first-table-item'>Tension<\/div><span class='pricing-extra'><\/span><\/li><li class=''>Contr\u00f4le de la vitesse<\/li><li class=''>Vitesse \u00e0 vide<\/li><li class=''>Volume d&rsquo;air<\/li><li class=''>Vitesse de l&rsquo;air<\/li><li class=''>Longueur du produit<\/li><li class=''>Largeur du produit<\/li><li class=''>Hauteur du produit<\/li><li class=''>Poids sans batterie<\/li><li class=''>Emballage<\/li><li class=''>Dans la bo\u00eete<\/li><\/ul><\/div><div class='pricing-table-wrap'><ul class='pricing-table '><li class=''><div class='first-table-item'>20V Max<\/div><span class='pricing-extra'><\/span><\/li><li class=''>3 vitesses<\/li><li class=''>11000 \/ 15000 \/ 18000 tr\/min<\/li><li class=''>1,6 \/ 2,2 \/ 2,8 m\u00b3\/min<\/li><li class=''>290 km\/h<\/li><li class=''>586,5 mm<\/li><li class=''>215 mm<\/li><li class=''>152 mm<\/li><li class=''>1,3 kg<\/li><li class=''>Bo\u00eete de couleur<\/li><li class=''>1x tube de soufflage<br \/>\n1x bouche de soufflage<br \/>\n1x housse de protection<br \/>\n2x connecteurs<br \/>\n2x tuyaux<\/li><\/ul><\/div><\/div><\/p>\n","protected":false},"excerpt":{"rendered":"","protected":false},"featured_media":9272,"template":"","meta":[],"product_cat":[665,582],"product_tag":[],"_links":{"self":[{"href":"https:\/\/eu.kresstools.com\/fr\/wp-json\/wp\/v2\/product\/9942"}],"collection":[{"href":"https:\/\/eu.kresstools.com\/fr\/wp-json\/wp\/v2\/product"}],"about":[{"href":"https:\/\/eu.kresstools.com\/fr\/wp-json\/wp\/v2\/types\/product"}],"wp:featuredmedia":[{"embeddable":true,"href":"https:\/\/eu.kresstools.com\/fr\/wp-json\/wp\/v2\/media\/9272"}],"wp:attachment":[{"href":"https:\/\/eu.kresstools.com\/fr\/wp-json\/wp\/v2\/media?parent=9942"}],"wp:term":[{"taxonomy":"product_cat","embeddable":true,"href":"https:\/\/eu.kresstools.com\/fr\/wp-json\/wp\/v2\/product_cat?post=9942"},{"taxonomy":"product_tag","embeddable":true,"href":"https:\/\/eu.kresstools.com\/fr\/wp-json\/wp\/v2\/product_tag?post=9942"}],"curies":[{"name":"wp","href":"https:\/\/api.w.org\/{rel}","templated":true}]}}