{"id":9934,"date":"2024-03-26T03:19:29","date_gmt":"2024-03-26T02:20:57","guid":{"rendered":"https:\/\/eu.kresstools.com\/produkt\/scie-sauteuse-kue26-91_20v\/"},"modified":"2024-06-27T05:25:47","modified_gmt":"2024-06-27T03:25:47","slug":"scie-sauteuse-kue26-91_20v","status":"publish","type":"product","link":"https:\/\/eu.kresstools.com\/fr\/produkt\/scie-sauteuse-kue26-91_20v\/","title":{"rendered":"Scie sauteuse KUE26.91_20V"},"content":{"rendered":"<div id='av_section_1'  class='avia-section main_color avia-section-default avia-no-border-styling  avia-bg-style-scroll  avia-builder-el-0  el_before_av_table  avia-builder-el-first   container_wrap fullsize' style=' '  ><div class='container' ><main  role=\"main\" itemprop=\"mainContentOfPage\"  class='template-page content  av-content-full alpha units'><div class='post-entry post-entry-type-page post-entry-9934'><div class='entry-content-wrapper clearfix'>\n<div class=\"flex_column av_one_half  flex_column_div av-zero-column-padding first  avia-builder-el-1  el_before_av_one_half  avia-builder-el-first  \" style='border-radius:0px; '><div  class='avia-gallery  avia-gallery-1 avia_lazyload avia-gallery-animate avia_animate_when_visible  avia-builder-el-2  avia-builder-el-no-sibling '  itemprop=\"image\" itemscope=\"itemscope\" itemtype=\"https:\/\/schema.org\/ImageObject\" ><a class='avia-gallery-big fakeLightbox lightbox avia-gallery-big-crop-thumb ' href='https:\/\/eu.kresstools.com\/wp-content\/uploads\/2024\/03\/KUE26.91-1030x773.png'  data-onclick='1' title='' ><span class='avia-gallery-big-inner'  itemprop=\"thumbnailUrl\" >\t<img width='495' height='400' src='https:\/\/eu.kresstools.com\/wp-content\/uploads\/2024\/03\/KUE26.91-495x400.png' title='KUE26.91' alt='' \/><\/span><\/a><div class='avia-gallery-thumb'> <a href='https:\/\/eu.kresstools.com\/wp-content\/uploads\/2024\/03\/KUE26.91-1030x773.png' data-rel='gallery-1' data-prev-img='https:\/\/eu.kresstools.com\/wp-content\/uploads\/2024\/03\/KUE26.91-495x400.png' class='first_thumb lightbox ' data-onclick='1' title=''  itemprop=\"thumbnailUrl\" ><img  src='https:\/\/eu.kresstools.com\/wp-content\/uploads\/2024\/03\/KUE26.91-495x400.png' width='495' height='400'  title='KUE26.91' alt='' \/><\/a> <a href='https:\/\/eu.kresstools.com\/wp-content\/uploads\/2024\/03\/KUE26.91_5-1030x1030.png' data-rel='gallery-1' data-prev-img='https:\/\/eu.kresstools.com\/wp-content\/uploads\/2024\/03\/KUE26.91_5-495x400.png' class='lightbox ' data-onclick='2' title=''  itemprop=\"thumbnailUrl\" ><img  src='https:\/\/eu.kresstools.com\/wp-content\/uploads\/2024\/03\/KUE26.91_5-495x400.png' width='495' height='400'  title='KUE26.91_5' alt='' \/><\/a> <a href='https:\/\/eu.kresstools.com\/wp-content\/uploads\/2024\/03\/KUE26.91_4-1030x1030.png' data-rel='gallery-1' data-prev-img='https:\/\/eu.kresstools.com\/wp-content\/uploads\/2024\/03\/KUE26.91_4-495x400.png' class='lightbox ' data-onclick='3' title=''  itemprop=\"thumbnailUrl\" ><img  src='https:\/\/eu.kresstools.com\/wp-content\/uploads\/2024\/03\/KUE26.91_4-495x400.png' width='495' height='400'  title='KUE26.91_4' alt='' \/><\/a> <a href='https:\/\/eu.kresstools.com\/wp-content\/uploads\/2024\/03\/KUE26.91_2-1030x1030.png' data-rel='gallery-1' data-prev-img='https:\/\/eu.kresstools.com\/wp-content\/uploads\/2024\/03\/KUE26.91_2-495x400.png' class='lightbox ' data-onclick='4' title=''  itemprop=\"thumbnailUrl\" ><img  src='https:\/\/eu.kresstools.com\/wp-content\/uploads\/2024\/03\/KUE26.91_2-495x400.png' width='495' height='400'  title='KUE26.91_2' alt='' \/><\/a> <a href='https:\/\/eu.kresstools.com\/wp-content\/uploads\/2024\/03\/KUE26.91_1-1030x1030.png' data-rel='gallery-1' data-prev-img='https:\/\/eu.kresstools.com\/wp-content\/uploads\/2024\/03\/KUE26.91_1-495x400.png' class='lightbox ' data-onclick='5' title=''  itemprop=\"thumbnailUrl\" ><img  src='https:\/\/eu.kresstools.com\/wp-content\/uploads\/2024\/03\/KUE26.91_1-495x400.png' width='495' height='400'  title='KUE26.91_1' alt='' \/><\/a> <a href='https:\/\/eu.kresstools.com\/wp-content\/uploads\/2024\/03\/KUE26.91_Family-2-1030x1030.png' data-rel='gallery-1' data-prev-img='https:\/\/eu.kresstools.com\/wp-content\/uploads\/2024\/03\/KUE26.91_Family-2-495x400.png' class='first_thumb lightbox ' data-onclick='6' title=''  itemprop=\"thumbnailUrl\" ><img  src='https:\/\/eu.kresstools.com\/wp-content\/uploads\/2024\/03\/KUE26.91_Family-2-495x400.png' width='495' height='400'  title='KUE26.91_Family' alt='' \/><\/a><\/div><\/div><\/div><div class=\"flex_column av_one_half  flex_column_div av-zero-column-padding   avia-builder-el-3  el_after_av_one_half  avia-builder-el-last  \" style='border-radius:0px; '><p><div  style='padding-bottom:10px; font-size:34px;' class='av-special-heading av-special-heading-h3  blockquote modern-quote  avia-builder-el-4  el_before_av_hr  avia-builder-el-first  av-inherit-size '><h3 class='av-special-heading-tag '  itemprop=\"headline\"  >Scie sauteuse sans fil et sans balais KRESS 20V Max, outil seul<\/h3><div class ='av-subheading av-subheading_below  ' style='font-size:15px;'><p>Cette scie sauteuse sans fil de 20 V est con\u00e7ue pour les coupes en courbe et offre une puissance \u00e9lev\u00e9e et g\u00e9rable.<\/p>\n<\/div><div class='special-heading-border'><div class='special-heading-inner-border' ><\/div><\/div><\/div><br \/>\n<div  style='height:10px' class='hr hr-invisible   avia-builder-el-5  el_after_av_heading  el_before_av_textblock '><span class='hr-inner ' ><span class='hr-inner-style'><\/span><\/span><\/div><br \/>\n<section class=\"av_textblock_section \"  itemscope=\"itemscope\" itemtype=\"https:\/\/schema.org\/CreativeWork\" ><div class='avia_textblock  '   itemprop=\"text\" ><p>La scie sauteuse Kress 20V sans balais offre des performances filaires, avec une capacit\u00e9 de coupe jusqu&rsquo;\u00e0 135 mm dans le bois et une vitesse de 350 \u00e0 3 500 coups par minute. Il est dot\u00e9 d&rsquo;une g\u00e2chette \u00e0 vitesse variable, qui permet de mieux contr\u00f4ler la vitesse de fonctionnement en actionnant la g\u00e2chette. La scie sauteuse dispose de quatre r\u00e9glages de l&rsquo;action orbitale pour le contr\u00f4le de la coupe. Le grand repose-pieds en aluminium moul\u00e9 sous pression est \u00e9quip\u00e9 d&rsquo;une semelle en plastique non marquant pour \u00e9viter d&rsquo;endommager la pi\u00e8ce \u00e0 travailler. Il est compatible avec le rail de guidage et l&rsquo;adaptateur circulaire. Les lignes de coupe restent visibles gr\u00e2ce au souffleur de poussi\u00e8re et \u00e0 la lumi\u00e8re LED. La scie sauteuse est \u00e9quip\u00e9e d&rsquo;un syst\u00e8me de changement de lame en T sans outil.<\/p>\n<\/div><\/section><br \/>\n<section class=\"av_textblock_section \"  itemscope=\"itemscope\" itemtype=\"https:\/\/schema.org\/CreativeWork\" ><div class='avia_textblock  '   itemprop=\"text\" ><p>&#8211; Le moteur sans balais efficace est contr\u00f4l\u00e9 \u00e9lectroniquement pour optimiser l&rsquo;utilisation de l&rsquo;\u00e9nergie de la batterie, ce qui permet d&rsquo;augmenter de 50 % l&rsquo;autonomie par charge.<br \/>\n&#8211; Les 3 r\u00e9glages orbitaux et la coupe droite permettent des coupes plus rapides et plus pr\u00e9cises dans une grande vari\u00e9t\u00e9 de mat\u00e9riaux.<br \/>\n&#8211; Le cadran de commande variable \u00e0 6 vitesses (350-3500 SPM) permet \u00e0 l&rsquo;utilisateur d&rsquo;adapter la vitesse \u00e0 l&rsquo;application.<br \/>\n&#8211; Le syst\u00e8me de changement de lame sans outil permet une installation et un retrait plus rapides de la lame pour une productivit\u00e9 accrue.<br \/>\n&#8211; Le moteur sans balais \u00e9limine les balais de carbone, ce qui permet au moteur de fonctionner plus froidement et plus efficacement pour une dur\u00e9e de vie plus longue.<br \/>\n&#8211; Le moteur sans balais \u00e0 commande \u00e9lectronique utilise efficacement l&rsquo;\u00e9nergie pour adapter le couple et la vitesse de rotation aux exigences changeantes de l&rsquo;application.<br \/>\n&#8211; Base en aluminium de forte \u00e9paisseur pour une coupe douce et pr\u00e9cise et une durabilit\u00e9 accrue.<br \/>\n&#8211; Le contr\u00f4le des vibrations contrebalanc\u00e9 am\u00e9liore le confort de l&rsquo;utilisateur et le contr\u00f4le de la prise en main.<br \/>\n&#8211; L&rsquo;\u00e9clairage LED permet une utilisation id\u00e9ale dans les zones de travail sombres ou mal \u00e9clair\u00e9es.<br \/>\n&#8211; Tous les produits KRESS 20V sont compatibles avec toutes les batteries KROSSPACK\u00ae 20V Max.<\/p>\n<\/div><\/section><\/p><\/div><\/div><\/div><\/main><!-- close content main element --><\/div><\/div><div id='after_section_1'  class='main_color av_default_container_wrap container_wrap fullsize' style=' '  ><div class='container' ><div class='template-page content  av-content-full alpha units'><div class='post-entry post-entry-type-page post-entry-9934'><div class='entry-content-wrapper clearfix'><div  class='avia-table main_color avia-pricing-table-container  avia_pricing_default   avia-builder-el-8  el_after_av_section  avia-builder-el-no-sibling  avia-table-1'  itemscope=\"itemscope\" itemtype=\"https:\/\/schema.org\/Table\" ><div class='pricing-table-wrap'><ul class='pricing-table '><li class=''><div class='first-table-item'>Tension nominale<\/div><span class='pricing-extra'><\/span><\/li><li class=''>Type de moteur<\/li><li class=''>Type d&rsquo;interrupteur<\/li><li class=''>Dispositif de changement des lames d&rsquo;outils<\/li><li class=''>S\u00e9lection de la vitesse<\/li><li class=''>Pendule<\/li><li class=''>Vitesse \u00e0 vide<\/li><li class=''>Longueur de la course<\/li><li class=''>Angles de biseau<\/li><li class=''>en bois<\/li><li class=''>en acier<\/li><li class=''>Longueur du produit<\/li><li class=''>Largeur du produit<\/li><li class=''>Hauteur du produit<\/li><li class=''>Poids sans batterie<\/li><li class=''>Type de batterie<\/li><li class=''>Temps de charge<\/li><li class=''>Indicateur de puissance<\/li><li class=''>Non. Nombre de piles par paquet<\/li><li class=''>Paquet<\/li><li class=''>Dans la bo\u00eete<\/li><\/ul><\/div><div class='pricing-table-wrap'><ul class='pricing-table '><li class=''><div class='first-table-item'>20V Max<\/div><span class='pricing-extra'><\/span><\/li><li class=''>brushless<\/li><li class=''>Interrupteur de verrouillage<\/li><li class=''>Changement de lame sans outil<\/li><li class=''>6<\/li><li class=''>3 \u00e9tapes<\/li><li class=''>600 &#8211; 3500 tr\/min<\/li><li class=''>26 mm<\/li><li class=''>0-45\u00b0<\/li><li class=''>135 mm<\/li><li class=''>10 mm<\/li><li class=''>321 mm<\/li><li class=''>207 mm<\/li><li class=''>80 mm<\/li><li class=''>1,7 kg<\/li><li class=''>\/<\/li><li class=''>\/<\/li><li class=''>\/<\/li><li class=''>\/<\/li><li class=''>Mallette empilable<\/li><li class=''>1x lame pour couper le bois<br \/>\n1x adaptateur pour aspirateur<br \/>\n1x cl\u00e9 hexagonale<br \/>\n1x valise d&#8217;empilage<\/li><\/ul><\/div><\/div><\/p>\n","protected":false},"excerpt":{"rendered":"","protected":false},"featured_media":9240,"template":"","meta":[],"product_cat":[672,675,665,582],"product_tag":[],"_links":{"self":[{"href":"https:\/\/eu.kresstools.com\/fr\/wp-json\/wp\/v2\/product\/9934"}],"collection":[{"href":"https:\/\/eu.kresstools.com\/fr\/wp-json\/wp\/v2\/product"}],"about":[{"href":"https:\/\/eu.kresstools.com\/fr\/wp-json\/wp\/v2\/types\/product"}],"wp:featuredmedia":[{"embeddable":true,"href":"https:\/\/eu.kresstools.com\/fr\/wp-json\/wp\/v2\/media\/9240"}],"wp:attachment":[{"href":"https:\/\/eu.kresstools.com\/fr\/wp-json\/wp\/v2\/media?parent=9934"}],"wp:term":[{"taxonomy":"product_cat","embeddable":true,"href":"https:\/\/eu.kresstools.com\/fr\/wp-json\/wp\/v2\/product_cat?post=9934"},{"taxonomy":"product_tag","embeddable":true,"href":"https:\/\/eu.kresstools.com\/fr\/wp-json\/wp\/v2\/product_tag?post=9934"}],"curies":[{"name":"wp","href":"https:\/\/api.w.org\/{rel}","templated":true}]}}