{"id":9926,"date":"2024-03-26T02:34:01","date_gmt":"2024-03-26T01:36:21","guid":{"rendered":"https:\/\/eu.kresstools.com\/produkt\/scie-circulaire-kue12-9_20v-bl-165mm\/"},"modified":"2024-03-27T17:30:36","modified_gmt":"2024-03-27T16:30:36","slug":"scie-circulaire-kue12-9_20v-bl-165mm","status":"publish","type":"product","link":"https:\/\/eu.kresstools.com\/fr\/produkt\/scie-circulaire-kue12-9_20v-bl-165mm\/","title":{"rendered":"Scie circulaire KUE12.9_20V BL 165mm"},"content":{"rendered":"<div id='av_section_1'  class='avia-section main_color avia-section-default avia-no-border-styling  avia-bg-style-scroll  avia-builder-el-0  el_before_av_table  avia-builder-el-first   container_wrap fullsize' style=' '  ><div class='container' ><main  role=\"main\" itemprop=\"mainContentOfPage\"  class='template-page content  av-content-full alpha units'><div class='post-entry post-entry-type-page post-entry-9926'><div class='entry-content-wrapper clearfix'>\n<div class=\"flex_column av_one_half  flex_column_div av-zero-column-padding first  avia-builder-el-1  el_before_av_one_half  avia-builder-el-first  \" style='border-radius:0px; '><div  class='avia-gallery  avia-gallery-1 avia_lazyload avia-gallery-animate avia_animate_when_visible  avia-builder-el-2  avia-builder-el-no-sibling '  itemprop=\"image\" itemscope=\"itemscope\" itemtype=\"https:\/\/schema.org\/ImageObject\" ><a class='avia-gallery-big fakeLightbox lightbox avia-gallery-big-crop-thumb ' href='https:\/\/eu.kresstools.com\/wp-content\/uploads\/2022\/03\/KUE12.1_1-1030x1030.jpg'  data-onclick='1' title='' ><span class='avia-gallery-big-inner'  itemprop=\"thumbnailUrl\" >\t<img width='495' height='400' src='https:\/\/eu.kresstools.com\/wp-content\/uploads\/2022\/03\/KUE12.1_1-495x400.jpg' title='KUE12.1_1' alt='' \/><\/span><\/a><div class='avia-gallery-thumb'> <a href='https:\/\/eu.kresstools.com\/wp-content\/uploads\/2022\/03\/KUE12.1_1-1030x1030.jpg' data-rel='gallery-1' data-prev-img='https:\/\/eu.kresstools.com\/wp-content\/uploads\/2022\/03\/KUE12.1_1-495x400.jpg' class='first_thumb lightbox ' data-onclick='1' title=''  itemprop=\"thumbnailUrl\" ><img  src='https:\/\/eu.kresstools.com\/wp-content\/uploads\/2022\/03\/KUE12.1_1-495x400.jpg' width='495' height='400'  title='KUE12.1_1' alt='' \/><\/a> <a href='https:\/\/eu.kresstools.com\/wp-content\/uploads\/2019\/06\/KUE12.9-1.jpg' data-rel='gallery-1' data-prev-img='https:\/\/eu.kresstools.com\/wp-content\/uploads\/2019\/06\/KUE12.9-1-495x400.jpg' class='lightbox ' data-onclick='2' title=''  itemprop=\"thumbnailUrl\" ><img  src='https:\/\/eu.kresstools.com\/wp-content\/uploads\/2019\/06\/KUE12.9-1-495x400.jpg' width='495' height='400'  title='KUE12.9 (1)' alt='' \/><\/a> <a href='https:\/\/eu.kresstools.com\/wp-content\/uploads\/2022\/03\/KUE12.1-1030x1030.jpg' data-rel='gallery-1' data-prev-img='https:\/\/eu.kresstools.com\/wp-content\/uploads\/2022\/03\/KUE12.1-495x400.jpg' class='lightbox ' data-onclick='3' title=''  itemprop=\"thumbnailUrl\" ><img  src='https:\/\/eu.kresstools.com\/wp-content\/uploads\/2022\/03\/KUE12.1-495x400.jpg' width='495' height='400'  title='KUE12.1' alt='' \/><\/a> <a href='https:\/\/eu.kresstools.com\/wp-content\/uploads\/2019\/06\/KUE12.9-5.jpg' data-rel='gallery-1' data-prev-img='https:\/\/eu.kresstools.com\/wp-content\/uploads\/2019\/06\/KUE12.9-5-495x400.jpg' class='lightbox ' data-onclick='4' title=''  itemprop=\"thumbnailUrl\" ><img  src='https:\/\/eu.kresstools.com\/wp-content\/uploads\/2019\/06\/KUE12.9-5-495x400.jpg' width='495' height='400'  title='KUE12.9 (5)' alt='' \/><\/a> <a href='https:\/\/eu.kresstools.com\/wp-content\/uploads\/2022\/03\/KUE12-kit-1030x1030.jpg' data-rel='gallery-1' data-prev-img='https:\/\/eu.kresstools.com\/wp-content\/uploads\/2022\/03\/KUE12-kit-495x400.jpg' class='lightbox ' data-onclick='5' title=''  itemprop=\"thumbnailUrl\" ><img  src='https:\/\/eu.kresstools.com\/wp-content\/uploads\/2022\/03\/KUE12-kit-495x400.jpg' width='495' height='400'  title='Kit KUE12' alt='' \/><\/a><\/div><\/div><\/div><div class=\"flex_column av_one_half  flex_column_div av-zero-column-padding   avia-builder-el-3  el_after_av_one_half  avia-builder-el-last  \" style='border-radius:0px; '><p><div  style='padding-bottom:10px; font-size:34px;' class='av-special-heading av-special-heading-h3  blockquote modern-quote  avia-builder-el-4  el_before_av_hr  avia-builder-el-first  av-inherit-size '><h3 class='av-special-heading-tag '  itemprop=\"headline\"  >Scie circulaire compacte Kress 20V Max sans fil et sans balais 165mm Skin KUE12.9<\/h3><div class ='av-subheading av-subheading_below  ' style='font-size:15px;'><p>Le KUE12 est \u00e9quip\u00e9 d&rsquo;un moteur sans balais pour une efficacit\u00e9 accrue, d&rsquo;un bo\u00eetier en acier pour la durabilit\u00e9, d&rsquo;une profondeur de coupe de 54 mm et d&rsquo;un r\u00e9glage de l&rsquo;angle de 0 \u00e0 50 degr\u00e9s pour la polyvalence de la coupe.<\/p>\n<\/div><div class='special-heading-border'><div class='special-heading-inner-border' ><\/div><\/div><\/div><br \/>\n<div  style='height:10px' class='hr hr-invisible   avia-builder-el-5  el_after_av_heading  el_before_av_textblock '><span class='hr-inner ' ><span class='hr-inner-style'><\/span><\/span><\/div><br \/>\n<section class=\"av_textblock_section \"  itemscope=\"itemscope\" itemtype=\"https:\/\/schema.org\/CreativeWork\" ><div class='avia_textblock  '   itemprop=\"text\" ><p>La scie circulaire KRESS KUE12.9 20V 165mm est \u00e9quip\u00e9e d&rsquo;un moteur sans balais offrant une taille plus compacte, une dur\u00e9e de vie du moteur jusqu&rsquo;\u00e0 10 fois plus longue et une autonomie accrue de 50%. Il offre un design compact avec une base en acier, une profondeur de coupe de 54 mm et un r\u00e9glage de l&rsquo;angle de 0 \u00e0 50 degr\u00e9s. Il est \u00e9quip\u00e9 d&rsquo;un frein pour assurer la s\u00e9curit\u00e9 de l&rsquo;utilisateur, d&rsquo;un verrouillage de la broche pour un remplacement rapide de la lame, d&rsquo;un \u00e9clairage LED pour une utilisation dans les zones de travail sombres ou mal \u00e9clair\u00e9es, et d&rsquo;un rangement int\u00e9gr\u00e9 pour la cl\u00e9 hexagonale de la lame.<\/p>\n<\/div><\/section><br \/>\n<section class=\"av_textblock_section \"  itemscope=\"itemscope\" itemtype=\"https:\/\/schema.org\/CreativeWork\" ><div class='avia_textblock  '   itemprop=\"text\" ><p>* Moteur sans balais : plus grande autonomie, plus grande puissance et plus grande dur\u00e9e de vie du moteur<br \/>\n* Conception compacte avec une profondeur de coupe de 54 mm et un r\u00e9glage de l&rsquo;angle de 0 \u00e0 50 degr\u00e9s<br \/>\n* La fonction de freinage assure une plus grande s\u00e9curit\u00e9 \u00e0 l&rsquo;utilisateur<br \/>\n* Verrouillage de la broche pour un remplacement rapide de la lame<br \/>\n* La lumi\u00e8re LED est id\u00e9ale pour une utilisation dans les zones de travail sombres ou mal \u00e9clair\u00e9es.<br \/>\n* Tous les produits Kress 20V sont compatibles avec toutes les batteries KROSSPACK\u00ae 20V Max.<\/p>\n<\/div><\/section><br \/>\n<section class=\"av_textblock_section \"  itemscope=\"itemscope\" itemtype=\"https:\/\/schema.org\/CreativeWork\" ><div class='avia_textblock  '   itemprop=\"text\" ><p>* Technologie de moteur sans balais offrant une taille plus compacte, une dur\u00e9e de vie du moteur jusqu&rsquo;\u00e0 10 fois plus longue et une autonomie accrue de 50 %.<br \/>\n* Conception compacte avec une profondeur de coupe de 54 mm et un r\u00e9glage de l&rsquo;angle de 0 \u00e0 50 degr\u00e9s pour de multiples applications de coupe.<br \/>\n* La fonction de freinage assure une plus grande s\u00e9curit\u00e9 \u00e0 l&rsquo;utilisateur<br \/>\n* Verrouillage de la broche pour un remplacement rapide de la lame entre deux travaux<br \/>\n* La lumi\u00e8re LED est id\u00e9ale pour une utilisation dans les zones de travail sombres ou mal \u00e9clair\u00e9es.<br \/>\n* Tous les produits Kress 20V sont compatibles avec toutes les batteries KROSSPACK\u00ae 20V Max.<\/p>\n<\/div><\/section><\/p><\/div><\/div><\/div><\/main><!-- close content main element --><\/div><\/div><div id='after_section_1'  class='main_color av_default_container_wrap container_wrap fullsize' style=' '  ><div class='container' ><div class='template-page content  av-content-full alpha units'><div class='post-entry post-entry-type-page post-entry-9926'><div class='entry-content-wrapper clearfix'><div  class='avia-table main_color avia-pricing-table-container  avia_pricing_default   avia-builder-el-9  el_after_av_section  avia-builder-el-no-sibling  avia-table-1'  itemscope=\"itemscope\" itemtype=\"https:\/\/schema.org\/Table\" ><div class='pricing-table-wrap'><ul class='pricing-table '><li class=''><div class='first-table-item'>Tension nominale<\/div><span class='pricing-extra'><\/span><\/li><li class=''>Type de moteur<\/li><li class=''>Diam\u00e8tre de la lame<\/li><li class=''>Taille de l&rsquo;al\u00e9sage du disque<\/li><li class=''>Type d&rsquo;interrupteur<\/li><li class=''>Frein \u00e9lectrique<\/li><li class=''>Vitesse \u00e0 vide<\/li><li class=''>Angles de biseau<\/li><li class=''>Capacit\u00e9 de profondeur de coupe<\/li><li class=''>Max. Profondeur de coupe \u00e0 45\u00b0g<\/li><li class=''>Max. Profondeur de coupe \u00e0 90\u00b0g<\/li><li class=''>Longueur du produit<\/li><li class=''>Largeur du produit<\/li><li class=''>Hauteur du produit<\/li><li class=''>Poids sans batterie<\/li><li class=''>Type de batterie<\/li><li class=''>Temps de charge<\/li><li class=''>Indicateur de puissance<\/li><li class=''>Non. Nombre de piles par paquet<\/li><li class=''>Paquet<\/li><li class=''>Dans la bo\u00eete<\/li><\/ul><\/div><div class='pricing-table-wrap'><ul class='pricing-table '><li class=''><div class='first-table-item'>20V Max<\/div><span class='pricing-extra'><\/span><\/li><li class=''>brushless<\/li><li class=''>165 mm<\/li><li class=''>20 mm<\/li><li class=''>Interrupteur de verrouillage<\/li><li class=''>oui<\/li><li class=''>0 &#8211; 5200 tr\/min<\/li><li class=''>0-50\u00b0<\/li><li class=''>54 mm<\/li><li class=''>42 mm<\/li><li class=''>54 mm<\/li><li class=''>360 mm<\/li><li class=''>239 mm<\/li><li class=''>163 mm<\/li><li class=''>2,8 kg<\/li><li class=''>\/<\/li><li class=''>\/<\/li><li class=''>\/<\/li><li class=''>\/<\/li><li class=''>Bo\u00eete de couleur<\/li><li class=''>1x lame TCT 165mm 24T<br \/>\n1x guide parall\u00e8le<br \/>\n1x sangle<br \/>\n1x adaptateur pour le vide<br \/>\n1x cl\u00e9 hexagonale<\/li><\/ul><\/div><\/div><\/p>\n","protected":false},"excerpt":{"rendered":"","protected":false},"featured_media":4869,"template":"","meta":[],"product_cat":[666,665,587],"product_tag":[],"_links":{"self":[{"href":"https:\/\/eu.kresstools.com\/fr\/wp-json\/wp\/v2\/product\/9926"}],"collection":[{"href":"https:\/\/eu.kresstools.com\/fr\/wp-json\/wp\/v2\/product"}],"about":[{"href":"https:\/\/eu.kresstools.com\/fr\/wp-json\/wp\/v2\/types\/product"}],"wp:featuredmedia":[{"embeddable":true,"href":"https:\/\/eu.kresstools.com\/fr\/wp-json\/wp\/v2\/media\/4869"}],"wp:attachment":[{"href":"https:\/\/eu.kresstools.com\/fr\/wp-json\/wp\/v2\/media?parent=9926"}],"wp:term":[{"taxonomy":"product_cat","embeddable":true,"href":"https:\/\/eu.kresstools.com\/fr\/wp-json\/wp\/v2\/product_cat?post=9926"},{"taxonomy":"product_tag","embeddable":true,"href":"https:\/\/eu.kresstools.com\/fr\/wp-json\/wp\/v2\/product_tag?post=9926"}],"curies":[{"name":"wp","href":"https:\/\/api.w.org\/{rel}","templated":true}]}}