{"id":8029,"date":"2024-03-07T03:26:13","date_gmt":"2024-03-07T02:26:13","guid":{"rendered":"https:\/\/eu.kresstools.com\/?post_type=product&#038;p=8029"},"modified":"2024-03-26T03:13:33","modified_gmt":"2024-03-26T02:13:33","slug":"kue11-9_circular-saw","status":"publish","type":"product","link":"https:\/\/eu.kresstools.com\/fr\/produkt\/kue11-9_circular-saw\/","title":{"rendered":"KUE11.9 Scie circulaire"},"content":{"rendered":"<div id='av_section_1'  class='avia-section main_color avia-section-default avia-no-border-styling  avia-bg-style-scroll  avia-builder-el-0  el_before_av_table  avia-builder-el-first   container_wrap fullsize' style=' '  ><div class='container' ><main  role=\"main\" itemprop=\"mainContentOfPage\"  class='template-page content  av-content-full alpha units'><div class='post-entry post-entry-type-page post-entry-8029'><div class='entry-content-wrapper clearfix'>\n<div class=\"flex_column av_one_half  flex_column_div av-zero-column-padding first  avia-builder-el-1  el_before_av_one_half  avia-builder-el-first  \" style='border-radius:0px; '><div  class='avia-gallery  avia-gallery-1 avia_lazyload avia-gallery-animate avia_animate_when_visible  avia-builder-el-2  avia-builder-el-no-sibling '  itemprop=\"image\" itemscope=\"itemscope\" itemtype=\"https:\/\/schema.org\/ImageObject\" ><a class='avia-gallery-big fakeLightbox lightbox avia-gallery-big-crop-thumb ' href='https:\/\/eu.kresstools.com\/wp-content\/uploads\/2023\/08\/KUE11-9_1-1-1030x1030.png'  data-onclick='1' title='' ><span class='avia-gallery-big-inner'  itemprop=\"thumbnailUrl\" >\t<img width='495' height='400' src='https:\/\/eu.kresstools.com\/wp-content\/uploads\/2023\/08\/KUE11-9_1-1-495x400.png' title='KUE11-9_1' alt='' \/><\/span><\/a><div class='avia-gallery-thumb'> <a href='https:\/\/eu.kresstools.com\/wp-content\/uploads\/2023\/08\/KUE11-9_1-1-1030x1030.png' data-rel='gallery-1' data-prev-img='https:\/\/eu.kresstools.com\/wp-content\/uploads\/2023\/08\/KUE11-9_1-1-495x400.png' class='first_thumb lightbox ' data-onclick='1' title=''  itemprop=\"thumbnailUrl\" ><img  src='https:\/\/eu.kresstools.com\/wp-content\/uploads\/2023\/08\/KUE11-9_1-1-495x400.png' width='495' height='400'  title='KUE11-9_1' alt='' \/><\/a> <a href='https:\/\/eu.kresstools.com\/wp-content\/uploads\/2023\/08\/KUE11-9_MAIN-1-1030x1030.png' data-rel='gallery-1' data-prev-img='https:\/\/eu.kresstools.com\/wp-content\/uploads\/2023\/08\/KUE11-9_MAIN-1-495x400.png' class='lightbox ' data-onclick='2' title=''  itemprop=\"thumbnailUrl\" ><img  src='https:\/\/eu.kresstools.com\/wp-content\/uploads\/2023\/08\/KUE11-9_MAIN-1-495x400.png' width='495' height='400'  title='KUE11-9_MAIN' alt='' \/><\/a> <a href='https:\/\/eu.kresstools.com\/wp-content\/uploads\/2023\/08\/KUE11-9_5-1030x1030.png' data-rel='gallery-1' data-prev-img='https:\/\/eu.kresstools.com\/wp-content\/uploads\/2023\/08\/KUE11-9_5-495x400.png' class='lightbox ' data-onclick='3' title=''  itemprop=\"thumbnailUrl\" ><img  src='https:\/\/eu.kresstools.com\/wp-content\/uploads\/2023\/08\/KUE11-9_5-495x400.png' width='495' height='400'  title='KUE11-9_5' alt='' \/><\/a> <a href='https:\/\/eu.kresstools.com\/wp-content\/uploads\/2023\/08\/KUE11-9_INTHEBOX-1-1030x1030.png' data-rel='gallery-1' data-prev-img='https:\/\/eu.kresstools.com\/wp-content\/uploads\/2023\/08\/KUE11-9_INTHEBOX-1-495x400.png' class='lightbox ' data-onclick='4' title=''  itemprop=\"thumbnailUrl\" ><img  src='https:\/\/eu.kresstools.com\/wp-content\/uploads\/2023\/08\/KUE11-9_INTHEBOX-1-495x400.png' width='495' height='400'  title='KUE11-9_INTHEBOX' alt='' \/><\/a><\/div><\/div><\/div><div class=\"flex_column av_one_half  flex_column_div av-zero-column-padding   avia-builder-el-3  el_after_av_one_half  avia-builder-el-last  \" style='border-radius:0px; '><p><div  style='padding-bottom:10px; font-size:34px;' class='av-special-heading av-special-heading-h3  blockquote modern-quote  avia-builder-el-4  el_before_av_hr  avia-builder-el-first  av-inherit-size '><h3 class='av-special-heading-tag '  itemprop=\"headline\"  >Scie circulaire compacte Kress 20V Max sans fil et sans balais 140mm Skin KUE11.9<\/h3><div class ='av-subheading av-subheading_below  ' style='font-size:15px;'><p>KUE11 est une scie circulaire utilisable d&rsquo;une seule main, dot\u00e9e d&rsquo;un moteur sans balais, d&rsquo;une profondeur de coupe maximale de 51 mm et d&rsquo;une utilisation pour de multiples applications et mat\u00e9riaux.<\/p>\n<\/div><div class='special-heading-border'><div class='special-heading-inner-border' ><\/div><\/div><\/div><br \/>\n<div  style='height:10px' class='hr hr-invisible   avia-builder-el-5  el_after_av_heading  el_before_av_textblock '><span class='hr-inner ' ><span class='hr-inner-style'><\/span><\/span><\/div><br \/>\n<section class=\"av_textblock_section \"  itemscope=\"itemscope\" itemtype=\"https:\/\/schema.org\/CreativeWork\" ><div class='avia_textblock  '   itemprop=\"text\" ><p>La scie circulaire KRESS KUE11.9 20V 140mm est \u00e9quip\u00e9e d&rsquo;un moteur sans balais qui offre une taille plus compacte, une dur\u00e9e de vie du moteur jusqu&rsquo;\u00e0 10 fois plus longue et 50% d&rsquo;autonomie en plus. Son design fin et compact permet de l&rsquo;utiliser d&rsquo;une seule main. Elle offre une vitesse \u00e9lev\u00e9e de 6900 tours\/minute pour des coupes en douceur, avec une capacit\u00e9 de coupe de 51 mm \u00e0 90\u00b0. Avec un r\u00e9glage du biseau de 0 \u00e0 45\u00b0, un r\u00e9glage rapide de la profondeur de coupe, un frein \u00e9lectronique, une bo\u00eete de vitesses en alliage et un \u00e9clairage LED pour les zones de travail sombres ou mal \u00e9clair\u00e9es, cette scie compacte est un outil bienvenu sur le chantier lorsqu&rsquo;une grande scie n&rsquo;est pas n\u00e9cessaire pour le travail \u00e0 effectuer. Id\u00e9ale pour le bricoleur, le propri\u00e9taire ou le professionnel.<\/p>\n<\/div><\/section><br \/>\n<section class=\"av_textblock_section \"  itemscope=\"itemscope\" itemtype=\"https:\/\/schema.org\/CreativeWork\" ><div class='avia_textblock  '   itemprop=\"text\" ><p>* Technologie de moteur sans balai offrant une taille plus compacte, une dur\u00e9e de vie du moteur jusqu&rsquo;\u00e0 10 fois plus longue et une autonomie accrue de 50 %.<br \/>\n* Conception mince, l\u00e9g\u00e8re et compacte pour une utilisation d&rsquo;une seule main<br \/>\n* Capacit\u00e9 de coupe jusqu&rsquo;\u00e0 51 mm avec r\u00e9glage de l&rsquo;angle de 0 \u00e0 45 degr\u00e9s pour de multiples applications de coupe<br \/>\n* R\u00e9glage rapide de la profondeur de coupe pour un r\u00e9glage facile de la profondeur<br \/>\n* Frein \u00e9lectronique et bo\u00eete de vitesses en alliage pour une utilisation et un environnement de travail plus s\u00fbrs.<br \/>\n* L&rsquo;\u00e9clairage LED permet une utilisation id\u00e9ale dans les zones de travail sombres ou mal \u00e9clair\u00e9es.<br \/>\n* Tous les produits Kress 20V sont compatibles avec toutes les batteries KROSSPACK\u00ae 20V Max.<\/p>\n<\/div><\/section><\/p><\/div><\/div><\/div><\/main><!-- close content main element --><\/div><\/div><div id='after_section_1'  class='main_color av_default_container_wrap container_wrap fullsize' style=' '  ><div class='container' ><div class='template-page content  av-content-full alpha units'><div class='post-entry post-entry-type-page post-entry-8029'><div class='entry-content-wrapper clearfix'><div  class='avia-table main_color avia-pricing-table-container  avia_pricing_default   avia-builder-el-8  el_after_av_section  avia-builder-el-no-sibling  avia-table-1'  itemscope=\"itemscope\" itemtype=\"https:\/\/schema.org\/Table\" ><div class='pricing-table-wrap'><ul class='pricing-table '><li class=''><div class='first-table-item'>Tension nominale<\/div><span class='pricing-extra'><\/span><\/li><li class=''>Type de moteur<\/li><li class=''>Diam\u00e8tre de la lame<\/li><li class=''>Taille de l&rsquo;al\u00e9sage du disque<\/li><li class=''>Type d&rsquo;interrupteur<\/li><li class=''>Frein \u00e9lectrique<\/li><li class=''>Vitesse \u00e0 vide<\/li><li class=''>Angles de biseau<\/li><li class=''>Capacit\u00e9 de profondeur de coupe<\/li><li class=''>Profondeur de coupe max. Profondeur de coupe \u00e0 45\u00b0g<\/li><li class=''>Profondeur de coupe max. Profondeur de coupe \u00e0 90\u00b0g<\/li><li class=''>Longueur du produit<\/li><li class=''>Largeur du produit<\/li><li class=''>Hauteur du produit<\/li><li class=''>Poids sans batterie<\/li><li class=''>Type de batterie<\/li><li class=''>Temps de charge<\/li><li class=''>Indicateur de puissance<\/li><li class=''>Nombre de piles par paquet<\/li><li class=''>Paquet<\/li><li class=''>Dans la bo\u00eete<\/li><\/ul><\/div><div class='pricing-table-wrap'><ul class='pricing-table '><li class=''><div class='first-table-item'>20V Max<\/div><span class='pricing-extra'><\/span><\/li><li class=''>Sans balais<\/li><li class=''>140 mm<\/li><li class=''>20 mm<\/li><li class=''>Interrupteur de verrouillage<\/li><li class=''>Oui<\/li><li class=''>0 &#8211; 6900 rpm<\/li><li class=''>0-45\u00b0<\/li><li class=''>51mm<\/li><li class=''>35mm<\/li><li class=''>51mm<\/li><li class=''>424 mm<\/li><li class=''>183 mm<\/li><li class=''>145 mm<\/li><li class=''>1.8 kg<\/li><li class=''>\/<\/li><li class=''>\/<\/li><li class=''>\/<\/li><li class=''>\/<\/li><li class=''>Bo\u00eete de couleur<\/li><li class=''>1x lame TCT 140mm 24T<br \/>\n1x guide parall\u00e8le<br \/>\n1x sangle<br \/>\n1x adaptateur d&rsquo;aspiration<\/li><\/ul><\/div><\/div><\/p>\n","protected":false},"excerpt":{"rendered":"","protected":false},"featured_media":5390,"template":"","meta":[],"product_cat":[665,582,587],"product_tag":[],"_links":{"self":[{"href":"https:\/\/eu.kresstools.com\/fr\/wp-json\/wp\/v2\/product\/8029"}],"collection":[{"href":"https:\/\/eu.kresstools.com\/fr\/wp-json\/wp\/v2\/product"}],"about":[{"href":"https:\/\/eu.kresstools.com\/fr\/wp-json\/wp\/v2\/types\/product"}],"wp:featuredmedia":[{"embeddable":true,"href":"https:\/\/eu.kresstools.com\/fr\/wp-json\/wp\/v2\/media\/5390"}],"wp:attachment":[{"href":"https:\/\/eu.kresstools.com\/fr\/wp-json\/wp\/v2\/media?parent=8029"}],"wp:term":[{"taxonomy":"product_cat","embeddable":true,"href":"https:\/\/eu.kresstools.com\/fr\/wp-json\/wp\/v2\/product_cat?post=8029"},{"taxonomy":"product_tag","embeddable":true,"href":"https:\/\/eu.kresstools.com\/fr\/wp-json\/wp\/v2\/product_tag?post=8029"}],"curies":[{"name":"wp","href":"https:\/\/api.w.org\/{rel}","templated":true}]}}