{"id":8022,"date":"2024-03-07T03:00:47","date_gmt":"2024-03-07T02:00:47","guid":{"rendered":"https:\/\/eu.kresstools.com\/?post_type=product&#038;p=8022"},"modified":"2024-03-28T00:15:37","modified_gmt":"2024-03-27T23:15:37","slug":"kue01_20v-li-reciprocating-saw","status":"publish","type":"product","link":"https:\/\/eu.kresstools.com\/fr\/produkt\/kue01_20v-li-reciprocating-saw\/","title":{"rendered":"Scie \u00e0 guichet KUE01 20V Li"},"content":{"rendered":"<div id='av_section_1'  class='avia-section main_color avia-section-default avia-no-border-styling  avia-bg-style-scroll  avia-builder-el-0  el_before_av_table  avia-builder-el-first   container_wrap fullsize' style=' '  ><div class='container' ><main  role=\"main\" itemprop=\"mainContentOfPage\"  class='template-page content  av-content-full alpha units'><div class='post-entry post-entry-type-page post-entry-8022'><div class='entry-content-wrapper clearfix'>\n<div class=\"flex_column av_one_half  flex_column_div av-zero-column-padding first  avia-builder-el-1  el_before_av_one_half  avia-builder-el-first  \" style='border-radius:0px; '><div  class='avia-gallery  avia-gallery-1 avia_lazyload avia-gallery-animate avia_animate_when_visible  avia-builder-el-2  avia-builder-el-no-sibling '  itemprop=\"image\" itemscope=\"itemscope\" itemtype=\"https:\/\/schema.org\/ImageObject\" ><a class='avia-gallery-big fakeLightbox lightbox avia-gallery-big-crop-thumb ' href='https:\/\/eu.kresstools.com\/wp-content\/uploads\/2024\/03\/KUE01_5-1030x1030.png'  data-onclick='1' title='' ><span class='avia-gallery-big-inner'  itemprop=\"thumbnailUrl\" >\t<img width='495' height='400' src='https:\/\/eu.kresstools.com\/wp-content\/uploads\/2024\/03\/KUE01_5-495x400.png' title='KUE01_5' alt='' \/><\/span><\/a><div class='avia-gallery-thumb'> <a href='https:\/\/eu.kresstools.com\/wp-content\/uploads\/2024\/03\/KUE01_5-1030x1030.png' data-rel='gallery-1' data-prev-img='https:\/\/eu.kresstools.com\/wp-content\/uploads\/2024\/03\/KUE01_5-495x400.png' class='first_thumb lightbox ' data-onclick='1' title=''  itemprop=\"thumbnailUrl\" ><img  src='https:\/\/eu.kresstools.com\/wp-content\/uploads\/2024\/03\/KUE01_5-495x400.png' width='495' height='400'  title='KUE01_5' alt='' \/><\/a> <a href='https:\/\/eu.kresstools.com\/wp-content\/uploads\/2024\/03\/KUE01_3-1030x1030.png' data-rel='gallery-1' data-prev-img='https:\/\/eu.kresstools.com\/wp-content\/uploads\/2024\/03\/KUE01_3-495x400.png' class='lightbox ' data-onclick='2' title=''  itemprop=\"thumbnailUrl\" ><img  src='https:\/\/eu.kresstools.com\/wp-content\/uploads\/2024\/03\/KUE01_3-495x400.png' width='495' height='400'  title='KUE01_3' alt='' \/><\/a> <a href='https:\/\/eu.kresstools.com\/wp-content\/uploads\/2024\/03\/KUE01_4-1030x1030.png' data-rel='gallery-1' data-prev-img='https:\/\/eu.kresstools.com\/wp-content\/uploads\/2024\/03\/KUE01_4-495x400.png' class='lightbox ' data-onclick='3' title=''  itemprop=\"thumbnailUrl\" ><img  src='https:\/\/eu.kresstools.com\/wp-content\/uploads\/2024\/03\/KUE01_4-495x400.png' width='495' height='400'  title='KUE01_4' alt='' \/><\/a> <a href='https:\/\/eu.kresstools.com\/wp-content\/uploads\/2024\/03\/KUE01_2-1030x1030.png' data-rel='gallery-1' data-prev-img='https:\/\/eu.kresstools.com\/wp-content\/uploads\/2024\/03\/KUE01_2-495x400.png' class='lightbox ' data-onclick='4' title=''  itemprop=\"thumbnailUrl\" ><img  src='https:\/\/eu.kresstools.com\/wp-content\/uploads\/2024\/03\/KUE01_2-495x400.png' width='495' height='400'  title='KUE01_2' alt='' \/><\/a> <a href='https:\/\/eu.kresstools.com\/wp-content\/uploads\/2024\/03\/KUE01_1-1030x1030.png' data-rel='gallery-1' data-prev-img='https:\/\/eu.kresstools.com\/wp-content\/uploads\/2024\/03\/KUE01_1-495x400.png' class='lightbox ' data-onclick='5' title=''  itemprop=\"thumbnailUrl\" ><img  src='https:\/\/eu.kresstools.com\/wp-content\/uploads\/2024\/03\/KUE01_1-495x400.png' width='495' height='400'  title='KUE01_1' alt='' \/><\/a> <a href='https:\/\/eu.kresstools.com\/wp-content\/uploads\/2024\/03\/KUE01_7-1030x1030.png' data-rel='gallery-1' data-prev-img='https:\/\/eu.kresstools.com\/wp-content\/uploads\/2024\/03\/KUE01_7-495x400.png' class='first_thumb lightbox ' data-onclick='6' title=''  itemprop=\"thumbnailUrl\" ><img  src='https:\/\/eu.kresstools.com\/wp-content\/uploads\/2024\/03\/KUE01_7-495x400.png' width='495' height='400'  title='KUE01_7' alt='' \/><\/a> <a href='https:\/\/eu.kresstools.com\/wp-content\/uploads\/2024\/03\/KUE01_all-1030x1030.png' data-rel='gallery-1' data-prev-img='https:\/\/eu.kresstools.com\/wp-content\/uploads\/2024\/03\/KUE01_all-495x400.png' class='lightbox ' data-onclick='7' title=''  itemprop=\"thumbnailUrl\" ><img  src='https:\/\/eu.kresstools.com\/wp-content\/uploads\/2024\/03\/KUE01_all-495x400.png' width='495' height='400'  title='KUE01_all' alt='' \/><\/a> <a href='https:\/\/eu.kresstools.com\/wp-content\/uploads\/2024\/03\/KUE01_6-1030x1030.png' data-rel='gallery-1' data-prev-img='https:\/\/eu.kresstools.com\/wp-content\/uploads\/2024\/03\/KUE01_6-495x400.png' class='lightbox ' data-onclick='8' title=''  itemprop=\"thumbnailUrl\" ><img  src='https:\/\/eu.kresstools.com\/wp-content\/uploads\/2024\/03\/KUE01_6-495x400.png' width='495' height='400'  title='KUE01_6' alt='' \/><\/a><\/div><\/div><\/div><div class=\"flex_column av_one_half  flex_column_div av-zero-column-padding   avia-builder-el-3  el_after_av_one_half  avia-builder-el-last  \" style='border-radius:0px; '><p><div  style='padding-bottom:10px; font-size:34px;' class='av-special-heading av-special-heading-h3  blockquote modern-quote  avia-builder-el-4  el_before_av_hr  avia-builder-el-first  av-inherit-size '><h3 class='av-special-heading-tag '  itemprop=\"headline\"  >Kit scie \u00e0 guichet KRESS 20V Max sans fil et sans balais KUE01<\/h3><div class ='av-subheading av-subheading_below  ' style='font-size:15px;'><p>Le KUE01 est dot\u00e9 d&rsquo;une technologie sans balais et d&rsquo;un d\u00e9marrage progressif sans charge pour \u00e9conomiser l&rsquo;\u00e9nergie de la batterie.<\/p>\n<\/div><div class='special-heading-border'><div class='special-heading-inner-border' ><\/div><\/div><\/div><br \/>\n<div  style='height:10px' class='hr hr-invisible   avia-builder-el-5  el_after_av_heading  el_before_av_textblock '><span class='hr-inner ' ><span class='hr-inner-style'><\/span><\/span><\/div><br \/>\n<section class=\"av_textblock_section \"  itemscope=\"itemscope\" itemtype=\"https:\/\/schema.org\/CreativeWork\" ><div class='avia_textblock  '   itemprop=\"text\" ><p>La scie \u00e0 guichet KRESS KUE01 20V est \u00e9quip\u00e9e d&rsquo;un moteur sans balais qui offre une taille plus compacte, une dur\u00e9e de vie du moteur jusqu&rsquo;\u00e0 10 fois plus longue et une autonomie accrue de 50 %. Elle est \u00e9quip\u00e9e d&rsquo;une fonction pendulaire, d&rsquo;une bo\u00eete de vitesses en aluminium, d&rsquo;un changement de lame sans outil SDS, d&rsquo;une longueur de course de 29 mm et d&rsquo;un d\u00e9marrage progressif pour \u00e9conomiser l&rsquo;\u00e9nergie de la batterie. Un sabot avant caoutchout\u00e9 permet un meilleur contr\u00f4le lors de l&rsquo;utilisation, et la lumi\u00e8re LED est utile dans les zones de travail sombres ou mal \u00e9clair\u00e9es. Comprend 1 lame de coupe pour le bois, 1 lame de coupe pour le m\u00e9tal et un sac de transport pour faciliter le transport et le stockage.<\/p>\n<\/div><\/section><br \/>\n<section class=\"av_textblock_section \"  itemscope=\"itemscope\" itemtype=\"https:\/\/schema.org\/CreativeWork\" ><div class='avia_textblock  '   itemprop=\"text\" ><p>* Technologie de moteur sans balais offrant une taille plus compacte, une dur\u00e9e de vie du moteur jusqu&rsquo;\u00e0 10 fois plus longue et une autonomie accrue de 50 %.<br \/>\n* Changement de lame sans outil SDS pour un changement de lame plus rapide entre les applications<br \/>\n* D\u00e9marrage progressif \u00e0 vide pour \u00e9conomiser l&rsquo;\u00e9nergie de la batterie<br \/>\n* Vitesse de chargement jusqu&rsquo;\u00e0 3000 tr\/min et longueur de course de 29 mm pour un enl\u00e8vement de mati\u00e8re rapide.<br \/>\n* Fonction pendulaire pour am\u00e9liorer les performances et la polyvalence de la coupe<br \/>\n* Le sabot avant caoutchout\u00e9 permet un meilleur contr\u00f4le lors de l&rsquo;utilisation.<br \/>\n* Bo\u00eetier d&rsquo;engrenage en aluminium pour une plus grande long\u00e9vit\u00e9 du produit<br \/>\n* L&rsquo;\u00e9clairage LED est id\u00e9al pour les zones de travail sombres ou mal \u00e9clair\u00e9es.<br \/>\n* Tous les produits KRESS 20V sont compatibles avec toutes les batteries KROSSPACK\u00ae 20V Max.<br \/>\n* Sac de transport<\/p>\n<\/div><\/section><\/p><\/div><\/div><\/div><\/main><!-- close content main element --><\/div><\/div><div id='after_section_1'  class='main_color av_default_container_wrap container_wrap fullsize' style=' '  ><div class='container' ><div class='template-page content  av-content-full alpha units'><div class='post-entry post-entry-type-page post-entry-8022'><div class='entry-content-wrapper clearfix'><div  class='avia-table main_color avia-pricing-table-container  avia_pricing_default   avia-builder-el-8  el_after_av_section  avia-builder-el-no-sibling  avia-table-1'  itemscope=\"itemscope\" itemtype=\"https:\/\/schema.org\/Table\" ><div class='pricing-table-wrap'><ul class='pricing-table '><li class=''><div class='first-table-item'>Tension nominale<\/div><span class='pricing-extra'><\/span><\/li><li class=''>Type de moteur<\/li><li class=''>Dispositif de changement des lames d&rsquo;outils<\/li><li class=''>Positions de chaussures r\u00e9glables<\/li><li class=''>Vitesse variable<\/li><li class=''>Vitesse \u00e0 vide<\/li><li class=''>Vitesse de chargement<\/li><li class=''>en acier<\/li><li class=''>en bois<\/li><li class=''>Longueur de la course<\/li><li class=''>Pince \u00e0 lame sans cl\u00e9<\/li><li class=''>Longueur du produit<\/li><li class=''>Largeur du produit<\/li><li class=''>Hauteur du produit<\/li><li class=''>Poids sans batterie<\/li><li class=''>Type de batterie<\/li><li class=''>Temps de charge<\/li><li class=''>Indicateur de puissance<\/li><li class=''>Nombre de piles par paquet<\/li><li class=''>Paquet<\/li><li class=''>Dans la bo\u00eete<\/li><\/ul><\/div><div class='pricing-table-wrap'><ul class='pricing-table '><li class=''><div class='first-table-item'>20V Max<\/div><span class='pricing-extra'><\/span><\/li><li class=''>Sans balais<\/li><li class=''>Changement de lame \u00e0 serrage rapide<\/li><li class=''>Oui<\/li><li class=''>Oui<\/li><li class=''>0 &#8211; 1400 rpm<\/li><li class=''>0 &#8211; 3000 rpm<\/li><li class=''>12 mm<\/li><li class=''>300 mm<\/li><li class=''>29 mm<\/li><li class=''>Yes<\/li><li class=''>410 mm<\/li><li class=''>85 mm<\/li><li class=''>180 mm<\/li><li class=''>2.5 kg<\/li><li class=''>Li-Ion<\/li><li class=''>45min<\/li><li class=''>Oui<\/li><li class=''>2<\/li><li class=''>Bo\u00eete de couleur<\/li><li class=''>2x batterie 20V 4.0Ah KAB21<br \/>\n1x chargeur 20V 6A KAC21<br \/>\n1x lame de scie \u00e0 bois<br \/>\n1x lame de scie \u00e0 m\u00e9taux<br \/>\n1x sac de transport<\/li><\/ul><\/div><\/div><\/p>\n","protected":false},"excerpt":{"rendered":"","protected":false},"featured_media":8370,"template":"","meta":[],"product_cat":[582,673],"product_tag":[],"_links":{"self":[{"href":"https:\/\/eu.kresstools.com\/fr\/wp-json\/wp\/v2\/product\/8022"}],"collection":[{"href":"https:\/\/eu.kresstools.com\/fr\/wp-json\/wp\/v2\/product"}],"about":[{"href":"https:\/\/eu.kresstools.com\/fr\/wp-json\/wp\/v2\/types\/product"}],"wp:featuredmedia":[{"embeddable":true,"href":"https:\/\/eu.kresstools.com\/fr\/wp-json\/wp\/v2\/media\/8370"}],"wp:attachment":[{"href":"https:\/\/eu.kresstools.com\/fr\/wp-json\/wp\/v2\/media?parent=8022"}],"wp:term":[{"taxonomy":"product_cat","embeddable":true,"href":"https:\/\/eu.kresstools.com\/fr\/wp-json\/wp\/v2\/product_cat?post=8022"},{"taxonomy":"product_tag","embeddable":true,"href":"https:\/\/eu.kresstools.com\/fr\/wp-json\/wp\/v2\/product_tag?post=8022"}],"curies":[{"name":"wp","href":"https:\/\/api.w.org\/{rel}","templated":true}]}}