{"id":8019,"date":"2024-03-07T02:44:40","date_gmt":"2024-03-07T01:44:40","guid":{"rendered":"https:\/\/eu.kresstools.com\/?post_type=product&#038;p=8019"},"modified":"2024-06-27T05:12:16","modified_gmt":"2024-06-27T03:12:16","slug":"kuc61-91_20v-li-2kg-bl-hammer","status":"publish","type":"product","link":"https:\/\/eu.kresstools.com\/fr\/produkt\/kuc61-91_20v-li-2kg-bl-hammer\/","title":{"rendered":"KUC61.91 Marteau BL 20V Li 2KG"},"content":{"rendered":"<div id='av_section_1'  class='avia-section main_color avia-section-default avia-no-border-styling  avia-bg-style-scroll  avia-builder-el-0  el_before_av_table  avia-builder-el-first   container_wrap fullsize' style=' '  ><div class='container' ><main  role=\"main\" itemprop=\"mainContentOfPage\"  class='template-page content  av-content-full alpha units'><div class='post-entry post-entry-type-page post-entry-8019'><div class='entry-content-wrapper clearfix'>\n<div class=\"flex_column av_one_half  flex_column_div av-zero-column-padding first  avia-builder-el-1  el_before_av_one_half  avia-builder-el-first  \" style='border-radius:0px; '><div  class='avia-gallery  avia-gallery-1 avia_lazyload avia-gallery-animate avia_animate_when_visible  avia-builder-el-2  avia-builder-el-no-sibling '  itemprop=\"image\" itemscope=\"itemscope\" itemtype=\"https:\/\/schema.org\/ImageObject\" ><a class='avia-gallery-big fakeLightbox lightbox avia-gallery-big-crop-thumb ' href='https:\/\/eu.kresstools.com\/wp-content\/uploads\/2024\/03\/01-KUC61.2_F-1030x1030.png'  data-onclick='1' title='' ><span class='avia-gallery-big-inner'  itemprop=\"thumbnailUrl\" >\t<img width='495' height='400' src='https:\/\/eu.kresstools.com\/wp-content\/uploads\/2024\/03\/01-KUC61.2_F-495x400.png' title='01-KUC61.2_F' alt='' \/><\/span><\/a><div class='avia-gallery-thumb'> <a href='https:\/\/eu.kresstools.com\/wp-content\/uploads\/2024\/03\/01-KUC61.2_F-1030x1030.png' data-rel='gallery-1' data-prev-img='https:\/\/eu.kresstools.com\/wp-content\/uploads\/2024\/03\/01-KUC61.2_F-495x400.png' class='first_thumb lightbox ' data-onclick='1' title=''  itemprop=\"thumbnailUrl\" ><img  src='https:\/\/eu.kresstools.com\/wp-content\/uploads\/2024\/03\/01-KUC61.2_F-495x400.png' width='495' height='400'  title='01-KUC61.2_F' alt='' \/><\/a> <a href='https:\/\/eu.kresstools.com\/wp-content\/uploads\/2024\/03\/07-KUC61.2_auxiliary-handle-1030x1030.png' data-rel='gallery-1' data-prev-img='https:\/\/eu.kresstools.com\/wp-content\/uploads\/2024\/03\/07-KUC61.2_auxiliary-handle-495x400.png' class='lightbox ' data-onclick='2' title=''  itemprop=\"thumbnailUrl\" ><img  src='https:\/\/eu.kresstools.com\/wp-content\/uploads\/2024\/03\/07-KUC61.2_auxiliary-handle-495x400.png' width='495' height='400'  title='07-KUC61.2_auxiliary handle' alt='' \/><\/a> <a href='https:\/\/eu.kresstools.com\/wp-content\/uploads\/2024\/03\/06-KUC61.2_handle-1030x1030.png' data-rel='gallery-1' data-prev-img='https:\/\/eu.kresstools.com\/wp-content\/uploads\/2024\/03\/06-KUC61.2_handle-495x400.png' class='lightbox ' data-onclick='3' title=''  itemprop=\"thumbnailUrl\" ><img  src='https:\/\/eu.kresstools.com\/wp-content\/uploads\/2024\/03\/06-KUC61.2_handle-495x400.png' width='495' height='400'  title='06-KUC61.2_handle' alt='' \/><\/a> <a href='https:\/\/eu.kresstools.com\/wp-content\/uploads\/2024\/03\/03-KUC61.2_knob-1030x1030.png' data-rel='gallery-1' data-prev-img='https:\/\/eu.kresstools.com\/wp-content\/uploads\/2024\/03\/03-KUC61.2_knob-495x400.png' class='lightbox ' data-onclick='4' title=''  itemprop=\"thumbnailUrl\" ><img  src='https:\/\/eu.kresstools.com\/wp-content\/uploads\/2024\/03\/03-KUC61.2_knob-495x400.png' width='495' height='400'  title='03-KUC61.2_knob' alt='' \/><\/a> <a href='https:\/\/eu.kresstools.com\/wp-content\/uploads\/2024\/03\/04-KUC61.2_SDS-chuck-1030x1030.png' data-rel='gallery-1' data-prev-img='https:\/\/eu.kresstools.com\/wp-content\/uploads\/2024\/03\/04-KUC61.2_SDS-chuck-495x400.png' class='lightbox ' data-onclick='5' title=''  itemprop=\"thumbnailUrl\" ><img  src='https:\/\/eu.kresstools.com\/wp-content\/uploads\/2024\/03\/04-KUC61.2_SDS-chuck-495x400.png' width='495' height='400'  title='04-KUC61.2_SDS chuck' alt='' \/><\/a> <a href='https:\/\/eu.kresstools.com\/wp-content\/uploads\/2024\/03\/02-KUC61.2_45-1030x1030.png' data-rel='gallery-1' data-prev-img='https:\/\/eu.kresstools.com\/wp-content\/uploads\/2024\/03\/02-KUC61.2_45-495x400.png' class='first_thumb lightbox ' data-onclick='6' title=''  itemprop=\"thumbnailUrl\" ><img  src='https:\/\/eu.kresstools.com\/wp-content\/uploads\/2024\/03\/02-KUC61.2_45-495x400.png' width='495' height='400'  title='02-KUC61.2_45' alt='' \/><\/a> <a href='https:\/\/eu.kresstools.com\/wp-content\/uploads\/2024\/03\/02-KUC61.91_Family-photo-3-1030x1030.png' data-rel='gallery-1' data-prev-img='https:\/\/eu.kresstools.com\/wp-content\/uploads\/2024\/03\/02-KUC61.91_Family-photo-3-495x400.png' class='lightbox ' data-onclick='7' title=''  itemprop=\"thumbnailUrl\" ><img  src='https:\/\/eu.kresstools.com\/wp-content\/uploads\/2024\/03\/02-KUC61.91_Family-photo-3-495x400.png' width='495' height='400'  title='02-KUC61.91_Family photo' alt='' \/><\/a><\/div><\/div><\/div><div class=\"flex_column av_one_half  flex_column_div av-zero-column-padding   avia-builder-el-3  el_after_av_one_half  avia-builder-el-last  \" style='border-radius:0px; '><p><div  style='padding-bottom:10px; font-size:34px;' class='av-special-heading av-special-heading-h3  blockquote modern-quote  avia-builder-el-4  el_before_av_hr  avia-builder-el-first  av-inherit-size '><h3 class='av-special-heading-tag '  itemprop=\"headline\"  >Kress 20V Max sans fil sans brosse 24mm SDS + peau de marteau rotatif KUC61.91<\/h3><div class ='av-subheading av-subheading_below  ' style='font-size:15px;'><p>Le KUC61 est \u00e9quip\u00e9 d&rsquo;un moteur sans balais, d&rsquo;une \u00e9nergie de frappe de 2,2J, du syst\u00e8me SDS+, d&rsquo;un embrayage de s\u00e9curit\u00e9 et de 3 fonctions : perceuse, marteau et visseuse. Il convient \u00e0 de multiples applications<\/p>\n<\/div><div class='special-heading-border'><div class='special-heading-inner-border' ><\/div><\/div><\/div><br \/>\n<div  style='height:10px' class='hr hr-invisible   avia-builder-el-5  el_after_av_heading  el_before_av_textblock '><span class='hr-inner ' ><span class='hr-inner-style'><\/span><\/span><\/div><br \/>\n<section class=\"av_textblock_section \"  itemscope=\"itemscope\" itemtype=\"https:\/\/schema.org\/CreativeWork\" ><div class='avia_textblock  '   itemprop=\"text\" ><p>Le marteau perforateur rotatif SDS+ 20V 3 fonctions 24mm KUC61.2 est dot\u00e9 d&rsquo;un moteur sans balais qui offre une taille plus compacte, une dur\u00e9e de vie du moteur jusqu&rsquo;\u00e0 10 fois plus longue et une autonomie accrue de 50 %. Il d\u00e9livre une \u00e9nergie d&rsquo;impact de 2,2J et une puissance de forage \u00e0 haute vitesse de 5400 BPMS. Il offre la polyvalence de 3 fonctions : per\u00e7age, per\u00e7age au marteau et burinage avec un r\u00e9glage s\u00e9par\u00e9 de l&rsquo;angle du burin, pour un per\u00e7age rapide dans le b\u00e9ton jusqu&rsquo;\u00e0 24 mm, ainsi qu&rsquo;un mandrin SDS+ pour un changement d&#8217;embout facile. L&rsquo;\u00e9clairage LED est id\u00e9al pour les zones de travail sombres ou mal \u00e9clair\u00e9es, et l&#8217;embrayage de s\u00e9curit\u00e9 \u00e9lectronique augmente la s\u00e9curit\u00e9 de l&rsquo;utilisateur. Pr\u00e9sent\u00e9e dans une mallette robuste et empilable pour un transport et un stockage faciles.<\/p>\n<\/div><\/section><br \/>\n<section class=\"av_textblock_section \"  itemscope=\"itemscope\" itemtype=\"https:\/\/schema.org\/CreativeWork\" ><div class='avia_textblock  '   itemprop=\"text\" ><p>* La technologie du moteur sans balai permet une taille plus compacte, une dur\u00e9e de vie du moteur jusqu&rsquo;\u00e0 10 fois plus longue et une autonomie accrue de 50 %.<br \/>\n* La fonction d&rsquo;assistance par impulsion permet de percer les carreaux de c\u00e9ramique.<br \/>\n* 3 fonctions : per\u00e7age, per\u00e7age \u00e0 percussion et burinage avec r\u00e9glage s\u00e9par\u00e9 de l&rsquo;angle du burin<br \/>\n* Puissante \u00e9nergie d&rsquo;impact de 2,2 joules et capacit\u00e9 de per\u00e7age maximale de 24 mm dans le b\u00e9ton.<br \/>\n* Embrayage de s\u00e9curit\u00e9 \u00e9lectronique pour une meilleure protection de l&rsquo;utilisateur<br \/>\n* Le mandrin SDS+ facilite le changement de m\u00e8ches.<br \/>\n* Technologie anti-vibration pour r\u00e9duire la fatigue de l&rsquo;utilisateur<br \/>\n* Vitesse variable avec interrupteur \u00e0 g\u00e2chette \u00e0 fonction invers\u00e9e pour un meilleur contr\u00f4le lors du per\u00e7age<br \/>\n* L&rsquo;\u00e9clairage LED permet une utilisation id\u00e9ale dans les zones de travail sombres ou mal \u00e9clair\u00e9es.<br \/>\n* Tous les produits Kress 20V sont compatibles avec toutes les batteries KROSSPACK\u00ae 20V Max.<br \/>\n*Mallette d&#8217;empilage M<\/p>\n<\/div><\/section><\/p><\/div><\/div><\/div><\/main><!-- close content main element --><\/div><\/div><div id='after_section_1'  class='main_color av_default_container_wrap container_wrap fullsize' style=' '  ><div class='container' ><div class='template-page content  av-content-full alpha units'><div class='post-entry post-entry-type-page post-entry-8019'><div class='entry-content-wrapper clearfix'><div  class='avia-table main_color avia-pricing-table-container  avia_pricing_default   avia-builder-el-8  el_after_av_section  avia-builder-el-no-sibling  avia-table-1'  itemscope=\"itemscope\" itemtype=\"https:\/\/schema.org\/Table\" ><div class='pricing-table-wrap'><ul class='pricing-table '><li class=''><div class='first-table-item'>Tension<\/div><span class='pricing-extra'><\/span><\/li><li class=''>Type de moteur<\/li><li class=''>Porte-outils<\/li><li class=''>Fonction<\/li><li class=''>\u00c9nergie d&rsquo;impact<\/li><li class=''>Vitesse \u00e0 vide<\/li><li class=''>Taux d&rsquo;impact<\/li><li class=''>Per\u00e7age maximal dans le b\u00e9ton<\/li><li class=''>Per\u00e7age maximal dans l&rsquo;acier<\/li><li class=''>Per\u00e7age maximal dans le bois<\/li><li class=''>Longueur du produit<\/li><li class=''>Largeur du produit<\/li><li class=''>Hauteur du produit<\/li><li class=''>Poids sans batterie<\/li><li class=''>Type de batterie<\/li><li class=''>Temps de charge<\/li><li class=''>Indicateur de puissance<\/li><li class=''>Nombre de piles par paquet<\/li><li class=''>Paquet<\/li><li class=''>Dans la bo\u00eete<\/li><\/ul><\/div><div class='pricing-table-wrap'><ul class='pricing-table '><li class=''><div class='first-table-item'>20V Max<\/div><span class='pricing-extra'><\/span><\/li><li class=''>Sans balais<\/li><li class=''>SDS+<\/li><li class=''>Foret\/Marteau\/Chisel<\/li><li class=''>2.2J<\/li><li class=''>0 &#8211; 1210 rpm<\/li><li class=''>0 &#8211; 5400\u00a0bpm<\/li><li class=''>24 mm<\/li><li class=''>13 mm<\/li><li class=''>27 mm<\/li><li class=''>314 mm<\/li><li class=''>86 mm<\/li><li class=''>204 mm<\/li><li class=''>2.6 kg<\/li><li class=''>\/<\/li><li class=''>\/<\/li><li class=''>\/<\/li><li class=''>\/<\/li><li class=''>Mallette empilable<\/li><li class=''>1x poign\u00e9e auxiliaire<br \/>\n1x jauge de profondeur<br \/>\n1x valise d&#8217;empilage<\/li><\/ul><\/div><\/div><\/p>\n","protected":false},"excerpt":{"rendered":"","protected":false},"featured_media":8318,"template":"","meta":[],"product_cat":[583,582],"product_tag":[],"_links":{"self":[{"href":"https:\/\/eu.kresstools.com\/fr\/wp-json\/wp\/v2\/product\/8019"}],"collection":[{"href":"https:\/\/eu.kresstools.com\/fr\/wp-json\/wp\/v2\/product"}],"about":[{"href":"https:\/\/eu.kresstools.com\/fr\/wp-json\/wp\/v2\/types\/product"}],"wp:featuredmedia":[{"embeddable":true,"href":"https:\/\/eu.kresstools.com\/fr\/wp-json\/wp\/v2\/media\/8318"}],"wp:attachment":[{"href":"https:\/\/eu.kresstools.com\/fr\/wp-json\/wp\/v2\/media?parent=8019"}],"wp:term":[{"taxonomy":"product_cat","embeddable":true,"href":"https:\/\/eu.kresstools.com\/fr\/wp-json\/wp\/v2\/product_cat?post=8019"},{"taxonomy":"product_tag","embeddable":true,"href":"https:\/\/eu.kresstools.com\/fr\/wp-json\/wp\/v2\/product_tag?post=8019"}],"curies":[{"name":"wp","href":"https:\/\/api.w.org\/{rel}","templated":true}]}}