{"id":8015,"date":"2024-03-07T02:40:32","date_gmt":"2024-03-07T01:40:32","guid":{"rendered":"https:\/\/eu.kresstools.com\/?post_type=product&#038;p=8015"},"modified":"2024-06-27T05:08:24","modified_gmt":"2024-06-27T03:08:24","slug":"kuc60-91_20v-li-2kg-bl-hammer","status":"publish","type":"product","link":"https:\/\/eu.kresstools.com\/fr\/produkt\/kuc60-91_20v-li-2kg-bl-hammer\/","title":{"rendered":"KUC60.91 20V Li 2KG BL Marteau"},"content":{"rendered":"<div id='av_section_1'  class='avia-section main_color avia-section-default avia-no-border-styling  avia-bg-style-scroll  avia-builder-el-0  el_before_av_table  avia-builder-el-first   container_wrap fullsize' style=' '  ><div class='container' ><main  role=\"main\" itemprop=\"mainContentOfPage\"  class='template-page content  av-content-full alpha units'><div class='post-entry post-entry-type-page post-entry-8015'><div class='entry-content-wrapper clearfix'>\n<div class=\"flex_column av_one_half  flex_column_div av-zero-column-padding first  avia-builder-el-1  el_before_av_one_half  avia-builder-el-first  \" style='border-radius:0px; '><div  class='avia-gallery  avia-gallery-1 avia_lazyload avia-gallery-animate avia_animate_when_visible  avia-builder-el-2  avia-builder-el-no-sibling '  itemprop=\"image\" itemscope=\"itemscope\" itemtype=\"https:\/\/schema.org\/ImageObject\" ><a class='avia-gallery-big fakeLightbox lightbox avia-gallery-big-crop-thumb ' href='https:\/\/eu.kresstools.com\/wp-content\/uploads\/2024\/03\/KUC60.91_6-1030x1030.png'  data-onclick='1' title='' ><span class='avia-gallery-big-inner'  itemprop=\"thumbnailUrl\" >\t<img width='495' height='400' src='https:\/\/eu.kresstools.com\/wp-content\/uploads\/2024\/03\/KUC60.91_6-495x400.png' title='KUC60.91_6' alt='' \/><\/span><\/a><div class='avia-gallery-thumb'> <a href='https:\/\/eu.kresstools.com\/wp-content\/uploads\/2024\/03\/KUC60.91_6-1030x1030.png' data-rel='gallery-1' data-prev-img='https:\/\/eu.kresstools.com\/wp-content\/uploads\/2024\/03\/KUC60.91_6-495x400.png' class='first_thumb lightbox ' data-onclick='1' title=''  itemprop=\"thumbnailUrl\" ><img  src='https:\/\/eu.kresstools.com\/wp-content\/uploads\/2024\/03\/KUC60.91_6-495x400.png' width='495' height='400'  title='KUC60.91_6' alt='' \/><\/a> <a href='https:\/\/eu.kresstools.com\/wp-content\/uploads\/2024\/03\/KUC60.91_5-1030x1030.png' data-rel='gallery-1' data-prev-img='https:\/\/eu.kresstools.com\/wp-content\/uploads\/2024\/03\/KUC60.91_5-495x400.png' class='lightbox ' data-onclick='2' title=''  itemprop=\"thumbnailUrl\" ><img  src='https:\/\/eu.kresstools.com\/wp-content\/uploads\/2024\/03\/KUC60.91_5-495x400.png' width='495' height='400'  title='KUC60.91_5' alt='' \/><\/a> <a href='https:\/\/eu.kresstools.com\/wp-content\/uploads\/2024\/03\/KUC60.91_4-1030x1030.png' data-rel='gallery-1' data-prev-img='https:\/\/eu.kresstools.com\/wp-content\/uploads\/2024\/03\/KUC60.91_4-495x400.png' class='lightbox ' data-onclick='3' title=''  itemprop=\"thumbnailUrl\" ><img  src='https:\/\/eu.kresstools.com\/wp-content\/uploads\/2024\/03\/KUC60.91_4-495x400.png' width='495' height='400'  title='KUC60.91_4' alt='' \/><\/a> <a href='https:\/\/eu.kresstools.com\/wp-content\/uploads\/2024\/03\/KUC60.91_3-1030x1030.png' data-rel='gallery-1' data-prev-img='https:\/\/eu.kresstools.com\/wp-content\/uploads\/2024\/03\/KUC60.91_3-495x400.png' class='lightbox ' data-onclick='4' title=''  itemprop=\"thumbnailUrl\" ><img  src='https:\/\/eu.kresstools.com\/wp-content\/uploads\/2024\/03\/KUC60.91_3-495x400.png' width='495' height='400'  title='KUC60.91_3' alt='' \/><\/a> <a href='https:\/\/eu.kresstools.com\/wp-content\/uploads\/2024\/03\/KUC60.91_2-1030x1030.png' data-rel='gallery-1' data-prev-img='https:\/\/eu.kresstools.com\/wp-content\/uploads\/2024\/03\/KUC60.91_2-495x400.png' class='lightbox ' data-onclick='5' title=''  itemprop=\"thumbnailUrl\" ><img  src='https:\/\/eu.kresstools.com\/wp-content\/uploads\/2024\/03\/KUC60.91_2-495x400.png' width='495' height='400'  title='KUC60.91_2' alt='' \/><\/a> <a href='https:\/\/eu.kresstools.com\/wp-content\/uploads\/2024\/03\/KUC60.91_1-1030x1030.png' data-rel='gallery-1' data-prev-img='https:\/\/eu.kresstools.com\/wp-content\/uploads\/2024\/03\/KUC60.91_1-495x400.png' class='first_thumb lightbox ' data-onclick='6' title=''  itemprop=\"thumbnailUrl\" ><img  src='https:\/\/eu.kresstools.com\/wp-content\/uploads\/2024\/03\/KUC60.91_1-495x400.png' width='495' height='400'  title='KUC60.91_1' alt='' \/><\/a> <a href='https:\/\/eu.kresstools.com\/wp-content\/uploads\/2024\/03\/KUC60.91_Family-1-1030x1030.png' data-rel='gallery-1' data-prev-img='https:\/\/eu.kresstools.com\/wp-content\/uploads\/2024\/03\/KUC60.91_Family-1-495x400.png' class='lightbox ' data-onclick='7' title=''  itemprop=\"thumbnailUrl\" ><img  src='https:\/\/eu.kresstools.com\/wp-content\/uploads\/2024\/03\/KUC60.91_Family-1-495x400.png' width='495' height='400'  title='KUC60.91_Family' alt='' \/><\/a><\/div><\/div><\/div><div class=\"flex_column av_one_half  flex_column_div av-zero-column-padding   avia-builder-el-3  el_after_av_one_half  avia-builder-el-last  \" style='border-radius:0px; '><p><div  style='padding-bottom:10px; font-size:34px;' class='av-special-heading av-special-heading-h3  blockquote modern-quote  avia-builder-el-4  el_before_av_hr  avia-builder-el-first  av-inherit-size '><h3 class='av-special-heading-tag '  itemprop=\"headline\"  >Kress 20 V Max sans balais 22 mm SDS+ peau de marteau rotatif KUC60.91<\/h3><div class ='av-subheading av-subheading_below  ' style='font-size:15px;'><p>Le mod\u00e8le compact KUC60 est \u00e9quip\u00e9 d&rsquo;un moteur sans balais, d&rsquo;une \u00e9nergie de frappe de 2,0 J, du syst\u00e8me SDS+, d&rsquo;un embrayage de s\u00e9curit\u00e9 et de 3 fonctions : perceuse, marteau et visseuse. Il convient \u00e0 de multiples applications<\/p>\n<\/div><div class='special-heading-border'><div class='special-heading-inner-border' ><\/div><\/div><\/div><br \/>\n<div  style='height:10px' class='hr hr-invisible   avia-builder-el-5  el_after_av_heading  el_before_av_textblock '><span class='hr-inner ' ><span class='hr-inner-style'><\/span><\/span><\/div><br \/>\n<section class=\"av_textblock_section \"  itemscope=\"itemscope\" itemtype=\"https:\/\/schema.org\/CreativeWork\" ><div class='avia_textblock  '   itemprop=\"text\" ><p>Le marteau perforateur rotatif SDS+ 20V 3 fonctions 22mm KUC60.91 est dot\u00e9 d&rsquo;un moteur sans balais qui offre une taille plus compacte, une dur\u00e9e de vie du moteur jusqu&rsquo;\u00e0 10 fois plus longue et une autonomie accrue de 50 %. Il d\u00e9livre 2J d&rsquo;\u00e9nergie d&rsquo;impact et 4700 BPMS de puissance de forage \u00e0 haute vitesse. Il offre la polyvalence de 3 fonctions : per\u00e7age, per\u00e7age au marteau et burinage avec un r\u00e9glage s\u00e9par\u00e9 de l&rsquo;angle du burin, pour un per\u00e7age rapide dans le b\u00e9ton jusqu&rsquo;\u00e0 22 mm, ainsi qu&rsquo;un mandrin SDS+ pour un changement d&#8217;embout facile. L&rsquo;\u00e9clairage LED est id\u00e9al pour les zones de travail sombres ou mal \u00e9clair\u00e9es, et l&#8217;embrayage de s\u00e9curit\u00e9 \u00e9lectronique augmente la s\u00e9curit\u00e9 de l&rsquo;utilisateur. Elle est livr\u00e9e dans une mallette robuste et empilable pour faciliter le transport et le stockage.<\/p>\n<p>* Technologie de moteur sans balais pour une taille plus compacte, une dur\u00e9e de vie du moteur multipli\u00e9e par 10 et une autonomie accrue de 50 %.<br \/>\n* 3 fonctions : per\u00e7age, per\u00e7age \u00e0 percussion et burinage avec r\u00e9glage s\u00e9par\u00e9 de l&rsquo;angle du burin<br \/>\n* Puissante \u00e9nergie d&rsquo;impact de 2 joules et capacit\u00e9 de per\u00e7age maximale de 22 mm dans le b\u00e9ton.<br \/>\n* Embrayage de s\u00e9curit\u00e9 \u00e9lectronique et m\u00e9canique pour une meilleure protection de l&rsquo;utilisateur<br \/>\n* Le mandrin SDS+ facilite le changement d&#8217;embout.<br \/>\n* Vitesse variable avec interrupteur \u00e0 g\u00e2chette \u00e0 fonction invers\u00e9e pour un meilleur contr\u00f4le lors du per\u00e7age<br \/>\n* L&rsquo;\u00e9clairage LED permet une utilisation id\u00e9ale dans les zones de travail sombres ou mal \u00e9clair\u00e9es.<br \/>\n* Tous les produits Kress 20V sont compatibles avec toutes les batteries KROSSPACK\u00ae 20V Max.<br \/>\n*Mallette d&#8217;empilage M<\/p>\n<\/div><\/section><\/p><\/div><\/div><\/div><\/main><!-- close content main element --><\/div><\/div><div id='after_section_1'  class='main_color av_default_container_wrap container_wrap fullsize' style=' '  ><div class='container' ><div class='template-page content  av-content-full alpha units'><div class='post-entry post-entry-type-page post-entry-8015'><div class='entry-content-wrapper clearfix'><div  class='avia-table main_color avia-pricing-table-container  avia_pricing_default   avia-builder-el-7  el_after_av_section  avia-builder-el-no-sibling  avia-table-1'  itemscope=\"itemscope\" itemtype=\"https:\/\/schema.org\/Table\" ><div class='pricing-table-wrap'><ul class='pricing-table '><li class=''><div class='first-table-item'>Voltage<\/div><span class='pricing-extra'><\/span><\/li><li class=''>Motor type<\/li><li class=''>Tool holder<\/li><li class=''>Function<\/li><li class=''>Impact energy<\/li><li class=''>No load speed<\/li><li class=''>Impact rate<\/li><li class=''>Max. drilling in concrete<\/li><li class=''>Max. drilling in steel<\/li><li class=''>Max. drilling in wood<\/li><li class=''>Product length<\/li><li class=''>Product width<\/li><li class=''>Product height<\/li><li class=''>Weight without battery<\/li><li class=''>Battery type<\/li><li class=''>Charging time<\/li><li class=''>Power indicator<\/li><li class=''>No. of batteries per pack<\/li><li class=''>Package<\/li><li class=''>In the box<\/li><\/ul><\/div><div class='pricing-table-wrap'><ul class='pricing-table '><li class=''><div class='first-table-item'>20V Max<\/div><span class='pricing-extra'><\/span><\/li><li class=''>Brushless<\/li><li class=''>SDS+<\/li><li class=''>Drill\/Hammer\/Chisel<\/li><li class=''>2.0J<\/li><li class=''>0 &#8211; 1350 rpm<\/li><li class=''>0 &#8211; 4700\u00a0bpm<\/li><li class=''>22 mm<\/li><li class=''>13 mm<\/li><li class=''>28 mm<\/li><li class=''>274 mm<\/li><li class=''>73 mm<\/li><li class=''>207 mm<\/li><li class=''>2.1 kg<\/li><li class=''>\/<\/li><li class=''>\/<\/li><li class=''>\/<\/li><li class=''>\/<\/li><li class=''>Stacking case<\/li><li class=''>1x auxiliary handle<br \/>\n1x depth gauge<br \/>\n1x stacking case<\/li><\/ul><\/div><\/div><\/p>\n","protected":false},"excerpt":{"rendered":"","protected":false},"featured_media":8267,"template":"","meta":[],"product_cat":[583,582],"product_tag":[],"_links":{"self":[{"href":"https:\/\/eu.kresstools.com\/fr\/wp-json\/wp\/v2\/product\/8015"}],"collection":[{"href":"https:\/\/eu.kresstools.com\/fr\/wp-json\/wp\/v2\/product"}],"about":[{"href":"https:\/\/eu.kresstools.com\/fr\/wp-json\/wp\/v2\/types\/product"}],"wp:featuredmedia":[{"embeddable":true,"href":"https:\/\/eu.kresstools.com\/fr\/wp-json\/wp\/v2\/media\/8267"}],"wp:attachment":[{"href":"https:\/\/eu.kresstools.com\/fr\/wp-json\/wp\/v2\/media?parent=8015"}],"wp:term":[{"taxonomy":"product_cat","embeddable":true,"href":"https:\/\/eu.kresstools.com\/fr\/wp-json\/wp\/v2\/product_cat?post=8015"},{"taxonomy":"product_tag","embeddable":true,"href":"https:\/\/eu.kresstools.com\/fr\/wp-json\/wp\/v2\/product_tag?post=8015"}],"curies":[{"name":"wp","href":"https:\/\/api.w.org\/{rel}","templated":true}]}}