{"id":8003,"date":"2024-03-07T02:22:14","date_gmt":"2024-03-07T01:22:14","guid":{"rendered":"https:\/\/eu.kresstools.com\/?post_type=product&#038;p=8003"},"modified":"2024-03-28T00:25:42","modified_gmt":"2024-03-27T23:25:42","slug":"kuc31-91_20v-bl-impact-drill","status":"publish","type":"product","link":"https:\/\/eu.kresstools.com\/fr\/produkt\/kuc31-91_20v-bl-impact-drill\/","title":{"rendered":"Kress 20V Max Brushless sans fil 70Nm 2 vitesses 13mm Hammer Drill Skin KUC31.91"},"content":{"rendered":"<div id='av_section_1'  class='avia-section main_color avia-section-default avia-no-border-styling  avia-bg-style-scroll  avia-builder-el-0  el_before_av_table  avia-builder-el-first   container_wrap fullsize' style=' '  ><div class='container' ><main  role=\"main\" itemprop=\"mainContentOfPage\"  class='template-page content  av-content-full alpha units'><div class='post-entry post-entry-type-page post-entry-8003'><div class='entry-content-wrapper clearfix'>\n<div class=\"flex_column av_one_half  flex_column_div av-zero-column-padding first  avia-builder-el-1  el_before_av_one_half  avia-builder-el-first  \" style='border-radius:0px; '><div  class='avia-gallery  avia-gallery-1 avia_lazyload avia-gallery-animate avia_animate_when_visible  avia-builder-el-2  avia-builder-el-no-sibling '  itemprop=\"image\" itemscope=\"itemscope\" itemtype=\"https:\/\/schema.org\/ImageObject\" ><a class='avia-gallery-big fakeLightbox lightbox avia-gallery-big-crop-thumb ' href='https:\/\/eu.kresstools.com\/wp-content\/uploads\/2020\/08\/KUC31.91-4.jpg'  data-onclick='1' title='' ><span class='avia-gallery-big-inner'  itemprop=\"thumbnailUrl\" >\t<img width='495' height='400' src='https:\/\/eu.kresstools.com\/wp-content\/uploads\/2020\/08\/KUC31.91-4-495x400.jpg' title='KUC31.91 (4)' alt='' \/><\/span><\/a><div class='avia-gallery-thumb'> <a href='https:\/\/eu.kresstools.com\/wp-content\/uploads\/2020\/08\/KUC31.91-4.jpg' data-rel='gallery-1' data-prev-img='https:\/\/eu.kresstools.com\/wp-content\/uploads\/2020\/08\/KUC31.91-4-495x400.jpg' class='first_thumb lightbox ' data-onclick='1' title=''  itemprop=\"thumbnailUrl\" ><img  src='https:\/\/eu.kresstools.com\/wp-content\/uploads\/2020\/08\/KUC31.91-4-495x400.jpg' width='495' height='400'  title='KUC31.91 (4)' alt='' \/><\/a> <a href='https:\/\/eu.kresstools.com\/wp-content\/uploads\/2020\/08\/KUC31.91-B.jpg' data-rel='gallery-1' data-prev-img='https:\/\/eu.kresstools.com\/wp-content\/uploads\/2020\/08\/KUC31.91-B-495x400.jpg' class='lightbox ' data-onclick='2' title=''  itemprop=\"thumbnailUrl\" ><img  src='https:\/\/eu.kresstools.com\/wp-content\/uploads\/2020\/08\/KUC31.91-B-495x400.jpg' width='495' height='400'  title='KUC31.91 (B)' alt='' \/><\/a> <a href='https:\/\/eu.kresstools.com\/wp-content\/uploads\/2020\/08\/KUC31.91-A.jpg' data-rel='gallery-1' data-prev-img='https:\/\/eu.kresstools.com\/wp-content\/uploads\/2020\/08\/KUC31.91-A-495x400.jpg' class='lightbox ' data-onclick='3' title=''  itemprop=\"thumbnailUrl\" ><img  src='https:\/\/eu.kresstools.com\/wp-content\/uploads\/2020\/08\/KUC31.91-A-495x400.jpg' width='495' height='400'  title='KUC31.91 (A)' alt='' \/><\/a> <a href='https:\/\/eu.kresstools.com\/wp-content\/uploads\/2020\/08\/KUC31.91-2.jpg' data-rel='gallery-1' data-prev-img='https:\/\/eu.kresstools.com\/wp-content\/uploads\/2020\/08\/KUC31.91-2-495x400.jpg' class='lightbox ' data-onclick='4' title=''  itemprop=\"thumbnailUrl\" ><img  src='https:\/\/eu.kresstools.com\/wp-content\/uploads\/2020\/08\/KUC31.91-2-495x400.jpg' width='495' height='400'  title='KUC31.91 (2)' alt='' \/><\/a> <a href='https:\/\/eu.kresstools.com\/wp-content\/uploads\/2020\/08\/KUC31.91-1.jpg' data-rel='gallery-1' data-prev-img='https:\/\/eu.kresstools.com\/wp-content\/uploads\/2020\/08\/KUC31.91-1-495x400.jpg' class='lightbox ' data-onclick='5' title=''  itemprop=\"thumbnailUrl\" ><img  src='https:\/\/eu.kresstools.com\/wp-content\/uploads\/2020\/08\/KUC31.91-1-495x400.jpg' width='495' height='400'  title='KUC31.91 (1)' alt='' \/><\/a><\/div><\/div><\/div><div class=\"flex_column av_one_half  flex_column_div av-zero-column-padding   avia-builder-el-3  el_after_av_one_half  avia-builder-el-last  \" style='border-radius:0px; '><p><div  style='padding-bottom:10px; font-size:34px;' class='av-special-heading av-special-heading-h3  blockquote modern-quote  avia-builder-el-4  el_before_av_hr  avia-builder-el-first  av-inherit-size '><h3 class='av-special-heading-tag '  itemprop=\"headline\"  >Kress 20V Max Brushless sans fil 70Nm 2 vitesses 13mm Hammer Drill Skin KUC31.91<\/h3><div class ='av-subheading av-subheading_below  ' style='font-size:15px;'><p>KUC31 offre des performances sup\u00e9rieures dans des conditions de travail difficiles avec un couple maximal de 70 Nm.<\/p>\n<\/div><div class='special-heading-border'><div class='special-heading-inner-border' ><\/div><\/div><\/div><br \/>\n<div  style='height:10px' class='hr hr-invisible   avia-builder-el-5  el_after_av_heading  el_before_av_textblock '><span class='hr-inner ' ><span class='hr-inner-style'><\/span><\/span><\/div><br \/>\n<section class=\"av_textblock_section \"  itemscope=\"itemscope\" itemtype=\"https:\/\/schema.org\/CreativeWork\" ><div class='avia_textblock  '   itemprop=\"text\" ><p>Con\u00e7ue avec la technologie sans balais innovante offrant une taille plus compacte, une dur\u00e9e de vie du moteur jusqu&rsquo;\u00e0 10 fois plus longue et 50% d&rsquo;autonomie en plus, et le syst\u00e8me d&rsquo;enclume et de marteau construit par Kress, la perceuse \u00e0 percussion KRESS KUC31.2 20V 70Nm 13mm est con\u00e7ue pour produire une haute efficacit\u00e9 et une pr\u00e9cision accrue pour les conditions de per\u00e7age difficiles. Il est \u00e9quip\u00e9 d&rsquo;un mandrin m\u00e9tallique robuste de 13 mm, d&rsquo;un r\u00e9glage variable \u00e0 2 vitesses, d&rsquo;un couple maximal de 70 Nm, de 22+1 positions d&#8217;embrayage et d&rsquo;une puissante vitesse de percussion maximale de 32 000 bpm. De conception compacte, la KUC31.2 est id\u00e9ale pour acc\u00e9der aux coins les plus \u00e9troits, avec un \u00e9clairage LED pour les zones peu \u00e9clair\u00e9es. Convient au per\u00e7age du bois, du m\u00e9tal, des plastiques et \u00e0 d&rsquo;autres t\u00e2ches d&rsquo;enfoncement, avec un design ergonomique offrant un meilleur contr\u00f4le. Emball\u00e9 dans une mallette robuste et empilable pour un transport et un stockage faciles.<\/p>\n<\/div><\/section><br \/>\n<section class=\"av_textblock_section \"  itemscope=\"itemscope\" itemtype=\"https:\/\/schema.org\/CreativeWork\" ><div class='avia_textblock  '   itemprop=\"text\" ><p>* Technologie de moteur sans balais offrant une taille plus compacte, une dur\u00e9e de vie du moteur jusqu&rsquo;\u00e0 10 fois plus longue et une autonomie accrue de 50 %.<br \/>\n* Couple maximal de 70 Nm \u00e0 32 000 impacts par minute et 2 000 tr\/min.<br \/>\n* Verrouillage automatique de la broche pour faciliter le changement d&#8217;embout<br \/>\n* Mandrin m\u00e9tallique robuste de 13 mm offrant une meilleure prise pour les embouts et des performances plus puissantes.<br \/>\n* Contr\u00f4le variable de l&rsquo;engrenage \u00e0 2 vitesses pour de multiples sc\u00e9narios d&rsquo;application<br \/>\n* LED avec fonction de pr\u00e9-\u00e9clairage pour les zones de travail sombres ou mal \u00e9clair\u00e9es<br \/>\n* Un crochet de ceinture pratique vous permet de lib\u00e9rer vos mains lorsque vous effectuez plusieurs t\u00e2ches, et un clip d&#8217;embout pratique permet de ranger un embout suppl\u00e9mentaire pendant le travail.<br \/>\n* Tous les produits Kress 20V sont compatibles avec toutes les batteries KROSSPACK\u00ae 20V Max.<br \/>\n* Mallette empilable M<\/p>\n<\/div><\/section><\/p><\/div><\/div><\/div><\/main><!-- close content main element --><\/div><\/div><div id='after_section_1'  class='main_color av_default_container_wrap container_wrap fullsize' style=' '  ><div class='container' ><div class='template-page content  av-content-full alpha units'><div class='post-entry post-entry-type-page post-entry-8003'><div class='entry-content-wrapper clearfix'><div  class='avia-table main_color avia-pricing-table-container  avia_pricing_default   avia-builder-el-8  el_after_av_section  avia-builder-el-no-sibling  avia-table-1'  itemscope=\"itemscope\" itemtype=\"https:\/\/schema.org\/Table\" ><div class='pricing-table-wrap'><ul class='pricing-table '><li class=''><div class='first-table-item'>Tension nominale<\/div><span class='pricing-extra'><\/span><\/li><li class=''>Type de moteur<\/li><li class=''>No. R\u00e9glage du couple<\/li><li class=''>Capacit\u00e9 du mandrin<\/li><li class=''>Type de mandrin<\/li><li class=''>Vitesse \u00e0 vide<\/li><li class=''>Couple maximum<\/li><li class=''>en b\u00e9ton<\/li><li class=''>en acier<\/li><li class=''>en bois<\/li><li class=''>Taux d&rsquo;impact<\/li><li class=''>Longueur du produit<\/li><li class=''>Largeur du produit<\/li><li class=''>Hauteur du produit<\/li><li class=''>Poids sans batterie<\/li><li class=''>Type de batterie<\/li><li class=''>Temps de charge<\/li><li class=''>Indicateur de puissance<\/li><li class=''>Nombre de piles par paquet<\/li><li class=''>Paquet<\/li><li class=''>Dans la bo\u00eete<\/li><\/ul><\/div><div class='pricing-table-wrap'><ul class='pricing-table '><li class=''><div class='first-table-item'>20V Max<\/div><span class='pricing-extra'><\/span><\/li><li class=''>Sans balais<\/li><li class=''>22+1+1<\/li><li class=''>13 mm<\/li><li class=''>Sans cl\u00e9<\/li><li class=''>0-600 \/ 2000 rpm<\/li><li class=''>70 Nm<\/li><li class=''>13 mm<\/li><li class=''>13 mm<\/li><li class=''>40 mm<\/li><li class=''>0 &#8211; 9000 \/ 32000\u00a0bpm<\/li><li class=''>254 mm<\/li><li class=''>194 mm<\/li><li class=''>101 mm<\/li><li class=''>1.4 kg<\/li><li class=''>\/<\/li><li class=''>\/<\/li><li class=''>\/<\/li><li class=''>\/<\/li><li class=''>Mallette empilable<\/li><li class=''>1x embout double<br \/>\n1x crochet de ceinture<br \/>\n1x clip pour embout<br \/>\n1x \u00e9tui d&#8217;empilage<\/li><\/ul><\/div><\/div><\/p>\n","protected":false},"excerpt":{"rendered":"","protected":false},"featured_media":0,"template":"","meta":[],"product_cat":[583,582],"product_tag":[],"_links":{"self":[{"href":"https:\/\/eu.kresstools.com\/fr\/wp-json\/wp\/v2\/product\/8003"}],"collection":[{"href":"https:\/\/eu.kresstools.com\/fr\/wp-json\/wp\/v2\/product"}],"about":[{"href":"https:\/\/eu.kresstools.com\/fr\/wp-json\/wp\/v2\/types\/product"}],"wp:attachment":[{"href":"https:\/\/eu.kresstools.com\/fr\/wp-json\/wp\/v2\/media?parent=8003"}],"wp:term":[{"taxonomy":"product_cat","embeddable":true,"href":"https:\/\/eu.kresstools.com\/fr\/wp-json\/wp\/v2\/product_cat?post=8003"},{"taxonomy":"product_tag","embeddable":true,"href":"https:\/\/eu.kresstools.com\/fr\/wp-json\/wp\/v2\/product_tag?post=8003"}],"curies":[{"name":"wp","href":"https:\/\/api.w.org\/{rel}","templated":true}]}}