{"id":7996,"date":"2024-03-06T10:19:48","date_gmt":"2024-03-06T09:19:48","guid":{"rendered":"https:\/\/eu.kresstools.com\/?post_type=product&#038;p=7996"},"modified":"2024-06-27T04:58:01","modified_gmt":"2024-06-27T02:58:01","slug":"kub30-91_20v-bl-li-impact-wrench","status":"publish","type":"product","link":"https:\/\/eu.kresstools.com\/fr\/produkt\/kub30-91_20v-bl-li-impact-wrench\/","title":{"rendered":"KUB30.91_20V BL Li Impact Wrench"},"content":{"rendered":"<div id='av_section_1'  class='avia-section main_color avia-section-default avia-no-border-styling  avia-bg-style-scroll  avia-builder-el-0  avia-builder-el-no-sibling   container_wrap fullsize' style=' '  ><div class='container' ><main  role=\"main\" itemprop=\"mainContentOfPage\"  class='template-page content  av-content-full alpha units'><div class='post-entry post-entry-type-page post-entry-7996'><div class='entry-content-wrapper clearfix'>\n<div class=\"flex_column av_one_half  flex_column_div av-zero-column-padding first  avia-builder-el-1  el_before_av_one_half  avia-builder-el-first  \" style='border-radius:0px; '><div  class='avia-gallery  avia-gallery-1 avia_lazyload avia-gallery-animate avia_animate_when_visible  avia-builder-el-2  avia-builder-el-no-sibling '  itemprop=\"image\" itemscope=\"itemscope\" itemtype=\"https:\/\/schema.org\/ImageObject\" ><a class='avia-gallery-big fakeLightbox lightbox avia-gallery-big-crop-thumb ' href='https:\/\/eu.kresstools.com\/wp-content\/uploads\/2024\/03\/KUB30.9_1-3-1030x1030.png'  data-onclick='1' title='' ><span class='avia-gallery-big-inner'  itemprop=\"thumbnailUrl\" >\t<img width='495' height='400' src='https:\/\/eu.kresstools.com\/wp-content\/uploads\/2024\/03\/KUB30.9_1-3-495x400.png' title='KUB30.9_1' alt='' \/><\/span><\/a><div class='avia-gallery-thumb'> <a href='https:\/\/eu.kresstools.com\/wp-content\/uploads\/2024\/03\/KUB30.9_1-3-1030x1030.png' data-rel='gallery-1' data-prev-img='https:\/\/eu.kresstools.com\/wp-content\/uploads\/2024\/03\/KUB30.9_1-3-495x400.png' class='first_thumb lightbox ' data-onclick='1' title=''  itemprop=\"thumbnailUrl\" ><img  src='https:\/\/eu.kresstools.com\/wp-content\/uploads\/2024\/03\/KUB30.9_1-3-495x400.png' width='495' height='400'  title='KUB30.9_1' alt='' \/><\/a> <a href='https:\/\/eu.kresstools.com\/wp-content\/uploads\/2024\/03\/KUB30_4-1-1030x1030.png' data-rel='gallery-1' data-prev-img='https:\/\/eu.kresstools.com\/wp-content\/uploads\/2024\/03\/KUB30_4-1-495x400.png' class='lightbox ' data-onclick='2' title=''  itemprop=\"thumbnailUrl\" ><img  src='https:\/\/eu.kresstools.com\/wp-content\/uploads\/2024\/03\/KUB30_4-1-495x400.png' width='495' height='400'  title='KUB30_4' alt='' \/><\/a> <a href='https:\/\/eu.kresstools.com\/wp-content\/uploads\/2024\/03\/KUB30.9_4-1-1030x1030.png' data-rel='gallery-1' data-prev-img='https:\/\/eu.kresstools.com\/wp-content\/uploads\/2024\/03\/KUB30.9_4-1-495x400.png' class='lightbox ' data-onclick='3' title=''  itemprop=\"thumbnailUrl\" ><img  src='https:\/\/eu.kresstools.com\/wp-content\/uploads\/2024\/03\/KUB30.9_4-1-495x400.png' width='495' height='400'  title='KUB30.9_4' alt='' \/><\/a> <a href='https:\/\/eu.kresstools.com\/wp-content\/uploads\/2024\/03\/KUB30.9_3-1-1030x1030.png' data-rel='gallery-1' data-prev-img='https:\/\/eu.kresstools.com\/wp-content\/uploads\/2024\/03\/KUB30.9_3-1-495x400.png' class='lightbox ' data-onclick='4' title=''  itemprop=\"thumbnailUrl\" ><img  src='https:\/\/eu.kresstools.com\/wp-content\/uploads\/2024\/03\/KUB30.9_3-1-495x400.png' width='495' height='400'  title='KUB30.9_3' alt='' \/><\/a> <a href='https:\/\/eu.kresstools.com\/wp-content\/uploads\/2024\/03\/KUB30.91_family-1030x1030.png' data-rel='gallery-1' data-prev-img='https:\/\/eu.kresstools.com\/wp-content\/uploads\/2024\/03\/KUB30.91_family-495x400.png' class='lightbox ' data-onclick='5' title=''  itemprop=\"thumbnailUrl\" ><img  src='https:\/\/eu.kresstools.com\/wp-content\/uploads\/2024\/03\/KUB30.91_family-495x400.png' width='495' height='400'  title='KUB30.91_family' alt='' \/><\/a><\/div><\/div><\/div><div class=\"flex_column av_one_half  flex_column_div av-zero-column-padding   avia-builder-el-3  el_after_av_one_half  avia-builder-el-last  \" style='border-radius:0px; '><p><div  style='padding-bottom:10px; font-size:34px;' class='av-special-heading av-special-heading-h3  blockquote modern-quote  avia-builder-el-4  el_before_av_hr  avia-builder-el-first  av-inherit-size '><h3 class='av-special-heading-tag '  itemprop=\"headline\"  >Cl\u00e9 \u00e0 chocs KUB30.2 20V BL Li<\/h3><div class ='av-subheading av-subheading_below  ' style='font-size:15px;'><p>La cl\u00e9 \u00e0 chocs KUB30 \u00bd est dot\u00e9e d&rsquo;un moteur sans balais. Elle offre un couple de 330 Nm pour casser les \u00e9crous, avec 3 modes de s\u00e9lection (2 vitesses + arr\u00eat automatique). L&rsquo;alimentation intelligente emp\u00eache la surcharge de la batterie, la surchauffe et la d\u00e9charge excessive, garantissant des performances maximales et prot\u00e9geant la cl\u00e9.<\/p>\n<\/div><div class='special-heading-border'><div class='special-heading-inner-border' ><\/div><\/div><\/div><br \/>\n<div  style='height:10px' class='hr hr-invisible   avia-builder-el-5  el_after_av_heading  el_before_av_textblock '><span class='hr-inner ' ><span class='hr-inner-style'><\/span><\/span><\/div><br \/>\n<section class=\"av_textblock_section \"  itemscope=\"itemscope\" itemtype=\"https:\/\/schema.org\/CreativeWork\" ><div class='avia_textblock  '   itemprop=\"text\" ><p>* Moteur sans balais : plus grande autonomie, plus grande puissance et plus grande dur\u00e9e de vie du moteur<br \/>\n* Couple maximal de 300 Nm \u00e0 3 200 impacts par minute<br \/>\n* 2 r\u00e9glages de vitesse avec arr\u00eat automatique pour une puissance adapt\u00e9e au travail \u00e0 effectuer<br \/>\n* L&rsquo;arr\u00eat automatique arr\u00eate la rotation apr\u00e8s le desserrage des boulons.<br \/>\n* Poign\u00e9e souple caoutchout\u00e9e pour un meilleur confort d&rsquo;utilisation<br \/>\n* L&rsquo;\u00e9clairage LED est id\u00e9al pour les zones de travail sombres ou mal \u00e9clair\u00e9es.<br \/>\n* Tous les produits KRESS 20V sont compatibles avec les batteries KROSSPACK\u00ae 20V Max.<br \/>\n*Mallette d&#8217;empilage M<\/p>\n<\/div><\/section><br \/>\n<section class=\"av_textblock_section \"  itemscope=\"itemscope\" itemtype=\"https:\/\/schema.org\/CreativeWork\" ><div class='avia_textblock  '   itemprop=\"text\" ><p>* Technologie de moteur sans balais offrant une taille plus compacte, une dur\u00e9e de vie du moteur jusqu&rsquo;\u00e0 10 fois plus longue et une autonomie accrue de 50 %.<br \/>\n* Elle offre un couple maximal de 330 Nm \u00e0 3 200 impacts par minute.<br \/>\n* 3 modes de s\u00e9lection (2 vitesses + arr\u00eat automatique) offrant la puissance n\u00e9cessaire pour le travail et les applications multiples.<br \/>\n* La fonction d&rsquo;arr\u00eat automatique arr\u00eate la rotation apr\u00e8s le desserrage des boulons, ce qui permet de r\u00e9duire le temps de travail et d&rsquo;\u00e9conomiser de l&rsquo;\u00e9nergie.<br \/>\n* Poign\u00e9e souple caoutchout\u00e9e pour un meilleur confort de travail<br \/>\n* L&rsquo;\u00e9clairage LED permet une utilisation id\u00e9ale dans les zones de travail sombres ou mal \u00e9clair\u00e9es.<br \/>\n* La sangle de transport pratique permet de s\u00e9curiser et de transporter l&rsquo;outil.<br \/>\n* Tous les produits KRESS 20V sont compatibles avec toutes les batteries KROSSPACK\u00ae 20V Max.<br \/>\n*Mallette d&#8217;empilage M<\/p>\n<\/div><\/section><\/p><\/div>\n","protected":false},"excerpt":{"rendered":"","protected":false},"featured_media":8089,"template":"","meta":[],"product_cat":[591,582],"product_tag":[],"_links":{"self":[{"href":"https:\/\/eu.kresstools.com\/fr\/wp-json\/wp\/v2\/product\/7996"}],"collection":[{"href":"https:\/\/eu.kresstools.com\/fr\/wp-json\/wp\/v2\/product"}],"about":[{"href":"https:\/\/eu.kresstools.com\/fr\/wp-json\/wp\/v2\/types\/product"}],"wp:featuredmedia":[{"embeddable":true,"href":"https:\/\/eu.kresstools.com\/fr\/wp-json\/wp\/v2\/media\/8089"}],"wp:attachment":[{"href":"https:\/\/eu.kresstools.com\/fr\/wp-json\/wp\/v2\/media?parent=7996"}],"wp:term":[{"taxonomy":"product_cat","embeddable":true,"href":"https:\/\/eu.kresstools.com\/fr\/wp-json\/wp\/v2\/product_cat?post=7996"},{"taxonomy":"product_tag","embeddable":true,"href":"https:\/\/eu.kresstools.com\/fr\/wp-json\/wp\/v2\/product_tag?post=7996"}],"curies":[{"name":"wp","href":"https:\/\/api.w.org\/{rel}","templated":true}]}}