{"id":7988,"date":"2024-03-06T10:03:48","date_gmt":"2024-03-06T09:03:48","guid":{"rendered":"https:\/\/eu.kresstools.com\/?post_type=product&#038;p=7988"},"modified":"2024-03-25T23:56:44","modified_gmt":"2024-03-25T22:56:44","slug":"kua72-1_20v-bl-drill-driver","status":"publish","type":"product","link":"https:\/\/eu.kresstools.com\/fr\/produkt\/kua72-1_20v-bl-drill-driver\/","title":{"rendered":"KUA72.1 Perceuse-visseuse 20V BL"},"content":{"rendered":"<div id='av_section_1'  class='avia-section main_color avia-section-default avia-no-border-styling  avia-bg-style-scroll  avia-builder-el-0  el_before_av_table  avia-builder-el-first   container_wrap fullsize' style=' '  ><div class='container' ><main  role=\"main\" itemprop=\"mainContentOfPage\"  class='template-page content  av-content-full alpha units'><div class='post-entry post-entry-type-page post-entry-7988'><div class='entry-content-wrapper clearfix'>\n<div class=\"flex_column av_one_half  flex_column_div av-zero-column-padding first  avia-builder-el-1  el_before_av_one_half  avia-builder-el-first  \" style='border-radius:0px; '><div  class='avia-gallery  avia-gallery-1 avia_lazyload avia-gallery-animate avia_animate_when_visible  avia-builder-el-2  avia-builder-el-no-sibling '  itemprop=\"image\" itemscope=\"itemscope\" itemtype=\"https:\/\/schema.org\/ImageObject\" ><a class='avia-gallery-big fakeLightbox lightbox avia-gallery-big-crop-thumb ' href='https:\/\/eu.kresstools.com\/wp-content\/uploads\/2024\/03\/KUA72.1_Detail3-1030x1030.png'  data-onclick='1' title='' ><span class='avia-gallery-big-inner'  itemprop=\"thumbnailUrl\" >\t<img width='495' height='400' src='https:\/\/eu.kresstools.com\/wp-content\/uploads\/2024\/03\/KUA72.1_Detail3-495x400.png' title='KUA72.1_Detail3' alt='' \/><\/span><\/a><div class='avia-gallery-thumb'> <a href='https:\/\/eu.kresstools.com\/wp-content\/uploads\/2024\/03\/KUA72.1_Detail3-1030x1030.png' data-rel='gallery-1' data-prev-img='https:\/\/eu.kresstools.com\/wp-content\/uploads\/2024\/03\/KUA72.1_Detail3-495x400.png' class='first_thumb lightbox ' data-onclick='1' title=''  itemprop=\"thumbnailUrl\" ><img  src='https:\/\/eu.kresstools.com\/wp-content\/uploads\/2024\/03\/KUA72.1_Detail3-495x400.png' width='495' height='400'  title='KUA72.1_Detail3' alt='' \/><\/a> <a href='https:\/\/eu.kresstools.com\/wp-content\/uploads\/2021\/07\/kua72.1photo_princ_1-1-1.jpg' data-rel='gallery-1' data-prev-img='https:\/\/eu.kresstools.com\/wp-content\/uploads\/2021\/07\/kua72.1photo_princ_1-1-1-495x400.jpg' class='lightbox ' data-onclick='2' title=''  itemprop=\"thumbnailUrl\" ><img  src='https:\/\/eu.kresstools.com\/wp-content\/uploads\/2021\/07\/kua72.1photo_princ_1-1-1-495x400.jpg' width='495' height='400'  title='kua72.1photo_princ_1 (1)' alt='' \/><\/a><\/div><\/div><\/div><div class=\"flex_column av_one_half  flex_column_div av-zero-column-padding   avia-builder-el-3  el_after_av_one_half  avia-builder-el-last  \" style='border-radius:0px; '><p><div  style='padding-bottom:10px; font-size:34px;' class='av-special-heading av-special-heading-h3  blockquote modern-quote  avia-builder-el-4  el_before_av_hr  avia-builder-el-first  av-inherit-size '><h3 class='av-special-heading-tag '  itemprop=\"headline\"  >KUA72.1 Perceuse-visseuse 20V BL<\/h3><div class ='av-subheading av-subheading_below  ' style='font-size:15px;'><p>KUA72 offre des performances sup\u00e9rieures dans des conditions de travail difficiles avec un couple maximal de 65 Nm.<\/p>\n<\/div><div class='special-heading-border'><div class='special-heading-inner-border' ><\/div><\/div><\/div><br \/>\n<div  style='height:10px' class='hr hr-invisible   avia-builder-el-5  el_after_av_heading  el_before_av_textblock '><span class='hr-inner ' ><span class='hr-inner-style'><\/span><\/span><\/div><br \/>\n<section class=\"av_textblock_section \"  itemscope=\"itemscope\" itemtype=\"https:\/\/schema.org\/CreativeWork\" ><div class='avia_textblock  '   itemprop=\"text\" ><p>Con\u00e7ue avec une technologie sans balais innovante offrant une taille plus compacte, une dur\u00e9e de vie du moteur jusqu&rsquo;\u00e0 10 fois plus longue et une autonomie accrue de 50 %, la perceuse-visseuse Kress KUA72 20V 65Nm 13mm est con\u00e7ue pour produire une efficacit\u00e9 et une pr\u00e9cision accrues. Elle est \u00e9quip\u00e9e d&rsquo;un mandrin m\u00e9tallique robuste de 13 mm, d&rsquo;un r\u00e9glage variable \u00e0 2 vitesses et d&rsquo;un couple maximal de 65 Nm. Avec un design compact, la KUA72 est id\u00e9ale pour acc\u00e9der aux coins \u00e9troits, avec un \u00e9clairage LED pour les zones peu \u00e9clair\u00e9es. Elle convient au per\u00e7age du bois, du m\u00e9tal, du plastique et \u00e0 d&rsquo;autres t\u00e2ches de vissage. Sa conception ergonomique offre un meilleur contr\u00f4le. Pr\u00e9sent\u00e9e dans une mallette robuste et empilable pour un transport et un stockage faciles.<\/p>\n<\/div><\/section><br \/>\n<section class=\"av_textblock_section \"  itemscope=\"itemscope\" itemtype=\"https:\/\/schema.org\/CreativeWork\" ><div class='avia_textblock  '   itemprop=\"text\" ><p>* Technologie de moteur sans balais : taille compacte, dur\u00e9e de vie du moteur et temps de fonctionnement accrus<br \/>\n* Couple maximal de 65 Nm<br \/>\n* Verrouillage automatique de la broche pour faciliter le changement d&#8217;embout<br \/>\n* Mandrin m\u00e9tallique robuste de 13 mm pour des performances accrues<br \/>\n* Commandes variables \u00e0 2 vitesses<br \/>\n* LED avec fonction de pr\u00e9-\u00e9clairage pour les zones de travail sombres ou mal \u00e9clair\u00e9es<br \/>\n* Tous les produits KRESS 20V sont compatibles avec toutes les batteries KROSSPACK\u00ae 20V Max.<br \/>\n* Mallette d&#8217;empilage M<\/p>\n<\/div><\/section><\/p><\/div><\/div><\/div><\/main><!-- close content main element --><\/div><\/div><div id='after_section_1'  class='main_color av_default_container_wrap container_wrap fullsize' style=' '  ><div class='container' ><div class='template-page content  av-content-full alpha units'><div class='post-entry post-entry-type-page post-entry-7988'><div class='entry-content-wrapper clearfix'><div  class='avia-table main_color avia-pricing-table-container  avia_pricing_default   avia-builder-el-8  el_after_av_section  avia-builder-el-no-sibling  avia-table-1'  itemscope=\"itemscope\" itemtype=\"https:\/\/schema.org\/Table\" ><div class='pricing-table-wrap'><ul class='pricing-table '><li class=''><div class='first-table-item'>Tension nominale<\/div><span class='pricing-extra'><\/span><\/li><li class=''>Type de moteur<\/li><li class=''>No. R\u00e9glage du couple<\/li><li class=''>Capacit\u00e9 du mandrin<\/li><li class=''>Type de mandrin<\/li><li class=''>Vitesse \u00e0 vide<\/li><li class=''>Couple maximum<\/li><li class=''>en acier<\/li><li class=''>en bois<\/li><li class=''>Longueur du produit<\/li><li class=''>Largeur du produit<\/li><li class=''>Hauteur du produit<\/li><li class=''>Poids sans batterie<\/li><li class=''>Type de batterie<\/li><li class=''>Temps de charge<\/li><li class=''>Indicateur de puissance<\/li><li class=''>Nombre de piles par paquet<\/li><li class=''>Paquet<\/li><li class=''>Dans la bo\u00eete<\/li><\/ul><\/div><div class='pricing-table-wrap'><ul class='pricing-table '><li class=''><div class='first-table-item'>20V Max<\/div><span class='pricing-extra'><\/span><\/li><li class=''>Sans balais<\/li><li class=''>18+1<\/li><li class=''>13 mm<\/li><li class=''>Sans cl\u00e9<\/li><li class=''>0-600 \/ 2000 rpm<\/li><li class=''>65 Nm<\/li><li class=''>13 mm<\/li><li class=''>40 mm<\/li><li class=''>254 mm<\/li><li class=''>187 mm<\/li><li class=''>91 mm<\/li><li class=''>1.4 kg<\/li><li class=''>Li-Ion<\/li><li class=''>45min<\/li><li class=''>Yes<\/li><li class=''>2<\/li><li class=''>Mallette empilable<\/li><li class=''>2x batterie 20V 4.0Ah KAB21<br \/>\n1x chargeur 20V 6A KAC21<br \/>\n1x embout double<br \/>\n1x crochet de ceinture<br \/>\n1x clip pour embout<br \/>\n1x \u00e9tui d&#8217;empilage<\/li><\/ul><\/div><\/div><\/p>\n","protected":false},"excerpt":{"rendered":"","protected":false},"featured_media":9080,"template":"","meta":[],"product_cat":[584,582],"product_tag":[],"_links":{"self":[{"href":"https:\/\/eu.kresstools.com\/fr\/wp-json\/wp\/v2\/product\/7988"}],"collection":[{"href":"https:\/\/eu.kresstools.com\/fr\/wp-json\/wp\/v2\/product"}],"about":[{"href":"https:\/\/eu.kresstools.com\/fr\/wp-json\/wp\/v2\/types\/product"}],"wp:featuredmedia":[{"embeddable":true,"href":"https:\/\/eu.kresstools.com\/fr\/wp-json\/wp\/v2\/media\/9080"}],"wp:attachment":[{"href":"https:\/\/eu.kresstools.com\/fr\/wp-json\/wp\/v2\/media?parent=7988"}],"wp:term":[{"taxonomy":"product_cat","embeddable":true,"href":"https:\/\/eu.kresstools.com\/fr\/wp-json\/wp\/v2\/product_cat?post=7988"},{"taxonomy":"product_tag","embeddable":true,"href":"https:\/\/eu.kresstools.com\/fr\/wp-json\/wp\/v2\/product_tag?post=7988"}],"curies":[{"name":"wp","href":"https:\/\/api.w.org\/{rel}","templated":true}]}}