{"id":7982,"date":"2024-03-06T09:40:07","date_gmt":"2024-03-06T08:40:07","guid":{"rendered":"https:\/\/eu.kresstools.com\/?post_type=product&#038;p=7982"},"modified":"2024-03-24T18:50:37","modified_gmt":"2024-03-24T17:50:37","slug":"ki200_laser-range-finder","status":"publish","type":"product","link":"https:\/\/eu.kresstools.com\/fr\/produkt\/ki200_laser-range-finder\/","title":{"rendered":"T\u00e9l\u00e9m\u00e8tre laser Kress KI200"},"content":{"rendered":"<div id='av_section_1'  class='avia-section main_color avia-section-default avia-no-border-styling  avia-bg-style-scroll  avia-builder-el-0  el_before_av_table  avia-builder-el-first   container_wrap fullsize' style=' '  ><div class='container' ><main  role=\"main\" itemprop=\"mainContentOfPage\"  class='template-page content  av-content-full alpha units'><div class='post-entry post-entry-type-page post-entry-7982'><div class='entry-content-wrapper clearfix'>\n<div class=\"flex_column av_one_half  flex_column_div av-zero-column-padding first  avia-builder-el-1  el_before_av_one_half  avia-builder-el-first  \" style='border-radius:0px; '><div  class='avia-gallery  avia-gallery-1 avia_lazyload avia-gallery-animate avia_animate_when_visible  avia-builder-el-2  avia-builder-el-no-sibling '  itemprop=\"image\" itemscope=\"itemscope\" itemtype=\"https:\/\/schema.org\/ImageObject\" ><a class='avia-gallery-big fakeLightbox lightbox avia-gallery-big-crop-thumb ' href='https:\/\/eu.kresstools.com\/wp-content\/uploads\/2024\/03\/KI200_MAIN-1030x1030.png'  data-onclick='1' title='' ><span class='avia-gallery-big-inner'  itemprop=\"thumbnailUrl\" >\t<img width='495' height='400' src='https:\/\/eu.kresstools.com\/wp-content\/uploads\/2024\/03\/KI200_MAIN-495x400.png' title='KI200_MAIN' alt='' \/><\/span><\/a><div class='avia-gallery-thumb'> <a href='https:\/\/eu.kresstools.com\/wp-content\/uploads\/2024\/03\/KI200_MAIN-1030x1030.png' data-rel='gallery-1' data-prev-img='https:\/\/eu.kresstools.com\/wp-content\/uploads\/2024\/03\/KI200_MAIN-495x400.png' class='first_thumb lightbox ' data-onclick='1' title=''  itemprop=\"thumbnailUrl\" ><img  src='https:\/\/eu.kresstools.com\/wp-content\/uploads\/2024\/03\/KI200_MAIN-495x400.png' width='495' height='400'  title='KI200_MAIN' alt='' \/><\/a> <a href='https:\/\/eu.kresstools.com\/wp-content\/uploads\/2024\/03\/KI200_7-1030x1030.png' data-rel='gallery-1' data-prev-img='https:\/\/eu.kresstools.com\/wp-content\/uploads\/2024\/03\/KI200_7-495x400.png' class='lightbox ' data-onclick='2' title=''  itemprop=\"thumbnailUrl\" ><img  src='https:\/\/eu.kresstools.com\/wp-content\/uploads\/2024\/03\/KI200_7-495x400.png' width='495' height='400'  title='KI200_7' alt='' \/><\/a> <a href='https:\/\/eu.kresstools.com\/wp-content\/uploads\/2024\/03\/KI200_2-1030x1030.png' data-rel='gallery-1' data-prev-img='https:\/\/eu.kresstools.com\/wp-content\/uploads\/2024\/03\/KI200_2-495x400.png' class='lightbox ' data-onclick='3' title=''  itemprop=\"thumbnailUrl\" ><img  src='https:\/\/eu.kresstools.com\/wp-content\/uploads\/2024\/03\/KI200_2-495x400.png' width='495' height='400'  title='KI200_2' alt='' \/><\/a> <a href='https:\/\/eu.kresstools.com\/wp-content\/uploads\/2024\/03\/KI200_3-1030x1030.png' data-rel='gallery-1' data-prev-img='https:\/\/eu.kresstools.com\/wp-content\/uploads\/2024\/03\/KI200_3-495x400.png' class='lightbox ' data-onclick='4' title=''  itemprop=\"thumbnailUrl\" ><img  src='https:\/\/eu.kresstools.com\/wp-content\/uploads\/2024\/03\/KI200_3-495x400.png' width='495' height='400'  title='KI200_3' alt='' \/><\/a> <a href='https:\/\/eu.kresstools.com\/wp-content\/uploads\/2024\/03\/KI200_1-1030x1030.png' data-rel='gallery-1' data-prev-img='https:\/\/eu.kresstools.com\/wp-content\/uploads\/2024\/03\/KI200_1-495x400.png' class='lightbox ' data-onclick='5' title=''  itemprop=\"thumbnailUrl\" ><img  src='https:\/\/eu.kresstools.com\/wp-content\/uploads\/2024\/03\/KI200_1-495x400.png' width='495' height='400'  title='KI200_1' alt='' \/><\/a><\/div><\/div><\/div><div class=\"flex_column av_one_half  flex_column_div av-zero-column-padding   avia-builder-el-3  el_after_av_one_half  avia-builder-el-last  \" style='border-radius:0px; '><p><div  style='padding-bottom:10px; font-size:34px;' class='av-special-heading av-special-heading-h3  blockquote modern-quote  avia-builder-el-4  el_before_av_hr  avia-builder-el-first  av-inherit-size '><h3 class='av-special-heading-tag '  itemprop=\"headline\"  >T\u00e9l\u00e9m\u00e8tre laser Kress KI200<\/h3><div class ='av-subheading av-subheading_below  ' style='font-size:15px;'><p>KI200 est l&rsquo;outil de poche portable et compact id\u00e9al pour effectuer des mesures et des estimations sur site jusqu&rsquo;\u00e0 une distance de 40 m. Il produit des donn\u00e9es de mesure en 1 seconde par simple pointage et clic. Il produit des donn\u00e9es de mesure en 1 seconde par simple pointage et clic, avec un taux d&rsquo;efficacit\u00e9 \u00e9lev\u00e9 et une faible marge d&rsquo;erreur (pr\u00e9cision de mesure : \u00b11,5 mm, \u00b10,4\u00b0).<\/p>\n<\/div><div class='special-heading-border'><div class='special-heading-inner-border' ><\/div><\/div><\/div><br \/>\n<div  style='height:10px' class='hr hr-invisible   avia-builder-el-5  el_after_av_heading  el_before_av_textblock '><span class='hr-inner ' ><span class='hr-inner-style'><\/span><\/span><\/div><br \/>\n<section class=\"av_textblock_section \"  itemscope=\"itemscope\" itemtype=\"https:\/\/schema.org\/CreativeWork\" ><div class='avia_textblock  '   itemprop=\"text\" ><p>Le t\u00e9l\u00e9m\u00e8tre laser KRESS KI200 40m est l&rsquo;outil de poche portable et compact id\u00e9al pour mesurer et estimer sur site jusqu&rsquo;\u00e0 une distance de 40 m. Il produit des donn\u00e9es de mesure en 1 seconde par simple pointage et clic, avec un taux d&rsquo;efficacit\u00e9 \u00e9lev\u00e9 et une faible marge d&rsquo;erreur. Il produit des donn\u00e9es de mesure en 1 seconde par simple pointage et clic, avec un taux d&rsquo;efficacit\u00e9 \u00e9lev\u00e9 et une faible marge d&rsquo;erreur (pr\u00e9cision de mesure : \u00b11,5 mm, \u00b10,4\u00b0). Gr\u00e2ce \u00e0 sa protection IP54, il peut \u00eatre utilis\u00e9 sans probl\u00e8me dans des conditions humides et pluvieuses. Sa conception anti-chute et sa poign\u00e9e en caoutchouc souple lui permettent de r\u00e9sister aux conditions du chantier. Les boutons d&rsquo;ajout de mesures sur le c\u00f4t\u00e9 ajoutent \u00e0 sa polyvalence.<br \/>\nComprend une pochette de transport et 2 piles<\/p>\n<\/div><\/section><br \/>\n<section class=\"av_textblock_section \"  itemscope=\"itemscope\" itemtype=\"https:\/\/schema.org\/CreativeWork\" ><div class='avia_textblock  '   itemprop=\"text\" ><p>* Mesure de la distance \u00e0 40 m avec une grande pr\u00e9cision \u00b11,5 mm, \u00b10,4\u00b0.<br \/>\n* IP54 et conception anti-chute permettant l&rsquo;utilisation de l&rsquo;outil sur un site de travail plus difficile<br \/>\n* Produit des donn\u00e9es de mesure en 1 seconde<br \/>\n* Boutons avant et lat\u00e9raux pour une plus grande polyvalence<br \/>\n* Extinction automatique du laser en 30 secondes<br \/>\n* La capacit\u00e9 de m\u00e9moire de 20 jeux permet de r\u00e9pondre aux demandes complexes des chantiers.<br \/>\n* La temp\u00e9rature de fonctionnement varie de 0\u00b0C \u00e0 40\u00b0C, la temp\u00e9rature de stockage varie de -10\u00b0C \u00e0 60\u00b0C.<br \/>\n* Filetage de tr\u00e9pied de 1\/4 de pouce pour diff\u00e9rentes applications<\/p>\n<\/div><\/section><\/p><\/div><\/div><\/div><\/main><!-- close content main element --><\/div><\/div><div id='after_section_1'  class='main_color av_default_container_wrap container_wrap fullsize' style=' '  ><div class='container' ><div class='template-page content  av-content-full alpha units'><div class='post-entry post-entry-type-page post-entry-7982'><div class='entry-content-wrapper clearfix'><div  class='avia-table main_color avia-pricing-table-container  avia_pricing_default   avia-builder-el-8  el_after_av_section  avia-builder-el-no-sibling  avia-table-1'  itemscope=\"itemscope\" itemtype=\"https:\/\/schema.org\/Table\" ><div class='pricing-table-wrap'><ul class='pricing-table '><li class=''><div class='first-table-item'>Type de laser<\/div><span class='pricing-extra'><\/span><\/li><li class=''>Classe laser<\/li><li class=''>Plage de mesure<\/li><li class=''>Pr\u00e9cision de la mesure<\/li><li class=''>Unit\u00e9 de mesure<\/li><li class=''>Temps de mesure, typique<\/li><li class=''>Temps de mesure, max.<\/li><li class=''>D\u00e9sactivation automatique<\/li><li class=''>Temp\u00e9rature de fonctionnement<\/li><li class=''>Temp\u00e9rature de stockage<\/li><li class=''>Capacit\u00e9 de m\u00e9moire (valeurs)<\/li><li class=''>Filet de tr\u00e9pied<\/li><li class=''>Protection contre la poussi\u00e8re et les \u00e9claboussures<\/li><li class=''>Longueur du produit<\/li><li class=''>Largeur du produit<\/li><li class=''>Hauteur du produit<\/li><li class=''>Poids<\/li><li class=''>Type de batterie<\/li><li class=''>Dur\u00e9e de vie de la batterie<\/li><li class=''>Nombre de piles par paquet<\/li><li class=''>Emballage<\/li><li class=''>Dans la bo\u00eete<\/li><\/ul><\/div><div class='pricing-table-wrap'><ul class='pricing-table '><li class=''><div class='first-table-item'>630-670nm, &lt;1mW<\/div><span class='pricing-extra'><\/span><\/li><li class=''>Class 2<\/li><li class=''>0.2~40m<\/li><li class=''>\u00b11.5 mm, \u00b10.4\u00b0<\/li><li class=''>M \/ ft \/ in \/ ft+in<\/li><li class=''>1 s<\/li><li class=''>30 s<\/li><li class=''>3 min<\/li><li class=''>0C\u00b0-40C\u00b0<\/li><li class=''>-10C\u00b0-60C\u00b0<\/li><li class=''>20<\/li><li class=''>1\/4&Prime;<\/li><li class=''>IP 54<\/li><li class=''>120 mm<\/li><li class=''>48 mm<\/li><li class=''>27 mm<\/li><li class=''>0.12 kg<\/li><li class=''>2 x 1.5 V (AAA)<\/li><li class=''>Jusqu&rsquo;\u00e0 5000 mesures individuelles<\/li><li class=''>2<\/li><li class=''>Bo\u00eete de couleur<\/li><li class=''>2x piles 1,5V (AAA)<br \/>\n1x pochette de transport<\/li><\/ul><\/div><\/div><\/p>\n","protected":false},"excerpt":{"rendered":"","protected":false},"featured_media":8996,"template":"","meta":[],"product_cat":[591,582],"product_tag":[],"_links":{"self":[{"href":"https:\/\/eu.kresstools.com\/fr\/wp-json\/wp\/v2\/product\/7982"}],"collection":[{"href":"https:\/\/eu.kresstools.com\/fr\/wp-json\/wp\/v2\/product"}],"about":[{"href":"https:\/\/eu.kresstools.com\/fr\/wp-json\/wp\/v2\/types\/product"}],"wp:featuredmedia":[{"embeddable":true,"href":"https:\/\/eu.kresstools.com\/fr\/wp-json\/wp\/v2\/media\/8996"}],"wp:attachment":[{"href":"https:\/\/eu.kresstools.com\/fr\/wp-json\/wp\/v2\/media?parent=7982"}],"wp:term":[{"taxonomy":"product_cat","embeddable":true,"href":"https:\/\/eu.kresstools.com\/fr\/wp-json\/wp\/v2\/product_cat?post=7982"},{"taxonomy":"product_tag","embeddable":true,"href":"https:\/\/eu.kresstools.com\/fr\/wp-json\/wp\/v2\/product_tag?post=7982"}],"curies":[{"name":"wp","href":"https:\/\/api.w.org\/{rel}","templated":true}]}}