{"id":7898,"date":"2024-03-06T08:45:20","date_gmt":"2024-03-06T07:45:20","guid":{"rendered":"https:\/\/eu.kresstools.com\/?post_type=product&#038;p=7898"},"modified":"2024-03-28T00:34:23","modified_gmt":"2024-03-27T23:34:23","slug":"kress-20v-max-6a-rapid-charger-kac21","status":"publish","type":"product","link":"https:\/\/eu.kresstools.com\/fr\/produkt\/kress-20v-max-6a-rapid-charger-kac21\/","title":{"rendered":"Chargeur rapide KRESS 20V Max 6A KAC21"},"content":{"rendered":"<div id='av_section_1'  class='avia-section main_color avia-section-default avia-no-border-styling  avia-bg-style-scroll  avia-builder-el-0  el_before_av_table  avia-builder-el-first   container_wrap fullsize' style=' '  ><div class='container' ><main  role=\"main\" itemprop=\"mainContentOfPage\"  class='template-page content  av-content-full alpha units'><div class='post-entry post-entry-type-page post-entry-7898'><div class='entry-content-wrapper clearfix'>\n<div class=\"flex_column av_one_half  flex_column_div av-zero-column-padding first  avia-builder-el-1  el_before_av_one_half  avia-builder-el-first  \" style='border-radius:0px; '><div  class='avia-gallery  avia-gallery-1 avia_lazyload avia-gallery-animate avia_animate_when_visible  avia-builder-el-2  avia-builder-el-no-sibling '  itemprop=\"image\" itemscope=\"itemscope\" itemtype=\"https:\/\/schema.org\/ImageObject\" ><a class='avia-gallery-big fakeLightbox lightbox avia-gallery-big-crop-thumb ' href='https:\/\/eu.kresstools.com\/wp-content\/uploads\/2024\/03\/Cargador-Rapido-KRESS-20V-Max-6A-KAC21-1030x1030.jpg'  data-onclick='1' title='' ><span class='avia-gallery-big-inner'  itemprop=\"thumbnailUrl\" >\t<img width='495' height='400' src='https:\/\/eu.kresstools.com\/wp-content\/uploads\/2024\/03\/Cargador-Rapido-KRESS-20V-Max-6A-KAC21-495x400.jpg' title='Cargador R\u00e1pido KRESS 20V Max 6A KAC21' alt='' \/><\/span><\/a><div class='avia-gallery-thumb'> <a href='https:\/\/eu.kresstools.com\/wp-content\/uploads\/2024\/03\/Cargador-Rapido-KRESS-20V-Max-6A-KAC21-1030x1030.jpg' data-rel='gallery-1' data-prev-img='https:\/\/eu.kresstools.com\/wp-content\/uploads\/2024\/03\/Cargador-Rapido-KRESS-20V-Max-6A-KAC21-495x400.jpg' class='first_thumb lightbox ' data-onclick='1' title=''  itemprop=\"thumbnailUrl\" ><img  src='https:\/\/eu.kresstools.com\/wp-content\/uploads\/2024\/03\/Cargador-Rapido-KRESS-20V-Max-6A-KAC21-495x400.jpg' width='495' height='400'  title='Cargador R\u00e1pido KRESS 20V Max 6A KAC21' alt='' \/><\/a><\/div><\/div><\/div><div class=\"flex_column av_one_half  flex_column_div av-zero-column-padding   avia-builder-el-3  el_after_av_one_half  avia-builder-el-last  \" style='border-radius:0px; '><p><div  style='padding-bottom:10px; font-size:34px;' class='av-special-heading av-special-heading-h3  blockquote modern-quote  avia-builder-el-4  el_before_av_hr  avia-builder-el-first  av-inherit-size '><h3 class='av-special-heading-tag '  itemprop=\"headline\"  >Chargeur rapide KRESS 20V Max 6A KAC21<\/h3><div class ='av-subheading av-subheading_below  ' style='font-size:15px;'><p>Le KAC21 offre une meilleure protection des batteries pendant la charge et la d\u00e9charge.<\/p>\n<\/div><div class='special-heading-border'><div class='special-heading-inner-border' ><\/div><\/div><\/div><br \/>\n<div  style='height:10px' class='hr hr-invisible   avia-builder-el-5  el_after_av_heading  el_before_av_textblock '><span class='hr-inner ' ><span class='hr-inner-style'><\/span><\/span><\/div><br \/>\n<section class=\"av_textblock_section \"  itemscope=\"itemscope\" itemtype=\"https:\/\/schema.org\/CreativeWork\" ><div class='avia_textblock  '   itemprop=\"text\" ><p>* L&rsquo;indicateur de charge de la batterie indique l&rsquo;\u00e9tat de charge : Enti\u00e8rement charg\u00e9e \/ en cours de charge \/ temp\u00e9rature anormale \/ probl\u00e8me de batterie<br \/>\n* Le syst\u00e8me de refroidissement par air permet une charge plus rapide et offre en m\u00eame temps une protection contre la surcharge.<\/p>\n<\/div><\/section><br \/>\n<section class=\"av_textblock_section \"  itemscope=\"itemscope\" itemtype=\"https:\/\/schema.org\/CreativeWork\" ><div class='avia_textblock  '   itemprop=\"text\" ><p>* Charge une batterie 20V Max KROSSPACK\u00ae Lithium-Ion 2.0Ah en seulement 22 minutes<br \/>\n* Charge une batterie 20V Max KROSSPACK\u00ae Lithium-Ion 4.0Ah en seulement 45 minutes<br \/>\n* Charge une batterie 20V Max KROSSPACK\u00ae Lithium-Ion 6.0Ah en seulement 65 minutes<br \/>\n* Charge une batterie 20V Max KROSSPACK\u00ae Lithium-Ion 8.0Ah en seulement 100 minutes<\/p>\n<\/div><\/section><\/p><\/div><\/div><\/div><\/main><!-- close content main element --><\/div><\/div><div id='after_section_1'  class='main_color av_default_container_wrap container_wrap fullsize' style=' '  ><div class='container' ><div class='template-page content  av-content-full alpha units'><div class='post-entry post-entry-type-page post-entry-7898'><div class='entry-content-wrapper clearfix'><div  class='avia-table main_color avia-pricing-table-container  avia_pricing_default   avia-builder-el-8  el_after_av_section  avia-builder-el-no-sibling  avia-table-1'  itemscope=\"itemscope\" itemtype=\"https:\/\/schema.org\/Table\" ><div class='pricing-table-wrap'><ul class='pricing-table '><li class=''><div class='first-table-item'>Tension de charge de la batterie<\/div><span class='pricing-extra'><\/span><\/li><li class=''>Courant de charge<\/li><li class=''>Batterie de 2,0 Ah environ.<\/li><li class=''>Batterie de 4,0 Ah environ.<\/li><li class=''>Batterie de 6,0 Ah environ.<\/li><li class=''>Batterie de 8,0 Ah environ.<\/li><li class=''>Longueur du produit<\/li><li class=''>Largeur du produit<\/li><li class=''>Hauteur du produit<\/li><li class=''>Poids<\/li><li class=''>Emballage<\/li><\/ul><\/div><div class='pricing-table-wrap'><ul class='pricing-table '><li class=''><div class='first-table-item'>20V Max<\/div><span class='pricing-extra'><\/span><\/li><li class=''>6 A<\/li><li class=''>22 min<\/li><li class=''>45 min<\/li><li class=''>65 min<\/li><li class=''>100 min<\/li><li class=''>189 mm<\/li><li class=''>130 mm<\/li><li class=''>78 mm<\/li><li class=''>0.7 kg<\/li><li class=''>Color box<\/li><\/ul><\/div><\/div><\/p>\n","protected":false},"excerpt":{"rendered":"","protected":false},"featured_media":9795,"template":"","meta":[],"product_cat":[591,588,582],"product_tag":[],"_links":{"self":[{"href":"https:\/\/eu.kresstools.com\/fr\/wp-json\/wp\/v2\/product\/7898"}],"collection":[{"href":"https:\/\/eu.kresstools.com\/fr\/wp-json\/wp\/v2\/product"}],"about":[{"href":"https:\/\/eu.kresstools.com\/fr\/wp-json\/wp\/v2\/types\/product"}],"wp:featuredmedia":[{"embeddable":true,"href":"https:\/\/eu.kresstools.com\/fr\/wp-json\/wp\/v2\/media\/9795"}],"wp:attachment":[{"href":"https:\/\/eu.kresstools.com\/fr\/wp-json\/wp\/v2\/media?parent=7898"}],"wp:term":[{"taxonomy":"product_cat","embeddable":true,"href":"https:\/\/eu.kresstools.com\/fr\/wp-json\/wp\/v2\/product_cat?post=7898"},{"taxonomy":"product_tag","embeddable":true,"href":"https:\/\/eu.kresstools.com\/fr\/wp-json\/wp\/v2\/product_tag?post=7898"}],"curies":[{"name":"wp","href":"https:\/\/api.w.org\/{rel}","templated":true}]}}