{"id":7886,"date":"2024-03-06T08:34:03","date_gmt":"2024-03-06T07:34:03","guid":{"rendered":"https:\/\/eu.kresstools.com\/?post_type=product&#038;p=7886"},"modified":"2024-03-24T17:30:56","modified_gmt":"2024-03-24T16:30:56","slug":"kress-20v-max-krosspack-6-0ah-lithium-ion-battery-with-indicator-kab24","status":"publish","type":"product","link":"https:\/\/eu.kresstools.com\/fr\/produkt\/kress-20v-max-krosspack-6-0ah-lithium-ion-battery-with-indicator-kab24\/","title":{"rendered":"KRESS 20V Max KROSSPACK\u00ae 6.0Ah Batterie Lithium-Ion avec indicateur KAB24"},"content":{"rendered":"<div id='av_section_1'  class='avia-section main_color avia-section-default avia-no-border-styling  avia-bg-style-scroll  avia-builder-el-0  el_before_av_table  avia-builder-el-first   container_wrap fullsize' style=' '  ><div class='container' ><main  role=\"main\" itemprop=\"mainContentOfPage\"  class='template-page content  av-content-full alpha units'><div class='post-entry post-entry-type-page post-entry-7886'><div class='entry-content-wrapper clearfix'>\n<div class=\"flex_column av_one_half  flex_column_div av-zero-column-padding first  avia-builder-el-1  el_before_av_one_half  avia-builder-el-first  \" style='border-radius:0px; '><div  class='avia-gallery  avia-gallery-1 avia_lazyload avia-gallery-animate avia_animate_when_visible  avia-builder-el-2  avia-builder-el-no-sibling '  itemprop=\"image\" itemscope=\"itemscope\" itemtype=\"https:\/\/schema.org\/ImageObject\" ><a class='avia-gallery-big fakeLightbox lightbox avia-gallery-big-crop-thumb ' href='https:\/\/eu.kresstools.com\/wp-content\/uploads\/2024\/03\/KAB24-1030x1030.jpg'  data-onclick='1' title='' ><span class='avia-gallery-big-inner'  itemprop=\"thumbnailUrl\" >\t<img width='495' height='400' src='https:\/\/eu.kresstools.com\/wp-content\/uploads\/2024\/03\/KAB24-495x400.jpg' title='KAB24' alt='' \/><\/span><\/a><div class='avia-gallery-thumb'> <a href='https:\/\/eu.kresstools.com\/wp-content\/uploads\/2024\/03\/KAB24-1030x1030.jpg' data-rel='gallery-1' data-prev-img='https:\/\/eu.kresstools.com\/wp-content\/uploads\/2024\/03\/KAB24-495x400.jpg' class='first_thumb lightbox ' data-onclick='1' title=''  itemprop=\"thumbnailUrl\" ><img  src='https:\/\/eu.kresstools.com\/wp-content\/uploads\/2024\/03\/KAB24-495x400.jpg' width='495' height='400'  title='KAB24' alt='' \/><\/a><\/div><\/div><\/div><div class=\"flex_column av_one_half  flex_column_div av-zero-column-padding   avia-builder-el-3  el_after_av_one_half  avia-builder-el-last  \" style='border-radius:0px; '><p><div  style='padding-bottom:10px; font-size:34px;' class='av-special-heading av-special-heading-h3  blockquote modern-quote  avia-builder-el-4  el_before_av_hr  avia-builder-el-first  av-inherit-size '><h3 class='av-special-heading-tag '  itemprop=\"headline\"  >KRESS 20V Max KROSSPACK\u00ae 6.0Ah Batterie Lithium-Ion avec indicateur KAB24<\/h3><div class ='av-subheading av-subheading_below  ' style='font-size:15px;'><p>KAB24 est construit avec la technologie de batterie KROSSPACK\u00ae.<\/p>\n<\/div><div class='special-heading-border'><div class='special-heading-inner-border' ><\/div><\/div><\/div><br \/>\n<div  style='height:10px' class='hr hr-invisible   avia-builder-el-5  el_after_av_heading  el_before_av_textblock '><span class='hr-inner ' ><span class='hr-inner-style'><\/span><\/span><\/div><br \/>\n<section class=\"av_textblock_section \"  itemscope=\"itemscope\" itemtype=\"https:\/\/schema.org\/CreativeWork\" ><div class='avia_textblock  '   itemprop=\"text\" ><p>* Le syst\u00e8me de gestion de la batterie (BMS) prot\u00e8ge contre la surcharge, la souscharge et la d\u00e9charge.<br \/>\n* Le syst\u00e8me de refroidissement par air de premi\u00e8re qualit\u00e9 permet une charge rapide et une plus grande autonomie par charge, ainsi qu&rsquo;une dur\u00e9e de vie plus longue.<br \/>\n* L&rsquo;indicateur de capacit\u00e9 de la batterie indique le niveau de puissance restante.<br \/>\n* Stabilit\u00e9 et r\u00e9sistance aux vibrations gr\u00e2ce au design et \u00e0 la protection en caoutchouc.<br \/>\n* Compatible avec tous les produits KRESS 20V Max<\/p>\n<\/div><\/section><\/p><\/div><\/div><\/div><\/main><!-- close content main element --><\/div><\/div><div id='after_section_1'  class='main_color av_default_container_wrap container_wrap fullsize' style=' '  ><div class='container' ><div class='template-page content  av-content-full alpha units'><div class='post-entry post-entry-type-page post-entry-7886'><div class='entry-content-wrapper clearfix'><div  class='avia-table main_color avia-pricing-table-container  avia_pricing_default   avia-builder-el-7  el_after_av_section  avia-builder-el-no-sibling  avia-table-1'  itemscope=\"itemscope\" itemtype=\"https:\/\/schema.org\/Table\" ><div class='pricing-table-wrap'><ul class='pricing-table '><li class=''><div class='first-table-item'>Tension<\/div><span class='pricing-extra'><\/span><\/li><li class=''>Type de batterie<\/li><li class=''>Indicateur de puissance<\/li><li class=''>Capacit\u00e9 de la batterie<\/li><li class=''>Longueur du produit<\/li><li class=''>Largeur du produit<\/li><li class=''>Hauteur du produit<\/li><li class=''>Poids<\/li><li class=''>Emballage<\/li><\/ul><\/div><div class='pricing-table-wrap'><ul class='pricing-table '><li class=''><div class='first-table-item'>20V Max<\/div><span class='pricing-extra'><\/span><\/li><li class=''>Li-Ion<\/li><li class=''>Yes<\/li><li class=''>6.0 Ah<\/li><li class=''>135.8 mm<\/li><li class=''>84.2 mm<\/li><li class=''>82 mm<\/li><li class=''>0.99 kg<\/li><li class=''>Color box<\/li><\/ul><\/div><\/div><\/p>\n","protected":false},"excerpt":{"rendered":"","protected":false},"featured_media":9769,"template":"","meta":[],"product_cat":[591,582],"product_tag":[],"_links":{"self":[{"href":"https:\/\/eu.kresstools.com\/fr\/wp-json\/wp\/v2\/product\/7886"}],"collection":[{"href":"https:\/\/eu.kresstools.com\/fr\/wp-json\/wp\/v2\/product"}],"about":[{"href":"https:\/\/eu.kresstools.com\/fr\/wp-json\/wp\/v2\/types\/product"}],"wp:featuredmedia":[{"embeddable":true,"href":"https:\/\/eu.kresstools.com\/fr\/wp-json\/wp\/v2\/media\/9769"}],"wp:attachment":[{"href":"https:\/\/eu.kresstools.com\/fr\/wp-json\/wp\/v2\/media?parent=7886"}],"wp:term":[{"taxonomy":"product_cat","embeddable":true,"href":"https:\/\/eu.kresstools.com\/fr\/wp-json\/wp\/v2\/product_cat?post=7886"},{"taxonomy":"product_tag","embeddable":true,"href":"https:\/\/eu.kresstools.com\/fr\/wp-json\/wp\/v2\/product_tag?post=7886"}],"curies":[{"name":"wp","href":"https:\/\/api.w.org\/{rel}","templated":true}]}}