{"id":7850,"date":"2024-03-06T07:54:48","date_gmt":"2024-03-06T06:54:48","guid":{"rendered":"https:\/\/eu.kresstools.com\/?post_type=product&#038;p=7850"},"modified":"2024-03-24T03:18:55","modified_gmt":"2024-03-24T02:18:55","slug":"kress-115mm-60-grit-circular-saw-diamond-cutting-blade-ka8381","status":"publish","type":"product","link":"https:\/\/eu.kresstools.com\/fr\/produkt\/kress-115mm-60-grit-circular-saw-diamond-cutting-blade-ka8381\/","title":{"rendered":"Kress 115 mm 60 grains de scie circulaire Lame de coupe diamant\u00e9e KA8381"},"content":{"rendered":"<div id='av_section_1'  class='avia-section main_color avia-section-default avia-no-border-styling  avia-bg-style-scroll  avia-builder-el-0  el_before_av_table  avia-builder-el-first   container_wrap fullsize' style=' '  ><div class='container' ><main  role=\"main\" itemprop=\"mainContentOfPage\"  class='template-page content  av-content-full alpha units'><div class='post-entry post-entry-type-page post-entry-7850'><div class='entry-content-wrapper clearfix'>\n<div class=\"flex_column av_one_half  flex_column_div av-zero-column-padding first  avia-builder-el-1  el_before_av_one_half  avia-builder-el-first  \" style='border-radius:0px; '><div  class='avia-gallery  avia-gallery-1 avia_lazyload avia-gallery-animate avia_animate_when_visible  avia-builder-el-2  avia-builder-el-no-sibling '  itemprop=\"image\" itemscope=\"itemscope\" itemtype=\"https:\/\/schema.org\/ImageObject\" ><a class='avia-gallery-big fakeLightbox lightbox avia-gallery-big-crop-thumb ' href='https:\/\/eu.kresstools.com\/wp-content\/uploads\/2024\/03\/kress_8381.webp'  data-onclick='1' title='' ><span class='avia-gallery-big-inner'  itemprop=\"thumbnailUrl\" >\t<img width='495' height='400' src='https:\/\/eu.kresstools.com\/wp-content\/uploads\/2024\/03\/kress_8381-495x400.webp' title='kress_8381' alt='' \/><\/span><\/a><div class='avia-gallery-thumb'> <a href='https:\/\/eu.kresstools.com\/wp-content\/uploads\/2024\/03\/kress_8381.webp' data-rel='gallery-1' data-prev-img='https:\/\/eu.kresstools.com\/wp-content\/uploads\/2024\/03\/kress_8381-495x400.webp' class='first_thumb lightbox ' data-onclick='1' title=''  itemprop=\"thumbnailUrl\" ><img  src='https:\/\/eu.kresstools.com\/wp-content\/uploads\/2024\/03\/kress_8381-495x400.webp' width='495' height='400'  title='kress_8381' alt='' \/><\/a><\/div><\/div><\/div><div class=\"flex_column av_one_half  flex_column_div av-zero-column-padding   avia-builder-el-3  el_after_av_one_half  avia-builder-el-last  \" style='border-radius:0px; '><p><div  style='padding-bottom:10px; font-size:34px;' class='av-special-heading av-special-heading-h3  blockquote modern-quote  avia-builder-el-4  el_before_av_hr  avia-builder-el-first  av-inherit-size '><h3 class='av-special-heading-tag '  itemprop=\"headline\"  >Kress 115 mm 60 grains de scie circulaire Lame de coupe diamant\u00e9e KA8381<\/h3><div class='special-heading-border'><div class='special-heading-inner-border' ><\/div><\/div><\/div><br \/>\n<div  style='height:10px' class='hr hr-invisible   avia-builder-el-5  el_after_av_heading  el_before_av_textblock '><span class='hr-inner ' ><span class='hr-inner-style'><\/span><\/span><\/div><br \/>\n<section class=\"av_textblock_section \"  itemscope=\"itemscope\" itemtype=\"https:\/\/schema.org\/CreativeWork\" ><div class='avia_textblock  '   itemprop=\"text\" ><p>La lame de coupe diamant\u00e9e 115mm 60 grains KRESS convient \u00e0 la scie circulaire KRESS 710W 125mm KUV12P. Elle convient pour les applications diamant\u00e9es sur les carreaux.<br \/>\nTaille : 115mm x 1.6mm x 9.5mm.<\/p>\n<\/div><\/section><\/p><\/div><\/div><\/div><\/main><!-- close content main element --><\/div><\/div><div id='after_section_1'  class='main_color av_default_container_wrap container_wrap fullsize' style=' '  ><div class='container' ><div class='template-page content  av-content-full alpha units'><div class='post-entry post-entry-type-page post-entry-7850'><div class='entry-content-wrapper clearfix'><div  class='avia-table main_color avia-pricing-table-container  avia_pricing_default   avia-builder-el-7  el_after_av_section  avia-builder-el-no-sibling  avia-table-1'  itemscope=\"itemscope\" itemtype=\"https:\/\/schema.org\/Table\" ><div class='pricing-table-wrap'><ul class='pricing-table '><li class=''><div class='first-table-item'>Blade Diameter<\/div><span class='pricing-extra'><\/span><\/li><li class=''>Bore Diameter<\/li><li class=''>Kerf Thickness<\/li><li class=''>Kerf Type<\/li><li class=''>No. of Teeth<\/li><li class=''>Hook Angle\/Relief Angle<\/li><li class=''>Max RPM<\/li><li class=''>Application<\/li><li class=''>Product Length<\/li><li class=''>Product Width<\/li><li class=''>Product Height<\/li><li class=''>Weight without Battery<\/li><li class=''>Package<\/li><\/ul><\/div><div class='pricing-table-wrap'><ul class='pricing-table '><li class=''><div class='first-table-item'>165 mm<\/div><span class='pricing-extra'><\/span><\/li><li class=''>20 mm<\/li><li class=''>1.6 mm<\/li><li class=''>ATB<\/li><li class=''>24<\/li><li class=''>20\u00b0\/15\u00b0<\/li><li class=''>7900 rpm<\/li><li class=''>General Purpose Wood<\/li><li class=''>165 mm<\/li><li class=''>165 mm<\/li><li class=''>1.6 mm<\/li><li class=''>0.16 kg<\/li><li class=''>Double blister<\/li><\/ul><\/div><\/div><\/p>\n","protected":false},"excerpt":{"rendered":"","protected":false},"featured_media":9829,"template":"","meta":[],"product_cat":[582,587],"product_tag":[],"_links":{"self":[{"href":"https:\/\/eu.kresstools.com\/fr\/wp-json\/wp\/v2\/product\/7850"}],"collection":[{"href":"https:\/\/eu.kresstools.com\/fr\/wp-json\/wp\/v2\/product"}],"about":[{"href":"https:\/\/eu.kresstools.com\/fr\/wp-json\/wp\/v2\/types\/product"}],"wp:featuredmedia":[{"embeddable":true,"href":"https:\/\/eu.kresstools.com\/fr\/wp-json\/wp\/v2\/media\/9829"}],"wp:attachment":[{"href":"https:\/\/eu.kresstools.com\/fr\/wp-json\/wp\/v2\/media?parent=7850"}],"wp:term":[{"taxonomy":"product_cat","embeddable":true,"href":"https:\/\/eu.kresstools.com\/fr\/wp-json\/wp\/v2\/product_cat?post=7850"},{"taxonomy":"product_tag","embeddable":true,"href":"https:\/\/eu.kresstools.com\/fr\/wp-json\/wp\/v2\/product_tag?post=7850"}],"curies":[{"name":"wp","href":"https:\/\/api.w.org\/{rel}","templated":true}]}}