{"id":4332,"date":"2021-07-20T23:45:15","date_gmt":"2021-07-20T21:45:15","guid":{"rendered":"https:\/\/eu.kresstools.com\/?post_type=product&#038;p=4332"},"modified":"2024-03-28T00:30:25","modified_gmt":"2024-03-27T23:30:25","slug":"marteau-perforateur-sds-kux15p-28mm-1050w-5j-coffret-normal","status":"publish","type":"product","link":"https:\/\/eu.kresstools.com\/fr\/produkt\/marteau-perforateur-sds-kux15p-28mm-1050w-5j-coffret-normal\/","title":{"rendered":"MARTEAU PERFORATEUR SDS+ KUX15P 28MM 1100W 5J COFFRET NORMAL"},"content":{"rendered":"<div id='av_section_1'  class='avia-section main_color avia-section-default avia-no-border-styling  avia-bg-style-scroll  avia-builder-el-0  avia-builder-el-no-sibling   container_wrap fullsize' style=' '  ><div class='container' ><main  role=\"main\" itemprop=\"mainContentOfPage\"  class='template-page content  av-content-full alpha units'><div class='post-entry post-entry-type-page post-entry-4332'><div class='entry-content-wrapper clearfix'>\n<div class=\"flex_column av_one_half  flex_column_div av-zero-column-padding first  avia-builder-el-1  el_before_av_one_half  avia-builder-el-first  \" style='border-radius:0px; '><div  class='avia-gallery  avia-gallery-1 avia_lazyload avia-gallery-animate avia_animate_when_visible  avia-builder-el-2  avia-builder-el-no-sibling '  itemprop=\"image\" itemscope=\"itemscope\" itemtype=\"https:\/\/schema.org\/ImageObject\" ><a class='avia-gallery-big fakeLightbox lightbox avia-gallery-big-crop-thumb ' href='https:\/\/eu.kresstools.com\/wp-content\/uploads\/2021\/07\/kress_rotary_hammer_kux15p_fphoto_princ_1-1.jpg'  data-onclick='1' title='' ><span class='avia-gallery-big-inner'  itemprop=\"thumbnailUrl\" >\t<img width='495' height='400' src='https:\/\/eu.kresstools.com\/wp-content\/uploads\/2021\/07\/kress_rotary_hammer_kux15p_fphoto_princ_1-1-495x400.jpg' title='kress_rotary_hammer_kux15p_fphoto_princ_1 (1)' alt='' \/><\/span><\/a><div class='avia-gallery-thumb'> <a href='https:\/\/eu.kresstools.com\/wp-content\/uploads\/2021\/07\/kress_rotary_hammer_kux15p_fphoto_princ_1-1.jpg' data-rel='gallery-1' data-prev-img='https:\/\/eu.kresstools.com\/wp-content\/uploads\/2021\/07\/kress_rotary_hammer_kux15p_fphoto_princ_1-1-495x400.jpg' class='first_thumb lightbox ' data-onclick='1' title=''  itemprop=\"thumbnailUrl\" ><img  src='https:\/\/eu.kresstools.com\/wp-content\/uploads\/2021\/07\/kress_rotary_hammer_kux15p_fphoto_princ_1-1-495x400.jpg' width='495' height='400'  title='kress_rotary_hammer_kux15p_fphoto_princ_1 (1)' alt='' \/><\/a><\/div><\/div><\/div><div class=\"flex_column av_one_half  flex_column_div av-zero-column-padding   avia-builder-el-3  el_after_av_one_half  avia-builder-el-last  \" style='border-radius:0px; '><p><div  style='padding-bottom:10px; font-size:34px;' class='av-special-heading av-special-heading-h3  blockquote modern-quote  avia-builder-el-4  el_before_av_hr  avia-builder-el-first  av-inherit-size '><h3 class='av-special-heading-tag '  itemprop=\"headline\"  >MARTEAU PERFORATEUR SDS+ KUX15P 28MM 1100W 5J COFFRET NORMAL<\/h3><div class ='av-subheading av-subheading_below  ' style='font-size:15px;'><p>20V \/4.0 Ah<\/p>\n<\/div><div class='special-heading-border'><div class='special-heading-inner-border' ><\/div><\/div><\/div><br \/>\n<div  style='height:10px' class='hr hr-invisible   avia-builder-el-5  el_after_av_heading  el_before_av_textblock '><span class='hr-inner ' ><span class='hr-inner-style'><\/span><\/span><\/div><br \/>\n<section class=\"av_textblock_section \"  itemscope=\"itemscope\" itemtype=\"https:\/\/schema.org\/CreativeWork\" ><div class='avia_textblock  '   itemprop=\"text\" ><p><strong>Achetez directement en ligne<\/strong><\/p>\n<p><a href=\"https:\/\/www.prolians.fr\/boulonneuse-chocs-kub30-91-20v-300nm-solo-cof-emp-kress-67761782.html\"><img class=\"alignnone size-medium wp-image-4078\" src=\"https:\/\/eu.kresstools.com\/wp-content\/uploads\/2019\/06\/prolians-300x58.png\" alt=\"\" width=\"227\" height=\"30\" \/><\/a><\/p>\n<div  class='avia-button-wrap avia-button-left  avia-builder-el-7  avia-builder-el-no-sibling ' ><a href='https:\/\/www.prolians.fr\/marteau-perf-sds-kux15p-28mm-1050w-5j-coff-normal-kress-67761901.html'  class='avia-button   avia-icon_select-yes-right-icon avia-color-custom avia-size-medium avia-position-left '  style='background-color:#005296; border-color:#005296; color:#ffffff; ' ><span class='avia_iconbox_title' >Vers le produit<\/span><span class='avia_button_icon avia_button_icon_right' aria-hidden='true' data-av_icon='\ue879' data-av_iconfont='entypo-fontello'><\/span><\/a><\/div>\n<p><strong>Ou trouvez un revendeur Prolians pr\u00e8s de chez vous.<\/strong><\/p>\n<p><a href=\"http:\/\/prolians.fr\">Vers la recherche de revendeurs<\/a><\/p>\n<\/div><\/section><br \/>\n<div  style='height:10px' class='hr hr-invisible   avia-builder-el-8  el_after_av_textblock  el_before_av_textblock '><span class='hr-inner ' ><span class='hr-inner-style'><\/span><\/span><\/div><br \/>\n<section class=\"av_textblock_section \"  itemscope=\"itemscope\" itemtype=\"https:\/\/schema.org\/CreativeWork\" ><div class='avia_textblock  '   itemprop=\"text\" ><p>Le marteau rotatif SDS+ KRESS KUX15P 1100W 2 fonctions 28mm d\u00e9livre une puissante \u00e9nergie d&rsquo;impact de 5J, et 4300 BPMS de puissance de forage variable \u00e0 haute vitesse. Il offre la polyvalence de 2 fonctions : forage au marteau et burinage, pour un forage rapide dans le b\u00e9ton jusqu&rsquo;\u00e0 28 mm, ainsi qu&rsquo;un mandrin SDS+ pour un changement d&#8217;embout facile. Le mandrin flottant flexible brevet\u00e9 offre une protection contre la poussi\u00e8re et r\u00e9duit les fuites d&rsquo;huile, ce qui prolonge la dur\u00e9e de vie du produit. L&#8217;embrayage de s\u00e9curit\u00e9 brevet\u00e9 am\u00e9liore \u00e9galement la s\u00e9curit\u00e9 et pr\u00e9vient tout dommage d\u00fb \u00e0 une surcharge, tandis que la technologie anti-vibration combin\u00e9e \u00e0 un design ergonomique offre un confort et un contr\u00f4le accrus. Comprend 1 poign\u00e9e auxiliaire, 1 cl\u00e9 de serrage et une mallette de transport robuste pour le stockage et le transport.<\/p>\n<p>* Moteur 1100W avec SDS+ pour des diam\u00e8tres de per\u00e7age jusqu&rsquo;\u00e0 28mm.<br \/>\n* Puissante \u00e9nergie d&rsquo;impact de 5J<br \/>\n* 2 fonctions : Per\u00e7age au marteau et burinage<br \/>\n* Le mandrin flottant flexible brevet\u00e9 offre une protection contre la poussi\u00e8re et r\u00e9duit les fuites d&rsquo;huile pour une dur\u00e9e de vie plus longue.<br \/>\n* Conception sans huile gr\u00e2ce au couvercle d&rsquo;huile de d\u00e9compression brevet\u00e9 et au syst\u00e8me d&rsquo;\u00e9tanch\u00e9it\u00e9 multiple<br \/>\n* Embrayage de contr\u00f4le de la rotation, am\u00e9liore la s\u00e9curit\u00e9 et r\u00e9duit le risque de dommages dus \u00e0 la surcharge.<br \/>\n* G\u00e2chette \u00e0 vitesse variable pour un meilleur contr\u00f4le lors du forage<br \/>\n* Technologie anti-vibration combin\u00e9e \u00e0 un design ergonomique pour un meilleur confort et un meilleur contr\u00f4le<br \/>\n* Mallette de transport pratique pour faciliter le transport et le stockage<\/p>\n<\/div><\/section><br \/>\n<div  style='height:10px' class='hr hr-invisible   avia-builder-el-10  el_after_av_textblock  el_before_av_table '><span class='hr-inner ' ><span class='hr-inner-style'><\/span><\/span><\/div><br \/>\n<div  class='avia-table main_color avia-pricing-table-container  avia_pricing_minimal   avia-builder-el-11  el_after_av_hr  avia-builder-el-last  avia-table-1'  itemscope=\"itemscope\" itemtype=\"https:\/\/schema.org\/Table\" ><div class='pricing-table-wrap'><ul class='pricing-table '><li class=''><div class='first-table-item'>Puissance<\/div><span class='pricing-extra'><\/span><\/li><li class=''>Puissance de frappe<br \/><\/li><li class=''>Cadence de frappe<br \/><\/li><li class=''>Diam\u00e8tre per\u00e7age dans b\u00e9ton<br \/><\/li><li class=''>Diam\u00e8tre per\u00e7age dans l&rsquo;acier<br \/><\/li><li class=''>Diam\u00e8tre per\u00e7age dans le bois<br \/><\/li><li class=''>Niveau sonore<br \/><\/li><li class=''>Vibration m\u00e9canique<br \/><\/li><li class=''>Livr\u00e9 en coffret<br \/><\/li><li class=''>Poids<\/li><li class=''>Longueur du cordon<br \/><\/li><li class=''>R\u00e9gime \u00e0 vide<br \/><\/li><li class=''>Tension<br \/><\/li><li class=''>Normes<\/li><li class=''>Dans la bo\u00eete<\/li><\/ul><\/div><div class='pricing-table-wrap'><ul class='pricing-table '><li class=''><div class='first-table-item'>1100 W<br \/><\/div><span class='pricing-extra'><\/span><\/li><li class=''>5 J<br \/><\/li><li class=''>4300 cps\/mn<br \/><\/li><li class=''>28 mm<br \/><\/li><li class=''>0 mm<br \/><\/li><li class=''>0 mm<br \/><\/li><li class=''>104.1 dB(A)<br \/><\/li><li class=''>12,21 m\/s\u00b2<br \/><\/li><li class=''>oui<\/li><li class=''>4.5 kg<br \/><\/li><li class=''>3 m<br \/><\/li><li class=''>900 tr\/mn<br \/><\/li><li class=''>220 V<br \/><\/li><li class=''>AFNOR A571<br \/><\/li><li class=''>1x auxiliary handle<br \/>\n1x spanner<br \/>\n1x carry case<\/li><\/ul><\/div><\/div><\/p><\/div>\n","protected":false},"excerpt":{"rendered":"","protected":false},"featured_media":4333,"template":"","meta":[],"product_cat":[585,583,582],"product_tag":[],"_links":{"self":[{"href":"https:\/\/eu.kresstools.com\/fr\/wp-json\/wp\/v2\/product\/4332"}],"collection":[{"href":"https:\/\/eu.kresstools.com\/fr\/wp-json\/wp\/v2\/product"}],"about":[{"href":"https:\/\/eu.kresstools.com\/fr\/wp-json\/wp\/v2\/types\/product"}],"wp:featuredmedia":[{"embeddable":true,"href":"https:\/\/eu.kresstools.com\/fr\/wp-json\/wp\/v2\/media\/4333"}],"wp:attachment":[{"href":"https:\/\/eu.kresstools.com\/fr\/wp-json\/wp\/v2\/media?parent=4332"}],"wp:term":[{"taxonomy":"product_cat","embeddable":true,"href":"https:\/\/eu.kresstools.com\/fr\/wp-json\/wp\/v2\/product_cat?post=4332"},{"taxonomy":"product_tag","embeddable":true,"href":"https:\/\/eu.kresstools.com\/fr\/wp-json\/wp\/v2\/product_tag?post=4332"}],"curies":[{"name":"wp","href":"https:\/\/api.w.org\/{rel}","templated":true}]}}