{"id":4308,"date":"2021-07-20T23:36:34","date_gmt":"2021-07-20T21:36:34","guid":{"rendered":"https:\/\/eu.kresstools.com\/?post_type=product&#038;p=4308"},"modified":"2024-03-28T00:30:46","modified_gmt":"2024-03-27T23:30:46","slug":"marteau-perforateur-sds-kux12p-26m-850w-3j-coffret-normal","status":"publish","type":"product","link":"https:\/\/eu.kresstools.com\/fr\/produkt\/marteau-perforateur-sds-kux12p-26m-850w-3j-coffret-normal\/","title":{"rendered":"MARTEAU PERFORATEUR SDS+ KUX12P 26M 850W 3J COFFRET NORMAL"},"content":{"rendered":"<div id='av_section_1'  class='avia-section main_color avia-section-default avia-no-border-styling  avia-bg-style-scroll  avia-builder-el-0  avia-builder-el-no-sibling   container_wrap fullsize' style=' '  ><div class='container' ><main  role=\"main\" itemprop=\"mainContentOfPage\"  class='template-page content  av-content-full alpha units'><div class='post-entry post-entry-type-page post-entry-4308'><div class='entry-content-wrapper clearfix'>\n<div class=\"flex_column av_one_half  flex_column_div av-zero-column-padding first  avia-builder-el-1  el_before_av_one_half  avia-builder-el-first  \" style='border-radius:0px; '><div  class='avia-gallery  avia-gallery-1 avia_lazyload avia-gallery-animate avia_animate_when_visible  avia-builder-el-2  avia-builder-el-no-sibling '  itemprop=\"image\" itemscope=\"itemscope\" itemtype=\"https:\/\/schema.org\/ImageObject\" ><a class='avia-gallery-big fakeLightbox lightbox avia-gallery-big-crop-thumb ' href='https:\/\/eu.kresstools.com\/wp-content\/uploads\/2021\/07\/kress_rotary_hammer_kux12p_fphoto_princ_1.jpg'  data-onclick='1' title='' ><span class='avia-gallery-big-inner'  itemprop=\"thumbnailUrl\" >\t<img width='495' height='400' src='https:\/\/eu.kresstools.com\/wp-content\/uploads\/2021\/07\/kress_rotary_hammer_kux12p_fphoto_princ_1-495x400.jpg' title='kress_rotary_hammer_kux12p_fphoto_princ_1' alt='' \/><\/span><\/a><div class='avia-gallery-thumb'> <a href='https:\/\/eu.kresstools.com\/wp-content\/uploads\/2021\/07\/kress_rotary_hammer_kux12p_fphoto_princ_1.jpg' data-rel='gallery-1' data-prev-img='https:\/\/eu.kresstools.com\/wp-content\/uploads\/2021\/07\/kress_rotary_hammer_kux12p_fphoto_princ_1-495x400.jpg' class='first_thumb lightbox ' data-onclick='1' title=''  itemprop=\"thumbnailUrl\" ><img  src='https:\/\/eu.kresstools.com\/wp-content\/uploads\/2021\/07\/kress_rotary_hammer_kux12p_fphoto_princ_1-495x400.jpg' width='495' height='400'  title='kress_rotary_hammer_kux12p_fphoto_princ_1' alt='' \/><\/a> <a href='https:\/\/eu.kresstools.com\/wp-content\/uploads\/2024\/03\/06-KUX12P-1030x1030.png' data-rel='gallery-1' data-prev-img='https:\/\/eu.kresstools.com\/wp-content\/uploads\/2024\/03\/06-KUX12P-495x400.png' class='lightbox ' data-onclick='2' title=''  itemprop=\"thumbnailUrl\" ><img  src='https:\/\/eu.kresstools.com\/wp-content\/uploads\/2024\/03\/06-KUX12P-495x400.png' width='495' height='400'  title='06-KUX12P' alt='' \/><\/a> <a href='https:\/\/eu.kresstools.com\/wp-content\/uploads\/2024\/03\/07-KUX12P-family-1030x1030.png' data-rel='gallery-1' data-prev-img='https:\/\/eu.kresstools.com\/wp-content\/uploads\/2024\/03\/07-KUX12P-family-495x400.png' class='lightbox ' data-onclick='3' title=''  itemprop=\"thumbnailUrl\" ><img  src='https:\/\/eu.kresstools.com\/wp-content\/uploads\/2024\/03\/07-KUX12P-family-495x400.png' width='495' height='400'  title='07-KUX12P - family' alt='' \/><\/a> <a href='https:\/\/eu.kresstools.com\/wp-content\/uploads\/2024\/03\/01-KUX12P_F-1030x1030.png' data-rel='gallery-1' data-prev-img='https:\/\/eu.kresstools.com\/wp-content\/uploads\/2024\/03\/01-KUX12P_F-495x400.png' class='lightbox ' data-onclick='4' title=''  itemprop=\"thumbnailUrl\" ><img  src='https:\/\/eu.kresstools.com\/wp-content\/uploads\/2024\/03\/01-KUX12P_F-495x400.png' width='495' height='400'  title='01-KUX12P_F' alt='' \/><\/a> <a href='https:\/\/eu.kresstools.com\/wp-content\/uploads\/2024\/03\/05-KUX12P-1030x1030.png' data-rel='gallery-1' data-prev-img='https:\/\/eu.kresstools.com\/wp-content\/uploads\/2024\/03\/05-KUX12P-495x400.png' class='lightbox ' data-onclick='5' title=''  itemprop=\"thumbnailUrl\" ><img  src='https:\/\/eu.kresstools.com\/wp-content\/uploads\/2024\/03\/05-KUX12P-495x400.png' width='495' height='400'  title='05-KUX12P' alt='' \/><\/a> <a href='https:\/\/eu.kresstools.com\/wp-content\/uploads\/2024\/03\/04-KUX12P-1030x1030.png' data-rel='gallery-1' data-prev-img='https:\/\/eu.kresstools.com\/wp-content\/uploads\/2024\/03\/04-KUX12P-495x400.png' class='first_thumb lightbox ' data-onclick='6' title=''  itemprop=\"thumbnailUrl\" ><img  src='https:\/\/eu.kresstools.com\/wp-content\/uploads\/2024\/03\/04-KUX12P-495x400.png' width='495' height='400'  title='04-KUX12P' alt='' \/><\/a> <a href='https:\/\/eu.kresstools.com\/wp-content\/uploads\/2024\/03\/03-KUX12P-1030x1030.png' data-rel='gallery-1' data-prev-img='https:\/\/eu.kresstools.com\/wp-content\/uploads\/2024\/03\/03-KUX12P-495x400.png' class='lightbox ' data-onclick='7' title=''  itemprop=\"thumbnailUrl\" ><img  src='https:\/\/eu.kresstools.com\/wp-content\/uploads\/2024\/03\/03-KUX12P-495x400.png' width='495' height='400'  title='03-KUX12P' alt='' \/><\/a> <a href='https:\/\/eu.kresstools.com\/wp-content\/uploads\/2024\/03\/02-KUX12P_45-1030x1030.png' data-rel='gallery-1' data-prev-img='https:\/\/eu.kresstools.com\/wp-content\/uploads\/2024\/03\/02-KUX12P_45-495x400.png' class='lightbox ' data-onclick='8' title=''  itemprop=\"thumbnailUrl\" ><img  src='https:\/\/eu.kresstools.com\/wp-content\/uploads\/2024\/03\/02-KUX12P_45-495x400.png' width='495' height='400'  title='02-KUX12P_45' alt='' \/><\/a><\/div><\/div><\/div><div class=\"flex_column av_one_half  flex_column_div av-zero-column-padding   avia-builder-el-3  el_after_av_one_half  avia-builder-el-last  \" style='border-radius:0px; '><p><div  style='padding-bottom:10px; font-size:34px;' class='av-special-heading av-special-heading-h3  blockquote modern-quote  avia-builder-el-4  el_before_av_hr  avia-builder-el-first  av-inherit-size '><h3 class='av-special-heading-tag '  itemprop=\"headline\"  >MARTEAU PERFORATEUR SDS+ KUX12P 26M 850W 3J COFFRET NORMAL<\/h3><div class ='av-subheading av-subheading_below  ' style='font-size:15px;'><p>20V \/4.0 Ah<\/p>\n<\/div><div class='special-heading-border'><div class='special-heading-inner-border' ><\/div><\/div><\/div><br \/>\n<div  style='height:10px' class='hr hr-invisible   avia-builder-el-5  el_after_av_heading  el_before_av_textblock '><span class='hr-inner ' ><span class='hr-inner-style'><\/span><\/span><\/div><br \/>\n<section class=\"av_textblock_section \"  itemscope=\"itemscope\" itemtype=\"https:\/\/schema.org\/CreativeWork\" ><div class='avia_textblock  '   itemprop=\"text\" ><p><strong>Achetez directement en ligne<\/strong><\/p>\n<p><a href=\"https:\/\/www.prolians.fr\/boulonneuse-chocs-kub30-91-20v-300nm-solo-cof-emp-kress-67761782.html\"><img class=\"alignnone size-medium wp-image-4078\" src=\"https:\/\/eu.kresstools.com\/wp-content\/uploads\/2019\/06\/prolians-300x58.png\" alt=\"\" width=\"227\" height=\"30\" \/><\/a><\/p>\n<div  class='avia-button-wrap avia-button-left  avia-builder-el-7  avia-builder-el-no-sibling ' ><a href='https:\/\/www.prolians.fr\/marteau-perfo-sds-kux12p-26m-850w-3j-coff-normal-kress-67761898.html'  class='avia-button   avia-icon_select-yes-right-icon avia-color-custom avia-size-medium avia-position-left '  style='background-color:#005296; border-color:#005296; color:#ffffff; ' ><span class='avia_iconbox_title' >Vers le produit<\/span><span class='avia_button_icon avia_button_icon_right' aria-hidden='true' data-av_icon='\ue879' data-av_iconfont='entypo-fontello'><\/span><\/a><\/div>\n<p><strong>Ou trouvez un revendeur Prolians pr\u00e8s de chez vous.<\/strong><\/p>\n<p><a href=\"http:\/\/prolians.fr\">Vers la recherche de revendeurs<\/a><\/p>\n<\/div><\/section><br \/>\n<div  style='height:10px' class='hr hr-invisible   avia-builder-el-8  el_after_av_textblock  el_before_av_textblock '><span class='hr-inner ' ><span class='hr-inner-style'><\/span><\/span><\/div><br \/>\n<section class=\"av_textblock_section \"  itemscope=\"itemscope\" itemtype=\"https:\/\/schema.org\/CreativeWork\" ><div class='avia_textblock  '   itemprop=\"text\" ><p>Le marteau perforateur rotatif SDS+ 850W 3 fonctions 26mm KRESS KUX12P d\u00e9livre une puissante \u00e9nergie d&rsquo;impact de 3J, et 5500 BPMS de puissance de forage \u00e0 haute vitesse. Elle offre la polyvalence de 3 fonctions : per\u00e7age, per\u00e7age au marteau et burinage avec un r\u00e9glage s\u00e9par\u00e9 de l&rsquo;angle du burin, pour un per\u00e7age rapide dans le b\u00e9ton jusqu&rsquo;\u00e0 26 mm, ainsi qu&rsquo;un mandrin SDS+ pour un changement d&#8217;embout facile. Comprend 1 poign\u00e9e auxiliaire, 1 jauge de profondeur et une mallette de transport robuste pour le rangement et le transport.<\/p>\n<p>* Moteur 850W avec SDS+ pour des diam\u00e8tres de per\u00e7age jusqu&rsquo;\u00e0 26mm<br \/>\n* Puissante \u00e9nergie d&rsquo;impact de 3J<br \/>\n* 3 fonctions : per\u00e7age, per\u00e7age \u00e0 percussion et burinage, avec un r\u00e9glage s\u00e9par\u00e9 de l&rsquo;angle du burin<br \/>\n* G\u00e2chette \u00e0 vitesse variable pour un meilleur contr\u00f4le lors du per\u00e7age<br \/>\n* Mallette de transport pratique pour faciliter le transport et le stockage<\/p>\n<\/div><\/section><br \/>\n<div  style='height:10px' class='hr hr-invisible   avia-builder-el-10  el_after_av_textblock  el_before_av_table '><span class='hr-inner ' ><span class='hr-inner-style'><\/span><\/span><\/div><br \/>\n<div  class='avia-table main_color avia-pricing-table-container  avia_pricing_minimal   avia-builder-el-11  el_after_av_hr  avia-builder-el-last  avia-table-1'  itemscope=\"itemscope\" itemtype=\"https:\/\/schema.org\/Table\" ><div class='pricing-table-wrap'><ul class='pricing-table '><li class=''><div class='first-table-item'>Puissance<\/div><span class='pricing-extra'><\/span><\/li><li class=''>Puissance de frappe<br \/><\/li><li class=''>Cadence de frappe<br \/><\/li><li class=''>Diam\u00e8tre per\u00e7age dans b\u00e9ton<br \/><\/li><li class=''>Diam\u00e8tre per\u00e7age dans l&rsquo;acier<br \/><\/li><li class=''>Diam\u00e8tre per\u00e7age dans le bois<br \/><\/li><li class=''>Niveau sonore<br \/><\/li><li class=''>Vibration m\u00e9canique<br \/><\/li><li class=''>Livr\u00e9 en coffret<br \/><\/li><li class=''>Poids<\/li><li class=''>Longueur du cordon<br \/><\/li><li class=''>R\u00e9gime \u00e0 vide<br \/><\/li><li class=''>Tension<\/li><li class=''>Normes<\/li><\/ul><\/div><div class='pricing-table-wrap'><ul class='pricing-table '><li class=''><div class='first-table-item'>850 W<br \/><\/div><span class='pricing-extra'><\/span><\/li><li class=''>3 J<br \/><\/li><li class=''>5500 cps\/mn<br \/><\/li><li class=''>26 mm<br \/><\/li><li class=''>13 mm<br \/><\/li><li class=''>30 mm<br \/><\/li><li class=''>101.9 dB(A)<br \/><\/li><li class=''>14,2 m\/s\u00b2<br \/><\/li><li class=''>oui<\/li><li class=''>2.8 kg<br \/><\/li><li class=''>3 m<br \/><\/li><li class=''>1300 tr\/mn<br \/><\/li><li class=''>220 V<br \/><\/li><li class=''>AFNOR A571<br \/><\/li><\/ul><\/div><\/div><\/p><\/div>\n","protected":false},"excerpt":{"rendered":"","protected":false},"featured_media":4309,"template":"","meta":[],"product_cat":[585,583,582],"product_tag":[],"_links":{"self":[{"href":"https:\/\/eu.kresstools.com\/fr\/wp-json\/wp\/v2\/product\/4308"}],"collection":[{"href":"https:\/\/eu.kresstools.com\/fr\/wp-json\/wp\/v2\/product"}],"about":[{"href":"https:\/\/eu.kresstools.com\/fr\/wp-json\/wp\/v2\/types\/product"}],"wp:featuredmedia":[{"embeddable":true,"href":"https:\/\/eu.kresstools.com\/fr\/wp-json\/wp\/v2\/media\/4309"}],"wp:attachment":[{"href":"https:\/\/eu.kresstools.com\/fr\/wp-json\/wp\/v2\/media?parent=4308"}],"wp:term":[{"taxonomy":"product_cat","embeddable":true,"href":"https:\/\/eu.kresstools.com\/fr\/wp-json\/wp\/v2\/product_cat?post=4308"},{"taxonomy":"product_tag","embeddable":true,"href":"https:\/\/eu.kresstools.com\/fr\/wp-json\/wp\/v2\/product_tag?post=4308"}],"curies":[{"name":"wp","href":"https:\/\/api.w.org\/{rel}","templated":true}]}}