{"id":4282,"date":"2021-07-20T23:27:14","date_gmt":"2021-07-20T21:27:14","guid":{"rendered":"https:\/\/eu.kresstools.com\/?post_type=product&#038;p=4282"},"modified":"2024-03-24T20:24:18","modified_gmt":"2024-03-24T19:24:18","slug":"multitools-kuw58-1-480w-accessoires-coffret-empilable","status":"publish","type":"product","link":"https:\/\/eu.kresstools.com\/fr\/produkt\/multitools-kuw58-1-480w-accessoires-coffret-empilable\/","title":{"rendered":"MULTITOOLS KUW58.1 480W + ACCESSOIRES COFFRET EMPILABLE"},"content":{"rendered":"<div id='av_section_1'  class='avia-section main_color avia-section-default avia-no-border-styling  avia-bg-style-scroll  avia-builder-el-0  avia-builder-el-no-sibling   container_wrap fullsize' style=' '  ><div class='container' ><main  role=\"main\" itemprop=\"mainContentOfPage\"  class='template-page content  av-content-full alpha units'><div class='post-entry post-entry-type-page post-entry-4282'><div class='entry-content-wrapper clearfix'>\n<div class=\"flex_column av_one_half  flex_column_div av-zero-column-padding first  avia-builder-el-1  el_before_av_one_half  avia-builder-el-first  \" style='border-radius:0px; '><div  class='avia-gallery  avia-gallery-1 avia_lazyload avia-gallery-animate avia_animate_when_visible  avia-builder-el-2  avia-builder-el-no-sibling '  itemprop=\"image\" itemscope=\"itemscope\" itemtype=\"https:\/\/schema.org\/ImageObject\" ><a class='avia-gallery-big fakeLightbox lightbox avia-gallery-big-crop-thumb ' href='https:\/\/eu.kresstools.com\/wp-content\/uploads\/2021\/07\/kuw58.1_photo_princ_1.jpg'  data-onclick='1' title='' ><span class='avia-gallery-big-inner'  itemprop=\"thumbnailUrl\" >\t<img width='495' height='400' src='https:\/\/eu.kresstools.com\/wp-content\/uploads\/2021\/07\/kuw58.1_photo_princ_1-495x400.jpg' title='kuw58.1_photo_princ_1' alt='' \/><\/span><\/a><div class='avia-gallery-thumb'> <a href='https:\/\/eu.kresstools.com\/wp-content\/uploads\/2021\/07\/kuw58.1_photo_princ_1.jpg' data-rel='gallery-1' data-prev-img='https:\/\/eu.kresstools.com\/wp-content\/uploads\/2021\/07\/kuw58.1_photo_princ_1-495x400.jpg' class='first_thumb lightbox ' data-onclick='1' title=''  itemprop=\"thumbnailUrl\" ><img  src='https:\/\/eu.kresstools.com\/wp-content\/uploads\/2021\/07\/kuw58.1_photo_princ_1-495x400.jpg' width='495' height='400'  title='kuw58.1_photo_princ_1' alt='' \/><\/a><\/div><\/div><\/div><div class=\"flex_column av_one_half  flex_column_div av-zero-column-padding   avia-builder-el-3  el_after_av_one_half  avia-builder-el-last  \" style='border-radius:0px; '><p><div  style='padding-bottom:10px; font-size:34px;' class='av-special-heading av-special-heading-h3  blockquote modern-quote  avia-builder-el-4  el_before_av_hr  avia-builder-el-first  av-inherit-size '><h3 class='av-special-heading-tag '  itemprop=\"headline\"  >MULTITOOLS KUW58.1 480W + ACCESSOIRES COFFRET EMPILABLE<\/h3><div class ='av-subheading av-subheading_below  ' style='font-size:15px;'><p>20V \/4.0 Ah<\/p>\n<\/div><div class='special-heading-border'><div class='special-heading-inner-border' ><\/div><\/div><\/div><br \/>\n<div  style='height:10px' class='hr hr-invisible   avia-builder-el-5  el_after_av_heading  el_before_av_textblock '><span class='hr-inner ' ><span class='hr-inner-style'><\/span><\/span><\/div><br \/>\n<section class=\"av_textblock_section \"  itemscope=\"itemscope\" itemtype=\"https:\/\/schema.org\/CreativeWork\" ><div class='avia_textblock  '   itemprop=\"text\" ><p><strong>Achetez directement en ligne<\/strong><\/p>\n<p><a href=\"https:\/\/www.prolians.fr\/boulonneuse-chocs-kub30-91-20v-300nm-solo-cof-emp-kress-67761782.html\"><img class=\"alignnone size-medium wp-image-4078\" src=\"https:\/\/eu.kresstools.com\/wp-content\/uploads\/2019\/06\/prolians-300x58.png\" alt=\"\" width=\"227\" height=\"30\" \/><\/a><\/p>\n<div  class='avia-button-wrap avia-button-left  avia-builder-el-7  avia-builder-el-no-sibling ' ><a href='https:\/\/www.prolians.fr\/boulonneuse-chocs-kub30-91-20v-300nm-solo-cof-emp-kress-67761782.html'  class='avia-button   avia-icon_select-yes-right-icon avia-color-custom avia-size-medium avia-position-left '  style='background-color:#005296; border-color:#005296; color:#ffffff; ' ><span class='avia_iconbox_title' >Vers le produit<\/span><span class='avia_button_icon avia_button_icon_right' aria-hidden='true' data-av_icon='\ue879' data-av_iconfont='entypo-fontello'><\/span><\/a><\/div>\n<p><strong>Ou trouvez un revendeur Prolians pr\u00e8s de chez vous.<\/strong><\/p>\n<p><a href=\"http:\/\/prolians.fr\">Vers la recherche de revendeurs<\/a><\/p>\n<\/div><\/section><br \/>\n<div  style='height:10px' class='hr hr-invisible   avia-builder-el-8  el_after_av_textblock  el_before_av_textblock '><span class='hr-inner ' ><span class='hr-inner-style'><\/span><\/span><\/div><br \/>\n<section class=\"av_textblock_section \"  itemscope=\"itemscope\" itemtype=\"https:\/\/schema.org\/CreativeWork\" ><div class='avia_textblock  '   itemprop=\"text\" ><p>L&rsquo;outil multifonction KRESS KUW58 480W Vibrafree\u00ae est dot\u00e9 d&rsquo;une technologie d&rsquo;oscillation \u00e0 haute fr\u00e9quence id\u00e9ale pour couper, scier, gratter, poncer, polir, enlever les joints et plus encore, pour des mat\u00e9riaux tels que le bois, le m\u00e9tal, le plastique, le carrelage et les plaques de pl\u00e2tre. La fonction Vibrafree\u00ae offre une efficacit\u00e9 de coupe 3X avec une r\u00e9duction des vibrations. Il offre un syst\u00e8me Hyperlock\u2122 sans outil qui fournit jusqu&rsquo;\u00e0 1 tonne de force de serrage pour emp\u00eacher le glissement de la lame, et l&rsquo;interface universelle peut s&rsquo;adapter \u00e0 presque toutes les marques d&rsquo;accessoires d&rsquo;outils d&rsquo;oscillation sur le march\u00e9. Elle offre un angle d&rsquo;oscillation de 5\u00b0, une vitesse maximale de 20000 tr\/min, un contr\u00f4le de la vitesse constante pour maintenir l&rsquo;efficacit\u00e9 du travail m\u00eame avec une charge \u00e9lev\u00e9e, et le contr\u00f4le de la vitesse variable et le r\u00e9glage multi-angle s&rsquo;adaptent aux diff\u00e9rentes applications.<\/p>\n<p>* La fonction Vibrafree\u00ae offre une efficacit\u00e9 de coupe 3X avec une r\u00e9duction des vibrations.<br \/>\n* Le syst\u00e8me Hyperlock\u2122 sans outil offre une force de serrage d&rsquo;une tonne emp\u00eachant le glissement de la lame.<br \/>\n* Technologie d&rsquo;oscillation \u00e0 haute fr\u00e9quence Microsonic<br \/>\n* Interface universelle compatible avec la majorit\u00e9 des accessoires d&rsquo;autres marques<br \/>\n* Angle d&rsquo;oscillation de 5\u00b0, contr\u00f4le de la vitesse constante pour maintenir l&rsquo;efficacit\u00e9 du travail m\u00eame avec une charge \u00e9lev\u00e9e.<br \/>\n* Contr\u00f4le de la vitesse variable et r\u00e9glage multi-angle pour s&rsquo;adapter aux diff\u00e9rentes applications de coupe, sciage, grattage, pon\u00e7age, polissage, enl\u00e8vement et plus encore<br \/>\n* Id\u00e9al pour le bois, le m\u00e9tal, le plastique, le carrelage, les cloisons s\u00e8ches, etc.<\/p>\n<\/div><\/section><br \/>\n<div  style='height:10px' class='hr hr-invisible   avia-builder-el-10  el_after_av_textblock  el_before_av_table '><span class='hr-inner ' ><span class='hr-inner-style'><\/span><\/span><\/div><br \/>\n<div  class='avia-table main_color avia-pricing-table-container  avia_pricing_minimal   avia-builder-el-11  el_after_av_hr  avia-builder-el-last  avia-table-1'  itemscope=\"itemscope\" itemtype=\"https:\/\/schema.org\/Table\" ><div class='pricing-table-wrap'><ul class='pricing-table '><li class=''><div class='first-table-item'>Puissance<\/div><span class='pricing-extra'><\/span><\/li><li class=''>Plage d&rsquo;oscillation<br \/><\/li><li class=''>Vitesse variable<br \/><\/li><li class=''>Niveau sonore<br \/><\/li><li class=''>Vibration m\u00e9canique<br \/><\/li><li class=''>Livr\u00e9 en coffret<br \/><\/li><li class=''>Poids<\/li><li class=''>Aspiration<br \/><\/li><li class=''>Longueur du c\u00e2ble d&rsquo;alimentation<br \/><\/li><li class=''>Nombre d&rsquo;accessoires livr\u00e9s<br \/><\/li><li class=''>Hauteur du produit<\/li><li class=''>Largeur du produit<\/li><li class=''>Longueur du produit<\/li><li class=''>Normes<br \/><\/li><li class=''>Dans la bo\u00eete<\/li><li class=''>Emballage<\/li><\/ul><\/div><div class='pricing-table-wrap'><ul class='pricing-table '><li class=''><div class='first-table-item'>480 W<br \/><\/div><span class='pricing-extra'><\/span><\/li><li class=''>5 \u00b0<br \/><\/li><li class=''>oui<\/li><li class=''>89.4 dB(A)<br \/><\/li><li class=''>5,23 m\/s\u00b2<br \/><\/li><li class=''>oui<br \/><\/li><li class=''>1.63 kg<br \/><\/li><li class=''>non<br \/><\/li><li class=''>3 m<br \/><\/li><li class=''>12 pi\u00e8ces<br \/><\/li><li class=''>64 mm<\/li><li class=''>102 mm<\/li><li class=''>286 mm<\/li><li class=''>AFNOR A571<br \/><\/li><li class=''>1x lame standard de 35 mm<br \/>\n1x lame de pr\u00e9cision de 35 mm<br \/>\n1x lame bim\u00e9tal 35mm<br \/>\n1x lame semi-circulaire HSS 80mm<br \/>\n1x grattoir rigide<br \/>\n6x feuilles de papier de verre<br \/>\n1x tampon de pon\u00e7age<br \/>\n1x \u00e9tui d&#8217;empilage<\/li><li class=''>Stacking case<\/li><\/ul><\/div><\/div><\/p><\/div>\n","protected":false},"excerpt":{"rendered":"","protected":false},"featured_media":4283,"template":"","meta":[],"product_cat":[592,582],"product_tag":[],"_links":{"self":[{"href":"https:\/\/eu.kresstools.com\/fr\/wp-json\/wp\/v2\/product\/4282"}],"collection":[{"href":"https:\/\/eu.kresstools.com\/fr\/wp-json\/wp\/v2\/product"}],"about":[{"href":"https:\/\/eu.kresstools.com\/fr\/wp-json\/wp\/v2\/types\/product"}],"wp:featuredmedia":[{"embeddable":true,"href":"https:\/\/eu.kresstools.com\/fr\/wp-json\/wp\/v2\/media\/4283"}],"wp:attachment":[{"href":"https:\/\/eu.kresstools.com\/fr\/wp-json\/wp\/v2\/media?parent=4282"}],"wp:term":[{"taxonomy":"product_cat","embeddable":true,"href":"https:\/\/eu.kresstools.com\/fr\/wp-json\/wp\/v2\/product_cat?post=4282"},{"taxonomy":"product_tag","embeddable":true,"href":"https:\/\/eu.kresstools.com\/fr\/wp-json\/wp\/v2\/product_tag?post=4282"}],"curies":[{"name":"wp","href":"https:\/\/api.w.org\/{rel}","templated":true}]}}