{"id":4230,"date":"2021-07-20T22:48:05","date_gmt":"2021-07-20T20:48:05","guid":{"rendered":"https:\/\/eu.kresstools.com\/?post_type=product&#038;p=4230"},"modified":"2024-03-26T01:44:31","modified_gmt":"2024-03-26T00:44:31","slug":"visseuse-choc-kub60-91-bl20v-230nm-solo-coff-empil","status":"publish","type":"product","link":"https:\/\/eu.kresstools.com\/fr\/produkt\/visseuse-choc-kub60-91-bl20v-230nm-solo-coff-empil\/","title":{"rendered":"VISSEUSE CHOC KUB60.91 BL20V 230NM SOLO COFF. EMPIL"},"content":{"rendered":"<div id='av_section_1'  class='avia-section main_color avia-section-default avia-no-border-styling  avia-bg-style-scroll  avia-builder-el-0  avia-builder-el-no-sibling   container_wrap fullsize' style=' '  ><div class='container' ><main  role=\"main\" itemprop=\"mainContentOfPage\"  class='template-page content  av-content-full alpha units'><div class='post-entry post-entry-type-page post-entry-4230'><div class='entry-content-wrapper clearfix'>\n<div class=\"flex_column av_one_half  flex_column_div av-zero-column-padding first  avia-builder-el-1  el_before_av_one_half  avia-builder-el-first  \" style='border-radius:0px; '><div  class='avia-gallery  avia-gallery-1 avia_lazyload avia-gallery-animate avia_animate_when_visible  avia-builder-el-2  avia-builder-el-no-sibling '  itemprop=\"image\" itemscope=\"itemscope\" itemtype=\"https:\/\/schema.org\/ImageObject\" ><a class='avia-gallery-big fakeLightbox lightbox avia-gallery-big-crop-thumb ' href='https:\/\/eu.kresstools.com\/wp-content\/uploads\/2020\/08\/KUB60.91-B.jpg'  data-onclick='1' title='' ><span class='avia-gallery-big-inner'  itemprop=\"thumbnailUrl\" >\t<img width='495' height='400' src='https:\/\/eu.kresstools.com\/wp-content\/uploads\/2020\/08\/KUB60.91-B-495x400.jpg' title='KUB60.91 (B)' alt='' \/><\/span><\/a><div class='avia-gallery-thumb'> <a href='https:\/\/eu.kresstools.com\/wp-content\/uploads\/2020\/08\/KUB60.91-B.jpg' data-rel='gallery-1' data-prev-img='https:\/\/eu.kresstools.com\/wp-content\/uploads\/2020\/08\/KUB60.91-B-495x400.jpg' class='first_thumb lightbox ' data-onclick='1' title=''  itemprop=\"thumbnailUrl\" ><img  src='https:\/\/eu.kresstools.com\/wp-content\/uploads\/2020\/08\/KUB60.91-B-495x400.jpg' width='495' height='400'  title='KUB60.91 (B)' alt='' \/><\/a> <a href='https:\/\/eu.kresstools.com\/wp-content\/uploads\/2021\/07\/kub30.91photo_princ_1.jpg' data-rel='gallery-1' data-prev-img='https:\/\/eu.kresstools.com\/wp-content\/uploads\/2021\/07\/kub30.91photo_princ_1-495x400.jpg' class='lightbox ' data-onclick='2' title=''  itemprop=\"thumbnailUrl\" ><img  src='https:\/\/eu.kresstools.com\/wp-content\/uploads\/2021\/07\/kub30.91photo_princ_1-495x400.jpg' width='495' height='400'  title='kub30.91photo_princ_1' alt='' \/><\/a> <a href='https:\/\/eu.kresstools.com\/wp-content\/uploads\/2020\/08\/KUB60.91-A.jpg' data-rel='gallery-1' data-prev-img='https:\/\/eu.kresstools.com\/wp-content\/uploads\/2020\/08\/KUB60.91-A-495x400.jpg' class='lightbox ' data-onclick='3' title=''  itemprop=\"thumbnailUrl\" ><img  src='https:\/\/eu.kresstools.com\/wp-content\/uploads\/2020\/08\/KUB60.91-A-495x400.jpg' width='495' height='400'  title='KUB60.91 (A)' alt='' \/><\/a> <a href='https:\/\/eu.kresstools.com\/wp-content\/uploads\/2020\/08\/KUB60.91-c.jpg' data-rel='gallery-1' data-prev-img='https:\/\/eu.kresstools.com\/wp-content\/uploads\/2020\/08\/KUB60.91-c-495x400.jpg' class='lightbox ' data-onclick='4' title=''  itemprop=\"thumbnailUrl\" ><img  src='https:\/\/eu.kresstools.com\/wp-content\/uploads\/2020\/08\/KUB60.91-c-495x400.jpg' width='495' height='400'  title='KUB60.91 (c)' alt='' \/><\/a><\/div><\/div><\/div><div class=\"flex_column av_one_half  flex_column_div av-zero-column-padding   avia-builder-el-3  el_after_av_one_half  avia-builder-el-last  \" style='border-radius:0px; '><p><div  style='padding-bottom:10px; font-size:34px;' class='av-special-heading av-special-heading-h3  blockquote modern-quote  avia-builder-el-4  el_before_av_hr  avia-builder-el-first  av-inherit-size '><h3 class='av-special-heading-tag '  itemprop=\"headline\"  >VISSEUSE CHOC KUB60.91 BL20V 230NM SOLO COFF. EMPIL<\/h3><div class ='av-subheading av-subheading_below  ' style='font-size:15px;'><p>KUA72 offre des performances sup\u00e9rieures dans des conditions de travail difficiles avec un couple maximal de 65 Nm.<\/p>\n<\/div><div class='special-heading-border'><div class='special-heading-inner-border' ><\/div><\/div><\/div><br \/>\n<div  style='height:10px' class='hr hr-invisible   avia-builder-el-5  el_after_av_heading  el_before_av_textblock '><span class='hr-inner ' ><span class='hr-inner-style'><\/span><\/span><\/div><br \/>\n<section class=\"av_textblock_section \"  itemscope=\"itemscope\" itemtype=\"https:\/\/schema.org\/CreativeWork\" ><div class='avia_textblock  '   itemprop=\"text\" ><p><strong>Achetez directement en ligne<\/strong><\/p>\n<p><a href=\"https:\/\/www.prolians.fr\/boulonneuse-chocs-kub30-91-20v-300nm-solo-cof-emp-kress-67761782.html\"><img class=\"alignnone size-medium wp-image-4078\" src=\"https:\/\/eu.kresstools.com\/wp-content\/uploads\/2019\/06\/prolians-300x58.png\" alt=\"\" width=\"227\" height=\"30\" \/><\/a><\/p>\n<div  class='avia-button-wrap avia-button-left  avia-builder-el-7  avia-builder-el-no-sibling ' ><a href='https:\/\/www.prolians.fr\/boulonneuse-chocs-kub30-91-20v-300nm-solo-cof-emp-kress-67761782.html'  class='avia-button   avia-icon_select-yes-right-icon avia-color-custom avia-size-medium avia-position-left '  style='background-color:#005296; border-color:#005296; color:#ffffff; ' ><span class='avia_iconbox_title' >Vers le produit<\/span><span class='avia_button_icon avia_button_icon_right' aria-hidden='true' data-av_icon='\ue879' data-av_iconfont='entypo-fontello'><\/span><\/a><\/div>\n<p><strong>Ou trouvez un revendeur Prolians pr\u00e8s de chez vous.<\/strong><\/p>\n<p><a href=\"http:\/\/prolians.fr\">Vers la recherche de revendeurs<\/a><\/p>\n<\/div><\/section><br \/>\n<div  style='height:10px' class='hr hr-invisible   avia-builder-el-8  el_after_av_textblock  el_before_av_textblock '><span class='hr-inner ' ><span class='hr-inner-style'><\/span><\/span><\/div><br \/>\n<section class=\"av_textblock_section \"  itemscope=\"itemscope\" itemtype=\"https:\/\/schema.org\/CreativeWork\" ><div class='avia_textblock  '   itemprop=\"text\" ><p>Perceuse visseuse \u00e0 choc \u00e0 moteur Brushless, sans charbons offrant 50% d&rsquo;autonomie et et 25% de puissance en plus.<br \/>\nVariateur de vitesse 3 positions 0-900\/0-2400\/0-3000 tr\/min.<br \/>\nCadence de frappe 0-1200\/0-3300\/0-4000 cpm<br \/>\nClip de ceinture r\u00e9versible en m\u00e9tal pour accrocher votre outil rapidement et facilement.<br \/>\nEclairage LED.<br \/>\nLivr\u00e9e en coffret empilable avec embout de vissage et un 1 clip porte embout.<br \/>\nSans batterie ni chargeur<\/p>\n<\/div><\/section><br \/>\n<section class=\"av_textblock_section \"  itemscope=\"itemscope\" itemtype=\"https:\/\/schema.org\/CreativeWork\" ><div class='avia_textblock  '   itemprop=\"text\" ><p>La visseuse \u00e0 chocs KRESS KUB60.91 20V 1\/4\u2033 hexagonale est \u00e9quip\u00e9e d&rsquo;un moteur sans balais qui offre une taille plus compacte, une dur\u00e9e de vie du moteur jusqu&rsquo;\u00e0 10 fois plus longue et une autonomie accrue de 50 %. Elle offre un couple de 230 Nm avec 3 vitesses, 3000 tr\/min et des taux d&rsquo;impact allant jusqu&rsquo;\u00e0 4000 IPM, ce qui la rend parfaitement adapt\u00e9e \u00e0 de multiples applications, petites ou grandes. Sa conception compacte le rend parfait pour acc\u00e9der aux endroits \u00e9troits ; la lumi\u00e8re LED le rend id\u00e9al pour une utilisation dans les zones de travail sombres ou mal \u00e9clair\u00e9es. Emball\u00e9 dans une mallette robuste et empilable pour faciliter le transport et le stockage.<\/p>\n<p>* Moteur sans balais : plus grande autonomie, plus grande puissance et plus grande dur\u00e9e de vie du moteur<br \/>\n* Couple maximal de 230 Nm \u00e0 4 000 impacts par minute pour l&rsquo;enfoncement rapide de vis et de boulons de grande taille.<br \/>\n* Bo\u00eetier d&rsquo;engrenage en aluminium pour une durabilit\u00e9 et une dur\u00e9e de vie accrues<br \/>\n* Mandrin hexagonal de 6,35 mm \u00e0 touche unique pour un changement d&#8217;embout facile et rapide<br \/>\n* Commande \u00e9lectronique \u00e0 3 vitesses pour une polyvalence maximale dans diff\u00e9rentes applications<br \/>\n* Poign\u00e9e caoutchout\u00e9e pour un meilleur confort d&rsquo;utilisation<br \/>\n* L&rsquo;\u00e9clairage LED permet une utilisation id\u00e9ale dans les zones de travail sombres ou mal \u00e9clair\u00e9es.<br \/>\n* Tous les produits KRESS 20V sont compatibles avec toutes les batteries KROSSPACK\u00ae 20V Max.<br \/>\n*Mallette d&#8217;empilage M<\/p>\n<\/div><\/section><br \/>\n<div  style='height:10px' class='hr hr-invisible   avia-builder-el-11  el_after_av_textblock  el_before_av_table '><span class='hr-inner ' ><span class='hr-inner-style'><\/span><\/span><\/div><br \/>\n<div  class='avia-table main_color avia-pricing-table-container  avia_pricing_minimal   avia-builder-el-12  el_after_av_hr  avia-builder-el-last  avia-table-1'  itemscope=\"itemscope\" itemtype=\"https:\/\/schema.org\/Table\" ><div class='pricing-table-wrap'><ul class='pricing-table '><li class=''><div class='first-table-item'>Tension<\/div><span class='pricing-extra'><\/span><\/li><li class=''>Amp\u00e9rage<br \/><\/li><li class=''>Chargeur<br \/><\/li><li class=''>Couple<\/li><li class=''>Porte outil<br \/><\/li><li class=''>Niveau sonore<br \/><\/li><li class=''>Vibration m\u00e9canique<br \/><\/li><li class=''>Livr\u00e9 en coffret<br \/><\/li><li class=''>Poids<\/li><li class=''>Type de batterie<br \/><\/li><li class=''>Normes<\/li><li class=''>Nombre de batteries<br \/><\/li><\/ul><\/div><div class='pricing-table-wrap'><ul class='pricing-table '><li class=''><div class='first-table-item'>20 V<br \/><\/div><span class='pricing-extra'><\/span><\/li><li class=''>4 Ah<br \/><\/li><li class=''>non<\/li><li class=''>235 N.m<br \/><\/li><li class=''>6,35<br \/><\/li><li class=''>84.5 dB(A)<br \/><\/li><li class=''>3,36 m\/s\u00b2<br \/><\/li><li class=''>oui<\/li><li class=''>1.04 kg<br \/><\/li><li class=''>sans batterie<br \/><\/li><li class=''>AFNOR A571<br \/><\/li><li class=''>0<\/li><\/ul><\/div><\/div><\/p><\/div>\n","protected":false},"excerpt":{"rendered":"","protected":false},"featured_media":4236,"template":"","meta":[],"product_cat":[582,586],"product_tag":[],"_links":{"self":[{"href":"https:\/\/eu.kresstools.com\/fr\/wp-json\/wp\/v2\/product\/4230"}],"collection":[{"href":"https:\/\/eu.kresstools.com\/fr\/wp-json\/wp\/v2\/product"}],"about":[{"href":"https:\/\/eu.kresstools.com\/fr\/wp-json\/wp\/v2\/types\/product"}],"wp:featuredmedia":[{"embeddable":true,"href":"https:\/\/eu.kresstools.com\/fr\/wp-json\/wp\/v2\/media\/4236"}],"wp:attachment":[{"href":"https:\/\/eu.kresstools.com\/fr\/wp-json\/wp\/v2\/media?parent=4230"}],"wp:term":[{"taxonomy":"product_cat","embeddable":true,"href":"https:\/\/eu.kresstools.com\/fr\/wp-json\/wp\/v2\/product_cat?post=4230"},{"taxonomy":"product_tag","embeddable":true,"href":"https:\/\/eu.kresstools.com\/fr\/wp-json\/wp\/v2\/product_tag?post=4230"}],"curies":[{"name":"wp","href":"https:\/\/api.w.org\/{rel}","templated":true}]}}