{"id":4218,"date":"2021-07-20T02:00:17","date_gmt":"2021-07-20T00:00:17","guid":{"rendered":"https:\/\/eu.kresstools.com\/?post_type=product&#038;p=4218"},"modified":"2024-03-26T01:40:49","modified_gmt":"2024-03-26T00:40:49","slug":"marteau-perforateur-sds-kuc60-2-bl20v-22mm-2j-2x4ah-coffret-empil","status":"publish","type":"product","link":"https:\/\/eu.kresstools.com\/fr\/produkt\/marteau-perforateur-sds-kuc60-2-bl20v-22mm-2j-2x4ah-coffret-empil\/","title":{"rendered":"MARTEAU PERFORATEUR SDS+ KUC60.2 BL20V 22MM 2J 2X4AH COFFRET EMPIL"},"content":{"rendered":"<div id='av_section_1'  class='avia-section main_color avia-section-default avia-no-border-styling  avia-bg-style-scroll  avia-builder-el-0  avia-builder-el-no-sibling   container_wrap fullsize' style=' '  ><div class='container' ><main  role=\"main\" itemprop=\"mainContentOfPage\"  class='template-page content  av-content-full alpha units'><div class='post-entry post-entry-type-page post-entry-4218'><div class='entry-content-wrapper clearfix'>\n<div class=\"flex_column av_one_half  flex_column_div av-zero-column-padding first  avia-builder-el-1  el_before_av_one_half  avia-builder-el-first  \" style='border-radius:0px; '><div  class='avia-gallery  avia-gallery-1 avia_lazyload avia-gallery-animate avia_animate_when_visible  avia-builder-el-2  avia-builder-el-no-sibling '  itemprop=\"image\" itemscope=\"itemscope\" itemtype=\"https:\/\/schema.org\/ImageObject\" ><a class='avia-gallery-big fakeLightbox lightbox avia-gallery-big-crop-thumb ' href='https:\/\/eu.kresstools.com\/wp-content\/uploads\/2020\/08\/KUC60.2-4.jpg'  data-onclick='1' title='' ><span class='avia-gallery-big-inner'  itemprop=\"thumbnailUrl\" >\t<img width='495' height='400' src='https:\/\/eu.kresstools.com\/wp-content\/uploads\/2020\/08\/KUC60.2-4-495x400.jpg' title='KUC60.2 (4)' alt='' \/><\/span><\/a><div class='avia-gallery-thumb'> <a href='https:\/\/eu.kresstools.com\/wp-content\/uploads\/2020\/08\/KUC60.2-4.jpg' data-rel='gallery-1' data-prev-img='https:\/\/eu.kresstools.com\/wp-content\/uploads\/2020\/08\/KUC60.2-4-495x400.jpg' class='first_thumb lightbox ' data-onclick='1' title=''  itemprop=\"thumbnailUrl\" ><img  src='https:\/\/eu.kresstools.com\/wp-content\/uploads\/2020\/08\/KUC60.2-4-495x400.jpg' width='495' height='400'  title='KUC60.2 (4)' alt='' \/><\/a> <a href='https:\/\/eu.kresstools.com\/wp-content\/uploads\/2020\/08\/KUC60.2-3.jpg' data-rel='gallery-1' data-prev-img='https:\/\/eu.kresstools.com\/wp-content\/uploads\/2020\/08\/KUC60.2-3-495x400.jpg' class='lightbox ' data-onclick='2' title=''  itemprop=\"thumbnailUrl\" ><img  src='https:\/\/eu.kresstools.com\/wp-content\/uploads\/2020\/08\/KUC60.2-3-495x400.jpg' width='495' height='400'  title='KUC60.2 (3)' alt='' \/><\/a> <a href='https:\/\/eu.kresstools.com\/wp-content\/uploads\/2020\/08\/KUC60.2-2.jpg' data-rel='gallery-1' data-prev-img='https:\/\/eu.kresstools.com\/wp-content\/uploads\/2020\/08\/KUC60.2-2-495x400.jpg' class='lightbox ' data-onclick='3' title=''  itemprop=\"thumbnailUrl\" ><img  src='https:\/\/eu.kresstools.com\/wp-content\/uploads\/2020\/08\/KUC60.2-2-495x400.jpg' width='495' height='400'  title='KUC60.2 (2)' alt='' \/><\/a><\/div><\/div><\/div><div class=\"flex_column av_one_half  flex_column_div av-zero-column-padding   avia-builder-el-3  el_after_av_one_half  avia-builder-el-last  \" style='border-radius:0px; '><p><div  style='padding-bottom:10px; font-size:34px;' class='av-special-heading av-special-heading-h3  blockquote modern-quote  avia-builder-el-4  el_before_av_hr  avia-builder-el-first  av-inherit-size '><h3 class='av-special-heading-tag '  itemprop=\"headline\"  >MARTEAU PERFORATEUR SDS+ KUC60.2 BL20V 22MM 2J 2X4AH COFFRET EMPIL<\/h3><div class ='av-subheading av-subheading_below  ' style='font-size:15px;'><p>Le mod\u00e8le compact KUC60 est \u00e9quip\u00e9 d&rsquo;un moteur sans balais, d&rsquo;une \u00e9nergie de frappe de 2,0 J, du syst\u00e8me SDS+, d&rsquo;un embrayage de s\u00e9curit\u00e9 et de 3 fonctions : perceuse, marteau et visseuse. Il convient \u00e0 de multiples applications<\/p>\n<\/div><div class='special-heading-border'><div class='special-heading-inner-border' ><\/div><\/div><\/div><br \/>\n<div  style='height:10px' class='hr hr-invisible   avia-builder-el-5  el_after_av_heading  el_before_av_textblock '><span class='hr-inner ' ><span class='hr-inner-style'><\/span><\/span><\/div><br \/>\n<section class=\"av_textblock_section \"  itemscope=\"itemscope\" itemtype=\"https:\/\/schema.org\/CreativeWork\" ><div class='avia_textblock  '   itemprop=\"text\" ><p><strong>Achetez directement en ligne<\/strong><\/p>\n<p><a href=\"https:\/\/www.prolians.fr\/boulonneuse-chocs-kub30-91-20v-300nm-solo-cof-emp-kress-67761782.html\"><img class=\"alignnone size-medium wp-image-4078\" src=\"https:\/\/eu.kresstools.com\/wp-content\/uploads\/2019\/06\/prolians-300x58.png\" alt=\"\" width=\"227\" height=\"30\" \/><\/a><\/p>\n<div  class='avia-button-wrap avia-button-left  avia-builder-el-7  avia-builder-el-no-sibling ' ><a href='https:\/\/www.prolians.fr\/marteau-perf-sds-kuc602-20v-22mm-2j-2x4ah-cof-emp-kress-67761804.html'  class='avia-button   avia-icon_select-yes-right-icon avia-color-custom avia-size-medium avia-position-left '  style='background-color:#005296; border-color:#005296; color:#ffffff; ' ><span class='avia_iconbox_title' >Vers le produit<\/span><span class='avia_button_icon avia_button_icon_right' aria-hidden='true' data-av_icon='\ue879' data-av_iconfont='entypo-fontello'><\/span><\/a><\/div>\n<p><strong>Ou trouvez un revendeur Prolians pr\u00e8s de chez vous.<\/strong><\/p>\n<p><a href=\"http:\/\/prolians.fr\">Vers la recherche de revendeurs<\/a><\/p>\n<\/div><\/section><br \/>\n<div  style='height:10px' class='hr hr-invisible   avia-builder-el-8  el_after_av_textblock  el_before_av_textblock '><span class='hr-inner ' ><span class='hr-inner-style'><\/span><\/span><\/div><br \/>\n<section class=\"av_textblock_section \"  itemscope=\"itemscope\" itemtype=\"https:\/\/schema.org\/CreativeWork\" ><div class='avia_textblock  '   itemprop=\"text\" ><p>Le KUC60.2 3 Function 22mm SDS+ Rotary Hammer Drill Kit est dot\u00e9 d&rsquo;un moteur sans balais qui offre une taille plus compacte, une dur\u00e9e de vie du moteur jusqu&rsquo;\u00e0 10 fois plus longue et une autonomie accrue de 50 %. Il d\u00e9livre 2J d&rsquo;\u00e9nergie d&rsquo;impact et 4700 BPMS de puissance de forage \u00e0 haute vitesse. Il offre la polyvalence de 3 fonctions : per\u00e7age, per\u00e7age au marteau et burinage avec un r\u00e9glage s\u00e9par\u00e9 de l&rsquo;angle du burin, pour un per\u00e7age rapide dans le b\u00e9ton jusqu&rsquo;\u00e0 22 mm, ainsi qu&rsquo;un mandrin SDS+ pour un changement d&#8217;embout facile. L&rsquo;\u00e9clairage LED est id\u00e9al pour les zones de travail sombres ou mal \u00e9clair\u00e9es, et l&#8217;embrayage de s\u00e9curit\u00e9 \u00e9lectronique augmente la s\u00e9curit\u00e9 de l&rsquo;utilisateur. Elle est livr\u00e9e dans une mallette robuste et empilable pour faciliter le transport et le stockage.<\/p>\n<p>* Technologie de moteur sans balais offrant une taille plus compacte, une dur\u00e9e de vie du moteur jusqu&rsquo;\u00e0 10 fois plus longue et une autonomie accrue de 50 %.<br \/>\n* 3 fonctions : per\u00e7age, per\u00e7age \u00e0 percussion et burinage avec r\u00e9glage s\u00e9par\u00e9 de l&rsquo;angle du burin<br \/>\n* Puissante \u00e9nergie d&rsquo;impact de 2 joules et capacit\u00e9 de per\u00e7age maximale de 22 mm dans le b\u00e9ton.<br \/>\n* Embrayage de s\u00e9curit\u00e9 \u00e9lectronique et m\u00e9canique pour une meilleure protection de l&rsquo;utilisateur<br \/>\n* Le mandrin SDS+ facilite le changement d&#8217;embout.<br \/>\n* Vitesse variable avec interrupteur \u00e0 g\u00e2chette \u00e0 fonction invers\u00e9e pour un meilleur contr\u00f4le lors du per\u00e7age<br \/>\n* L&rsquo;\u00e9clairage LED permet une utilisation id\u00e9ale dans les zones de travail sombres ou mal \u00e9clair\u00e9es.<br \/>\n* Tous les produits Kress 20V sont compatibles avec toutes les batteries KROSSPACK\u00ae 20V Max.<br \/>\n*Mallette d&#8217;empilage M<\/p>\n<\/div><\/section><br \/>\n<div  style='height:10px' class='hr hr-invisible   avia-builder-el-10  el_after_av_textblock  el_before_av_table '><span class='hr-inner ' ><span class='hr-inner-style'><\/span><\/span><\/div><br \/>\n<div  class='avia-table main_color avia-pricing-table-container  avia_pricing_minimal   avia-builder-el-11  el_after_av_hr  avia-builder-el-last  avia-table-1'  itemscope=\"itemscope\" itemtype=\"https:\/\/schema.org\/Table\" ><div class='pricing-table-wrap'><ul class='pricing-table '><li class=''><div class='first-table-item'>Tension<\/div><span class='pricing-extra'><\/span><\/li><li class=''>Amp\u00e9rage<br \/><\/li><li class=''>Chargeur<br \/><\/li><li class=''>Nombre de batteries<\/li><li class=''>Puissance de frappe<\/li><li class=''>Cadence de frappe<br \/><\/li><li class=''>Diam\u00e8tre per\u00e7age dans b\u00e9ton<br \/><\/li><li class=''>Diam\u00e8tre per\u00e7age dans l&rsquo;acier<br \/><\/li><li class=''>Diam\u00e8tre per\u00e7age dans le bois<br \/><\/li><li class=''>Niveau sonore<br \/><\/li><li class=''>Vibration m\u00e9canique<br \/><\/li><li class=''>Livr\u00e9 en coffret<br \/><\/li><li class=''>Poids<br \/><\/li><li class=''>R\u00e9gime \u00e0 vide<br \/><\/li><li class=''>Normes<\/li><\/ul><\/div><div class='pricing-table-wrap'><ul class='pricing-table '><li class=''><div class='first-table-item'>20 V<br \/><\/div><span class='pricing-extra'><\/span><\/li><li class=''>4 Ah<br \/><\/li><li class=''>oui<\/li><li class=''>2<\/li><li class=''>2 J<br \/><\/li><li class=''>4700 cps\/mn<br \/><\/li><li class=''>22 mm<br \/><\/li><li class=''>0 mm<br \/><\/li><li class=''>0 mm<br \/><\/li><li class=''>89.1 dB(A)<br \/><\/li><li class=''>9,39 tr\/mn<br \/><\/li><li class=''>oui<br \/><\/li><li class=''>1.3 kg<br \/><\/li><li class=''>1350 tr\/mn<br \/><\/li><li class=''>AFNOR A571<br \/><\/li><\/ul><\/div><\/div><\/p><\/div>\n","protected":false},"excerpt":{"rendered":"","protected":false},"featured_media":4219,"template":"","meta":[],"product_cat":[583,582],"product_tag":[],"_links":{"self":[{"href":"https:\/\/eu.kresstools.com\/fr\/wp-json\/wp\/v2\/product\/4218"}],"collection":[{"href":"https:\/\/eu.kresstools.com\/fr\/wp-json\/wp\/v2\/product"}],"about":[{"href":"https:\/\/eu.kresstools.com\/fr\/wp-json\/wp\/v2\/types\/product"}],"wp:featuredmedia":[{"embeddable":true,"href":"https:\/\/eu.kresstools.com\/fr\/wp-json\/wp\/v2\/media\/4219"}],"wp:attachment":[{"href":"https:\/\/eu.kresstools.com\/fr\/wp-json\/wp\/v2\/media?parent=4218"}],"wp:term":[{"taxonomy":"product_cat","embeddable":true,"href":"https:\/\/eu.kresstools.com\/fr\/wp-json\/wp\/v2\/product_cat?post=4218"},{"taxonomy":"product_tag","embeddable":true,"href":"https:\/\/eu.kresstools.com\/fr\/wp-json\/wp\/v2\/product_tag?post=4218"}],"curies":[{"name":"wp","href":"https:\/\/api.w.org\/{rel}","templated":true}]}}