{"id":4211,"date":"2021-07-20T01:55:29","date_gmt":"2021-07-19T23:55:29","guid":{"rendered":"https:\/\/eu.kresstools.com\/?post_type=product&#038;p=4211"},"modified":"2024-03-26T01:34:24","modified_gmt":"2024-03-26T00:34:24","slug":"perforateur-sds-kuc50-91-20mm-17j-solo-coffert-empil","status":"publish","type":"product","link":"https:\/\/eu.kresstools.com\/fr\/produkt\/perforateur-sds-kuc50-91-20mm-17j-solo-coffert-empil\/","title":{"rendered":"PERFORATEUR SDS+ KUC50.91 20MM 1,7J SOLO COFFERT EMPIL"},"content":{"rendered":"<div id='av_section_1'  class='avia-section main_color avia-section-default avia-no-border-styling  avia-bg-style-scroll  avia-builder-el-0  avia-builder-el-no-sibling   container_wrap fullsize' style=' '  ><div class='container' ><main  role=\"main\" itemprop=\"mainContentOfPage\"  class='template-page content  av-content-full alpha units'><div class='post-entry post-entry-type-page post-entry-4211'><div class='entry-content-wrapper clearfix'>\n<div class=\"flex_column av_one_half  flex_column_div av-zero-column-padding first  avia-builder-el-1  el_before_av_one_half  avia-builder-el-first  \" style='border-radius:0px; '><div  class='avia-gallery  avia-gallery-1 avia_lazyload avia-gallery-animate avia_animate_when_visible  avia-builder-el-2  avia-builder-el-no-sibling '  itemprop=\"image\" itemscope=\"itemscope\" itemtype=\"https:\/\/schema.org\/ImageObject\" ><a class='avia-gallery-big fakeLightbox lightbox avia-gallery-big-crop-thumb ' href='https:\/\/eu.kresstools.com\/wp-content\/uploads\/2024\/03\/02-KUC50.91_45-1030x1030.png'  data-onclick='1' title='' ><span class='avia-gallery-big-inner'  itemprop=\"thumbnailUrl\" >\t<img width='495' height='400' src='https:\/\/eu.kresstools.com\/wp-content\/uploads\/2024\/03\/02-KUC50.91_45-495x400.png' title='02-KUC50.91_45' alt='' \/><\/span><\/a><div class='avia-gallery-thumb'> <a href='https:\/\/eu.kresstools.com\/wp-content\/uploads\/2024\/03\/02-KUC50.91_45-1030x1030.png' data-rel='gallery-1' data-prev-img='https:\/\/eu.kresstools.com\/wp-content\/uploads\/2024\/03\/02-KUC50.91_45-495x400.png' class='first_thumb lightbox ' data-onclick='1' title=''  itemprop=\"thumbnailUrl\" ><img  src='https:\/\/eu.kresstools.com\/wp-content\/uploads\/2024\/03\/02-KUC50.91_45-495x400.png' width='495' height='400'  title='02-KUC50.91_45' alt='' \/><\/a> <a href='https:\/\/eu.kresstools.com\/wp-content\/uploads\/2021\/07\/kuc50.91photo_princ_1-1.jpg' data-rel='gallery-1' data-prev-img='https:\/\/eu.kresstools.com\/wp-content\/uploads\/2021\/07\/kuc50.91photo_princ_1-1-495x400.jpg' class='lightbox ' data-onclick='2' title=''  itemprop=\"thumbnailUrl\" ><img  src='https:\/\/eu.kresstools.com\/wp-content\/uploads\/2021\/07\/kuc50.91photo_princ_1-1-495x400.jpg' width='495' height='400'  title='kuc50.91photo_princ_1 (1)' alt='' \/><\/a> <a href='https:\/\/eu.kresstools.com\/wp-content\/uploads\/2020\/07\/KUC50.91-A.jpg' data-rel='gallery-1' data-prev-img='https:\/\/eu.kresstools.com\/wp-content\/uploads\/2020\/07\/KUC50.91-A-495x400.jpg' class='lightbox ' data-onclick='3' title=''  itemprop=\"thumbnailUrl\" ><img  src='https:\/\/eu.kresstools.com\/wp-content\/uploads\/2020\/07\/KUC50.91-A-495x400.jpg' width='495' height='400'  title='KUC50.91 (A)' alt='' \/><\/a><\/div><\/div><\/div><div class=\"flex_column av_one_half  flex_column_div av-zero-column-padding   avia-builder-el-3  el_after_av_one_half  avia-builder-el-last  \" style='border-radius:0px; '><p><div  style='padding-bottom:10px; font-size:34px;' class='av-special-heading av-special-heading-h3  blockquote modern-quote  avia-builder-el-4  el_before_av_hr  avia-builder-el-first  av-inherit-size '><h3 class='av-special-heading-tag '  itemprop=\"headline\"  >PERFORATEUR SDS+ KUC50.91 20MM 1,7J SOLO COFFERT EMPIL<\/h3><div class ='av-subheading av-subheading_below  ' style='font-size:15px;'><p>KUC50 est le marteau perforateur sans balais Kress d&rsquo;entr\u00e9e de gamme 20 V Max. Dot\u00e9 d&rsquo;une \u00e9nergie d&rsquo;impact de 1,7 J, SDS+, d&rsquo;un embrayage de s\u00e9curit\u00e9 et de 3 fonctions de fonctionnement : perceuse, marteau et tournevis.<\/p>\n<\/div><div class='special-heading-border'><div class='special-heading-inner-border' ><\/div><\/div><\/div><br \/>\n<div  style='height:10px' class='hr hr-invisible   avia-builder-el-5  el_after_av_heading  el_before_av_textblock '><span class='hr-inner ' ><span class='hr-inner-style'><\/span><\/span><\/div><br \/>\n<section class=\"av_textblock_section \"  itemscope=\"itemscope\" itemtype=\"https:\/\/schema.org\/CreativeWork\" ><div class='avia_textblock  '   itemprop=\"text\" ><p><strong>Achetez directement en ligne<\/strong><\/p>\n<p><a href=\"https:\/\/www.prolians.fr\/boulonneuse-chocs-kub30-91-20v-300nm-solo-cof-emp-kress-67761782.html\"><img class=\"alignnone size-medium wp-image-4078\" src=\"https:\/\/eu.kresstools.com\/wp-content\/uploads\/2019\/06\/prolians-300x58.png\" alt=\"\" width=\"227\" height=\"30\" \/><\/a><\/p>\n<div  class='avia-button-wrap avia-button-left  avia-builder-el-7  avia-builder-el-no-sibling ' ><a href='https:\/\/www.prolians.fr\/marteau-perf-sds-kuc5091-18mm-1-7j-solo-cof-emp-kress-67761790.html'  class='avia-button   avia-icon_select-yes-right-icon avia-color-custom avia-size-medium avia-position-left '  style='background-color:#005296; border-color:#005296; color:#ffffff; ' ><span class='avia_iconbox_title' >Vers le produit<\/span><span class='avia_button_icon avia_button_icon_right' aria-hidden='true' data-av_icon='\ue879' data-av_iconfont='entypo-fontello'><\/span><\/a><\/div>\n<p><strong>Ou trouvez un revendeur Prolians pr\u00e8s de chez vous.<\/strong><\/p>\n<p><a href=\"http:\/\/prolians.fr\">Vers la recherche de revendeurs<\/a><\/p>\n<\/div><\/section><br \/>\n<div  style='height:10px' class='hr hr-invisible   avia-builder-el-8  el_after_av_textblock  el_before_av_textblock '><span class='hr-inner ' ><span class='hr-inner-style'><\/span><\/span><\/div><br \/>\n<section class=\"av_textblock_section \"  itemscope=\"itemscope\" itemtype=\"https:\/\/schema.org\/CreativeWork\" ><div class='avia_textblock  '   itemprop=\"text\" ><section class=\"av_textblock_section \">\n<div class=\"avia_textblock lazyloaded\">\n<p>Le marteau perforateur rotatif SDS+ \u00e0 3 fonctions KUC50.91 de 20 mm est dot\u00e9 d&rsquo;une technologie de moteur sans balais offrant une taille plus compacte, une dur\u00e9e de vie du moteur jusqu&rsquo;\u00e0 10 fois plus longue et une dur\u00e9e de fonctionnement 50 % plus longue. Il fournit une \u00e9nergie d&rsquo;impact de 1,7 Joules et un taux d&rsquo;impact maximum de 5 300 pour g\u00e9rer les applications les plus exigeantes. Il offre la polyvalence de 3 fonctions\u00a0; \u00ab\u00a0per\u00e7age\u00a0\u00bb, \u00ab\u00a0martelage\u00a0\u00bb ou \u00ab\u00a0tournevis\u00a0\u00bb, ainsi que la fonction \u00ab\u00a0assistance aux impulsions\u00a0\u00bb pour le per\u00e7age dans les carreaux de c\u00e9ramique. Le mandrin SDS+ permet un changement facile des embouts, la lumi\u00e8re LED est id\u00e9ale pour une utilisation dans les zones de travail sombres ou mal \u00e9clair\u00e9es, et l&#8217;embrayage de s\u00e9curit\u00e9 \u00e9lectronique augmente la s\u00e9curit\u00e9 de l&rsquo;utilisateur. Emball\u00e9 dans une mallette empilable robuste pour un transport et un stockage faciles<\/p>\n<p>* Technologie de moteur sans balais offrant une taille plus compacte, une dur\u00e9e de vie du moteur jusqu&rsquo;\u00e0 10 fois plus longue et une dur\u00e9e de fonctionnement 50\u00a0% plus longue<br \/>\n* La fonction d&rsquo;assistance par impulsion lui permet de percer le carreau de c\u00e9ramique<br \/>\n* 3 fonctions de fonctionnement : per\u00e7age, per\u00e7age \u00e0 percussion et tournevis<br \/>\n* Embrayage de s\u00e9curit\u00e9 \u00e9lectronique pour une protection accrue de l&rsquo;utilisateur<br \/>\n* Puissante \u00e9nergie d&rsquo;impact de 1,7 joules et capacit\u00e9 de per\u00e7age maximale de 20 mm dans le b\u00e9ton<br \/>\n* Le mandrin SDS+ facilite les changements de bits<br \/>\n* Vitesse variable avec interrupteur \u00e0 g\u00e2chette \u00e0 fonction inverse pour un contr\u00f4le accru lors du per\u00e7age<br \/>\n* La lumi\u00e8re LED le rend id\u00e9al pour une utilisation dans les zones de travail sombres ou mal \u00e9clair\u00e9es<br \/>\n* Tous les produits Kress 20V sont compatibles avec toutes les batteries KROSSPACK\u00ae 20V Max<br \/>\n*Coffret empilable M<\/p>\n<\/div>\n<\/section>\n<\/div><\/section><br \/>\n<div  style='height:10px' class='hr hr-invisible   avia-builder-el-10  el_after_av_textblock  el_before_av_table '><span class='hr-inner ' ><span class='hr-inner-style'><\/span><\/span><\/div><br \/>\n<div  class='avia-table main_color avia-pricing-table-container  avia_pricing_minimal   avia-builder-el-11  el_after_av_hr  avia-builder-el-last  avia-table-1'  itemscope=\"itemscope\" itemtype=\"https:\/\/schema.org\/Table\" ><div class='pricing-table-wrap'><ul class='pricing-table '><li class=''><div class='first-table-item'>Tension<\/div><span class='pricing-extra'><\/span><\/li><li class=''>Nombre de batteries<\/li><li class=''>Amp\u00e9rage<br \/><\/li><li class=''>Chargeur<br \/><\/li><li class=''>Puissance de frappe<br \/><\/li><li class=''>Cadence de frappe<br \/><\/li><li class=''>Diam\u00e8tre per\u00e7age dans b\u00e9ton<br \/><\/li><li class=''>Diam\u00e8tre per\u00e7age dans l&rsquo;acier<br \/><\/li><li class=''>Diam\u00e8tre per\u00e7age dans le bois<br \/><\/li><li class=''>Niveau sonore<br \/><\/li><li class=''>Vibration m\u00e9canique<br \/><\/li><li class=''>Livr\u00e9 en coffret<br \/><\/li><li class=''>Poids<br \/><\/li><li class=''>R\u00e9gime \u00e0 vide<br \/><\/li><li class=''>Normes<\/li><\/ul><\/div><div class='pricing-table-wrap'><ul class='pricing-table '><li class=''><div class='first-table-item'>20 V<br \/><\/div><span class='pricing-extra'><\/span><\/li><li class=''>0<\/li><li class=''>4 Ah<br \/><\/li><li class=''>non<\/li><li class=''>1.7 J<br \/><\/li><li class=''>5300 cps\/mn<br \/><\/li><li class=''>20 mm<br \/><\/li><li class=''>13 mm<br \/><\/li><li class=''>20 mm<br \/><\/li><li class=''>95 dB(A)<br \/><\/li><li class=''>8,51<br \/><\/li><li class=''>oui<\/li><li class=''>1.1 kg<br \/><\/li><li class=''>1700 tr\/mn<br \/><\/li><li class=''>AFNOR A571<br \/><\/li><\/ul><\/div><\/div><\/p><\/div>\n","protected":false},"excerpt":{"rendered":"","protected":false},"featured_media":4212,"template":"","meta":[],"product_cat":[583,582],"product_tag":[],"_links":{"self":[{"href":"https:\/\/eu.kresstools.com\/fr\/wp-json\/wp\/v2\/product\/4211"}],"collection":[{"href":"https:\/\/eu.kresstools.com\/fr\/wp-json\/wp\/v2\/product"}],"about":[{"href":"https:\/\/eu.kresstools.com\/fr\/wp-json\/wp\/v2\/types\/product"}],"wp:featuredmedia":[{"embeddable":true,"href":"https:\/\/eu.kresstools.com\/fr\/wp-json\/wp\/v2\/media\/4212"}],"wp:attachment":[{"href":"https:\/\/eu.kresstools.com\/fr\/wp-json\/wp\/v2\/media?parent=4211"}],"wp:term":[{"taxonomy":"product_cat","embeddable":true,"href":"https:\/\/eu.kresstools.com\/fr\/wp-json\/wp\/v2\/product_cat?post=4211"},{"taxonomy":"product_tag","embeddable":true,"href":"https:\/\/eu.kresstools.com\/fr\/wp-json\/wp\/v2\/product_tag?post=4211"}],"curies":[{"name":"wp","href":"https:\/\/api.w.org\/{rel}","templated":true}]}}