{"id":10032,"date":"2024-03-26T17:12:25","date_gmt":"2024-03-26T16:16:19","guid":{"rendered":"https:\/\/eu.kresstools.com\/produkt\/kuv12p-710w-120mm-scie-circulaire\/"},"modified":"2024-06-27T05:28:40","modified_gmt":"2024-06-27T03:28:40","slug":"kuv12p-710w-120mm-scie-circulaire","status":"publish","type":"product","link":"https:\/\/eu.kresstools.com\/fr\/produkt\/kuv12p-710w-120mm-scie-circulaire\/","title":{"rendered":"KUV12P 710W 120mm Scie circulaire"},"content":{"rendered":"<div id='av_section_1'  class='avia-section main_color avia-section-default avia-no-border-styling  avia-bg-style-scroll  avia-builder-el-0  el_before_av_table  avia-builder-el-first   container_wrap fullsize' style=' '  ><div class='container' ><main  role=\"main\" itemprop=\"mainContentOfPage\"  class='template-page content  av-content-full alpha units'><div class='post-entry post-entry-type-page post-entry-10032'><div class='entry-content-wrapper clearfix'>\n<div class=\"flex_column av_one_half  flex_column_div av-zero-column-padding first  avia-builder-el-1  el_before_av_one_half  avia-builder-el-first  \" style='border-radius:0px; '><div  class='avia-gallery  avia-gallery-1 avia_lazyload avia-gallery-animate avia_animate_when_visible  avia-builder-el-2  avia-builder-el-no-sibling '  itemprop=\"image\" itemscope=\"itemscope\" itemtype=\"https:\/\/schema.org\/ImageObject\" ><a class='avia-gallery-big fakeLightbox lightbox avia-gallery-big-crop-thumb ' href='https:\/\/eu.kresstools.com\/wp-content\/uploads\/2024\/03\/KUV12P_6-1030x1030.png'  data-onclick='1' title='' ><span class='avia-gallery-big-inner'  itemprop=\"thumbnailUrl\" >\t<img width='495' height='400' src='https:\/\/eu.kresstools.com\/wp-content\/uploads\/2024\/03\/KUV12P_6-495x400.png' title='KUV12P_6' alt='' \/><\/span><\/a><div class='avia-gallery-thumb'> <a href='https:\/\/eu.kresstools.com\/wp-content\/uploads\/2024\/03\/KUV12P_6-1030x1030.png' data-rel='gallery-1' data-prev-img='https:\/\/eu.kresstools.com\/wp-content\/uploads\/2024\/03\/KUV12P_6-495x400.png' class='first_thumb lightbox ' data-onclick='1' title=''  itemprop=\"thumbnailUrl\" ><img  src='https:\/\/eu.kresstools.com\/wp-content\/uploads\/2024\/03\/KUV12P_6-495x400.png' width='495' height='400'  title='KUV12P_6' alt='' \/><\/a> <a href='https:\/\/eu.kresstools.com\/wp-content\/uploads\/2024\/03\/KUV12P_2-1030x1030.png' data-rel='gallery-1' data-prev-img='https:\/\/eu.kresstools.com\/wp-content\/uploads\/2024\/03\/KUV12P_2-495x400.png' class='lightbox ' data-onclick='2' title=''  itemprop=\"thumbnailUrl\" ><img  src='https:\/\/eu.kresstools.com\/wp-content\/uploads\/2024\/03\/KUV12P_2-495x400.png' width='495' height='400'  title='KUV12P_2' alt='' \/><\/a> <a href='https:\/\/eu.kresstools.com\/wp-content\/uploads\/2024\/03\/KUV12P_1-1030x1030.png' data-rel='gallery-1' data-prev-img='https:\/\/eu.kresstools.com\/wp-content\/uploads\/2024\/03\/KUV12P_1-495x400.png' class='lightbox ' data-onclick='3' title=''  itemprop=\"thumbnailUrl\" ><img  src='https:\/\/eu.kresstools.com\/wp-content\/uploads\/2024\/03\/KUV12P_1-495x400.png' width='495' height='400'  title='KUV12P_1' alt='' \/><\/a> <a href='https:\/\/eu.kresstools.com\/wp-content\/uploads\/2024\/03\/KUV12P_5-1030x1030.png' data-rel='gallery-1' data-prev-img='https:\/\/eu.kresstools.com\/wp-content\/uploads\/2024\/03\/KUV12P_5-495x400.png' class='lightbox ' data-onclick='4' title=''  itemprop=\"thumbnailUrl\" ><img  src='https:\/\/eu.kresstools.com\/wp-content\/uploads\/2024\/03\/KUV12P_5-495x400.png' width='495' height='400'  title='KUV12P_5' alt='' \/><\/a> <a href='https:\/\/eu.kresstools.com\/wp-content\/uploads\/2024\/03\/KUV12P_4-1030x1030.png' data-rel='gallery-1' data-prev-img='https:\/\/eu.kresstools.com\/wp-content\/uploads\/2024\/03\/KUV12P_4-495x400.png' class='lightbox ' data-onclick='5' title=''  itemprop=\"thumbnailUrl\" ><img  src='https:\/\/eu.kresstools.com\/wp-content\/uploads\/2024\/03\/KUV12P_4-495x400.png' width='495' height='400'  title='KUV12P_4' alt='' \/><\/a> <a href='https:\/\/eu.kresstools.com\/wp-content\/uploads\/2024\/03\/KUV12P_3-1030x1030.png' data-rel='gallery-1' data-prev-img='https:\/\/eu.kresstools.com\/wp-content\/uploads\/2024\/03\/KUV12P_3-495x400.png' class='first_thumb lightbox ' data-onclick='6' title=''  itemprop=\"thumbnailUrl\" ><img  src='https:\/\/eu.kresstools.com\/wp-content\/uploads\/2024\/03\/KUV12P_3-495x400.png' width='495' height='400'  title='KUV12P_3' alt='' \/><\/a> <a href='https:\/\/eu.kresstools.com\/wp-content\/uploads\/2024\/03\/KUV12P_Family-old-stacking-case-1030x1030.png' data-rel='gallery-1' data-prev-img='https:\/\/eu.kresstools.com\/wp-content\/uploads\/2024\/03\/KUV12P_Family-old-stacking-case-495x400.png' class='lightbox ' data-onclick='7' title=''  itemprop=\"thumbnailUrl\" ><img  src='https:\/\/eu.kresstools.com\/wp-content\/uploads\/2024\/03\/KUV12P_Family-old-stacking-case-495x400.png' width='495' height='400'  title='KUV12P_Family old stacking case' alt='' \/><\/a><\/div><\/div><\/div><div class=\"flex_column av_one_half  flex_column_div av-zero-column-padding   avia-builder-el-3  el_after_av_one_half  avia-builder-el-last  \" style='border-radius:0px; '><p><div  style='padding-bottom:10px; font-size:34px;' class='av-special-heading av-special-heading-h3  blockquote modern-quote  avia-builder-el-4  el_before_av_hr  avia-builder-el-first  av-inherit-size '><h3 class='av-special-heading-tag '  itemprop=\"headline\"  >Scie circulaire compacte KRESS 710W 120mm KUV12P<\/h3><div class ='av-subheading av-subheading_below  ' style='font-size:15px;'><p>KUV12P est une scie circulaire utilisable d&rsquo;une seule main<\/p>\n<\/div><div class='special-heading-border'><div class='special-heading-inner-border' ><\/div><\/div><\/div><br \/>\n<div  style='height:10px' class='hr hr-invisible   avia-builder-el-5  el_after_av_heading  el_before_av_textblock '><span class='hr-inner ' ><span class='hr-inner-style'><\/span><\/span><\/div><br \/>\n<section class=\"av_textblock_section \"  itemscope=\"itemscope\" itemtype=\"https:\/\/schema.org\/CreativeWork\" ><div class='avia_textblock  '   itemprop=\"text\" ><p>La scie circulaire compacte KRESS KUV12P 710W 120mm pr\u00e9sente un design fin et compact, ce qui la rend parfaite pour une utilisation \u00e0 une main. Cette scie compacte offre une vitesse \u00e9lev\u00e9e de 3700 tours\/minute pour des coupes en douceur, avec une capacit\u00e9 de coupe maximale de 46 mm. Le r\u00e9glage rapide de la profondeur de coupe facilite le r\u00e9glage de la profondeur, et le bo\u00eetier robuste en magn\u00e9sium ainsi que la semelle en magn\u00e9sium moul\u00e9 sous pression offrent une r\u00e9sistance et une durabilit\u00e9 accrues. Convient pour une coupe rapide et r\u00e9guli\u00e8re \u00e0 une vari\u00e9t\u00e9 d&rsquo;angles diff\u00e9rents.<\/p>\n<\/div><\/section><br \/>\n<section class=\"av_textblock_section \"  itemscope=\"itemscope\" itemtype=\"https:\/\/schema.org\/CreativeWork\" ><div class='avia_textblock  '   itemprop=\"text\" ><p>* Scie circulaire compacte avec une profondeur de coupe maximale de 46 mm<br \/>\n* L&rsquo;utilisation d&rsquo;une seule main rend le travail plus efficace<br \/>\n* R\u00e9glage rapide de la profondeur de coupe pour faciliter le r\u00e9glage de la profondeur<br \/>\n* R\u00e9glage du biseau pour des conditions de travail particuli\u00e8res<br \/>\n* Bouton de verrouillage de la broche pour un changement de lame facile<br \/>\n* Conception ergonomique de l&rsquo;\u00e9quilibre avec construction du moteur arri\u00e8re<\/p>\n<\/div><\/section><\/p><\/div><\/div><\/div><\/main><!-- close content main element --><\/div><\/div><div id='after_section_1'  class='main_color av_default_container_wrap container_wrap fullsize' style=' '  ><div class='container' ><div class='template-page content  av-content-full alpha units'><div class='post-entry post-entry-type-page post-entry-10032'><div class='entry-content-wrapper clearfix'><div  class='avia-table main_color avia-pricing-table-container  avia_pricing_default   avia-builder-el-8  el_after_av_section  avia-builder-el-no-sibling  avia-table-1'  itemscope=\"itemscope\" itemtype=\"https:\/\/schema.org\/Table\" ><div class='pricing-table-wrap'><ul class='pricing-table '><li class=''><div class='first-table-item'>Puissance nominale<\/div><span class='pricing-extra'><\/span><\/li><li class=''>Diam\u00e8tre de la lame<\/li><li class=''>Taille de l&rsquo;al\u00e9sage du disque<\/li><li class=''>Type d&rsquo;interrupteur<\/li><li class=''>Vitesse \u00e0 vide<\/li><li class=''>Angles de biseau<\/li><li class=''>Capacit\u00e9 de profondeur de coupe<\/li><li class=''>Max. Profondeur de coupe \u00e0 45\u00b0g<\/li><li class=''>Max. Profondeur de coupe \u00e0 90\u00b0g<\/li><li class=''>Longueur du produit<\/li><li class=''>Largeur du produit<\/li><li class=''>Hauteur du produit<\/li><li class=''>Poids<\/li><li class=''>Paquet<\/li><li class=''>Dans la bo\u00eete<\/li><\/ul><\/div><div class='pricing-table-wrap'><ul class='pricing-table '><li class=''><div class='first-table-item'>710W<\/div><span class='pricing-extra'><\/span><\/li><li class=''>120 mm<\/li><li class=''>9,5 mm<\/li><li class=''>Interrupteur de verrouillage<\/li><li class=''>0 &#8211; 3700 tr\/min<\/li><li class=''>0-45\u00b0<\/li><li class=''>46 mm<\/li><li class=''>30 mm<\/li><li class=''>46 mm<\/li><li class=''>389 mm<\/li><li class=''>107 mm<\/li><li class=''>163 mm<\/li><li class=''>2,3 kg<\/li><li class=''>Mallette empilable<\/li><li class=''>1x TCT 24T(KA8383)<br \/>\n1x HSS 60T(KA8382)<br \/>\n1x disque diamant\u00e9 (KA8381)<br \/>\n1x guide parall\u00e8le<br \/>\n1x adaptateur pour le vide<br \/>\n1x cl\u00e9 hexagonale<br \/>\n1x valise d&#8217;empilage<\/li><\/ul><\/div><\/div><\/p>\n","protected":false},"excerpt":{"rendered":"","protected":false},"featured_media":8656,"template":"","meta":[],"product_cat":[666,665,587],"product_tag":[],"_links":{"self":[{"href":"https:\/\/eu.kresstools.com\/fr\/wp-json\/wp\/v2\/product\/10032"}],"collection":[{"href":"https:\/\/eu.kresstools.com\/fr\/wp-json\/wp\/v2\/product"}],"about":[{"href":"https:\/\/eu.kresstools.com\/fr\/wp-json\/wp\/v2\/types\/product"}],"wp:featuredmedia":[{"embeddable":true,"href":"https:\/\/eu.kresstools.com\/fr\/wp-json\/wp\/v2\/media\/8656"}],"wp:attachment":[{"href":"https:\/\/eu.kresstools.com\/fr\/wp-json\/wp\/v2\/media?parent=10032"}],"wp:term":[{"taxonomy":"product_cat","embeddable":true,"href":"https:\/\/eu.kresstools.com\/fr\/wp-json\/wp\/v2\/product_cat?post=10032"},{"taxonomy":"product_tag","embeddable":true,"href":"https:\/\/eu.kresstools.com\/fr\/wp-json\/wp\/v2\/product_tag?post=10032"}],"curies":[{"name":"wp","href":"https:\/\/api.w.org\/{rel}","templated":true}]}}