{"id":10012,"date":"2024-03-26T16:31:01","date_gmt":"2024-03-26T15:37:31","guid":{"rendered":"https:\/\/eu.kresstools.com\/produkt\/meuleuse-dangle-kus26-1200w\/"},"modified":"2024-03-27T17:52:22","modified_gmt":"2024-03-27T16:52:22","slug":"meuleuse-dangle-kus26-1200w","status":"publish","type":"product","link":"https:\/\/eu.kresstools.com\/fr\/produkt\/meuleuse-dangle-kus26-1200w\/","title":{"rendered":"Meuleuse d&rsquo;angle KUS26 1200W"},"content":{"rendered":"<div id='av_section_1'  class='avia-section main_color avia-section-default avia-no-border-styling  avia-bg-style-scroll  avia-builder-el-0  el_before_av_table  avia-builder-el-first   container_wrap fullsize' style=' '  ><div class='container' ><main  role=\"main\" itemprop=\"mainContentOfPage\"  class='template-page content  av-content-full alpha units'><div class='post-entry post-entry-type-page post-entry-10012'><div class='entry-content-wrapper clearfix'>\n<div class=\"flex_column av_one_half  flex_column_div av-zero-column-padding first  avia-builder-el-1  el_before_av_one_half  avia-builder-el-first  \" style='border-radius:0px; '><div  class='avia-gallery  avia-gallery-1 avia_lazyload avia-gallery-animate avia_animate_when_visible  avia-builder-el-2  avia-builder-el-no-sibling '  itemprop=\"image\" itemscope=\"itemscope\" itemtype=\"https:\/\/schema.org\/ImageObject\" ><a class='avia-gallery-big fakeLightbox lightbox avia-gallery-big-crop-thumb ' href='https:\/\/eu.kresstools.com\/wp-content\/uploads\/2024\/03\/KUS26_front-1030x1030.png'  data-onclick='1' title='' ><span class='avia-gallery-big-inner'  itemprop=\"thumbnailUrl\" >\t<img width='495' height='400' src='https:\/\/eu.kresstools.com\/wp-content\/uploads\/2024\/03\/KUS26_front-495x400.png' title='KUS26_front' alt='' \/><\/span><\/a><div class='avia-gallery-thumb'> <a href='https:\/\/eu.kresstools.com\/wp-content\/uploads\/2024\/03\/KUS26_front-1030x1030.png' data-rel='gallery-1' data-prev-img='https:\/\/eu.kresstools.com\/wp-content\/uploads\/2024\/03\/KUS26_front-495x400.png' class='first_thumb lightbox ' data-onclick='1' title=''  itemprop=\"thumbnailUrl\" ><img  src='https:\/\/eu.kresstools.com\/wp-content\/uploads\/2024\/03\/KUS26_front-495x400.png' width='495' height='400'  title='KUS26_front' alt='' \/><\/a> <a href='https:\/\/eu.kresstools.com\/wp-content\/uploads\/2024\/03\/KUS26_Diagram-1030x687.png' data-rel='gallery-1' data-prev-img='https:\/\/eu.kresstools.com\/wp-content\/uploads\/2024\/03\/KUS26_Diagram-495x400.png' class='lightbox ' data-onclick='2' title=''  itemprop=\"thumbnailUrl\" ><img  src='https:\/\/eu.kresstools.com\/wp-content\/uploads\/2024\/03\/KUS26_Diagram-495x400.png' width='495' height='400'  title='KUS26_Diagramme' alt='' \/><\/a> <a href='https:\/\/eu.kresstools.com\/wp-content\/uploads\/2024\/03\/KUS26_Family-1030x1030.png' data-rel='gallery-1' data-prev-img='https:\/\/eu.kresstools.com\/wp-content\/uploads\/2024\/03\/KUS26_Family-495x400.png' class='lightbox ' data-onclick='3' title=''  itemprop=\"thumbnailUrl\" ><img  src='https:\/\/eu.kresstools.com\/wp-content\/uploads\/2024\/03\/KUS26_Family-495x400.png' width='495' height='400'  title='KUS26_Famille' alt='' \/><\/a> <a href='https:\/\/eu.kresstools.com\/wp-content\/uploads\/2024\/03\/KUS26_5-1030x1030.png' data-rel='gallery-1' data-prev-img='https:\/\/eu.kresstools.com\/wp-content\/uploads\/2024\/03\/KUS26_5-495x400.png' class='lightbox ' data-onclick='4' title=''  itemprop=\"thumbnailUrl\" ><img  src='https:\/\/eu.kresstools.com\/wp-content\/uploads\/2024\/03\/KUS26_5-495x400.png' width='495' height='400'  title='KUS26_5' alt='' \/><\/a> <a href='https:\/\/eu.kresstools.com\/wp-content\/uploads\/2024\/03\/KUS26_45-1030x1030.png' data-rel='gallery-1' data-prev-img='https:\/\/eu.kresstools.com\/wp-content\/uploads\/2024\/03\/KUS26_45-495x400.png' class='lightbox ' data-onclick='5' title=''  itemprop=\"thumbnailUrl\" ><img  src='https:\/\/eu.kresstools.com\/wp-content\/uploads\/2024\/03\/KUS26_45-495x400.png' width='495' height='400'  title='KUS26_45' alt='' \/><\/a> <a href='https:\/\/eu.kresstools.com\/wp-content\/uploads\/2024\/03\/KUS26_3-1030x1030.png' data-rel='gallery-1' data-prev-img='https:\/\/eu.kresstools.com\/wp-content\/uploads\/2024\/03\/KUS26_3-495x400.png' class='first_thumb lightbox ' data-onclick='6' title=''  itemprop=\"thumbnailUrl\" ><img  src='https:\/\/eu.kresstools.com\/wp-content\/uploads\/2024\/03\/KUS26_3-495x400.png' width='495' height='400'  title='KUS26_3' alt='' \/><\/a> <a href='https:\/\/eu.kresstools.com\/wp-content\/uploads\/2024\/03\/KUS26_4-1030x1030.png' data-rel='gallery-1' data-prev-img='https:\/\/eu.kresstools.com\/wp-content\/uploads\/2024\/03\/KUS26_4-495x400.png' class='lightbox ' data-onclick='7' title=''  itemprop=\"thumbnailUrl\" ><img  src='https:\/\/eu.kresstools.com\/wp-content\/uploads\/2024\/03\/KUS26_4-495x400.png' width='495' height='400'  title='KUS26_4' alt='' \/><\/a> <a href='https:\/\/eu.kresstools.com\/wp-content\/uploads\/2024\/03\/KUS26_2-1030x1030.png' data-rel='gallery-1' data-prev-img='https:\/\/eu.kresstools.com\/wp-content\/uploads\/2024\/03\/KUS26_2-495x400.png' class='lightbox ' data-onclick='8' title=''  itemprop=\"thumbnailUrl\" ><img  src='https:\/\/eu.kresstools.com\/wp-content\/uploads\/2024\/03\/KUS26_2-495x400.png' width='495' height='400'  title='KUS26_2' alt='' \/><\/a> <a href='https:\/\/eu.kresstools.com\/wp-content\/uploads\/2024\/03\/KUS26_1-1030x1030.png' data-rel='gallery-1' data-prev-img='https:\/\/eu.kresstools.com\/wp-content\/uploads\/2024\/03\/KUS26_1-495x400.png' class='lightbox ' data-onclick='9' title=''  itemprop=\"thumbnailUrl\" ><img  src='https:\/\/eu.kresstools.com\/wp-content\/uploads\/2024\/03\/KUS26_1-495x400.png' width='495' height='400'  title='KUS26_1' alt='' \/><\/a><\/div><\/div><\/div><div class=\"flex_column av_one_half  flex_column_div av-zero-column-padding   avia-builder-el-3  el_after_av_one_half  avia-builder-el-last  \" style='border-radius:0px; '><p><div  style='padding-bottom:10px; font-size:34px;' class='av-special-heading av-special-heading-h3  blockquote modern-quote  avia-builder-el-4  el_before_av_hr  avia-builder-el-first  av-inherit-size '><h3 class='av-special-heading-tag '  itemprop=\"headline\"  >KRESS 1200W Brushless 125mm Slim Body Slide Switch Angle Grinder KUS26<\/h3><div class ='av-subheading av-subheading_below  ' style='font-size:15px;'><p>KUS26 est la premi\u00e8re meuleuse d&rsquo;angle sans fil de la gamme Kress. Il est dot\u00e9 d&rsquo;une protection contre le d\u00e9marrage progressif et le red\u00e9marrage. Fourni avec une poign\u00e9e anti-vibration et une protection sans outil.<\/p>\n<\/div><div class='special-heading-border'><div class='special-heading-inner-border' ><\/div><\/div><\/div><br \/>\n<div  style='height:10px' class='hr hr-invisible   avia-builder-el-5  el_after_av_heading  el_before_av_textblock '><span class='hr-inner ' ><span class='hr-inner-style'><\/span><\/span><\/div><br \/>\n<section class=\"av_textblock_section \"  itemscope=\"itemscope\" itemtype=\"https:\/\/schema.org\/CreativeWork\" ><div class='avia_textblock  '   itemprop=\"text\" ><p>La meuleuse d&rsquo;angle KRESS KUS26 1200W 125mm est \u00e9quip\u00e9e d&rsquo;un moteur sans balais offrant une taille plus compacte, une dur\u00e9e de vie du moteur jusqu&rsquo;\u00e0 10 fois plus longue et 50% d&rsquo;autonomie en plus. Cette meuleuse d&rsquo;angle robuste est con\u00e7ue pour un enl\u00e8vement de mati\u00e8re plus rapide, une meilleure protection contre les surcharges et une conception sup\u00e9rieure des conduits d&rsquo;air pour la gestion de la chaleur. Il est dot\u00e9 d&rsquo;une protection contre le d\u00e9marrage et le red\u00e9marrage en douceur pour plus de s\u00e9curit\u00e9, ainsi que d&rsquo;une vitesse constante, d&rsquo;un contr\u00f4le de la surchauffe et d&rsquo;une protection contre l&rsquo;\u00e9clatement des disques.<\/p>\n<\/div><\/section><br \/>\n<section class=\"av_textblock_section \"  itemscope=\"itemscope\" itemtype=\"https:\/\/schema.org\/CreativeWork\" ><div class='avia_textblock  '   itemprop=\"text\" ><p>* La technologie AC BL offre une capacit\u00e9 d&rsquo;anti-surcharge sup\u00e9rieure, un fonctionnement continu dans des conditions difficiles, une efficacit\u00e9 sup\u00e9rieure et une dur\u00e9e de vie deux fois plus longue.<br \/>\n* Pas de r\u00e9duction de l&rsquo;efficacit\u00e9 en cas de coupe et de broyage intensifs gr\u00e2ce \u00e0 un syst\u00e8me intelligent de contr\u00f4le des copeaux.<br \/>\n* Facile \u00e0 entretenir, il n&rsquo;est pas n\u00e9cessaire de remplacer les composants vuln\u00e9rables (balais de carbone, collecteur, etc.).<br \/>\n* Conception \u00e9lanc\u00e9e du corps, 177 mm de p\u00e9rim\u00e8tre de la poign\u00e9e<br \/>\n* La conception sup\u00e9rieure du conduit d&rsquo;air permet un bon contr\u00f4le de la chaleur et une bonne sensation de fonctionnement.<br \/>\n* Vitesse constante\/contr\u00f4le de la surchauffe\/protection contre l&rsquo;\u00e9clatement des disques<br \/>\n* Le d\u00e9marrage progressif et la protection contre le red\u00e9marrage assurent un environnement de travail plus s\u00fbr.<br \/>\n* R\u00e9glage rapide de la protection et poign\u00e9e anti-vibration<\/p>\n<\/div><\/section><\/p><\/div>\n<\/div><\/div><\/main><!-- close content main element --><\/div><\/div><div id='after_section_1'  class='main_color av_default_container_wrap container_wrap fullsize' style=' '  ><div class='container' ><div class='template-page content  av-content-full alpha units'><div class='post-entry post-entry-type-page post-entry-10012'><div class='entry-content-wrapper clearfix'>\n<div  class='avia-table main_color avia-pricing-table-container  avia_pricing_default   avia-builder-el-8  el_after_av_section  avia-builder-el-no-sibling  avia-table-1'  itemscope=\"itemscope\" itemtype=\"https:\/\/schema.org\/Table\" ><div class='pricing-table-wrap'><ul class='pricing-table '><li class=''><div class='first-table-item'>Puissance nominale<\/div><span class='pricing-extra'><\/span><\/li><li class=''>Type de moteur<\/li><li class=''>Type de montage du disque<\/li><li class=''>Taille du filetage de la broche<\/li><li class=''>Diam\u00e8tre de la lame<\/li><li class=''>Taille de l&rsquo;al\u00e9sage du disque<\/li><li class=''>Poign\u00e9e r\u00e9glable<\/li><li class=''>Garde r\u00e9glable<\/li><li class=''>Vitesse \u00e0 vide<\/li><li class=''>Niveau de vibration<\/li><li class=''>Longueur du produit<\/li><li class=''>Largeur du produit<\/li><li class=''>Hauteur du produit<\/li><li class=''>Poids sans batterie<\/li><li class=''>Paquet<\/li><li class=''>Dans la bo\u00eete<\/li><\/ul><\/div><div class='pricing-table-wrap'><ul class='pricing-table '><li class=''><div class='first-table-item'>1200W<\/div><span class='pricing-extra'><\/span><\/li><li class=''>brushless<\/li><li class=''>Filet de broche M14<\/li><li class=''>M14 (en)<\/li><li class=''>125 mm<\/li><li class=''>22,2 mm<\/li><li class=''>2 positions<\/li><li class=''>oui<\/li><li class=''>0-12000 tr\/min<\/li><li class=''>1,5 m\/s\u00b2 (1,5 m\/s\u00b2)<\/li><li class=''>272 mm<\/li><li class=''>117 mm<\/li><li class=''>108 mm<\/li><li class=''>1,4 kg<\/li><li class=''>Bo\u00eete de couleur<\/li><li class=''>1x poign\u00e9e auxiliaire<br \/>\n1x cl\u00e9 de serrage<br \/>\n1x prot\u00e8ge-meule pour le meulage<br \/>\n1x Couvercle anti-poussi\u00e8re de type U<\/li><\/ul><\/div><\/div>\n","protected":false},"excerpt":{"rendered":"","protected":false},"featured_media":8603,"template":"","meta":[],"product_cat":[671,665,582],"product_tag":[],"_links":{"self":[{"href":"https:\/\/eu.kresstools.com\/fr\/wp-json\/wp\/v2\/product\/10012"}],"collection":[{"href":"https:\/\/eu.kresstools.com\/fr\/wp-json\/wp\/v2\/product"}],"about":[{"href":"https:\/\/eu.kresstools.com\/fr\/wp-json\/wp\/v2\/types\/product"}],"wp:featuredmedia":[{"embeddable":true,"href":"https:\/\/eu.kresstools.com\/fr\/wp-json\/wp\/v2\/media\/8603"}],"wp:attachment":[{"href":"https:\/\/eu.kresstools.com\/fr\/wp-json\/wp\/v2\/media?parent=10012"}],"wp:term":[{"taxonomy":"product_cat","embeddable":true,"href":"https:\/\/eu.kresstools.com\/fr\/wp-json\/wp\/v2\/product_cat?post=10012"},{"taxonomy":"product_tag","embeddable":true,"href":"https:\/\/eu.kresstools.com\/fr\/wp-json\/wp\/v2\/product_tag?post=10012"}],"curies":[{"name":"wp","href":"https:\/\/api.w.org\/{rel}","templated":true}]}}