{"id":4143,"date":"2020-09-04T10:11:23","date_gmt":"2020-09-04T08:11:23","guid":{"rendered":"https:\/\/eu.kresstools.com\/garantia\/"},"modified":"2021-09-28T11:43:20","modified_gmt":"2021-09-28T09:43:20","slug":"garantie","status":"publish","type":"page","link":"https:\/\/eu.kresstools.com\/fr\/garantie\/","title":{"rendered":"Garantie"},"content":{"rendered":"<div id='av_section_1'  class='avia-section main_color avia-section-default avia-no-border-styling  avia-bg-style-scroll  avia-builder-el-0  el_before_av_section  avia-builder-el-first   container_wrap fullsize' style=' '  ><div class='container' ><main  role=\"main\" itemprop=\"mainContentOfPage\"  class='template-page content  av-content-full alpha units'><div class='post-entry post-entry-type-page post-entry-4143'><div class='entry-content-wrapper clearfix'>\n<section class=\"av_textblock_section \"  itemscope=\"itemscope\" itemtype=\"https:\/\/schema.org\/CreativeWork\" ><div class='avia_textblock  '   itemprop=\"text\" ><h1 style=\"text-align: center;\">Veuillez enregistrer votre produit pour b\u00e9n\u00e9ficier des 2 ans de garanties suppl\u00e9mentaires.<\/h1>\n<h3 style=\"text-align: center;\">Les batteries et chargeurs sont garanties 2 ans sans \u00eates soumis \u00e0 l\u2019enregistrement.<\/h3>\n<\/div><\/section>\n<div class=\"flex_column av_one_third  flex_column_div av-zero-column-padding first  avia-builder-el-2  el_after_av_textblock  el_before_av_two_third  column-top-margin\" style='border-radius:0px; '><\/div><div class=\"flex_column av_two_third  flex_column_div av-zero-column-padding   avia-builder-el-3  el_after_av_one_third  el_before_av_image  column-top-margin\" style='border-radius:0px; '><section class=\"av_textblock_section \"  itemscope=\"itemscope\" itemtype=\"https:\/\/schema.org\/CreativeWork\" ><div class='avia_textblock  '   itemprop=\"text\" ><p><i>Non inclus pour les piles et les chargeurs<\/i><\/p>\n<\/div><\/section><\/div><div  class='avia-image-container  av-styling-    avia-builder-el-5  el_after_av_two_third  el_before_av_hr  avia-align-center '  itemprop=\"image\" itemscope=\"itemscope\" itemtype=\"https:\/\/schema.org\/ImageObject\"  ><div class='avia-image-container-inner'><div class='avia-image-overlay-wrap'><img class='avia_image' src='https:\/\/eu.kresstools.com\/wp-content\/uploads\/2021\/07\/kress_power_tools-1030x194.jpg' alt='' title='kress_power_tools' height=\"194\" width=\"1030\"  itemprop=\"thumbnailUrl\"  \/><\/div><\/div><\/div>\n<div  style='height:50px' class='hr hr-invisible   avia-builder-el-6  el_after_av_image  avia-builder-el-last '><span class='hr-inner ' ><span class='hr-inner-style'><\/span><\/span><\/div>\n<\/div><\/div><\/main><!-- close content main element --><\/div><\/div><div id='av_section_2'  class='avia-section main_color avia-section-default avia-no-border-styling  avia-bg-style-scroll  avia-builder-el-7  el_after_av_section  avia-builder-el-last   container_wrap fullsize' style=' '  ><div class='container' ><div class='template-page content  av-content-full alpha units'><div class='post-entry post-entry-type-page post-entry-4143'><div class='entry-content-wrapper clearfix'>\n<div class=\"flex_column av_one_full  flex_column_div av-zero-column-padding first  avia-builder-el-8  avia-builder-el-no-sibling  \" style='border-radius:0px; '><section class=\"av_textblock_section \"  itemscope=\"itemscope\" itemtype=\"https:\/\/schema.org\/CreativeWork\" ><div class='avia_textblock  '   itemprop=\"text\" ><div class=\"wpforms-container wpforms-container-full\" id=\"wpforms-4140\"><form id=\"wpforms-form-4140\" class=\"wpforms-validate wpforms-form\" data-formid=\"4140\" method=\"post\" enctype=\"multipart\/form-data\" action=\"\/fr\/wp-json\/wp\/v2\/pages\/4143?wpforms_form_id=4140\" data-token=\"ca707b63ece98f0482fc49a93e621cad\"><noscript class=\"wpforms-error-noscript\">Veuillez activer JavaScript dans votre navigateur pour remplir ce formulaire.<\/noscript><div class=\"wpforms-field-container\"><div id=\"wpforms-4140-field_1-container\" class=\"wpforms-field wpforms-field-email\" data-field-id=\"1\"><label class=\"wpforms-field-label\" for=\"wpforms-4140-field_1\">Adresse de courrier \u00e9lectronique <span class=\"wpforms-required-label\">*<\/span><\/label><input type=\"email\" id=\"wpforms-4140-field_1\" class=\"wpforms-field-medium wpforms-field-required\" name=\"wpforms[fields][1]\" required><\/div><div id=\"wpforms-4140-field_41-container\" class=\"wpforms-field wpforms-field-select wpforms-field-select-style-classic\" data-field-id=\"41\"><label class=\"wpforms-field-label\" for=\"wpforms-4140-field_41\">Pays<\/label><select id=\"wpforms-4140-field_41\" class=\"wpforms-field-medium\" name=\"wpforms[fields][41]\"><option value=\"La France\" >La France<\/option><option value=\"La Belgique\" >La Belgique<\/option><\/select><\/div><div id=\"wpforms-4140-field_42-container\" class=\"wpforms-field wpforms-field-checkbox\" data-field-id=\"42\"><label class=\"wpforms-field-label\" for=\"wpforms-4140-field_42\">Que vous soyez professionnel ou non, prolongez votre garantie jusqu&#039;\u00e0 3 ans : * <span class=\"wpforms-required-label\">*<\/span><\/label><ul id=\"wpforms-4140-field_42\" class=\"wpforms-field-required\"><li class=\"choice-1 depth-1\"><input type=\"checkbox\" id=\"wpforms-4140-field_42_1\" name=\"wpforms[fields][42][]\" value=\"je suis professionnel 1 + 2 garantie\" required ><label class=\"wpforms-field-label-inline\" for=\"wpforms-4140-field_42_1\">je suis professionnel 1 + 2 garantie<\/label><\/li><li class=\"choice-2 depth-1\"><input type=\"checkbox\" id=\"wpforms-4140-field_42_2\" name=\"wpforms[fields][42][]\" value=\"je ne suis pas un professionnel 2 + 1 garantie\" required ><label class=\"wpforms-field-label-inline\" for=\"wpforms-4140-field_42_2\">je ne suis pas un professionnel 2 + 1 garantie<\/label><\/li><\/ul><\/div><div id=\"wpforms-4140-field_2-container\" class=\"wpforms-field wpforms-field-text wpforms-one-half wpforms-first\" data-field-id=\"2\"><label class=\"wpforms-field-label\" for=\"wpforms-4140-field_2\">Nom <span class=\"wpforms-required-label\">*<\/span><\/label><input type=\"text\" id=\"wpforms-4140-field_2\" class=\"wpforms-field-large wpforms-field-required\" name=\"wpforms[fields][2]\" required><\/div><div id=\"wpforms-4140-field_3-container\" class=\"wpforms-field wpforms-field-text wpforms-one-half\" data-field-id=\"3\"><label class=\"wpforms-field-label\" for=\"wpforms-4140-field_3\">Le nom <span class=\"wpforms-required-label\">*<\/span><\/label><input type=\"text\" id=\"wpforms-4140-field_3\" class=\"wpforms-field-large wpforms-field-required\" name=\"wpforms[fields][3]\" required><\/div><div id=\"wpforms-4140-field_4-container\" class=\"wpforms-field wpforms-field-text wpforms-one-half wpforms-first\" data-field-id=\"4\"><label class=\"wpforms-field-label\" for=\"wpforms-4140-field_4\">T\u00e9l\u00e9phone <span class=\"wpforms-required-label\">*<\/span><\/label><input type=\"text\" id=\"wpforms-4140-field_4\" class=\"wpforms-field-large wpforms-field-required\" name=\"wpforms[fields][4]\" required><\/div><div id=\"wpforms-4140-field_5-container\" class=\"wpforms-field wpforms-field-text\" data-field-id=\"5\"><label class=\"wpforms-field-label\" for=\"wpforms-4140-field_5\">adresse <span class=\"wpforms-required-label\">*<\/span><\/label><input type=\"text\" id=\"wpforms-4140-field_5\" class=\"wpforms-field-large wpforms-field-required\" name=\"wpforms[fields][5]\" required><\/div><div id=\"wpforms-4140-field_6-container\" class=\"wpforms-field wpforms-field-text\" data-field-id=\"6\"><label class=\"wpforms-field-label\" for=\"wpforms-4140-field_6\">Adresse 2<\/label><input type=\"text\" id=\"wpforms-4140-field_6\" class=\"wpforms-field-large\" name=\"wpforms[fields][6]\" ><\/div><div id=\"wpforms-4140-field_7-container\" class=\"wpforms-field wpforms-field-text wpforms-one-half wpforms-first\" data-field-id=\"7\"><label class=\"wpforms-field-label\" for=\"wpforms-4140-field_7\">Ville <span class=\"wpforms-required-label\">*<\/span><\/label><input type=\"text\" id=\"wpforms-4140-field_7\" class=\"wpforms-field-large wpforms-field-required\" name=\"wpforms[fields][7]\" required><\/div><div id=\"wpforms-4140-field_8-container\" class=\"wpforms-field wpforms-field-text wpforms-one-half\" data-field-id=\"8\"><label class=\"wpforms-field-label\" for=\"wpforms-4140-field_8\">Etat \/ Province \/ R\u00e9gion <span class=\"wpforms-required-label\">*<\/span><\/label><input type=\"text\" id=\"wpforms-4140-field_8\" class=\"wpforms-field-large wpforms-field-required\" name=\"wpforms[fields][8]\" required><\/div><div id=\"wpforms-4140-field_9-container\" class=\"wpforms-field wpforms-field-text wpforms-one-half wpforms-first\" data-field-id=\"9\"><label class=\"wpforms-field-label\" for=\"wpforms-4140-field_9\">Zip \/ code postal <span class=\"wpforms-required-label\">*<\/span><\/label><input type=\"text\" id=\"wpforms-4140-field_9\" class=\"wpforms-field-large wpforms-field-required\" name=\"wpforms[fields][9]\" required><\/div><div id=\"wpforms-4140-field_10-container\" class=\"wpforms-field wpforms-field-html\" data-field-id=\"10\"><div id=\"wpforms-4140-field_10\"><h2>Information produit<\/h2><\/div><\/div><div id=\"wpforms-4140-field_31-container\" class=\"wpforms-field wpforms-field-select wpforms-field-select-style-modern\" data-field-id=\"31\"><label class=\"wpforms-field-label\" for=\"wpforms-4140-field_31\">Nom du produit <span class=\"wpforms-required-label\">*<\/span><\/label><select id=\"wpforms-4140-field_31\" class=\"wpforms-field-medium wpforms-field-required choicesjs-select\" data-size-class=\"wpforms-field-row wpforms-field-medium\" data-search-enabled=\"1\" name=\"wpforms[fields][31]\" required=\"required\"><option value=\"\" class=\"placeholder\" disabled  selected='selected'>Laserm\u00e8tre 70m - KI201<\/option><option value=\"Laserm\u00e8tre 70m - KI201\" >Laserm\u00e8tre 70m - KI201<\/option><option value=\"Batterie 12V (2,0Ah) - KPB1202\" >Batterie 12V (2,0Ah) - KPB1202<\/option><option value=\"Outil multifonction VIBRATO 480W - KUW58.1\" >Outil multifonction VIBRATO 480W - KUW58.1<\/option><option value=\"2 Batteries 4.0Ah + Chargeur rapide 6A - KAD21\" >2 Batteries 4.0Ah + Chargeur rapide 6A - KAD21<\/option><option value=\"Chargeur rapide 6A - KAC21\" >Chargeur rapide 6A - KAC21<\/option><option value=\"Batterie Kress 20V (6,0 Ah) - KAB23\" >Batterie Kress 20V (6,0 Ah) - KAB23<\/option><option value=\"Batterie Kress 20V (6,0 Ah) - KAB23\" >Batterie Kress 20V (6,0 Ah) - KAB23<\/option><option value=\"KIB1202\" >KIB1202<\/option><option value=\"Chargeur 12V 1.5Ah - KCH1202\" >Chargeur 12V 1.5Ah - KCH1202<\/option><option value=\"Batterie Kress 12V (2,0 Ah) - KPB1202\" >Batterie Kress 12V (2,0 Ah) - KPB1202<\/option><option value=\"Cl\u00e9 \u00e0 chocs Brushless 20V 4Ah 2bat - KUB30.2\" >Cl\u00e9 \u00e0 chocs Brushless 20V 4Ah 2bat - KUB30.2<\/option><option value=\"Visseuse \u00e0 chocs sans balais 20V (Sans batterie) - KUB60.91\" >Visseuse \u00e0 chocs sans balais 20V (Sans batterie) - KUB60.91<\/option><option value=\"Grinder Brushless 115mm 20V (Sans batterie) - KUH02.91\" >Grinder Brushless 115mm 20V (Sans batterie) - KUH02.91<\/option><option value=\"Marteau perforateur 2F 1050W 7.5J - KUX21\" >Marteau perforateur 2F 1050W 7.5J - KUX21<\/option><option value=\"Perceuse \u00e0 percussion Brushless 20V 4Ah (Sans batterie) - KUC31.91\" >Perceuse \u00e0 percussion Brushless 20V 4Ah (Sans batterie) - KUC31.91<\/option><option value=\"Perceuse \u00e0 percussion Brushless 20V 4Ah 2bat - KUC31.2\" >Perceuse \u00e0 percussion Brushless 20V 4Ah 2bat - KUC31.2<\/option><option value=\"Marteau, perceuse, tournevis sans balais 20V (sans batterie) - KUC60.91\" >Marteau, perceuse, tournevis sans balais 20V (sans batterie) - KUC60.91<\/option><option value=\"Marteau Brushless, Perceuse, Driver 20V 4Ah 2Bat - KUC60.2\" >Marteau Brushless, Perceuse, Driver 20V 4Ah 2Bat - KUC60.2<\/option><option value=\"Meuleuse D125MM 900W - KUS10P\" >Meuleuse D125MM 900W - KUS10P<\/option><option value=\"Perceuse-visseuse Brushless 20V (Sans batterie) - KUA72.91\" >Perceuse-visseuse Brushless 20V (Sans batterie) - KUA72.91<\/option><option value=\"Perceuse-visseuse Brushless 20V 4Ah 2bat - KUA72.1\" >Perceuse-visseuse Brushless 20V 4Ah 2bat - KUA72.1<\/option><option value=\"Marteau Brushless 4F 2,2J 20V (Sans batterie) - KUC61.91\" >Marteau Brushless 4F 2,2J 20V (Sans batterie) - KUC61.91<\/option><option value=\"Marteau Brushless 4F 2,2J 20V 4Ah 2Bat - KUC61.2\" >Marteau Brushless 4F 2,2J 20V 4Ah 2Bat - KUC61.2<\/option><option value=\"Cl\u00e9 \u00e0 chocs Brushless 20V (Sans batterie) - KUB30.91\" >Cl\u00e9 \u00e0 chocs Brushless 20V (Sans batterie) - KUB30.91<\/option><option value=\"Marteau \/ Perceuse \/ Tournevis Brushless 20V Sans batterie - KUC50.2\" >Marteau \/ Perceuse \/ Tournevis Brushless 20V Sans batterie - KUC50.2<\/option><option value=\"Marteau \/ Perceuse \/ Tournevis Brushless 20V (Sans batterie) - KUC50.91\" >Marteau \/ Perceuse \/ Tournevis Brushless 20V (Sans batterie) - KUC50.91<\/option><option value=\"Laserm\u00e8tre 40m - KI200\" >Laserm\u00e8tre 40m - KI200<\/option><option value=\"Broyeur Brushless 115mm 20V 4Ah 2bat - KUH02.2\" >Broyeur Brushless 115mm 20V 4Ah 2bat - KUH02.2<\/option><option value=\"Visseuse \u00e0 chocs sans balais 20V (Sans batterie) - KUB60.2\" >Visseuse \u00e0 chocs sans balais 20V (Sans batterie) - KUB60.2<\/option><option value=\"Scie circulaire 710W 46mm - KUV12P\" >Scie circulaire 710W 46mm - KUV12P<\/option><option value=\"Marteau perforateur 2F 1100W 5J - KUX15P\" >Marteau perforateur 2F 1100W 5J - KUX15P<\/option><option value=\"Grinder 115mm 900W - KUS05P\" >Grinder 115mm 900W - KUS05P<\/option><option value=\"Grinder 115mm 900W - KUS05P\" >Grinder 115mm 900W - KUS05P<\/option><option value=\"Perceuse \u00e0 percussion 650W - KUY02P\" >Perceuse \u00e0 percussion 650W - KUY02P<\/option><option value=\"Marteau de d\u00e9molition 1200W 5Kg - KUX35P\" >Marteau de d\u00e9molition 1200W 5Kg - KUX35P<\/option><option value=\"Marteau horizontal 3F 850W 3,0J - KUX12P\" >Marteau horizontal 3F 850W 3,0J - KUX12P<\/option><option value=\"Perceuse-visseuse \u00e0 percussion sans balais 12V 2Ah 2bat - KUC10.2\" >Perceuse-visseuse \u00e0 percussion sans balais 12V 2Ah 2bat - KUC10.2<\/option><option value=\"Scie Circulaire Brushless 20V (Sans batterie) - KUE12.9\" >Scie Circulaire Brushless 20V (Sans batterie) - KUE12.9<\/option><option value=\"KUH10.91\" >KUH10.91<\/option><option value=\"KUC50.91\" >KUC50.91<\/option><option value=\"KUC60.91\" >KUC60.91<\/option><\/select><\/div><div id=\"wpforms-4140-field_12-container\" class=\"wpforms-field wpforms-field-text wpforms-one-half wpforms-first\" data-field-id=\"12\"><label class=\"wpforms-field-label\" for=\"wpforms-4140-field_12\">Num\u00e9ro de s\u00e9rie <span class=\"wpforms-required-label\">*<\/span><\/label><input type=\"text\" id=\"wpforms-4140-field_12\" class=\"wpforms-field-large wpforms-field-required\" name=\"wpforms[fields][12]\" required><\/div><div id=\"wpforms-4140-field_13-container\" class=\"wpforms-field wpforms-field-date-time\" data-field-id=\"13\"><label class=\"wpforms-field-label\" for=\"wpforms-4140-field_13\">Date d&#039;achat <span class=\"wpforms-required-label\">*<\/span><\/label><div class=\"wpforms-datepicker-wrap\"><input type=\"text\" id=\"wpforms-4140-field_13\" class=\"wpforms-field-date-time-date wpforms-datepicker wpforms-field-required wpforms-field-large\" data-date-format=\"d\/m\/Y\" data-disable-past-dates=\"0\" data-input=\"true\" name=\"wpforms[fields][13][date]\" required><a title=\"Effacer la date\" data-clear class=\"wpforms-datepicker-clear\" style=\"display:none;\"><\/a><\/div><\/div><div id=\"wpforms-4140-field_16-container\" class=\"wpforms-field wpforms-field-file-upload\" data-field-id=\"16\"><label class=\"wpforms-field-label\" for=\"wpforms-4140-field_16\">Copie de la facture d&#039;achat <span class=\"wpforms-required-label\">*<\/span><\/label><div\n\t\tclass=\"wpforms-uploader\"\n\t\tdata-field-id=\"16\"\n\t\tdata-form-id=\"4140\"\n\t\tdata-input-name=\"wpforms_4140_16\"\n\t\tdata-extensions=\"png,jpeg,pdf,jpg,pdf\"\n\t\tdata-max-size=\"10485760\"\n\t\tdata-max-file-number=\"1\"\n\t\tdata-post-max-size=\"2097152\"\n\t\tdata-max-parallel-uploads=\"4\"\n\t\tdata-parallel-uploads=\"true\"\n\t\tdata-file-chunk-size=\"2097152\">\n\t<div class=\"dz-message\">\n\t\t<svg viewBox=\"0 0 1024 1024\" focusable=\"false\" data-icon=\"inbox\" width=\"50px\" height=\"50px\" fill=\"#b1b1b1\" aria-hidden=\"true\">\n\t\t\t<path d=\"M885.2 446.3l-.2-.8-112.2-285.1c-5-16.1-19.9-27.2-36.8-27.2H281.2c-17 0-32.1 11.3-36.9 27.6L139.4 443l-.3.7-.2.8c-1.3 4.9-1.7 9.9-1 14.8-.1 1.6-.2 3.2-.2 4.8V830a60.9 60.9 0 0 0 60.8 60.8h627.2c33.5 0 60.8-27.3 60.9-60.8V464.1c0-1.3 0-2.6-.1-3.7.4-4.9 0-9.6-1.3-14.1zm-295.8-43l-.3 15.7c-.8 44.9-31.8 75.1-77.1 75.1-22.1 0-41.1-7.1-54.8-20.6S436 441.2 435.6 419l-.3-15.7H229.5L309 210h399.2l81.7 193.3H589.4zm-375 76.8h157.3c24.3 57.1 76 90.8 140.4 90.8 33.7 0 65-9.4 90.3-27.2 22.2-15.6 39.5-37.4 50.7-63.6h156.5V814H214.4V480.1z\"><\/path>\n\t\t<\/svg>\n\t\t<span class=\"modern-title\">Cliquez ou d\u00e9placez un fichier dans cette zone pour le t\u00e9l\u00e9verser.<\/span>\n\n\t\t\t<\/div>\n<\/div>\n<input\n\t\ttype=\"text\"\n\t\tautocomplete=\"off\"\n\t\tclass=\"dropzone-input\"\n\t\tstyle=\"position:absolute!important;clip:rect(0,0,0,0)!important;height:1px!important;width:1px!important;border:0!important;overflow:hidden!important;padding:0!important;margin:0!important;\"\n\t\tid=\"wpforms-4140-field_16\"\n\t\tname=\"wpforms_4140_16\" required\t\tvalue=\"\">\n<\/div><div id=\"wpforms-4140-field_17-container\" class=\"wpforms-field wpforms-field-checkbox\" data-field-id=\"17\"><label class=\"wpforms-field-label\" for=\"wpforms-4140-field_17\">Consentement <span class=\"wpforms-required-label\">*<\/span><\/label><ul id=\"wpforms-4140-field_17\" class=\"wpforms-field-required\"><li class=\"choice-1 depth-1\"><input type=\"checkbox\" id=\"wpforms-4140-field_17_1\" name=\"wpforms[fields][17][]\" value=\"Je donne mon accord pour que mes donn\u00e9es personnelles soient collect\u00e9es, stock\u00e9es et trait\u00e9es par la marque Kress Tools pour les finalit\u00e9s mentionn\u00e9es ci-dessus.\" required ><label class=\"wpforms-field-label-inline\" for=\"wpforms-4140-field_17_1\">Je donne mon accord pour que mes donn\u00e9es personnelles soient collect\u00e9es, stock\u00e9es et trait\u00e9es par la marque Kress Tools pour les finalit\u00e9s mentionn\u00e9es ci-dessus.<\/label><\/li><\/ul><\/div><div id=\"wpforms-4140-field_19-container\" class=\"wpforms-field wpforms-field-captcha\" data-field-id=\"19\"><label class=\"wpforms-field-label\" for=\"wpforms-4140-field_19\">Veuillez remplir le num\u00e9ro manquant. <span class=\"wpforms-required-label\">*<\/span><\/label>\t\t\t<div class=\"wpforms-captcha-math\">\n\t\t\t\t<span class=\"wpforms-captcha-equation\">\n\t\t\t\t\t<span class=\"n1\">15<\/span>\n\t\t\t\t\t\t\t<span class=\"cal\">*<\/span>\n\t\t\t\t\t\t\t<span class=\"n2\">7<\/span>\t\t\t\t\t<span class=\"e\">=<\/span>\n\t\t\t\t<\/span>\n\t\t\t\t<input type=\"text\" id=\"wpforms-4140-field_19\" class=\"wpforms-field-medium wpforms-field-required a\" data-rule-wpf-captcha=\"math\" name=\"wpforms[fields][19][a]\" required>\t\t\t\t<input type=\"hidden\" name=\"wpforms[fields][19][cal]\" class=\"cal\">\n\t\t\t\t<input type=\"hidden\" name=\"wpforms[fields][19][n2]\" class=\"n2\">\n\t\t\t\t<input type=\"hidden\" name=\"wpforms[fields][19][n1]\" class=\"n1\">\n\t\t\t<\/div>\n\t\t\t<\/div><\/div><div class=\"wpforms-field wpforms-field-hp\"><label for=\"wpforms-4140-field-hp\" class=\"wpforms-field-label\">Website<\/label><input type=\"text\" name=\"wpforms[hp]\" id=\"wpforms-4140-field-hp\" class=\"wpforms-field-medium\"><\/div><div class=\"wpforms-submit-container\"><input type=\"hidden\" name=\"wpforms[id]\" value=\"4140\"><input type=\"hidden\" name=\"wpforms[author]\" value=\"4\"><button type=\"submit\" name=\"wpforms[submit]\" id=\"wpforms-submit-4140\" class=\"wpforms-submit\" data-alt-text=\"Envoyer...\" data-submit-text=\"Envoyer\" aria-live=\"assertive\" value=\"wpforms-submit\">Envoyer<\/button><\/div><\/form><\/div>  <!-- .wpforms-container -->\n<\/div><\/section><\/div>\n<\/p>\n","protected":false},"excerpt":{"rendered":"","protected":false},"author":4,"featured_media":0,"parent":0,"menu_order":0,"comment_status":"closed","ping_status":"closed","template":"","meta":[],"_links":{"self":[{"href":"https:\/\/eu.kresstools.com\/fr\/wp-json\/wp\/v2\/pages\/4143"}],"collection":[{"href":"https:\/\/eu.kresstools.com\/fr\/wp-json\/wp\/v2\/pages"}],"about":[{"href":"https:\/\/eu.kresstools.com\/fr\/wp-json\/wp\/v2\/types\/page"}],"author":[{"embeddable":true,"href":"https:\/\/eu.kresstools.com\/fr\/wp-json\/wp\/v2\/users\/4"}],"replies":[{"embeddable":true,"href":"https:\/\/eu.kresstools.com\/fr\/wp-json\/wp\/v2\/comments?post=4143"}],"version-history":[{"count":5,"href":"https:\/\/eu.kresstools.com\/fr\/wp-json\/wp\/v2\/pages\/4143\/revisions"}],"predecessor-version":[{"id":12287,"href":"https:\/\/eu.kresstools.com\/fr\/wp-json\/wp\/v2\/pages\/4143\/revisions\/12287"}],"wp:attachment":[{"href":"https:\/\/eu.kresstools.com\/fr\/wp-json\/wp\/v2\/media?parent=4143"}],"curies":[{"name":"wp","href":"https:\/\/api.w.org\/{rel}","templated":true}]}}