{"id":1979,"date":"2019-12-18T10:46:45","date_gmt":"2019-12-18T09:46:45","guid":{"rendered":"https:\/\/eu.kresstools.com\/histoire\/"},"modified":"2021-07-21T11:59:22","modified_gmt":"2021-07-21T09:59:22","slug":"histoire","status":"publish","type":"page","link":"https:\/\/eu.kresstools.com\/fr\/histoire\/","title":{"rendered":"histoire"},"content":{"rendered":"<div id='story'  class='avia-section main_color avia-section-small avia-no-border-styling  avia-bg-style-scroll  avia-builder-el-0  avia-builder-el-no-sibling   av-minimum-height av-minimum-height-50  container_wrap fullsize' style='background-color: #cc1417;  '   data-av_minimum_height_pc='50'><div class='container' ><main  role=\"main\" itemprop=\"mainContentOfPage\"  class='template-page content  av-content-full alpha units'><div class='post-entry post-entry-type-page post-entry-1979'><div class='entry-content-wrapper clearfix'>\n<div  style='height:50px' class='hr hr-invisible   avia-builder-el-1  el_before_av_hr  avia-builder-el-first '><span class='hr-inner ' ><span class='hr-inner-style'><\/span><\/span><\/div>\n<div  style='height:50px' class='hr hr-invisible   avia-builder-el-2  el_after_av_hr  el_before_av_two_third '><span class='hr-inner ' ><span class='hr-inner-style'><\/span><\/span><\/div>\n<div class=\"flex_column av_two_third  flex_column_div av-zero-column-padding first  avia-builder-el-3  el_after_av_hr  el_before_av_one_third  \" style='border-radius:0px; '><section class=\"av_textblock_section \"  itemscope=\"itemscope\" itemtype=\"https:\/\/schema.org\/CreativeWork\" ><div class='avia_textblock  '   itemprop=\"text\" ><h3 style=\"text-align: left; color: white;\">Outils \u00e9lectriques Kress<\/h3>\n<\/div><\/section><br \/>\n<section class=\"av_textblock_section \"  itemscope=\"itemscope\" itemtype=\"https:\/\/schema.org\/CreativeWork\" ><div class='avia_textblock  av_inherit_color '  style='color:#ffffff; '  itemprop=\"text\" ><p>Kress a \u00e9t\u00e9 fond\u00e9e en Allemagne en 1928 et a commenc\u00e9 la production d&rsquo;outils \u00e9lectriques \u00e0 Bisingen en 1964. Avec plus de 90 ans d&rsquo;exp\u00e9rience dans les moteurs \u00e9lectriques, la R-D et la production et plus de 50 ans d&rsquo;exp\u00e9rience dans la cr\u00e9ation et la production d&rsquo;outils \u00e9lectriques, des g\u00e9n\u00e9rations d&rsquo;utilisateurs professionnels ont fait confiance aux outils \u00e9lectriques Kress pour leur qualit\u00e9, leur fiabilit\u00e9 et leur durabilit\u00e9.<\/p>\n<p>Aujourd&rsquo;hui, Kress en tant que marque repr\u00e9sente des outils \u00e9lectriques professionnels avec des technologies puissantes, de haute qualit\u00e9 et innovantes qui ont gagn\u00e9 la r\u00e9putation des utilisateurs finaux dans le monde entier. Kress continue d&rsquo;installer les normes de conception des outils \u00e9lectriques.<\/p>\n<\/div><\/section><br \/>\n<div  style='height:20px' class='hr hr-invisible   avia-builder-el-6  el_after_av_textblock  el_before_av_button '><span class='hr-inner ' ><span class='hr-inner-style'><\/span><\/span><\/div><br \/>\n<div  class='avia-button-wrap avia-button-left  avia-builder-el-7  el_after_av_hr  avia-builder-el-last ' ><a href='#products'  class='avia-button   avia-icon_select-yes-right-icon avia-color-light avia-size-medium avia-position-left '   ><span class='avia_iconbox_title' >Explorez les produits<\/span><span class='avia_button_icon avia_button_icon_right' aria-hidden='true' data-av_icon='\ue87d' data-av_iconfont='entypo-fontello'><\/span><\/a><\/div><\/p><\/div><div class=\"flex_column av_one_third  flex_column_div av-zero-column-padding   avia-builder-el-8  el_after_av_two_third  el_before_av_hr  \" style='border-radius:0px; '><div  class='avia-image-container  av-styling-    avia-builder-el-9  avia-builder-el-no-sibling  avia-align-center '  itemprop=\"image\" itemscope=\"itemscope\" itemtype=\"https:\/\/schema.org\/ImageObject\"  ><div class='avia-image-container-inner'><div class='avia-image-overlay-wrap'><img class='avia_image' src='https:\/\/eu.kresstools.com\/wp-content\/uploads\/2019\/03\/50-years-big.png' alt='' title='50-years-big' height=\"229\" width=\"205\"  itemprop=\"thumbnailUrl\"  \/><\/div><\/div><\/div><\/div><div  style='height:50px' class='hr hr-invisible   avia-builder-el-10  el_after_av_one_third  el_before_av_horizontal_gallery  avia-builder-el-last '><span class='hr-inner ' ><span class='hr-inner-style'><\/span><\/span><\/div>\n<div  class='av-horizontal-gallery av-horizontal-gallery-large-gap av-horizontal-gallery-enlarge-effect av-horizontal-gallery-1  avia-builder-el-11  el_after_av_hr  avia-builder-el-last  av-control-default '  itemprop=\"image\" itemscope=\"itemscope\" itemtype=\"https:\/\/schema.org\/ImageObject\"  style='padding: 3.75% 0px;' data-av-enlarge='1.3'  ><div class='avia-slideshow-arrows avia-slideshow-controls'><a href='#prev' class='prev-slide av-horizontal-gallery-prev' aria-hidden='true' data-av_icon='\ue87c' data-av_iconfont='entypo-fontello'>Pr\u00e9c\u00e9dent<\/a><a href='#next' class='next-slide av-horizontal-gallery-next' aria-hidden='true' data-av_icon='\ue87d' data-av_iconfont='entypo-fontello'>Suivant <\/a><\/div><div class='av-horizontal-gallery-inner' style='padding-bottom:25%' data-av-height='25'><div class='av-horizontal-gallery-slider'><div class='av-horizontal-gallery-wrap noHover'><img class='av-horizontal-gallery-img' width='535' height='405' src='https:\/\/eu.kresstools.com\/wp-content\/uploads\/2019\/03\/1997.png' title='1997' alt='' \/><a href='https:\/\/eu.kresstools.com\/wp-content\/uploads\/2019\/03\/1997.png'  class='av-horizontal-gallery-link' aria-hidden='true' data-av_icon='\ue869' data-av_iconfont='entypo-fontello' title=''><\/a><\/div><div class='av-horizontal-gallery-wrap noHover'><img class='av-horizontal-gallery-img' width='484' height='405' src='https:\/\/eu.kresstools.com\/wp-content\/uploads\/2019\/03\/1989.png' title='1989' alt='' \/><a href='https:\/\/eu.kresstools.com\/wp-content\/uploads\/2019\/03\/1989.png'  class='av-horizontal-gallery-link' aria-hidden='true' data-av_icon='\ue869' data-av_iconfont='entypo-fontello' title=''><\/a><\/div><div class='av-horizontal-gallery-wrap noHover'><img class='av-horizontal-gallery-img' width='610' height='540' src='https:\/\/eu.kresstools.com\/wp-content\/uploads\/2019\/03\/1988.png' title='1988' alt='' \/><a href='https:\/\/eu.kresstools.com\/wp-content\/uploads\/2019\/03\/1988.png'  class='av-horizontal-gallery-link' aria-hidden='true' data-av_icon='\ue869' data-av_iconfont='entypo-fontello' title=''><\/a><\/div><div class='av-horizontal-gallery-wrap noHover'><img class='av-horizontal-gallery-img' width='645' height='540' src='https:\/\/eu.kresstools.com\/wp-content\/uploads\/2019\/03\/1986.png' title='1986' alt='' \/><a href='https:\/\/eu.kresstools.com\/wp-content\/uploads\/2019\/03\/1986.png'  class='av-horizontal-gallery-link' aria-hidden='true' data-av_icon='\ue869' data-av_iconfont='entypo-fontello' title=''><\/a><\/div><div class='av-horizontal-gallery-wrap noHover'><img class='av-horizontal-gallery-img' width='668' height='540' src='https:\/\/eu.kresstools.com\/wp-content\/uploads\/2019\/03\/1984.png' title='1984' alt='' \/><a href='https:\/\/eu.kresstools.com\/wp-content\/uploads\/2019\/03\/1984.png'  class='av-horizontal-gallery-link' aria-hidden='true' data-av_icon='\ue869' data-av_iconfont='entypo-fontello' title=''><\/a><\/div><div class='av-horizontal-gallery-wrap noHover'><img class='av-horizontal-gallery-img' width='733' height='473' src='https:\/\/eu.kresstools.com\/wp-content\/uploads\/2019\/03\/1972.png' title='1972' alt='' \/><a href='https:\/\/eu.kresstools.com\/wp-content\/uploads\/2019\/03\/1972.png'  class='av-horizontal-gallery-link' aria-hidden='true' data-av_icon='\ue869' data-av_iconfont='entypo-fontello' title=''><\/a><\/div><div class='av-horizontal-gallery-wrap noHover'><img class='av-horizontal-gallery-img' width='909' height='448' src='https:\/\/eu.kresstools.com\/wp-content\/uploads\/2019\/03\/1966.png' title='1966' alt='' \/><a href='https:\/\/eu.kresstools.com\/wp-content\/uploads\/2019\/03\/1966.png'  class='av-horizontal-gallery-link' aria-hidden='true' data-av_icon='\ue869' data-av_iconfont='entypo-fontello' title=''><\/a><\/div><div class='av-horizontal-gallery-wrap noHover'><img class='av-horizontal-gallery-img' width='570' height='405' src='https:\/\/eu.kresstools.com\/wp-content\/uploads\/2019\/03\/1964.png' title='1964' alt='' \/><a href='https:\/\/eu.kresstools.com\/wp-content\/uploads\/2019\/03\/1964.png'  class='av-horizontal-gallery-link' aria-hidden='true' data-av_icon='\ue869' data-av_iconfont='entypo-fontello' title=''><\/a><\/div><div class='av-horizontal-gallery-wrap noHover'><img class='av-horizontal-gallery-img' width='610' height='346' src='https:\/\/eu.kresstools.com\/wp-content\/uploads\/2019\/03\/1965.png' title='1965' alt='' \/><a href='https:\/\/eu.kresstools.com\/wp-content\/uploads\/2019\/03\/1965.png'  class='av-horizontal-gallery-link' aria-hidden='true' data-av_icon='\ue869' data-av_iconfont='entypo-fontello' title=''><\/a><\/div><\/div><\/div><\/div>\n\n","protected":false},"excerpt":{"rendered":"","protected":false},"author":1,"featured_media":0,"parent":0,"menu_order":0,"comment_status":"closed","ping_status":"closed","template":"","meta":[],"_links":{"self":[{"href":"https:\/\/eu.kresstools.com\/fr\/wp-json\/wp\/v2\/pages\/1979"}],"collection":[{"href":"https:\/\/eu.kresstools.com\/fr\/wp-json\/wp\/v2\/pages"}],"about":[{"href":"https:\/\/eu.kresstools.com\/fr\/wp-json\/wp\/v2\/types\/page"}],"author":[{"embeddable":true,"href":"https:\/\/eu.kresstools.com\/fr\/wp-json\/wp\/v2\/users\/1"}],"replies":[{"embeddable":true,"href":"https:\/\/eu.kresstools.com\/fr\/wp-json\/wp\/v2\/comments?post=1979"}],"version-history":[{"count":21,"href":"https:\/\/eu.kresstools.com\/fr\/wp-json\/wp\/v2\/pages\/1979\/revisions"}],"predecessor-version":[{"id":4384,"href":"https:\/\/eu.kresstools.com\/fr\/wp-json\/wp\/v2\/pages\/1979\/revisions\/4384"}],"wp:attachment":[{"href":"https:\/\/eu.kresstools.com\/fr\/wp-json\/wp\/v2\/media?parent=1979"}],"curies":[{"name":"wp","href":"https:\/\/api.w.org\/{rel}","templated":true}]}}