{"id":1926,"date":"2019-12-18T10:46:16","date_gmt":"2019-12-18T09:46:16","guid":{"rendered":"https:\/\/eu.kresstools.com\/empreinte\/"},"modified":"2020-01-20T14:57:17","modified_gmt":"2020-01-20T13:57:17","slug":"empreinte","status":"publish","type":"page","link":"https:\/\/eu.kresstools.com\/fr\/empreinte\/","title":{"rendered":"empreinte"},"content":{"rendered":"<div id='av_section_1'  class='avia-section main_color avia-section-default avia-no-border-styling  avia-bg-style-scroll  avia-builder-el-0  avia-builder-el-no-sibling   container_wrap fullsize' style=' '  ><div class='container' ><main  role=\"main\" itemprop=\"mainContentOfPage\"  class='template-page content  av-content-full alpha units'><div class='post-entry post-entry-type-page post-entry-1926'><div class='entry-content-wrapper clearfix'>\n<section class=\"av_textblock_section \"  itemscope=\"itemscope\" itemtype=\"https:\/\/schema.org\/CreativeWork\" ><div class='avia_textblock  '   itemprop=\"text\" ><p>Avis juridique &#8211; Informations selon le 5 TMG :<\/p>\n<h3 id=\"positec-germany-gmbhe280a8\"><strong>Positec Allemagne S.A.R.L.<\/strong><\/h3>\n<p>Weg 10<br \/>\nD-50825 Kln<\/p>\n<p>Repr\u00e9sentants autoris\u00e9s Directeurs g\u00e9n\u00e9raux :<br \/>\nDon Zhengdong Gao, Torsten Bollweg<\/p>\n<p>Contact:<br \/>\nT\u00e9l. : 49 (0) 221 &lsquo; 130 656 0<br \/>\nCourriel : <a href=\"mailto:germany@positecgroup.com\">germany@positecgroup.com<\/a><\/p>\n<p>Cour d&rsquo;enregistrement: Amtsgericht Kln<br \/>\nNum\u00e9ro d&rsquo;inscription: HRB 71318<br \/>\nNum\u00e9ro d&rsquo;identification de la TVA selon le<br \/>\nUStG: DE813921765<\/p>\n<p>Responsable du contenu \u00e9ditorial selon l&rsquo;article 55 Abs.2 Rstv:<br \/>\nDaniel Kaiser<\/p>\n<p><strong>d\u00e9menti<\/strong><\/p>\n<p>Limitation de la responsabilit\u00e9 pour les contenus. Le contenu de notre site web a \u00e9t\u00e9 cr\u00e9\u00e9 avec grand soin. Cependant, nous ne pouvons pas garantir l&rsquo;exactitude, l&rsquo;exhaustivit\u00e9 et la rapidit\u00e9 de tout le contenu. En tant que fournisseur de services, nous sommes responsables selon le num\u00e9ro 7 Abs. 1 TMG pour des contenus propres sur ces pages Web apr\u00e8s les lois g\u00e9n\u00e9rales, apr\u00e8s le TMG 8 \u00e0 10 n&rsquo;est toutefois pas oblig\u00e9 de superviser des informations \u00e9trang\u00e8res transmises ou stock\u00e9es. D\u00e8s que nous aurons connaissance de toute violation, nous supprimerons imm\u00e9diatement le contenu pertinent. Cette responsabilit\u00e9 ne sera toutefois assum\u00e9e qu&rsquo;\u00e0 partir du moment o\u00f9 elle a connaissance d&rsquo;infractions concr\u00e8tes.<\/p>\n<p><strong>Responsabilit\u00e9 pour les liens externes<\/strong><\/p>\n<p>Nos sites Web contiennent des liens vers des sites Web externes de tiers sur le contenu dont nous n&rsquo;avons aucune influence. Le fournisseur ou l&rsquo;op\u00e9rateur respectif est toujours responsable de l&rsquo;exactitude du contenu du site Web li\u00e9, de sorte que nous n&rsquo;assumons aucune responsabilit\u00e9 \u00e0 cet \u00e9gard. Au moment de lier, nous avons v\u00e9rifi\u00e9 les sites Web \u00e9trangers pour les violations juridiques possibles, mais ils n&rsquo;\u00e9taient pas identifiables. Un contr\u00f4le constant du contenu des sites li\u00e9s n&rsquo;est pas raisonnable pour nous sans preuve concr\u00e8te de violations de la loi. Sur notification des violations, nous supprimerons les liens imm\u00e9diatement.<\/p>\n<p><strong>Copyright<\/strong><\/p>\n<p>Le contenu et les \u0153uvres cr\u00e9\u00e9s sur ce site par l&rsquo;exploitant de ce site sont soumis \u00e0 la loi allemande sur le droit d&rsquo;auteur. Le contenu et les droits des tiers sont marqu\u00e9s comme tels. La duplication, le traitement, la distribution et toute forme d&rsquo;exploitation en dehors des limites du droit d&rsquo;auteur exigent le consentement \u00e9crit de l&rsquo;auteur ou du titulaire du droit respectif. Seule la production d&rsquo;exemplaires et de t\u00e9l\u00e9chargements \u00e0 des fins personnelles, priv\u00e9es et non commerciales est autoris\u00e9e.<\/p>\n<\/div><\/section>\n\n","protected":false},"excerpt":{"rendered":"","protected":false},"author":1,"featured_media":0,"parent":0,"menu_order":0,"comment_status":"closed","ping_status":"closed","template":"","meta":[],"_links":{"self":[{"href":"https:\/\/eu.kresstools.com\/fr\/wp-json\/wp\/v2\/pages\/1926"}],"collection":[{"href":"https:\/\/eu.kresstools.com\/fr\/wp-json\/wp\/v2\/pages"}],"about":[{"href":"https:\/\/eu.kresstools.com\/fr\/wp-json\/wp\/v2\/types\/page"}],"author":[{"embeddable":true,"href":"https:\/\/eu.kresstools.com\/fr\/wp-json\/wp\/v2\/users\/1"}],"replies":[{"embeddable":true,"href":"https:\/\/eu.kresstools.com\/fr\/wp-json\/wp\/v2\/comments?post=1926"}],"version-history":[{"count":0,"href":"https:\/\/eu.kresstools.com\/fr\/wp-json\/wp\/v2\/pages\/1926\/revisions"}],"wp:attachment":[{"href":"https:\/\/eu.kresstools.com\/fr\/wp-json\/wp\/v2\/media?parent=1926"}],"curies":[{"name":"wp","href":"https:\/\/api.w.org\/{rel}","templated":true}]}}