{"id":9800,"date":"2024-03-22T23:15:37","date_gmt":"2024-03-22T22:15:37","guid":{"rendered":"https:\/\/eu.kresstools.com\/?post_type=product&#038;p=9800"},"modified":"2024-04-17T08:26:31","modified_gmt":"2024-04-17T06:26:31","slug":"cargador-rapido-kress-20v-max-12a-kac22","status":"publish","type":"product","link":"https:\/\/eu.kresstools.com\/es\/produkt\/cargador-rapido-kress-20v-max-12a-kac22\/","title":{"rendered":"Cargador R\u00e1pido KRESS 20V Max 12A KAC22"},"content":{"rendered":"<div id='av_section_1'  class='avia-section main_color avia-section-default avia-no-border-styling  avia-bg-style-scroll  avia-builder-el-0  avia-builder-el-no-sibling   container_wrap fullsize' style=' '  ><div class='container' ><main  role=\"main\" itemprop=\"mainContentOfPage\"  class='template-page content  av-content-full alpha units'><div class='post-entry post-entry-type-page post-entry-9800'><div class='entry-content-wrapper clearfix'>\n<div class=\"flex_column av_one_half  flex_column_div av-zero-column-padding first  avia-builder-el-1  el_before_av_one_half  avia-builder-el-first  \" style='border-radius:0px; '><div  class='avia-gallery  avia-gallery-1 avia_lazyload avia-gallery-animate avia_animate_when_visible  avia-builder-el-2  avia-builder-el-no-sibling '  itemprop=\"image\" itemscope=\"itemscope\" itemtype=\"https:\/\/schema.org\/ImageObject\" ><a class='avia-gallery-big fakeLightbox lightbox avia-gallery-big-crop-thumb ' href='https:\/\/eu.kresstools.com\/wp-content\/uploads\/2024\/03\/Cargador-Rapido-KRESS-20V-Max-6A-KAC21-1030x1030.jpg'  data-onclick='1' title='' ><span class='avia-gallery-big-inner'  itemprop=\"thumbnailUrl\" >\t<img width='1030' height='1030' src='https:\/\/eu.kresstools.com\/wp-content\/uploads\/2024\/03\/Cargador-Rapido-KRESS-20V-Max-6A-KAC21-1030x1030.jpg' title='Cargador R\u00e1pido KRESS 20V Max 6A KAC21' alt='' \/><\/span><\/a><div class='avia-gallery-thumb'> <a href='https:\/\/eu.kresstools.com\/wp-content\/uploads\/2024\/03\/Cargador-Rapido-KRESS-20V-Max-6A-KAC21-1030x1030.jpg' data-rel='gallery-1' data-prev-img='https:\/\/eu.kresstools.com\/wp-content\/uploads\/2024\/03\/Cargador-Rapido-KRESS-20V-Max-6A-KAC21-1030x1030.jpg' class='first_thumb lightbox ' data-onclick='1' title=''  itemprop=\"thumbnailUrl\" ><img  src='https:\/\/eu.kresstools.com\/wp-content\/uploads\/2024\/03\/Cargador-Rapido-KRESS-20V-Max-6A-KAC21-1030x1030.jpg' width='1030' height='1030'  title='Cargador R\u00e1pido KRESS 20V Max 6A KAC21' alt='' \/><\/a><\/div><\/div><\/div><div class=\"flex_column av_one_half  flex_column_div av-zero-column-padding   avia-builder-el-3  el_after_av_one_half  avia-builder-el-last  \" style='border-radius:0px; '><p><div  style='padding-bottom:10px; ' class='av-special-heading av-special-heading-h3    avia-builder-el-4  el_before_av_hr  avia-builder-el-first  '><h3 class='av-special-heading-tag '  itemprop=\"headline\"  >Cargador R\u00e1pido KRESS 20V Max 12A KAC22<\/h3><div class='special-heading-border'><div class='special-heading-inner-border' ><\/div><\/div><\/div><br \/>\n<div  style='height:10px' class='hr hr-invisible   avia-builder-el-5  el_after_av_heading  el_before_av_heading '><span class='hr-inner ' ><span class='hr-inner-style'><\/span><\/span><\/div><br \/>\n<div  style='padding-bottom:10px; ' class='av-special-heading av-special-heading-h3    avia-builder-el-6  el_after_av_hr  el_before_av_hr  '><h3 class='av-special-heading-tag '  itemprop=\"headline\"  >KAC22 ofrece m\u00e1s protecci\u00f3n para las bater\u00edas durante la carga\/descarga<\/h3><div class='special-heading-border'><div class='special-heading-inner-border' ><\/div><\/div><\/div><br \/>\n<div  style='height:10px' class='hr hr-invisible   avia-builder-el-7  el_after_av_heading  el_before_av_textblock '><span class='hr-inner ' ><span class='hr-inner-style'><\/span><\/span><\/div><br \/>\n<section class=\"av_textblock_section \"  itemscope=\"itemscope\" itemtype=\"https:\/\/schema.org\/CreativeWork\" ><div class='avia_textblock  '   itemprop=\"text\" ><p>* El indicador de carga de la bater\u00eda indica el estado de carga: Totalmente cargada \/ cargando \/ temperatura anormal \/ bater\u00eda Problema<br \/>\n* El sistema de refrigeraci\u00f3n por aire permite una carga m\u00e1s r\u00e1pida y ofrece protecci\u00f3n contra sobrecarga al mismo tiempo.<\/p>\n<\/div><\/section><br \/>\n<section class=\"av_textblock_section \"  itemscope=\"itemscope\" itemtype=\"https:\/\/schema.org\/CreativeWork\" ><div class='avia_textblock  '   itemprop=\"text\" ><p>* Carga una bater\u00eda KROSSPACK\u00ae 20V Max de iones de litio de 2,0Ah en s\u00f3lo 25 minutos<br \/>\n* Carga una bater\u00eda 20V Max KROSSPACK\u00ae Lithium-Ion 4.0Ah en s\u00f3lo 25 minutos<br \/>\n* Carga una bater\u00eda KROSSPACK\u00ae 20V Max de iones de litio de 6,0Ah en s\u00f3lo 35 minutos<br \/>\n* Carga una bater\u00eda 20V Max KROSSPACK\u00ae Lithium-Ion 8.0Ah en s\u00f3lo 65 minutos<\/p>\n<\/div><\/section><\/p><\/div>\n","protected":false},"excerpt":{"rendered":"","protected":false},"featured_media":9793,"template":"","meta":[],"product_cat":[676,479],"product_tag":[],"_links":{"self":[{"href":"https:\/\/eu.kresstools.com\/es\/wp-json\/wp\/v2\/product\/9800"}],"collection":[{"href":"https:\/\/eu.kresstools.com\/es\/wp-json\/wp\/v2\/product"}],"about":[{"href":"https:\/\/eu.kresstools.com\/es\/wp-json\/wp\/v2\/types\/product"}],"wp:featuredmedia":[{"embeddable":true,"href":"https:\/\/eu.kresstools.com\/es\/wp-json\/wp\/v2\/media\/9793"}],"wp:attachment":[{"href":"https:\/\/eu.kresstools.com\/es\/wp-json\/wp\/v2\/media?parent=9800"}],"wp:term":[{"taxonomy":"product_cat","embeddable":true,"href":"https:\/\/eu.kresstools.com\/es\/wp-json\/wp\/v2\/product_cat?post=9800"},{"taxonomy":"product_tag","embeddable":true,"href":"https:\/\/eu.kresstools.com\/es\/wp-json\/wp\/v2\/product_tag?post=9800"}],"curies":[{"name":"wp","href":"https:\/\/api.w.org\/{rel}","templated":true}]}}