{"id":9759,"date":"2024-03-22T22:35:50","date_gmt":"2024-03-22T21:35:50","guid":{"rendered":"https:\/\/eu.kresstools.com\/?post_type=product&#038;p=9759"},"modified":"2024-04-17T08:35:32","modified_gmt":"2024-04-17T06:35:32","slug":"kress-20v-max-krosspack-4-0ah-bateria-de-ion-litio-con-indicador-kab21","status":"publish","type":"product","link":"https:\/\/eu.kresstools.com\/es\/produkt\/kress-20v-max-krosspack-4-0ah-bateria-de-ion-litio-con-indicador-kab21\/","title":{"rendered":"KRESS 20V Max KROSSPACK\u00ae 4.0Ah Bater\u00eda de Ion Litio con Indicador KAB21"},"content":{"rendered":"<div id='av_section_1'  class='avia-section main_color avia-section-default avia-no-border-styling  avia-bg-style-scroll  avia-builder-el-0  avia-builder-el-no-sibling   container_wrap fullsize' style=' '  ><div class='container' ><main  role=\"main\" itemprop=\"mainContentOfPage\"  class='template-page content  av-content-full alpha units'><div class='post-entry post-entry-type-page post-entry-9759'><div class='entry-content-wrapper clearfix'>\n<div class=\"flex_column av_one_half  flex_column_div av-zero-column-padding first  avia-builder-el-1  el_before_av_one_half  avia-builder-el-first  \" style='border-radius:0px; '><div  class='avia-gallery  avia-gallery-1 avia_lazyload avia-gallery-animate avia_animate_when_visible  avia-builder-el-2  avia-builder-el-no-sibling '  itemprop=\"image\" itemscope=\"itemscope\" itemtype=\"https:\/\/schema.org\/ImageObject\" ><a class='avia-gallery-big fakeLightbox lightbox avia-gallery-big-crop-thumb ' href='https:\/\/eu.kresstools.com\/wp-content\/uploads\/2021\/07\/kress_battery_kab21photo_princ.jpg'  data-onclick='1' title='' ><span class='avia-gallery-big-inner'  itemprop=\"thumbnailUrl\" >\t<img width='600' height='600' src='https:\/\/eu.kresstools.com\/wp-content\/uploads\/2021\/07\/kress_battery_kab21photo_princ.jpg' title='kress_battery_kab21photo_princ' alt='' \/><\/span><\/a><div class='avia-gallery-thumb'> <a href='https:\/\/eu.kresstools.com\/wp-content\/uploads\/2021\/07\/kress_battery_kab21photo_princ.jpg' data-rel='gallery-1' data-prev-img='https:\/\/eu.kresstools.com\/wp-content\/uploads\/2021\/07\/kress_battery_kab21photo_princ.jpg' class='first_thumb lightbox ' data-onclick='1' title=''  itemprop=\"thumbnailUrl\" ><img  src='https:\/\/eu.kresstools.com\/wp-content\/uploads\/2021\/07\/kress_battery_kab21photo_princ.jpg' width='600' height='600'  title='kress_battery_kab21photo_princ' alt='' \/><\/a><\/div><\/div><\/div><div class=\"flex_column av_one_half  flex_column_div av-zero-column-padding   avia-builder-el-3  el_after_av_one_half  avia-builder-el-last  \" style='border-radius:0px; '><p><div  style='padding-bottom:10px; ' class='av-special-heading av-special-heading-h3    avia-builder-el-4  el_before_av_hr  avia-builder-el-first  '><h3 class='av-special-heading-tag '  itemprop=\"headline\"  >KRESS 20V Max KROSSPACK\u00ae 2.0Ah Bater\u00eda de Ion Litio con Indicador KAB21<\/h3><div class='special-heading-border'><div class='special-heading-inner-border' ><\/div><\/div><\/div><br \/>\n<div  style='height:10px' class='hr hr-invisible   avia-builder-el-5  el_after_av_heading  el_before_av_heading '><span class='hr-inner ' ><span class='hr-inner-style'><\/span><\/span><\/div><br \/>\n<div  style='padding-bottom:10px; color:#b02b2c;' class='av-special-heading av-special-heading-h6 custom-color-heading   avia-builder-el-6  el_after_av_hr  el_before_av_hr  '><h6 class='av-special-heading-tag '  itemprop=\"headline\"  >KAB21 est\u00e1 fabricado con la tecnolog\u00eda de bater\u00edas KROSSPACK<\/h6><div class='special-heading-border'><div class='special-heading-inner-border' style='border-color:#b02b2c'><\/div><\/div><\/div><br \/>\n<div  style='height:10px' class='hr hr-invisible   avia-builder-el-7  el_after_av_heading  el_before_av_textblock '><span class='hr-inner ' ><span class='hr-inner-style'><\/span><\/span><\/div><br \/>\n<section class=\"av_textblock_section \"  itemscope=\"itemscope\" itemtype=\"https:\/\/schema.org\/CreativeWork\" ><div class='avia_textblock  '   itemprop=\"text\" ><p>* El sistema de gesti\u00f3n de la bater\u00eda (BMS) protege contra la sobrecarga y la descarga.<br \/>\n* El sistema de refrigeraci\u00f3n por aire de alta calidad permite una carga r\u00e1pida, una mayor autonom\u00eda por carga y una vida \u00fatil m\u00e1s larga.<br \/>\n* El indicador de capacidad de la bater\u00eda muestra el nivel de energ\u00eda restante<br \/>\n* Estabilidad y resistencia a las vibraciones gracias a su dise\u00f1o y protecci\u00f3n engomada<br \/>\n* Compatible con todos los productos KRESS 20V Max<\/p>\n<\/div><\/section><\/p><\/div>\n","protected":false},"excerpt":{"rendered":"","protected":false},"featured_media":4184,"template":"","meta":[],"product_cat":[676,479],"product_tag":[],"_links":{"self":[{"href":"https:\/\/eu.kresstools.com\/es\/wp-json\/wp\/v2\/product\/9759"}],"collection":[{"href":"https:\/\/eu.kresstools.com\/es\/wp-json\/wp\/v2\/product"}],"about":[{"href":"https:\/\/eu.kresstools.com\/es\/wp-json\/wp\/v2\/types\/product"}],"wp:featuredmedia":[{"embeddable":true,"href":"https:\/\/eu.kresstools.com\/es\/wp-json\/wp\/v2\/media\/4184"}],"wp:attachment":[{"href":"https:\/\/eu.kresstools.com\/es\/wp-json\/wp\/v2\/media?parent=9759"}],"wp:term":[{"taxonomy":"product_cat","embeddable":true,"href":"https:\/\/eu.kresstools.com\/es\/wp-json\/wp\/v2\/product_cat?post=9759"},{"taxonomy":"product_tag","embeddable":true,"href":"https:\/\/eu.kresstools.com\/es\/wp-json\/wp\/v2\/product_tag?post=9759"}],"curies":[{"name":"wp","href":"https:\/\/api.w.org\/{rel}","templated":true}]}}