{"id":9630,"date":"2024-03-14T03:53:01","date_gmt":"2024-03-14T02:53:01","guid":{"rendered":"https:\/\/eu.kresstools.com\/?post_type=product&#038;p=9630"},"modified":"2024-06-27T08:14:50","modified_gmt":"2024-06-27T06:14:50","slug":"kress-20v-max-cordless-brushless-95nm-3-in-1-13mm-hammer-drill-kuc33-2","status":"publish","type":"product","link":"https:\/\/eu.kresstools.com\/es\/produkt\/kress-20v-max-cordless-brushless-95nm-3-in-1-13mm-hammer-drill-kuc33-2\/","title":{"rendered":"Taladro percutor Kress 20V Max sin escobillas sin cable 95Nm 3 en 1 13mm KUC33"},"content":{"rendered":"<div id='av_section_1'  class='avia-section main_color avia-section-default avia-no-border-styling  avia-bg-style-scroll  avia-builder-el-0  avia-builder-el-no-sibling   container_wrap fullsize' style=' '  ><div class='container' ><main  role=\"main\" itemprop=\"mainContentOfPage\"  class='template-page content  av-content-full alpha units'><div class='post-entry post-entry-type-page post-entry-9630'><div class='entry-content-wrapper clearfix'>\n<div class=\"flex_column av_one_half  flex_column_div av-zero-column-padding first  avia-builder-el-1  el_before_av_one_half  avia-builder-el-first  \" style='border-radius:0px; '><div  class='avia-gallery  avia-gallery-1 avia_lazyload avia-gallery-animate avia_animate_when_visible  avia-builder-el-2  avia-builder-el-no-sibling '  itemprop=\"image\" itemscope=\"itemscope\" itemtype=\"https:\/\/schema.org\/ImageObject\" ><a class='avia-gallery-big fakeLightbox lightbox avia-gallery-big-crop-thumb ' href='https:\/\/eu.kresstools.com\/wp-content\/uploads\/2024\/03\/KUC35_1-1030x1030.png'  data-onclick='1' title='' ><span class='avia-gallery-big-inner'  itemprop=\"thumbnailUrl\" >\t<img width='1030' height='1030' src='https:\/\/eu.kresstools.com\/wp-content\/uploads\/2024\/03\/KUC35_1-1030x1030.png' title='KUC35_1' alt='' \/><\/span><\/a><div class='avia-gallery-thumb'> <a href='https:\/\/eu.kresstools.com\/wp-content\/uploads\/2024\/03\/KUC35_1-1030x1030.png' data-rel='gallery-1' data-prev-img='https:\/\/eu.kresstools.com\/wp-content\/uploads\/2024\/03\/KUC35_1-1030x1030.png' class='first_thumb lightbox ' data-onclick='1' title=''  itemprop=\"thumbnailUrl\" ><img  src='https:\/\/eu.kresstools.com\/wp-content\/uploads\/2024\/03\/KUC35_1-1030x1030.png' width='1030' height='1030'  title='KUC35_1' alt='' \/><\/a> <a href='https:\/\/eu.kresstools.com\/wp-content\/uploads\/2024\/03\/KUC35_4-1-1030x1030.png' data-rel='gallery-1' data-prev-img='https:\/\/eu.kresstools.com\/wp-content\/uploads\/2024\/03\/KUC35_4-1-1030x1030.png' class='lightbox ' data-onclick='2' title=''  itemprop=\"thumbnailUrl\" ><img  src='https:\/\/eu.kresstools.com\/wp-content\/uploads\/2024\/03\/KUC35_4-1-1030x1030.png' width='1030' height='1030'  title='KUC35_4' alt='' \/><\/a> <a href='https:\/\/eu.kresstools.com\/wp-content\/uploads\/2024\/03\/KUC35_5-1-1030x1030.png' data-rel='gallery-1' data-prev-img='https:\/\/eu.kresstools.com\/wp-content\/uploads\/2024\/03\/KUC35_5-1-1030x1030.png' class='lightbox ' data-onclick='3' title=''  itemprop=\"thumbnailUrl\" ><img  src='https:\/\/eu.kresstools.com\/wp-content\/uploads\/2024\/03\/KUC35_5-1-1030x1030.png' width='1030' height='1030'  title='KUC35_5' alt='' \/><\/a> <a href='https:\/\/eu.kresstools.com\/wp-content\/uploads\/2024\/03\/KUC35_7-1030x1030.png' data-rel='gallery-1' data-prev-img='https:\/\/eu.kresstools.com\/wp-content\/uploads\/2024\/03\/KUC35_7-1030x1030.png' class='lightbox ' data-onclick='4' title=''  itemprop=\"thumbnailUrl\" ><img  src='https:\/\/eu.kresstools.com\/wp-content\/uploads\/2024\/03\/KUC35_7-1030x1030.png' width='1030' height='1030'  title='KUC35_7' alt='' \/><\/a> <a href='https:\/\/eu.kresstools.com\/wp-content\/uploads\/2024\/03\/KUC35_6-1030x1030.png' data-rel='gallery-1' data-prev-img='https:\/\/eu.kresstools.com\/wp-content\/uploads\/2024\/03\/KUC35_6-1030x1030.png' class='lightbox ' data-onclick='5' title=''  itemprop=\"thumbnailUrl\" ><img  src='https:\/\/eu.kresstools.com\/wp-content\/uploads\/2024\/03\/KUC35_6-1030x1030.png' width='1030' height='1030'  title='KUC35_6' alt='' \/><\/a> <a href='https:\/\/eu.kresstools.com\/wp-content\/uploads\/2024\/03\/KUC33_Family-1-1030x1030.png' data-rel='gallery-1' data-prev-img='https:\/\/eu.kresstools.com\/wp-content\/uploads\/2024\/03\/KUC33_Family-1-1030x1030.png' class='first_thumb lightbox ' data-onclick='6' title=''  itemprop=\"thumbnailUrl\" ><img  src='https:\/\/eu.kresstools.com\/wp-content\/uploads\/2024\/03\/KUC33_Family-1-1030x1030.png' width='1030' height='1030'  title='KUC33_Family' alt='' \/><\/a><\/div><\/div><\/div><div class=\"flex_column av_one_half  flex_column_div av-zero-column-padding   avia-builder-el-3  el_after_av_one_half  avia-builder-el-last  \" style='border-radius:0px; '><p><div  style='padding-bottom:10px; ' class='av-special-heading av-special-heading-h3    avia-builder-el-4  el_before_av_hr  avia-builder-el-first  '><h3 class='av-special-heading-tag '  itemprop=\"headline\"  >Taladro percutor Kress 20V Max sin escobillas sin cable 95Nm 3 en 1 13mm KUC33<\/h3><div class='special-heading-border'><div class='special-heading-inner-border' ><\/div><\/div><\/div><br \/>\n<div  style='height:10px' class='hr hr-invisible   avia-builder-el-5  el_after_av_heading  el_before_av_textblock '><span class='hr-inner ' ><span class='hr-inner-style'><\/span><\/span><\/div><br \/>\n<section class=\"av_textblock_section \"  itemscope=\"itemscope\" itemtype=\"https:\/\/schema.org\/CreativeWork\" ><div class='avia_textblock  '   itemprop=\"text\" ><p>El taladro percutor sin escobillas Kress de 20V (KUC33) ofrece la m\u00e1xima versatilidad y rendimiento de taladrado y atornillado, con un eficiente motor sin escobillas que proporciona hasta un 50% m\u00e1s de tiempo de funcionamiento, mayor potencia y velocidad, y mayor vida \u00fatil de la herramienta. Para el usuario profesional, esto significa m\u00e1s potencia de taladrado y atornillado, mayor productividad, y menos viajes arriba y abajo del andamio o escalera para llegar al cargador de bater\u00eda. En modo atornillador, los valores de par ajustables proporcionan un mayor control para una amplia gama de aplicaciones, desde grandes fijaciones hasta tornillos m\u00e1s peque\u00f1os y delicados. Pesa s\u00f3lo 1,25 kg para una mayor comodidad y una relaci\u00f3n potencia-peso superior.<\/p>\n<\/div><\/section><br \/>\n<section class=\"av_textblock_section \"  itemscope=\"itemscope\" itemtype=\"https:\/\/schema.org\/CreativeWork\" ><div class='avia_textblock  '   itemprop=\"text\" ><p>Tecnolog\u00eda de motor sin escobillas: tama\u00f1o compacto, mayor vida \u00fatil del motor y mayor tiempo de funcionamiento<br \/>\nTriple funci\u00f3n: atornillar, taladrar y taladrar con percusi\u00f3n<br \/>\nEl eficiente motor BL proporciona un par m\u00e1ximo de 95 N.m para un atornillado m\u00e1s r\u00e1pido y 34.000 impactos por minuto para un taladrado eficiente<br \/>\nLa funci\u00f3n anti-retroceso protege a los usuarios de torceduras y esguinces de mu\u00f1eca<br \/>\nBloqueo autom\u00e1tico del eje para facilitar el cambio de brocas<br \/>\nEngranaje de alta resistencia y robusto portabrocas met\u00e1lico de 13 mm que ofrece una mayor fuerza de agarre de la broca<br \/>\nEl control de engranaje variable de 2 velocidades proporciona un mejor control para encontrar la potencia adecuada para m\u00faltiples escenarios de aplicaci\u00f3n<br \/>\nLED con funci\u00f3n de preiluminaci\u00f3n para zonas de trabajo oscuras o mal iluminadas<br \/>\nUn c\u00f3modo gancho para el cintur\u00f3n libera las manos y un pr\u00e1ctico clip para brocas permite guardar a bordo una broca adicional mientras se trabaja.<br \/>\nEl bajo valor de vibraci\u00f3n proporciona una mayor experiencia de agarre.<br \/>\nTodos los productos Kress 20V son compatibles con todas las bater\u00edas 20V Max KROSSPACK\u00ae.<\/p>\n<\/div><\/section><\/p><\/div>\n","protected":false},"excerpt":{"rendered":"","protected":false},"featured_media":9198,"template":"","meta":[],"product_cat":[479,601],"product_tag":[],"_links":{"self":[{"href":"https:\/\/eu.kresstools.com\/es\/wp-json\/wp\/v2\/product\/9630"}],"collection":[{"href":"https:\/\/eu.kresstools.com\/es\/wp-json\/wp\/v2\/product"}],"about":[{"href":"https:\/\/eu.kresstools.com\/es\/wp-json\/wp\/v2\/types\/product"}],"wp:featuredmedia":[{"embeddable":true,"href":"https:\/\/eu.kresstools.com\/es\/wp-json\/wp\/v2\/media\/9198"}],"wp:attachment":[{"href":"https:\/\/eu.kresstools.com\/es\/wp-json\/wp\/v2\/media?parent=9630"}],"wp:term":[{"taxonomy":"product_cat","embeddable":true,"href":"https:\/\/eu.kresstools.com\/es\/wp-json\/wp\/v2\/product_cat?post=9630"},{"taxonomy":"product_tag","embeddable":true,"href":"https:\/\/eu.kresstools.com\/es\/wp-json\/wp\/v2\/product_tag?post=9630"}],"curies":[{"name":"wp","href":"https:\/\/api.w.org\/{rel}","templated":true}]}}