{"id":9495,"date":"2024-03-13T08:22:14","date_gmt":"2024-03-13T07:22:14","guid":{"rendered":"https:\/\/eu.kresstools.com\/?post_type=product&#038;p=9495"},"modified":"2024-04-17T09:55:43","modified_gmt":"2024-04-17T07:55:43","slug":"kress-20v-max-cordless-brushless-150nm-2-speed-13mm-hammer-drill-skin-kuc35-9","status":"publish","type":"product","link":"https:\/\/eu.kresstools.com\/es\/produkt\/kress-20v-max-cordless-brushless-150nm-2-speed-13mm-hammer-drill-skin-kuc35-9\/","title":{"rendered":"Taladro percutor Kress 20V Max inal\u00e1mbrico sin escobillas 150Nm 2 velocidades 13mm Piel KUC35.9"},"content":{"rendered":"<div id='av_section_1'  class='avia-section main_color avia-section-default avia-no-border-styling  avia-bg-style-scroll  avia-builder-el-0  avia-builder-el-no-sibling   container_wrap fullsize' style=' '  ><div class='container' ><main  role=\"main\" itemprop=\"mainContentOfPage\"  class='template-page content  av-content-full alpha units'><div class='post-entry post-entry-type-page post-entry-9495'><div class='entry-content-wrapper clearfix'>\n<div class=\"flex_column av_one_half  flex_column_div av-zero-column-padding first  avia-builder-el-1  el_before_av_one_half  avia-builder-el-first  \" style='border-radius:0px; '><div  class='avia-gallery  avia-gallery-1 avia_lazyload avia-gallery-animate avia_animate_when_visible  avia-builder-el-2  avia-builder-el-no-sibling '  itemprop=\"image\" itemscope=\"itemscope\" itemtype=\"https:\/\/schema.org\/ImageObject\" ><a class='avia-gallery-big fakeLightbox lightbox avia-gallery-big-crop-thumb ' href='https:\/\/eu.kresstools.com\/wp-content\/uploads\/2024\/03\/KUC35_1-1030x1030.png'  data-onclick='1' title='' ><span class='avia-gallery-big-inner'  itemprop=\"thumbnailUrl\" >\t<img width='1030' height='1030' src='https:\/\/eu.kresstools.com\/wp-content\/uploads\/2024\/03\/KUC35_1-1030x1030.png' title='KUC35_1' alt='' \/><\/span><\/a><div class='avia-gallery-thumb'> <a href='https:\/\/eu.kresstools.com\/wp-content\/uploads\/2024\/03\/KUC35_1-1030x1030.png' data-rel='gallery-1' data-prev-img='https:\/\/eu.kresstools.com\/wp-content\/uploads\/2024\/03\/KUC35_1-1030x1030.png' class='first_thumb lightbox ' data-onclick='1' title=''  itemprop=\"thumbnailUrl\" ><img  src='https:\/\/eu.kresstools.com\/wp-content\/uploads\/2024\/03\/KUC35_1-1030x1030.png' width='1030' height='1030'  title='KUC35_1' alt='' \/><\/a> <a href='https:\/\/eu.kresstools.com\/wp-content\/uploads\/2024\/03\/KUC35_2-1030x1030.png' data-rel='gallery-1' data-prev-img='https:\/\/eu.kresstools.com\/wp-content\/uploads\/2024\/03\/KUC35_2-1030x1030.png' class='lightbox ' data-onclick='2' title=''  itemprop=\"thumbnailUrl\" ><img  src='https:\/\/eu.kresstools.com\/wp-content\/uploads\/2024\/03\/KUC35_2-1030x1030.png' width='1030' height='1030'  title='KUC35_2' alt='' \/><\/a> <a href='https:\/\/eu.kresstools.com\/wp-content\/uploads\/2024\/03\/KUC35_3-1030x1030.png' data-rel='gallery-1' data-prev-img='https:\/\/eu.kresstools.com\/wp-content\/uploads\/2024\/03\/KUC35_3-1030x1030.png' class='lightbox ' data-onclick='3' title=''  itemprop=\"thumbnailUrl\" ><img  src='https:\/\/eu.kresstools.com\/wp-content\/uploads\/2024\/03\/KUC35_3-1030x1030.png' width='1030' height='1030'  title='KUC35_3' alt='' \/><\/a> <a href='https:\/\/eu.kresstools.com\/wp-content\/uploads\/2024\/03\/KUC35_4-1030x1030.png' data-rel='gallery-1' data-prev-img='https:\/\/eu.kresstools.com\/wp-content\/uploads\/2024\/03\/KUC35_4-1030x1030.png' class='lightbox ' data-onclick='4' title=''  itemprop=\"thumbnailUrl\" ><img  src='https:\/\/eu.kresstools.com\/wp-content\/uploads\/2024\/03\/KUC35_4-1030x1030.png' width='1030' height='1030'  title='KUC35_4' alt='' \/><\/a> <a href='https:\/\/eu.kresstools.com\/wp-content\/uploads\/2024\/03\/KUC35_5-1030x1030.png' data-rel='gallery-1' data-prev-img='https:\/\/eu.kresstools.com\/wp-content\/uploads\/2024\/03\/KUC35_5-1030x1030.png' class='lightbox ' data-onclick='5' title=''  itemprop=\"thumbnailUrl\" ><img  src='https:\/\/eu.kresstools.com\/wp-content\/uploads\/2024\/03\/KUC35_5-1030x1030.png' width='1030' height='1030'  title='KUC35_5' alt='' \/><\/a><\/div><\/div><\/div><div class=\"flex_column av_one_half  flex_column_div av-zero-column-padding   avia-builder-el-3  el_after_av_one_half  avia-builder-el-last  \" style='border-radius:0px; '><p><div  style='padding-bottom:10px; ' class='av-special-heading av-special-heading-h3    avia-builder-el-4  el_before_av_hr  avia-builder-el-first  '><h3 class='av-special-heading-tag '  itemprop=\"headline\"  >Taladro percutor Kress 20V Max inal\u00e1mbrico sin escobillas 150Nm 2 velocidades 13mm Piel KUC35.9<\/h3><div class='special-heading-border'><div class='special-heading-inner-border' ><\/div><\/div><\/div><br \/>\n<div  style='height:10px' class='hr hr-invisible   avia-builder-el-5  el_after_av_heading  el_before_av_textblock '><span class='hr-inner ' ><span class='hr-inner-style'><\/span><\/span><\/div><br \/>\n<section class=\"av_textblock_section \"  itemscope=\"itemscope\" itemtype=\"https:\/\/schema.org\/CreativeWork\" ><div class='avia_textblock  '   itemprop=\"text\" ><p>Dise\u00f1ado con un motor sin escobillas mejorado de 2\u00aa generaci\u00f3n con eficiencias mejoradas de hasta un 40% frente a la Generaci\u00f3n 1, el taladro percutor KRESS KUC35 20V 150Nm 13mm es adecuado para aplicaciones de trabajo pesado con un par m\u00e1ximo potente de 150Nm, liderando la gama Kress de taladros percutores.<br \/>\nEl KUC35 incorpora la tecnolog\u00eda G-tech, que aumenta la protecci\u00f3n contra sobrecargas y evita el contragolpe, y ofrece mayor velocidad con cargas m\u00e1s peque\u00f1as. Dispone de un portabrocas met\u00e1lico Jacobs de 13 mm para trabajos pesados, ajuste variable de 2 velocidades, 20+1 posiciones de embrague y una potente velocidad m\u00e1xima de impacto de 38.000 bpm.<\/p>\n<\/div><\/section><br \/>\n<div   class='hr hr-default   avia-builder-el-7  el_after_av_textblock  el_before_av_textblock '><span class='hr-inner ' ><span class='hr-inner-style'><\/span><\/span><\/div><br \/>\n<section class=\"av_textblock_section \"  itemscope=\"itemscope\" itemtype=\"https:\/\/schema.org\/CreativeWork\" ><div class='avia_textblock  '   itemprop=\"text\" ><p class=\"m-product_hightlights__paragraph\">* Motor sin escobillas de 2\u00aa generaci\u00f3n que mejora la eficiencia hasta un 40% frente al motor BL de 1\u00aa generaci\u00f3n<br \/>\n* Potente par m\u00e1ximo de 150Nm y 38.000 de velocidad de impacto<br \/>\n* La tecnolog\u00eda anti-retroceso reduce el riesgo de da\u00f1os a los usuarios por cambios bruscos de par<br \/>\n* Velocidad constante sin p\u00e9rdida de eficiencia durante la carga de trabajo<br \/>\n* Robusto portabrocas met\u00e1lico de 13 mm para un rendimiento m\u00e1s potente<br \/>\n* Engranaje de alta resistencia y carcasa frontal de aluminio que garantizan la longevidad del producto<br \/>\n* LED con funci\u00f3n de preiluminaci\u00f3n para zonas de trabajo oscuras o mal iluminadas<br \/>\n* Bater\u00edas 20V Max KROSSPACK\u00ae compatibles con todos los productos Kress 20V Max<\/p>\n<\/div><\/section><\/p><\/div>\n","protected":false},"excerpt":{"rendered":"","protected":false},"featured_media":9149,"template":"","meta":[],"product_cat":[479,601],"product_tag":[],"_links":{"self":[{"href":"https:\/\/eu.kresstools.com\/es\/wp-json\/wp\/v2\/product\/9495"}],"collection":[{"href":"https:\/\/eu.kresstools.com\/es\/wp-json\/wp\/v2\/product"}],"about":[{"href":"https:\/\/eu.kresstools.com\/es\/wp-json\/wp\/v2\/types\/product"}],"wp:featuredmedia":[{"embeddable":true,"href":"https:\/\/eu.kresstools.com\/es\/wp-json\/wp\/v2\/media\/9149"}],"wp:attachment":[{"href":"https:\/\/eu.kresstools.com\/es\/wp-json\/wp\/v2\/media?parent=9495"}],"wp:term":[{"taxonomy":"product_cat","embeddable":true,"href":"https:\/\/eu.kresstools.com\/es\/wp-json\/wp\/v2\/product_cat?post=9495"},{"taxonomy":"product_tag","embeddable":true,"href":"https:\/\/eu.kresstools.com\/es\/wp-json\/wp\/v2\/product_tag?post=9495"}],"curies":[{"name":"wp","href":"https:\/\/api.w.org\/{rel}","templated":true}]}}