{"id":5401,"date":"2023-08-03T09:13:26","date_gmt":"2023-08-03T07:13:26","guid":{"rendered":"https:\/\/eu.kresstools.com\/?post_type=product&#038;p=5401"},"modified":"2024-06-27T09:01:57","modified_gmt":"2024-06-27T07:01:57","slug":"multiherramienta-brushless-20v-sin-bateria-kud12-91","status":"publish","type":"product","link":"https:\/\/eu.kresstools.com\/es\/produkt\/multiherramienta-brushless-20v-sin-bateria-kud12-91\/","title":{"rendered":"Multiherramienta Brushless 20V (Sin bater\u00eda) &#8211; KUD12.91"},"content":{"rendered":"<div id='av_section_1'  class='avia-section main_color avia-section-default avia-no-border-styling  avia-bg-style-scroll  avia-builder-el-0  el_before_av_section  avia-builder-el-first   container_wrap fullsize' style=' '  ><div class='container' ><main  role=\"main\" itemprop=\"mainContentOfPage\"  class='template-page content  av-content-full alpha units'><div class='post-entry post-entry-type-page post-entry-5401'><div class='entry-content-wrapper clearfix'>\n<div class=\"flex_column av_one_half  flex_column_div av-zero-column-padding first  avia-builder-el-1  el_before_av_one_half  avia-builder-el-first  \" style='border-radius:0px; '><div  class='avia-gallery  avia-gallery-1 avia_lazyload avia-gallery-animate avia_animate_when_visible  avia-builder-el-2  avia-builder-el-no-sibling '  itemprop=\"image\" itemscope=\"itemscope\" itemtype=\"https:\/\/schema.org\/ImageObject\" ><a class='avia-gallery-big fakeLightbox lightbox avia-gallery-big-crop-thumb ' href='https:\/\/eu.kresstools.com\/wp-content\/uploads\/2023\/08\/02-KUD12_45-1030x1030.png'  data-onclick='1' title='' ><span class='avia-gallery-big-inner'  itemprop=\"thumbnailUrl\" >\t<img width='1030' height='1030' src='https:\/\/eu.kresstools.com\/wp-content\/uploads\/2023\/08\/02-KUD12_45-1030x1030.png' title='KUD12_45' alt='' \/><\/span><\/a><div class='avia-gallery-thumb'> <a href='https:\/\/eu.kresstools.com\/wp-content\/uploads\/2023\/08\/02-KUD12_45-1030x1030.png' data-rel='gallery-1' data-prev-img='https:\/\/eu.kresstools.com\/wp-content\/uploads\/2023\/08\/02-KUD12_45-1030x1030.png' class='first_thumb lightbox ' data-onclick='1' title=''  itemprop=\"thumbnailUrl\" ><img  src='https:\/\/eu.kresstools.com\/wp-content\/uploads\/2023\/08\/02-KUD12_45-705x705.png' width='705' height='705'  title='KUD12_45' alt='' \/><\/a> <a href='https:\/\/eu.kresstools.com\/wp-content\/uploads\/2023\/08\/01-KUD12_F-1030x1030.png' data-rel='gallery-1' data-prev-img='https:\/\/eu.kresstools.com\/wp-content\/uploads\/2023\/08\/01-KUD12_F-1030x1030.png' class='lightbox ' data-onclick='2' title=''  itemprop=\"thumbnailUrl\" ><img  src='https:\/\/eu.kresstools.com\/wp-content\/uploads\/2023\/08\/01-KUD12_F-705x705.png' width='705' height='705'  title='KUD12_F' alt='' \/><\/a> <a href='https:\/\/eu.kresstools.com\/wp-content\/uploads\/2023\/08\/03-KUD12_HyperLock-1030x1030.png' data-rel='gallery-1' data-prev-img='https:\/\/eu.kresstools.com\/wp-content\/uploads\/2023\/08\/03-KUD12_HyperLock-1030x1030.png' class='lightbox ' data-onclick='3' title=''  itemprop=\"thumbnailUrl\" ><img  src='https:\/\/eu.kresstools.com\/wp-content\/uploads\/2023\/08\/03-KUD12_HyperLock-705x705.png' width='705' height='705'  title='KUD12_HyperLock' alt='' \/><\/a> <a href='https:\/\/eu.kresstools.com\/wp-content\/uploads\/2023\/08\/07-KUD12_family-photo-1030x1030.png' data-rel='gallery-1' data-prev-img='https:\/\/eu.kresstools.com\/wp-content\/uploads\/2023\/08\/07-KUD12_family-photo-1030x1030.png' class='lightbox ' data-onclick='4' title=''  itemprop=\"thumbnailUrl\" ><img  src='https:\/\/eu.kresstools.com\/wp-content\/uploads\/2023\/08\/07-KUD12_family-photo-705x705.png' width='705' height='705'  title='KUD12_family photo' alt='' \/><\/a> <a href='https:\/\/eu.kresstools.com\/wp-content\/uploads\/2023\/08\/KUD12.91_Family-1-1030x1030.png' data-rel='gallery-1' data-prev-img='https:\/\/eu.kresstools.com\/wp-content\/uploads\/2023\/08\/KUD12.91_Family-1-1030x1030.png' class='lightbox ' data-onclick='5' title=''  itemprop=\"thumbnailUrl\" ><img  src='https:\/\/eu.kresstools.com\/wp-content\/uploads\/2023\/08\/KUD12.91_Family-1-705x705.png' width='705' height='705'  title='KUD12.91_Family' alt='' \/><\/a><\/div><\/div><\/div><div class=\"flex_column av_one_half  flex_column_div av-zero-column-padding   avia-builder-el-3  el_after_av_one_half  avia-builder-el-last  \" style='border-radius:0px; '><p><div  style='padding-bottom:10px; ' class='av-special-heading av-special-heading-h3    avia-builder-el-4  el_before_av_hr  avia-builder-el-first  '><h3 class='av-special-heading-tag '  itemprop=\"headline\"  >Multiherramienta Brushless 20V (Sin bater\u00eda) &#8211; KUD12.91<\/h3><div class='special-heading-border'><div class='special-heading-inner-border' ><\/div><\/div><\/div><br \/>\n<div  style='height:10px' class='hr hr-invisible   avia-builder-el-5  el_after_av_heading  el_before_av_textblock '><span class='hr-inner ' ><span class='hr-inner-style'><\/span><\/span><\/div><br \/>\n<section class=\"av_textblock_section \"  itemscope=\"itemscope\" itemtype=\"https:\/\/schema.org\/CreativeWork\" ><div class='avia_textblock  '   itemprop=\"text\" ><ul>\n<li>Tecnolog\u00eda del professional Brushless (sin escobillas): Hasta 50% m\u00e1s de autonom\u00eda, hasta 25% m\u00e1s de potencia, hasta 10 veces mayor vida del motor<\/li>\n<li>Eficiencia de corte 3 veces mayor en comparaci\u00f3n con otras marcas y 50% menor vibraci\u00f3n<\/li>\n<li>Sistema de anclaje de accesorios Universal, compatible con los accesorios de las otras marcas del mercado.<\/li>\n<li>El sistema sin herramientas Hyperlock \u2122 puede proporcionar una fuerza de sujeci\u00f3n de 1 tonelada que evita el deslizamiento de la cuchilla<\/li>\n<li>Con control variable de 6 velocidades para una mayor eficiencia<\/li>\n<li>Tecnolog\u00eda de oscilaci\u00f3n micros\u00f3nica de alta frecuencia<\/li>\n<li>Ideal para muchas aplicaciones, corte, aserrado, raspado, lijado, pulido, eliminaci\u00f3n y m\u00e1s<\/li>\n<li>Para madera, metal, pl\u00e1stico, azulejo, paneles de yeso y m\u00e1s<\/li>\n<li>Luces LED dobles para trabajar en zonas oscuras<\/li>\n<li>Sistema de cambio de cuchillas sin herramientas<\/li>\n<li>Dise\u00f1o ergon\u00f3mico del mango para un agarre m\u00e1s c\u00f3modo<\/li>\n<li>Kross Pack. Bater\u00eda extra\u00edble e intercambiable con todas las herramientas el\u00e9ctricas de la gama 20V de Kress<\/li>\n<\/ul>\n<\/div><\/section><br \/>\n<div  style='height:10px' class='hr hr-invisible   avia-builder-el-7  el_after_av_textblock  avia-builder-el-last '><span class='hr-inner ' ><span class='hr-inner-style'><\/span><\/span><\/div><\/p><\/div><\/div><\/div><\/main><!-- close content main element --><\/div><\/div><div id='av_section_2'  class='avia-section main_color avia-section-default avia-no-border-styling  avia-bg-style-scroll  avia-builder-el-8  el_after_av_section  el_before_av_button   container_wrap fullsize' style=' '  ><div class='container' ><div class='template-page content  av-content-full alpha units'><div class='post-entry post-entry-type-page post-entry-5401'><div class='entry-content-wrapper clearfix'>\n<div  style='padding-bottom:10px; color:#b02b2c;' class='av-special-heading av-special-heading-h3 custom-color-heading blockquote modern-quote modern-centered  avia-builder-el-9  el_before_av_table  avia-builder-el-first  '><h3 class='av-special-heading-tag '  itemprop=\"headline\"  >Datos t\u00e9cnicos<\/h3><div class='special-heading-border'><div class='special-heading-inner-border' style='border-color:#b02b2c'><\/div><\/div><\/div>\n<div  class='avia-table main_color avia-pricing-table-container  avia_pricing_default   avia-builder-el-10  el_after_av_heading  el_before_av_heading  avia-table-1'  itemscope=\"itemscope\" itemtype=\"https:\/\/schema.org\/Table\" ><div class='pricing-table-wrap'><ul class='pricing-table '><li class=''><div class='first-table-item'>Potencia<\/div><span class='pricing-extra'><\/span><\/li><li class=''>Velocidad en vac\u00edo<\/li><li class=''>\u00c1ngulo de oscilaci\u00f3n<\/li><li class=''>Selector de velocidad<\/li><li class=''>Peso<\/li><\/ul><\/div><div class='pricing-table-wrap'><ul class='pricing-table '><li class=''><div class='first-table-item'>20 V \/ Bater\u00eda no incluida<\/div><span class='pricing-extra'><\/span><\/li><li class=''>8.000 &#8211; 18.000 rpm<\/li><li class=''>3,2\u00ba<\/li><li class=''>6<\/li><li class=''>1,2kg<\/li><\/ul><\/div><\/div>\n<div  style='padding-bottom:10px; color:#b02b2c;' class='av-special-heading av-special-heading-h3 custom-color-heading blockquote modern-quote modern-centered  avia-builder-el-11  el_after_av_table  el_before_av_table  '><h3 class='av-special-heading-tag '  itemprop=\"headline\"  >Accesorios incluidos<\/h3><div class='special-heading-border'><div class='special-heading-inner-border' style='border-color:#b02b2c'><\/div><\/div><\/div>\n<div  class='avia-table main_color avia-pricing-table-container  avia_pricing_default   avia-builder-el-12  el_after_av_heading  avia-builder-el-last  avia-table-2'  itemscope=\"itemscope\" itemtype=\"https:\/\/schema.org\/Table\" ><div class='pricing-table-wrap'><ul class='pricing-table '><li class=''><div class='first-table-item'>(1) Accesorio de disco de sierra semicircular HSS<br \/><\/div><span class='pricing-extra'><\/span><\/li><li class=''>(1) Pack cuchillas est\u00e1ndar (1x45mm y 1x28mm)<\/li><li class=''>(1) Pack de lijas (6&#215;40#, 6&#215;80# y 6&#215;120#)<\/li><li class=''>(1) Cuchilla de raspado r\u00edgida<\/li><li class=''>(1) Malet\u00edn apilable<\/li><\/ul><\/div><\/div>\n<\/div><\/div><\/div><!-- close content main div --><\/div><\/div><div id='after_section_2'  class='main_color av_default_container_wrap container_wrap fullsize' style=' '  ><div class='container' ><div class='template-page content  av-content-full alpha units'><div class='post-entry post-entry-type-page post-entry-5401'><div class='entry-content-wrapper clearfix'><\/p>\n<div  class='avia-button-wrap avia-button-center  avia-builder-el-13  el_after_av_section  avia-builder-el-no-sibling ' ><a href='https:\/\/eu.kresstools.com\/wp-content\/uploads\/2023\/08\/9L-KUD12-KUD12.91-M-20220922.pdf' class='avia-button   avia-icon_select-yes-left-icon avia-color-theme-color avia-size-small avia-position-center ' target=\"_blank\" rel=\"noopener\"><span class='avia_button_icon avia_button_icon_left ' aria-hidden='true' data-av_icon='\ue82d' data-av_iconfont='entypo-fontello'><\/span><span class='avia_iconbox_title' >Manual de producto<\/span><\/a><\/div>\n","protected":false},"excerpt":{"rendered":"","protected":false},"featured_media":5414,"template":"","meta":[],"product_cat":[479,480],"product_tag":[],"_links":{"self":[{"href":"https:\/\/eu.kresstools.com\/es\/wp-json\/wp\/v2\/product\/5401"}],"collection":[{"href":"https:\/\/eu.kresstools.com\/es\/wp-json\/wp\/v2\/product"}],"about":[{"href":"https:\/\/eu.kresstools.com\/es\/wp-json\/wp\/v2\/types\/product"}],"wp:featuredmedia":[{"embeddable":true,"href":"https:\/\/eu.kresstools.com\/es\/wp-json\/wp\/v2\/media\/5414"}],"wp:attachment":[{"href":"https:\/\/eu.kresstools.com\/es\/wp-json\/wp\/v2\/media?parent=5401"}],"wp:term":[{"taxonomy":"product_cat","embeddable":true,"href":"https:\/\/eu.kresstools.com\/es\/wp-json\/wp\/v2\/product_cat?post=5401"},{"taxonomy":"product_tag","embeddable":true,"href":"https:\/\/eu.kresstools.com\/es\/wp-json\/wp\/v2\/product_tag?post=5401"}],"curies":[{"name":"wp","href":"https:\/\/api.w.org\/{rel}","templated":true}]}}