{"id":5160,"date":"2022-10-14T16:54:00","date_gmt":"2022-10-14T14:54:00","guid":{"rendered":"https:\/\/eu.kresstools.com\/?post_type=product&#038;p=5160"},"modified":"2024-08-01T09:10:35","modified_gmt":"2024-08-01T07:10:35","slug":"atornillador-impacto-brushless-20v-sin-bateria-kub35-91","status":"publish","type":"product","link":"https:\/\/eu.kresstools.com\/es\/produkt\/atornillador-impacto-brushless-20v-sin-bateria-kub35-91\/","title":{"rendered":"Atornillador Impacto Brushless 20V (Sin bater\u00eda) &#8211; KUB35.91"},"content":{"rendered":"<div id='av_section_1'  class='avia-section main_color avia-section-default avia-no-border-styling  avia-bg-style-scroll  avia-builder-el-0  el_before_av_heading  avia-builder-el-first   container_wrap fullsize' style=' '  ><div class='container' ><main  role=\"main\" itemprop=\"mainContentOfPage\"  class='template-page content  av-content-full alpha units'><div class='post-entry post-entry-type-page post-entry-5160'><div class='entry-content-wrapper clearfix'>\n<div class=\"flex_column av_one_half  flex_column_div av-zero-column-padding first  avia-builder-el-1  el_before_av_one_half  avia-builder-el-first  \" style='border-radius:0px; '><div  class='avia-gallery  avia-gallery-1 avia_lazyload avia-gallery-animate avia_animate_when_visible  avia-builder-el-2  avia-builder-el-no-sibling '  itemprop=\"image\" itemscope=\"itemscope\" itemtype=\"https:\/\/schema.org\/ImageObject\" ><a class='avia-gallery-big fakeLightbox lightbox avia-gallery-big-crop-thumb ' href='https:\/\/eu.kresstools.com\/wp-content\/uploads\/2022\/10\/KUB35.91_1-1030x1030.png'  data-onclick='1' title='' ><span class='avia-gallery-big-inner'  itemprop=\"thumbnailUrl\" >\t<img width='1030' height='1030' src='https:\/\/eu.kresstools.com\/wp-content\/uploads\/2022\/10\/KUB35.91_1-1030x1030.png' title='KUB35.91_1' alt='' \/><\/span><\/a><div class='avia-gallery-thumb'> <a href='https:\/\/eu.kresstools.com\/wp-content\/uploads\/2022\/10\/KUB35.91_1-1030x1030.png' data-rel='gallery-1' data-prev-img='https:\/\/eu.kresstools.com\/wp-content\/uploads\/2022\/10\/KUB35.91_1-1030x1030.png' class='first_thumb lightbox ' data-onclick='1' title=''  itemprop=\"thumbnailUrl\" ><img  src='https:\/\/eu.kresstools.com\/wp-content\/uploads\/2022\/10\/KUB35.91_1-705x705.png' width='705' height='705'  title='KUB35.91_1' alt='' \/><\/a> <a href='https:\/\/eu.kresstools.com\/wp-content\/uploads\/2022\/10\/KUB35.91_Main-1030x1030.png' data-rel='gallery-1' data-prev-img='https:\/\/eu.kresstools.com\/wp-content\/uploads\/2022\/10\/KUB35.91_Main-1030x1030.png' class='lightbox ' data-onclick='2' title=''  itemprop=\"thumbnailUrl\" ><img  src='https:\/\/eu.kresstools.com\/wp-content\/uploads\/2022\/10\/KUB35.91_Main-705x705.png' width='705' height='705'  title='KUB35.91_Main' alt='' \/><\/a> <a href='https:\/\/eu.kresstools.com\/wp-content\/uploads\/2022\/10\/KUB35.91_5-1030x1030.png' data-rel='gallery-1' data-prev-img='https:\/\/eu.kresstools.com\/wp-content\/uploads\/2022\/10\/KUB35.91_5-1030x1030.png' class='lightbox ' data-onclick='3' title=''  itemprop=\"thumbnailUrl\" ><img  src='https:\/\/eu.kresstools.com\/wp-content\/uploads\/2022\/10\/KUB35.91_5-705x705.png' width='705' height='705'  title='KUB35.91_5' alt='' \/><\/a> <a href='https:\/\/eu.kresstools.com\/wp-content\/uploads\/2022\/10\/KUB35.91-Family-1-1030x1030.png' data-rel='gallery-1' data-prev-img='https:\/\/eu.kresstools.com\/wp-content\/uploads\/2022\/10\/KUB35.91-Family-1-1030x1030.png' class='lightbox ' data-onclick='4' title=''  itemprop=\"thumbnailUrl\" ><img  src='https:\/\/eu.kresstools.com\/wp-content\/uploads\/2022\/10\/KUB35.91-Family-1-705x705.png' width='705' height='705'  title='KUB35.91-Family' alt='' \/><\/a><\/div><\/div><\/div><div class=\"flex_column av_one_half  flex_column_div av-zero-column-padding   avia-builder-el-3  el_after_av_one_half  avia-builder-el-last  \" style='border-radius:0px; '><p><div  style='padding-bottom:10px; ' class='av-special-heading av-special-heading-h3    avia-builder-el-4  el_before_av_hr  avia-builder-el-first  '><h3 class='av-special-heading-tag '  itemprop=\"headline\"  >Atornillador Impacto Brushless 20V (Sin bater\u00eda) &#8211; KUB35.91<\/h3><div class='special-heading-border'><div class='special-heading-inner-border' ><\/div><\/div><\/div><br \/>\n<div  style='height:10px' class='hr hr-invisible   avia-builder-el-5  el_after_av_heading  el_before_av_textblock '><span class='hr-inner ' ><span class='hr-inner-style'><\/span><\/span><\/div><br \/>\n<section class=\"av_textblock_section \"  itemscope=\"itemscope\" itemtype=\"https:\/\/schema.org\/CreativeWork\" ><div class='avia_textblock  '   itemprop=\"text\" ><ul>\n<li>Tecnolog\u00eda del profesional Brushless (sin escobillas):\n<ul>\n<li>Hasta 50% m\u00e1s de autonom\u00eda<\/li>\n<li>Hasta 25% m\u00e1s de potencia<\/li>\n<li>Hasta 10 veces mayor vida del motor.<\/li>\n<\/ul>\n<\/li>\n<\/ul>\n<ul>\n<li>Potente par motor de 1700Nm con gran capacidad de apriete y par de apriete de tuerca de 2100Nm<\/li>\n<li>El sistema Mega Power proporciona un par de apriete constante<\/li>\n<li>Yunque de 3\/4&#8243; con anillo de fricci\u00f3n para una r\u00e1pida y f\u00e1cil sustituci\u00f3n del manguito<\/li>\n<li>La rotaci\u00f3n inversa con parada autom\u00e1tica detiene la rotaci\u00f3n despu\u00e9s de aflojar los tornillos<\/li>\n<li>El control variable de 3 velocidades se adapta a todas las aplicaciones + parada autom\u00e1tica<\/li>\n<li>Luz LED de trabajo para \u00e1reas oscuras con retardo de apagado 20s<\/li>\n<li>Kross Pack. Bater\u00eda extra\u00edble e intercambiable con todas las herramientas el\u00e9ctricas de la gama 20V de Kress<\/li>\n<\/ul>\n<\/div><\/section><br \/>\n<div  style='height:10px' class='hr hr-invisible   avia-builder-el-7  el_after_av_textblock  avia-builder-el-last '><span class='hr-inner ' ><span class='hr-inner-style'><\/span><\/span><\/div><\/p><\/div>\n<\/div><\/div><\/main><!-- close content main element --><\/div><\/div><div id='after_section_1'  class='main_color av_default_container_wrap container_wrap fullsize' style=' '  ><div class='container' ><div class='template-page content  av-content-full alpha units'><div class='post-entry post-entry-type-page post-entry-5160'><div class='entry-content-wrapper clearfix'>\n<div  style='padding-bottom:10px; color:#b02b2c;' class='av-special-heading av-special-heading-h3 custom-color-heading blockquote modern-quote modern-centered  avia-builder-el-8  el_after_av_section  el_before_av_section  avia-builder-el-no-sibling  '><h3 class='av-special-heading-tag '  itemprop=\"headline\"  >Datos t\u00e9cnicos<\/h3><div class='special-heading-border'><div class='special-heading-inner-border' style='border-color:#b02b2c'><\/div><\/div><\/div>\n<\/div><\/div><\/div><!-- close content main div --><\/div><\/div><div id='av_section_2'  class='avia-section main_color avia-section-default avia-no-border-styling  avia-bg-style-scroll  avia-builder-el-9  el_after_av_heading  el_before_av_button   container_wrap fullsize' style=' '  ><div class='container' ><div class='template-page content  av-content-full alpha units'><div class='post-entry post-entry-type-page post-entry-5160'><div class='entry-content-wrapper clearfix'>\n<div  class='avia-table main_color avia-pricing-table-container  avia_pricing_default   avia-builder-el-10  el_before_av_heading  avia-builder-el-first  avia-table-1'  itemscope=\"itemscope\" itemtype=\"https:\/\/schema.org\/Table\" ><div class='pricing-table-wrap'><ul class='pricing-table '><li class=''><div class='first-table-item'>Bater\u00eda<\/div><span class='pricing-extra'><\/span><\/li><li class=''>Velocidad en vac\u00edo<\/li><li class=''>Tasa de impacto<\/li><li class=''>Inserci\u00f3n<\/li><li class=''>M\u00e1ximo par apriete<\/li><li class=''>Tiempo de carga<\/li><li class=''>Peso<\/li><\/ul><\/div><div class='pricing-table-wrap'><ul class='pricing-table '><li class=''><div class='first-table-item'>20V \/ bater\u00eda no incluida<\/div><span class='pricing-extra'><\/span><\/li><li class=''>0-900 \/ 0-1.100 \/ 0-1.800 rpm<\/li><li class=''>0-1.000 \/ 0-1.600 \/ 0-2.400 ipm<\/li><li class=''>cuadradiloo 3\/4&#8243;<\/li><li class=''>1.700 Nm apriete<br \/>\ny 2.100Nm desapriete de tuercas<\/li><li class=''>Cargador no incluido<\/li><li class=''>3,4kg<\/li><\/ul><\/div><\/div>\n<div  style='padding-bottom:10px; color:#b02b2c;' class='av-special-heading av-special-heading-h3 custom-color-heading blockquote modern-quote modern-centered  avia-builder-el-11  el_after_av_table  el_before_av_table  '><h3 class='av-special-heading-tag '  itemprop=\"headline\"  >Accesorios incluidos<\/h3><div class='special-heading-border'><div class='special-heading-inner-border' style='border-color:#b02b2c'><\/div><\/div><\/div>\n<div  class='avia-table main_color avia-pricing-table-container  avia_pricing_default   avia-builder-el-12  el_after_av_heading  avia-builder-el-last  avia-table-2'  itemscope=\"itemscope\" itemtype=\"https:\/\/schema.org\/Table\" ><div class='pricing-table-wrap'><ul class='pricing-table '><li class=''><div class='first-table-item'>(1) Malet\u00edn<\/div><span class='pricing-extra'><\/span><\/li><\/ul><\/div><\/div>\n<\/div><\/div><\/div><!-- close content main div --><\/div><\/div><div id='after_section_2'  class='main_color av_default_container_wrap container_wrap fullsize' style=' '  ><div class='container' ><div class='template-page content  av-content-full alpha units'><div class='post-entry post-entry-type-page post-entry-5160'><div class='entry-content-wrapper clearfix'><div  class='avia-button-wrap avia-button-center  avia-builder-el-13  el_after_av_section  avia-builder-el-no-sibling ' ><a href='https:\/\/eu.kresstools.com\/wp-content\/uploads\/2022\/10\/9L-KUB35.91-M-20220512.pdf' class='avia-button   avia-icon_select-yes-left-icon avia-color-theme-color avia-size-small avia-position-center ' target=\"_blank\" rel=\"noopener\"><span class='avia_button_icon avia_button_icon_left ' aria-hidden='true' data-av_icon='\ue82d' data-av_iconfont='entypo-fontello'><\/span><span class='avia_iconbox_title' >Manual de producto<\/span><\/a><\/div><\/p>\n","protected":false},"excerpt":{"rendered":"","protected":false},"featured_media":5169,"template":"","meta":[],"product_cat":[479,527],"product_tag":[],"_links":{"self":[{"href":"https:\/\/eu.kresstools.com\/es\/wp-json\/wp\/v2\/product\/5160"}],"collection":[{"href":"https:\/\/eu.kresstools.com\/es\/wp-json\/wp\/v2\/product"}],"about":[{"href":"https:\/\/eu.kresstools.com\/es\/wp-json\/wp\/v2\/types\/product"}],"wp:featuredmedia":[{"embeddable":true,"href":"https:\/\/eu.kresstools.com\/es\/wp-json\/wp\/v2\/media\/5169"}],"wp:attachment":[{"href":"https:\/\/eu.kresstools.com\/es\/wp-json\/wp\/v2\/media?parent=5160"}],"wp:term":[{"taxonomy":"product_cat","embeddable":true,"href":"https:\/\/eu.kresstools.com\/es\/wp-json\/wp\/v2\/product_cat?post=5160"},{"taxonomy":"product_tag","embeddable":true,"href":"https:\/\/eu.kresstools.com\/es\/wp-json\/wp\/v2\/product_tag?post=5160"}],"curies":[{"name":"wp","href":"https:\/\/api.w.org\/{rel}","templated":true}]}}