{"id":375,"date":"2019-06-18T11:04:29","date_gmt":"2019-06-18T09:04:29","guid":{"rendered":"https:\/\/eu.kresstools.com\/?post_type=product&#038;p=375"},"modified":"2022-08-29T13:25:45","modified_gmt":"2022-08-29T11:25:45","slug":"kux35p","status":"publish","type":"product","link":"https:\/\/eu.kresstools.com\/es\/produkt\/kux35p\/","title":{"rendered":"Martillo demoledor 1200W 5Kg &#8211; KUX35P"},"content":{"rendered":"<div id='av_section_1'  class='avia-section main_color avia-section-default avia-no-border-styling  avia-bg-style-scroll  avia-builder-el-0  el_before_av_heading  avia-builder-el-first   container_wrap fullsize' style=' '  ><div class='container' ><main  role=\"main\" itemprop=\"mainContentOfPage\"  class='template-page content  av-content-full alpha units'><div class='post-entry post-entry-type-page post-entry-375'><div class='entry-content-wrapper clearfix'>\n<div class=\"flex_column av_one_half  flex_column_div av-zero-column-padding first  avia-builder-el-1  el_before_av_one_half  avia-builder-el-first  \" style='border-radius:0px; '><div  class='avia-gallery  avia-gallery-1 avia_lazyload avia-gallery-animate avia_animate_when_visible  avia-builder-el-2  avia-builder-el-no-sibling '  itemprop=\"image\" itemscope=\"itemscope\" itemtype=\"https:\/\/schema.org\/ImageObject\" ><a class='avia-gallery-big fakeLightbox lightbox avia-gallery-big-crop-thumb ' href='https:\/\/eu.kresstools.com\/wp-content\/uploads\/2019\/06\/KUX35P-1-1.jpg'  data-onclick='1' title='' ><span class='avia-gallery-big-inner'  itemprop=\"thumbnailUrl\" >\t<img width='1000' height='1000' src='https:\/\/eu.kresstools.com\/wp-content\/uploads\/2019\/06\/KUX35P-1-1.jpg' title='KUX35P (1)' alt='' \/><\/span><\/a><div class='avia-gallery-thumb'> <a href='https:\/\/eu.kresstools.com\/wp-content\/uploads\/2019\/06\/KUX35P-1-1.jpg' data-rel='gallery-1' data-prev-img='https:\/\/eu.kresstools.com\/wp-content\/uploads\/2019\/06\/KUX35P-1-1.jpg' class='first_thumb lightbox ' data-onclick='1' title=''  itemprop=\"thumbnailUrl\" ><img  src='https:\/\/eu.kresstools.com\/wp-content\/uploads\/2019\/06\/KUX35P-1-1-495x400.jpg' width='495' height='400'  title='KUX35P (1)' alt='' \/><\/a> <a href='https:\/\/eu.kresstools.com\/wp-content\/uploads\/2019\/06\/KUX35P-2.jpg' data-rel='gallery-1' data-prev-img='https:\/\/eu.kresstools.com\/wp-content\/uploads\/2019\/06\/KUX35P-2.jpg' class='lightbox ' data-onclick='2' title=''  itemprop=\"thumbnailUrl\" ><img  src='https:\/\/eu.kresstools.com\/wp-content\/uploads\/2019\/06\/KUX35P-2-495x400.jpg' width='495' height='400'  title='KUX35P (2)' alt='' \/><\/a> <a href='https:\/\/eu.kresstools.com\/wp-content\/uploads\/2019\/06\/KUX35P-3-1.jpg' data-rel='gallery-1' data-prev-img='https:\/\/eu.kresstools.com\/wp-content\/uploads\/2019\/06\/KUX35P-3-1.jpg' class='lightbox ' data-onclick='3' title=''  itemprop=\"thumbnailUrl\" ><img  src='https:\/\/eu.kresstools.com\/wp-content\/uploads\/2019\/06\/KUX35P-3-1-495x400.jpg' width='495' height='400'  title='KUX35P (3)' alt='' \/><\/a> <a href='https:\/\/eu.kresstools.com\/wp-content\/uploads\/2019\/06\/KUX35P-4.jpg' data-rel='gallery-1' data-prev-img='https:\/\/eu.kresstools.com\/wp-content\/uploads\/2019\/06\/KUX35P-4.jpg' class='lightbox ' data-onclick='4' title=''  itemprop=\"thumbnailUrl\" ><img  src='https:\/\/eu.kresstools.com\/wp-content\/uploads\/2019\/06\/KUX35P-4-495x400.jpg' width='495' height='400'  title='KUX35P (4)' alt='' \/><\/a> <a href='https:\/\/eu.kresstools.com\/wp-content\/uploads\/2019\/06\/KUX35P-7.jpg' data-rel='gallery-1' data-prev-img='https:\/\/eu.kresstools.com\/wp-content\/uploads\/2019\/06\/KUX35P-7.jpg' class='first_thumb lightbox ' data-onclick='5' title=''  itemprop=\"thumbnailUrl\" ><img  src='https:\/\/eu.kresstools.com\/wp-content\/uploads\/2019\/06\/KUX35P-7-495x400.jpg' width='495' height='400'  title='KUX35P (7)' alt='' \/><\/a><\/div><\/div><\/div><div class=\"flex_column av_one_half  flex_column_div av-zero-column-padding   avia-builder-el-3  el_after_av_one_half  avia-builder-el-last  \" style='border-radius:0px; '><p><div  style='padding-bottom:10px; ' class='av-special-heading av-special-heading-h3    avia-builder-el-4  el_before_av_hr  avia-builder-el-first  '><h3 class='av-special-heading-tag '  itemprop=\"headline\"  >Martillo demoledor 1200W 5Kg &#8211; KUX35P<\/h3><div class='special-heading-border'><div class='special-heading-inner-border' ><\/div><\/div><\/div><br \/>\n<div  style='height:10px' class='hr hr-invisible   avia-builder-el-5  el_after_av_heading  el_before_av_textblock '><span class='hr-inner ' ><span class='hr-inner-style'><\/span><\/span><\/div><br \/>\n<section class=\"av_textblock_section \"  itemscope=\"itemscope\" itemtype=\"https:\/\/schema.org\/CreativeWork\" ><div class='avia_textblock  '   itemprop=\"text\" ><ul>\n<li>Martillo demoledor con robusta carcasa de metal que permite una mayor vida \u00fatil de la m\u00e1quina incluso en las operaciones m\u00e1s duras<\/li>\n<li>14 julios de energ\u00eda de impacto para una alta tasa de eliminaci\u00f3n de material<\/li>\n<li>Agarre sobremoldeado de goma para una sujeci\u00f3n m\u00e1s c\u00f3moda durante el trabajo<\/li>\n<li>Cambio r\u00e1pido de brocas con portabrocas SDS Max<\/li>\n<\/ul>\n<\/div><\/section><br \/>\n<div   class='hr hr-default   avia-builder-el-7  el_after_av_textblock  el_before_av_textblock '><span class='hr-inner ' ><span class='hr-inner-style'><\/span><\/span><\/div><br \/>\n<section class=\"av_textblock_section \"  itemscope=\"itemscope\" itemtype=\"https:\/\/schema.org\/CreativeWork\" ><div class='avia_textblock  '   itemprop=\"text\" ><p>El martillo demoledor de Kress tiene una energ\u00eda de impacto de 14J capaz de levantar gran cantidad de materiales de forma r\u00e1pida y sencilla. Tiene un dise\u00f1o \u00fanico dentro de la gama de martillos demoledores facilitando su utilizaci\u00f3n durante el trabajo y haci\u00e9ndolo m\u00e1s confortable. Es un martillo muy duradero gracias a sus acabados de metal.<\/p>\n<\/div><\/section><br \/>\n<section class=\"av_textblock_section \"  itemscope=\"itemscope\" itemtype=\"https:\/\/schema.org\/CreativeWork\" ><div class='avia_textblock  '   itemprop=\"text\" ><\/div><\/section><\/p><\/div>\n<\/div><\/div><\/main><!-- close content main element --><\/div><\/div><div id='after_section_1'  class='main_color av_default_container_wrap container_wrap fullsize' style=' '  ><div class='container' ><div class='template-page content  av-content-full alpha units'><div class='post-entry post-entry-type-page post-entry-375'><div class='entry-content-wrapper clearfix'>\n<div  style='padding-bottom:10px; color:#af1818;' class='av-special-heading av-special-heading-h3 custom-color-heading blockquote modern-quote modern-centered  avia-builder-el-10  el_after_av_section  el_before_av_table  avia-builder-el-first  '><h3 class='av-special-heading-tag '  itemprop=\"headline\"  >Datos t\u00e9cnicos<\/h3><div class='special-heading-border'><div class='special-heading-inner-border' style='border-color:#af1818'><\/div><\/div><\/div>\n<div  class='avia-table main_color avia-pricing-table-container  avia_pricing_default   avia-builder-el-11  el_after_av_heading  el_before_av_heading  avia-table-1'  itemscope=\"itemscope\" itemtype=\"https:\/\/schema.org\/Table\" ><div class='pricing-table-wrap'><ul class='pricing-table '><li class=''><div class='first-table-item'>Potencia<\/div><span class='pricing-extra'><\/span><\/li><li class=''>Tasa de impacto<\/li><li class=''>Energ\u00eda de impacto<\/li><li class=''>Peso<\/li><\/ul><\/div><div class='pricing-table-wrap'><ul class='pricing-table '><li class=''><div class='first-table-item'>1.200 W<\/div><span class='pricing-extra'><\/span><\/li><li class=''>3500 ipm<\/li><li class=''>14J<\/li><li class=''>5.8 kg<\/li><\/ul><\/div><\/div>\n<div  style='padding-bottom:10px; color:#af1818;' class='av-special-heading av-special-heading-h3 custom-color-heading blockquote modern-quote modern-centered  avia-builder-el-12  el_after_av_table  el_before_av_table  '><h3 class='av-special-heading-tag '  itemprop=\"headline\"  >Accesorios incluidos<\/h3><div class='special-heading-border'><div class='special-heading-inner-border' style='border-color:#af1818'><\/div><\/div><\/div>\n<div  class='avia-table main_color avia-pricing-table-container  avia_pricing_default   avia-builder-el-13  el_after_av_heading  el_before_av_button  avia-table-2'  itemscope=\"itemscope\" itemtype=\"https:\/\/schema.org\/Table\" ><div class='pricing-table-wrap'><ul class='pricing-table '><li class=''><div class='first-table-item'>(1) Llave<br \/><\/div><span class='pricing-extra'><\/span><\/li><li class=''>(1) Cincel<br \/><\/li><li class=''>(1) Empu\u00f1adura auxiliar<br \/><\/li><li class=''>(1) Malet\u00edn de transporte<\/li><\/ul><\/div><\/div>\n<div  class='avia-button-wrap avia-button-center  avia-builder-el-14  el_after_av_table  el_before_av_productgrid ' ><a href='https:\/\/eu.kresstools.com\/wp-content\/uploads\/2020\/10\/11L-EU-KUX35P-M-20200708.pdf' class='avia-button   avia-icon_select-yes-left-icon avia-color-theme-color avia-size-small avia-position-center ' target=\"_blank\" rel=\"noopener\"><span class='avia_button_icon avia_button_icon_left ' aria-hidden='true' data-av_icon='\ue82d' data-av_iconfont='entypo-fontello'><\/span><span class='avia_iconbox_title' >Descargar manual de producto<\/span><\/a><\/div>\n<div   data-autoplay=''  data-interval='5'  data-animation='fade'  data-hoverpause='1'  class='template-shop avia-content-slider avia-content-grid-active avia-product-slider1 avia-content-slider-odd  avia-builder-el-15  el_after_av_button  el_before_av_textblock   shop_columns_3' ><div class='avia-content-slider-inner'><ul class=\"products\"><li class=\"product type-product post-5401 status-publish first instock product_cat-multiherramienta product_cat-todos-los-productos has-post-thumbnail taxable shipping-taxable product-type-simple\">\n\t<div class='inner_product main_color wrapped_style noLightbox  av-product-class-'><div class='thumbnail_container'><img width=\"450\" height=\"450\" src=\"https:\/\/eu.kresstools.com\/wp-content\/uploads\/2023\/08\/07-KUD12_family-photo-450x450.png\" class=\"attachment-shop_catalog size-shop_catalog wp-post-image\" alt=\"\" loading=\"lazy\" srcset=\"https:\/\/eu.kresstools.com\/wp-content\/uploads\/2023\/08\/07-KUD12_family-photo-450x450.png 450w, https:\/\/eu.kresstools.com\/wp-content\/uploads\/2023\/08\/07-KUD12_family-photo-300x300.png 300w, https:\/\/eu.kresstools.com\/wp-content\/uploads\/2023\/08\/07-KUD12_family-photo-1030x1030.png 1030w, https:\/\/eu.kresstools.com\/wp-content\/uploads\/2023\/08\/07-KUD12_family-photo-80x80.png 80w, https:\/\/eu.kresstools.com\/wp-content\/uploads\/2023\/08\/07-KUD12_family-photo-768x768.png 768w, https:\/\/eu.kresstools.com\/wp-content\/uploads\/2023\/08\/07-KUD12_family-photo-36x36.png 36w, https:\/\/eu.kresstools.com\/wp-content\/uploads\/2023\/08\/07-KUD12_family-photo-180x180.png 180w, https:\/\/eu.kresstools.com\/wp-content\/uploads\/2023\/08\/07-KUD12_family-photo-705x705.png 705w, https:\/\/eu.kresstools.com\/wp-content\/uploads\/2023\/08\/07-KUD12_family-photo-120x120.png 120w, https:\/\/eu.kresstools.com\/wp-content\/uploads\/2023\/08\/07-KUD12_family-photo-600x600.png 600w, https:\/\/eu.kresstools.com\/wp-content\/uploads\/2023\/08\/07-KUD12_family-photo-100x100.png 100w, https:\/\/eu.kresstools.com\/wp-content\/uploads\/2023\/08\/07-KUD12_family-photo.png 1500w\" sizes=\"(max-width: 450px) 100vw, 450px\" \/><span class='cart-loading'><\/span><\/div><div class='inner_product_header'><div class='avia-arrow'><\/div><div class='inner_product_header_table'><div class='inner_product_header_cell'><\/div><\/div><\/div><div class='avia_cart_buttons '><a href=\"https:\/\/eu.kresstools.com\/es\/produkt\/multiherramienta-brushless-20v-sin-bateria-kud12-91\/\" data-quantity=\"1\" class=\"button product_type_simple\" data-product_id=\"5401\" data-product_sku=\"KUD12.91\" aria-label=\"Lee m\u00e1s sobre &ldquo;Multiherramienta Brushless 20V (Sin bater\u00eda) - KUD12.91&rdquo;\" rel=\"nofollow\"><span aria-hidden='true' data-av_icon='\ue859' data-av_iconfont='entypo-fontello'><\/span> Leer m\u00e1s<\/a><a class=\"button show_details_button\" href=\"https:\/\/eu.kresstools.com\/es\/produkt\/multiherramienta-brushless-20v-sin-bateria-kud12-91\/\"><span aria-hidden='true' data-av_icon='\ue84b' data-av_iconfont='entypo-fontello'><\/span>  Mostrar detalles<\/a> <span class='button-mini-delimiter'><\/span><\/div><\/div><\/li>\n<li class=\"product type-product post-3746 status-publish instock product_cat-multiherramienta product_cat-todos-los-productos has-post-thumbnail taxable shipping-taxable product-type-simple\">\n\t<div class='inner_product main_color wrapped_style noLightbox  av-product-class-'><div class='thumbnail_container'><img width=\"300\" height=\"300\" src=\"https:\/\/eu.kresstools.com\/wp-content\/uploads\/2020\/10\/New-Project-44-300x300.jpg\" class=\"attachment-shop_catalog size-shop_catalog wp-post-image\" alt=\"\" loading=\"lazy\" srcset=\"https:\/\/eu.kresstools.com\/wp-content\/uploads\/2020\/10\/New-Project-44-300x300.jpg 300w, https:\/\/eu.kresstools.com\/wp-content\/uploads\/2020\/10\/New-Project-44-80x80.jpg 80w, https:\/\/eu.kresstools.com\/wp-content\/uploads\/2020\/10\/New-Project-44-768x768.jpg 768w, https:\/\/eu.kresstools.com\/wp-content\/uploads\/2020\/10\/New-Project-44-36x36.jpg 36w, https:\/\/eu.kresstools.com\/wp-content\/uploads\/2020\/10\/New-Project-44-180x180.jpg 180w, https:\/\/eu.kresstools.com\/wp-content\/uploads\/2020\/10\/New-Project-44-705x705.jpg 705w, https:\/\/eu.kresstools.com\/wp-content\/uploads\/2020\/10\/New-Project-44-100x100.jpg 100w, https:\/\/eu.kresstools.com\/wp-content\/uploads\/2020\/10\/New-Project-44-600x600.jpg 600w, https:\/\/eu.kresstools.com\/wp-content\/uploads\/2020\/10\/New-Project-44.jpg 1000w\" sizes=\"(max-width: 300px) 100vw, 300px\" \/><span class='cart-loading'><\/span><\/div><div class='inner_product_header'><div class='avia-arrow'><\/div><div class='inner_product_header_table'><div class='inner_product_header_cell'><\/div><\/div><\/div><div class='avia_cart_buttons '><a href=\"https:\/\/eu.kresstools.com\/es\/produkt\/multiherramienta-vibrato-480w-kuw58-1\/\" data-quantity=\"1\" class=\"button product_type_simple\" data-product_id=\"3746\" data-product_sku=\"KUW58.1\" aria-label=\"Lee m\u00e1s sobre &ldquo;Multiherramienta VIBRATO 480W - KUW58.1&rdquo;\" rel=\"nofollow\"><span aria-hidden='true' data-av_icon='\ue859' data-av_iconfont='entypo-fontello'><\/span> Leer m\u00e1s<\/a><a class=\"button show_details_button\" href=\"https:\/\/eu.kresstools.com\/es\/produkt\/multiherramienta-vibrato-480w-kuw58-1\/\"><span aria-hidden='true' data-av_icon='\ue84b' data-av_iconfont='entypo-fontello'><\/span>  Mostrar detalles<\/a> <span class='button-mini-delimiter'><\/span><\/div><\/div><\/li>\n<\/ul><\/div><\/div><div class=\"clear\"><\/div>\n<section class=\"av_textblock_section \"  itemscope=\"itemscope\" itemtype=\"https:\/\/schema.org\/CreativeWork\" ><div class='avia_textblock  '   itemprop=\"text\" ><p>Pulsa aqu\u00ed para a\u00f1adir un texto<\/p>\n<\/div><\/section>\n","protected":false},"excerpt":{"rendered":"<p>&nbsp;<\/p>\n<p>&nbsp;<\/p>\n<p>&nbsp;<\/p>\n<p class=\"a-spacing-base\">\n","protected":false},"featured_media":2740,"template":"","meta":[],"product_cat":[479,511],"product_tag":[],"_links":{"self":[{"href":"https:\/\/eu.kresstools.com\/es\/wp-json\/wp\/v2\/product\/375"}],"collection":[{"href":"https:\/\/eu.kresstools.com\/es\/wp-json\/wp\/v2\/product"}],"about":[{"href":"https:\/\/eu.kresstools.com\/es\/wp-json\/wp\/v2\/types\/product"}],"wp:featuredmedia":[{"embeddable":true,"href":"https:\/\/eu.kresstools.com\/es\/wp-json\/wp\/v2\/media\/2740"}],"wp:attachment":[{"href":"https:\/\/eu.kresstools.com\/es\/wp-json\/wp\/v2\/media?parent=375"}],"wp:term":[{"taxonomy":"product_cat","embeddable":true,"href":"https:\/\/eu.kresstools.com\/es\/wp-json\/wp\/v2\/product_cat?post=375"},{"taxonomy":"product_tag","embeddable":true,"href":"https:\/\/eu.kresstools.com\/es\/wp-json\/wp\/v2\/product_tag?post=375"}],"curies":[{"name":"wp","href":"https:\/\/api.w.org\/{rel}","templated":true}]}}