{"id":3746,"date":"2020-10-15T13:07:57","date_gmt":"2020-10-15T11:07:57","guid":{"rendered":"https:\/\/eu.kresstools.com\/?post_type=product&#038;p=3746"},"modified":"2022-08-29T13:32:14","modified_gmt":"2022-08-29T11:32:14","slug":"multiherramienta-vibrato-480w-kuw58-1","status":"publish","type":"product","link":"https:\/\/eu.kresstools.com\/es\/produkt\/multiherramienta-vibrato-480w-kuw58-1\/","title":{"rendered":"Multiherramienta VIBRATO 480W &#8211; KUW58.1"},"content":{"rendered":"<div id='av_section_1'  class='avia-section main_color avia-section-default avia-no-border-styling  avia-bg-style-scroll  avia-builder-el-0  el_before_av_section  avia-builder-el-first   container_wrap fullsize' style=' '  ><div class='container' ><main  role=\"main\" itemprop=\"mainContentOfPage\"  class='template-page content  av-content-full alpha units'><div class='post-entry post-entry-type-page post-entry-3746'><div class='entry-content-wrapper clearfix'>\n<div class=\"flex_column av_one_half  flex_column_div av-zero-column-padding first  avia-builder-el-1  el_before_av_one_half  avia-builder-el-first  \" style='border-radius:0px; '><div  class='avia-gallery  avia-gallery-1 avia_lazyload avia-gallery-animate avia_animate_when_visible  avia-builder-el-2  avia-builder-el-no-sibling '  itemprop=\"image\" itemscope=\"itemscope\" itemtype=\"https:\/\/schema.org\/ImageObject\" ><a class='avia-gallery-big fakeLightbox lightbox avia-gallery-big-crop-thumb ' href='https:\/\/eu.kresstools.com\/wp-content\/uploads\/2020\/10\/New-Project-44.jpg'  data-onclick='1' title='' ><span class='avia-gallery-big-inner'  itemprop=\"thumbnailUrl\" >\t<img width='1000' height='1000' src='https:\/\/eu.kresstools.com\/wp-content\/uploads\/2020\/10\/New-Project-44.jpg' title='New Project (44)' alt='' \/><\/span><\/a><div class='avia-gallery-thumb'> <a href='https:\/\/eu.kresstools.com\/wp-content\/uploads\/2020\/10\/New-Project-44.jpg' data-rel='gallery-1' data-prev-img='https:\/\/eu.kresstools.com\/wp-content\/uploads\/2020\/10\/New-Project-44.jpg' class='first_thumb lightbox ' data-onclick='1' title=''  itemprop=\"thumbnailUrl\" ><img  src='https:\/\/eu.kresstools.com\/wp-content\/uploads\/2020\/10\/New-Project-44-705x705.jpg' width='705' height='705'  title='New Project (44)' alt='' \/><\/a> <a href='https:\/\/eu.kresstools.com\/wp-content\/uploads\/2020\/10\/New-Project-48.jpg' data-rel='gallery-1' data-prev-img='https:\/\/eu.kresstools.com\/wp-content\/uploads\/2020\/10\/New-Project-48.jpg' class='lightbox ' data-onclick='2' title=''  itemprop=\"thumbnailUrl\" ><img  src='https:\/\/eu.kresstools.com\/wp-content\/uploads\/2020\/10\/New-Project-48-705x705.jpg' width='705' height='705'  title='New Project (48)' alt='' \/><\/a> <a href='https:\/\/eu.kresstools.com\/wp-content\/uploads\/2020\/10\/New-Project-47.jpg' data-rel='gallery-1' data-prev-img='https:\/\/eu.kresstools.com\/wp-content\/uploads\/2020\/10\/New-Project-47.jpg' class='lightbox ' data-onclick='3' title=''  itemprop=\"thumbnailUrl\" ><img  src='https:\/\/eu.kresstools.com\/wp-content\/uploads\/2020\/10\/New-Project-47-705x705.jpg' width='705' height='705'  title='New Project (47)' alt='' \/><\/a> <a href='https:\/\/eu.kresstools.com\/wp-content\/uploads\/2020\/10\/New-Project-46.jpg' data-rel='gallery-1' data-prev-img='https:\/\/eu.kresstools.com\/wp-content\/uploads\/2020\/10\/New-Project-46.jpg' class='lightbox ' data-onclick='4' title=''  itemprop=\"thumbnailUrl\" ><img  src='https:\/\/eu.kresstools.com\/wp-content\/uploads\/2020\/10\/New-Project-46-705x705.jpg' width='705' height='705'  title='New Project (46)' alt='' \/><\/a> <a href='https:\/\/eu.kresstools.com\/wp-content\/uploads\/2020\/10\/New-Project-45.jpg' data-rel='gallery-1' data-prev-img='https:\/\/eu.kresstools.com\/wp-content\/uploads\/2020\/10\/New-Project-45.jpg' class='lightbox ' data-onclick='5' title=''  itemprop=\"thumbnailUrl\" ><img  src='https:\/\/eu.kresstools.com\/wp-content\/uploads\/2020\/10\/New-Project-45-705x705.jpg' width='705' height='705'  title='New Project (45)' alt='' \/><\/a><\/div><\/div><\/div><div class=\"flex_column av_one_half  flex_column_div av-zero-column-padding   avia-builder-el-3  el_after_av_one_half  avia-builder-el-last  \" style='border-radius:0px; '><p><div  style='padding-bottom:10px; ' class='av-special-heading av-special-heading-h3    avia-builder-el-4  el_before_av_hr  avia-builder-el-first  '><h3 class='av-special-heading-tag '  itemprop=\"headline\"  >Multiherramienta VIBRATO 480W &#8211; KUW58.1<\/h3><div class='special-heading-border'><div class='special-heading-inner-border' ><\/div><\/div><\/div><br \/>\n<div  style='height:10px' class='hr hr-invisible   avia-builder-el-5  el_after_av_heading  el_before_av_textblock '><span class='hr-inner ' ><span class='hr-inner-style'><\/span><\/span><\/div><br \/>\n<section class=\"av_textblock_section \"  itemscope=\"itemscope\" itemtype=\"https:\/\/schema.org\/CreativeWork\" ><div class='avia_textblock  '   itemprop=\"text\" ><ul>\n<li>Eficiencia de corte 3 veces mayor en comparaci\u00f3n con otras marcas y 50% menor vibraci\u00f3n<\/li>\n<\/ul>\n<ul>\n<li>Sistema de anclaje de accesorios Universal, compatible con los accesorios de las otras marcas del mercado.<\/li>\n<\/ul>\n<ul>\n<li>El sistema sin herramientas Hyperlock \u2122 puede proporcionar una fuerza de sujeci\u00f3n de 1 tonelada que evita el deslizamiento de la cuchilla<\/li>\n<\/ul>\n<ul>\n<li>Con control de velocidad constante<\/li>\n<\/ul>\n<ul>\n<li>Tecnolog\u00eda de oscilaci\u00f3n micros\u00f3nica de alta frecuencia<\/li>\n<\/ul>\n<ul>\n<li>Ideal para muchas aplicaciones, corte, aserrado, raspado, lijado, pulido, eliminaci\u00f3n y m\u00e1s<\/li>\n<\/ul>\n<ul>\n<li>Para madera, metal, baldosas de pl\u00e1stico, paneles de yeso y m\u00e1s<\/li>\n<\/ul>\n<ul>\n<li>El control de velocidad variable y el ajuste de m\u00faltiples \u00e1ngulos se adaptan a diferentes aplicaciones<\/li>\n<\/ul>\n<\/div><\/section><br \/>\n<div  style='height:10px' class='hr hr-invisible   avia-builder-el-7  el_after_av_textblock  el_before_av_textblock '><span class='hr-inner ' ><span class='hr-inner-style'><\/span><\/span><\/div><br \/>\n<section class=\"av_textblock_section \"  itemscope=\"itemscope\" itemtype=\"https:\/\/schema.org\/CreativeWork\" ><div class='avia_textblock  '   itemprop=\"text\" ><p>La multiherramienta Vibrato de Kress dispone de tecnolog\u00eda de oscilaci\u00f3n de alta frecuencia que permite trabajar de forma r\u00e1pida y sencilla en diversidad de materiales.<\/p>\n<p>El sistema de anclaje de los accesorios es universal, permitiendo anclar accesorios de cualquier marca.<\/p>\n<\/div><\/section><\/p><\/div>\n\n<\/div><\/div><\/main><!-- close content main element --><\/div><\/div><div id='av_section_2'  class='avia-section main_color avia-section-default avia-no-border-styling  avia-bg-style-scroll  avia-builder-el-9  el_after_av_section  el_before_av_button   container_wrap fullsize' style=' '  ><div class='container' ><div class='template-page content  av-content-full alpha units'><div class='post-entry post-entry-type-page post-entry-3746'><div class='entry-content-wrapper clearfix'>\n<div  style='padding-bottom:10px; color:#b02b2c;' class='av-special-heading av-special-heading-h3 custom-color-heading blockquote modern-quote modern-centered  avia-builder-el-10  el_before_av_table  avia-builder-el-first  '><h3 class='av-special-heading-tag '  itemprop=\"headline\"  >Datos t\u00e9cnicos<\/h3><div class='special-heading-border'><div class='special-heading-inner-border' style='border-color:#b02b2c'><\/div><\/div><\/div>\n<div  class='avia-table main_color avia-pricing-table-container  avia_pricing_default   avia-builder-el-11  el_after_av_heading  el_before_av_heading  avia-table-1'  itemscope=\"itemscope\" itemtype=\"https:\/\/schema.org\/Table\" ><div class='pricing-table-wrap'><ul class='pricing-table '><li class=''><div class='first-table-item'>Potencia<\/div><span class='pricing-extra'><\/span><\/li><li class=''>Oscilaciones por minuto<\/li><li class=''>\u00c1ngulo de oscilaci\u00f3n<\/li><li class=''>Peso<\/li><\/ul><\/div><div class='pricing-table-wrap'><ul class='pricing-table '><li class=''><div class='first-table-item'>480W<\/div><span class='pricing-extra'><\/span><\/li><li class=''>11.000 &#8211; 20.000 opm<\/li><li class=''>5,0\u00ba<\/li><li class=''>1,7kg<\/li><\/ul><\/div><\/div>\n<div  style='padding-bottom:10px; color:#b02b2c;' class='av-special-heading av-special-heading-h3 custom-color-heading blockquote modern-quote modern-centered  avia-builder-el-12  el_after_av_table  el_before_av_table  '><h3 class='av-special-heading-tag '  itemprop=\"headline\"  >Accesorios incluidos<\/h3><div class='special-heading-border'><div class='special-heading-inner-border' style='border-color:#b02b2c'><\/div><\/div><\/div>\n<div  class='avia-table main_color avia-pricing-table-container  avia_pricing_default   avia-builder-el-13  el_after_av_heading  avia-builder-el-last  avia-table-2'  itemscope=\"itemscope\" itemtype=\"https:\/\/schema.org\/Table\" ><div class='pricing-table-wrap'><ul class='pricing-table '><li class=''><div class='first-table-item'>(1) Set de 12 accesorios<br \/><\/div><span class='pricing-extra'><\/span><\/li><li class=''>(1) Malet\u00edn apilable<\/li><\/ul><\/div><\/div>\n<\/div><\/div><\/div><!-- close content main div --><\/div><\/div><div id='after_section_2'  class='main_color av_default_container_wrap container_wrap fullsize' style=' '  ><div class='container' ><div class='template-page content  av-content-full alpha units'><div class='post-entry post-entry-type-page post-entry-3746'><div class='entry-content-wrapper clearfix'>\n<div  class='avia-button-wrap avia-button-center  avia-builder-el-14  el_after_av_section  avia-builder-el-no-sibling ' ><a href='https:\/\/eu.kresstools.com\/wp-content\/uploads\/2020\/10\/11L-KUW58.1-M-20200715.pdf' class='avia-button   avia-icon_select-yes-left-icon avia-color-theme-color avia-size-small avia-position-center ' target=\"_blank\" rel=\"noopener\"><span class='avia_button_icon avia_button_icon_left ' aria-hidden='true' data-av_icon='\ue82d' data-av_iconfont='entypo-fontello'><\/span><span class='avia_iconbox_title' >Manual de producto<\/span><\/a><\/div>\n","protected":false},"excerpt":{"rendered":"","protected":false},"featured_media":3747,"template":"","meta":[],"product_cat":[479,480],"product_tag":[],"_links":{"self":[{"href":"https:\/\/eu.kresstools.com\/es\/wp-json\/wp\/v2\/product\/3746"}],"collection":[{"href":"https:\/\/eu.kresstools.com\/es\/wp-json\/wp\/v2\/product"}],"about":[{"href":"https:\/\/eu.kresstools.com\/es\/wp-json\/wp\/v2\/types\/product"}],"wp:featuredmedia":[{"embeddable":true,"href":"https:\/\/eu.kresstools.com\/es\/wp-json\/wp\/v2\/media\/3747"}],"wp:attachment":[{"href":"https:\/\/eu.kresstools.com\/es\/wp-json\/wp\/v2\/media?parent=3746"}],"wp:term":[{"taxonomy":"product_cat","embeddable":true,"href":"https:\/\/eu.kresstools.com\/es\/wp-json\/wp\/v2\/product_cat?post=3746"},{"taxonomy":"product_tag","embeddable":true,"href":"https:\/\/eu.kresstools.com\/es\/wp-json\/wp\/v2\/product_tag?post=3746"}],"curies":[{"name":"wp","href":"https:\/\/api.w.org\/{rel}","templated":true}]}}