{"id":2484,"date":"2020-07-30T13:09:35","date_gmt":"2020-07-30T11:09:35","guid":{"rendered":"https:\/\/eu.kresstools.com\/?post_type=product&#038;p=2484"},"modified":"2026-03-03T06:55:05","modified_gmt":"2026-03-03T05:55:05","slug":"martillo-4f-brushless-22j-20v-4ah-2bat-kuc61-2","status":"publish","type":"product","link":"https:\/\/eu.kresstools.com\/es\/produkt\/martillo-4f-brushless-22j-20v-4ah-2bat-kuc61-2\/","title":{"rendered":"Amoladora angular Brushless Kress 20V Max 125mm &#8211; KUH10.2"},"content":{"rendered":"<div id='av_section_1'  class='avia-section main_color avia-section-default avia-no-border-styling  avia-bg-style-scroll  avia-builder-el-0  avia-builder-el-no-sibling   container_wrap fullsize' style=' '  ><div class='container' ><main  role=\"main\" itemprop=\"mainContentOfPage\"  class='template-page content  av-content-full alpha units'><div class='post-entry post-entry-type-page post-entry-2484'><div class='entry-content-wrapper clearfix'>\n<div class=\"flex_column av_one_half  flex_column_div av-zero-column-padding first  avia-builder-el-1  el_before_av_one_half  avia-builder-el-first  \" style='border-radius:0px; '><div  class='avia-gallery  avia-gallery-1 avia_lazyload avia-gallery-animate avia_animate_when_visible  avia-builder-el-2  avia-builder-el-no-sibling '  itemprop=\"image\" itemscope=\"itemscope\" itemtype=\"https:\/\/schema.org\/ImageObject\" ><a class='avia-gallery-big fakeLightbox lightbox avia-gallery-big-crop-thumb ' href='https:\/\/eu.kresstools.com\/wp-content\/uploads\/2020\/07\/KUH02.2-_Angle-1030x1030.png'  data-onclick='1' title='' ><span class='avia-gallery-big-inner'  itemprop=\"thumbnailUrl\" >\t<img width='1030' height='1030' src='https:\/\/eu.kresstools.com\/wp-content\/uploads\/2020\/07\/KUH02.2-_Angle-1030x1030.png' title='KUH02.2 _Angle' alt='' \/><\/span><\/a><div class='avia-gallery-thumb'> <a href='https:\/\/eu.kresstools.com\/wp-content\/uploads\/2020\/07\/KUH02.2-_Angle-1030x1030.png' data-rel='gallery-1' data-prev-img='https:\/\/eu.kresstools.com\/wp-content\/uploads\/2020\/07\/KUH02.2-_Angle-1030x1030.png' class='first_thumb lightbox ' data-onclick='1' title=''  itemprop=\"thumbnailUrl\" ><img  src='https:\/\/eu.kresstools.com\/wp-content\/uploads\/2020\/07\/KUH02.2-_Angle-1030x1030.png' width='1030' height='1030'  title='KUH02.2 _Angle' alt='' \/><\/a> <a href='https:\/\/eu.kresstools.com\/wp-content\/uploads\/2021\/09\/KUH02-F-copia-1030x336.jpg' data-rel='gallery-1' data-prev-img='https:\/\/eu.kresstools.com\/wp-content\/uploads\/2021\/09\/KUH02-F-copia-1030x336.jpg' class='lightbox ' data-onclick='2' title=''  itemprop=\"thumbnailUrl\" ><img  src='https:\/\/eu.kresstools.com\/wp-content\/uploads\/2021\/09\/KUH02-F-copia-1030x336.jpg' width='1030' height='336'  title='KUH02-F - copia' alt='' \/><\/a> <a href='https:\/\/eu.kresstools.com\/wp-content\/uploads\/2021\/09\/KUH02-F-1030x1030.jpg' data-rel='gallery-1' data-prev-img='https:\/\/eu.kresstools.com\/wp-content\/uploads\/2021\/09\/KUH02-F-1030x1030.jpg' class='lightbox ' data-onclick='3' title=''  itemprop=\"thumbnailUrl\" ><img  src='https:\/\/eu.kresstools.com\/wp-content\/uploads\/2021\/09\/KUH02-F-1030x1030.jpg' width='1030' height='1030'  title='KUH02-F' alt='' \/><\/a> <a href='https:\/\/eu.kresstools.com\/wp-content\/uploads\/2020\/10\/KUH02.2-1.jpg' data-rel='gallery-1' data-prev-img='https:\/\/eu.kresstools.com\/wp-content\/uploads\/2020\/10\/KUH02.2-1.jpg' class='lightbox ' data-onclick='4' title=''  itemprop=\"thumbnailUrl\" ><img  src='https:\/\/eu.kresstools.com\/wp-content\/uploads\/2020\/10\/KUH02.2-1.jpg' width='1000' height='1000'  title='KUH02.2 (1)' alt='' \/><\/a> <a href='https:\/\/eu.kresstools.com\/wp-content\/uploads\/2020\/07\/KUH02.2-3.jpg' data-rel='gallery-1' data-prev-img='https:\/\/eu.kresstools.com\/wp-content\/uploads\/2020\/07\/KUH02.2-3.jpg' class='lightbox ' data-onclick='5' title=''  itemprop=\"thumbnailUrl\" ><img  src='https:\/\/eu.kresstools.com\/wp-content\/uploads\/2020\/07\/KUH02.2-3.jpg' width='1000' height='1000'  title='KUH02.2 (3)' alt='' \/><\/a> <a href='https:\/\/eu.kresstools.com\/wp-content\/uploads\/2020\/07\/KUH02.2-2.jpg' data-rel='gallery-1' data-prev-img='https:\/\/eu.kresstools.com\/wp-content\/uploads\/2020\/07\/KUH02.2-2.jpg' class='first_thumb lightbox ' data-onclick='6' title=''  itemprop=\"thumbnailUrl\" ><img  src='https:\/\/eu.kresstools.com\/wp-content\/uploads\/2020\/07\/KUH02.2-2.jpg' width='1000' height='1000'  title='KUH02.2 (2)' alt='' \/><\/a><\/div><\/div><\/div><div class=\"flex_column av_one_half  flex_column_div av-zero-column-padding   avia-builder-el-3  el_after_av_one_half  avia-builder-el-last  \" style='border-radius:0px; '><p><div  style='padding-bottom:10px; ' class='av-special-heading av-special-heading-h3    avia-builder-el-4  el_before_av_hr  avia-builder-el-first  '><h3 class='av-special-heading-tag '  itemprop=\"headline\"  >Amoladora angular Brushless Kress 20V Max 125mm 3 velocidades &#8211; KUH10.2<\/h3><div class='special-heading-border'><div class='special-heading-inner-border' ><\/div><\/div><\/div><br \/>\n<div  style='height:10px' class='hr hr-invisible   avia-builder-el-5  el_after_av_heading  el_before_av_textblock '><span class='hr-inner ' ><span class='hr-inner-style'><\/span><\/span><\/div><br \/>\n<section class=\"av_textblock_section \"  itemscope=\"itemscope\" itemtype=\"https:\/\/schema.org\/CreativeWork\" ><div class='avia_textblock  '   itemprop=\"text\" ><p>La amoladora angular KRESS KUH10.2 20V de 3 velocidades y 125mm incorpora tecnolog\u00eda de motor sin escobillas que proporciona un tama\u00f1o m\u00e1s compacto, hasta 10 veces m\u00e1s vida \u00fatil del motor y un 50% m\u00e1s de tiempo de funcionamiento. Dispone de 3 velocidades, hasta 8500 RPM&#8217;s, seleccionables a trav\u00e9s de una pantalla electr\u00f3nica LED; la velocidad se puede ajustar para adaptarse a una variedad de trabajos de amolado con s\u00f3lo pulsar un bot\u00f3n. Entre las funciones de seguridad adicionales se incluyen el arranque suave y la protecci\u00f3n antirearranque, y la rejilla antipolvo desmontable evita da\u00f1os por suciedad a trav\u00e9s de los orificios de ventilaci\u00f3n. Indicada para aplicaciones de amolado ligeras y pesadas.<br \/>\nIncluye un malet\u00edn robusto y apilable para facilitar su transporte y almacenamiento.<\/p>\n<\/div><\/section><br \/>\n<div  style='height:10px' class='hr hr-invisible   avia-builder-el-7  el_after_av_textblock  el_before_av_textblock '><span class='hr-inner ' ><span class='hr-inner-style'><\/span><\/span><\/div><br \/>\n<section class=\"av_textblock_section \"  itemscope=\"itemscope\" itemtype=\"https:\/\/schema.org\/CreativeWork\" ><div class='avia_textblock  '   itemprop=\"text\" ><div class=\"text-wrap tlid-copy-target\">\n<ul>\n<li class=\"result-shield-container tlid-copy-target\">Tecnolog\u00eda de motor sin escobillas que proporciona un tama\u00f1o m\u00e1s compacto, hasta 10 veces m\u00e1s vida \u00fatil del motor y un 50% m\u00e1s de tiempo de funcionamiento.<\/li>\n<li class=\"result-shield-container tlid-copy-target\">Dispone de 3 velocidades de hasta 8500 RPM para adaptarse a una gran variedad de trabajos de amolado con s\u00f3lo pulsar un bot\u00f3n.<\/li>\n<li class=\"result-shield-container tlid-copy-target\">El arranque suave y el sistema antirearranque proporcionan un entorno de trabajo m\u00e1s seguro<\/li>\n<li class=\"result-shield-container tlid-copy-target\">La rejilla antipolvo desmontable evita que se da\u00f1e la suciedad y aumenta la vida \u00fatil del producto<\/li>\n<li class=\"result-shield-container tlid-copy-target\">Mango antivibraciones y empu\u00f1adura de goma sobremoldeada para mayor protecci\u00f3n y comodidad del usuario<\/li>\n<li class=\"result-shield-container tlid-copy-target\">Ajuste r\u00e1pido del protector sin herramientas<\/li>\n<li class=\"result-shield-container tlid-copy-target\">Todos los productos Kress 20V son compatibles con todas las bater\u00edas 20V Max KROSSPACK\u00ae.<\/li>\n<li class=\"result-shield-container tlid-copy-target\">Estuche apilable M<\/li>\n<\/ul>\n<\/div>\n<\/div><\/section><\/p><\/div>\n","protected":false},"excerpt":{"rendered":"","protected":false},"featured_media":13132,"template":"","meta":[],"product_cat":[677,479,487],"product_tag":[],"_links":{"self":[{"href":"https:\/\/eu.kresstools.com\/es\/wp-json\/wp\/v2\/product\/2484"}],"collection":[{"href":"https:\/\/eu.kresstools.com\/es\/wp-json\/wp\/v2\/product"}],"about":[{"href":"https:\/\/eu.kresstools.com\/es\/wp-json\/wp\/v2\/types\/product"}],"wp:featuredmedia":[{"embeddable":true,"href":"https:\/\/eu.kresstools.com\/es\/wp-json\/wp\/v2\/media\/13132"}],"wp:attachment":[{"href":"https:\/\/eu.kresstools.com\/es\/wp-json\/wp\/v2\/media?parent=2484"}],"wp:term":[{"taxonomy":"product_cat","embeddable":true,"href":"https:\/\/eu.kresstools.com\/es\/wp-json\/wp\/v2\/product_cat?post=2484"},{"taxonomy":"product_tag","embeddable":true,"href":"https:\/\/eu.kresstools.com\/es\/wp-json\/wp\/v2\/product_tag?post=2484"}],"curies":[{"name":"wp","href":"https:\/\/api.w.org\/{rel}","templated":true}]}}