{"id":2088,"date":"2020-07-10T16:21:31","date_gmt":"2020-07-10T14:21:31","guid":{"rendered":"https:\/\/eu.kresstools.com\/produkt\/kress-battery-impact-key-ku270-20v-4-0-ah\/"},"modified":"2024-04-18T04:06:41","modified_gmt":"2024-04-18T02:06:41","slug":"atornillador-impacto-brushless-20v-4ah-2bat-kub60-2","status":"publish","type":"product","link":"https:\/\/eu.kresstools.com\/es\/produkt\/atornillador-impacto-brushless-20v-4ah-2bat-kub60-2\/","title":{"rendered":"Atornillador Impacto Brushless 20V 4Ah 2bat &#8211; KUB60.2"},"content":{"rendered":"<div id='av_section_1'  class='avia-section main_color avia-section-default avia-no-border-styling  avia-bg-style-scroll  avia-builder-el-0  el_before_av_section  avia-builder-el-first   container_wrap fullsize' style=' '  ><div class='container' ><main  role=\"main\" itemprop=\"mainContentOfPage\"  class='template-page content  av-content-full alpha units'><div class='post-entry post-entry-type-page post-entry-2088'><div class='entry-content-wrapper clearfix'>\n<div class=\"flex_column av_one_half  flex_column_div av-zero-column-padding first  avia-builder-el-1  el_before_av_one_half  avia-builder-el-first  \" style='border-radius:0px; '><div  class='avia-gallery  avia-gallery-1 avia_lazyload avia-gallery-animate avia_animate_when_visible  avia-builder-el-2  avia-builder-el-no-sibling '  itemprop=\"image\" itemscope=\"itemscope\" itemtype=\"https:\/\/schema.org\/ImageObject\" ><a class='avia-gallery-big fakeLightbox lightbox avia-gallery-big-crop-thumb ' href='https:\/\/eu.kresstools.com\/wp-content\/uploads\/2020\/07\/KUB60.2-d.jpg'  data-onclick='1' title='' ><span class='avia-gallery-big-inner'  itemprop=\"thumbnailUrl\" >\t<img width='1000' height='1000' src='https:\/\/eu.kresstools.com\/wp-content\/uploads\/2020\/07\/KUB60.2-d.jpg' title='KUB60.2 (d)' alt='' \/><\/span><\/a><div class='avia-gallery-thumb'> <a href='https:\/\/eu.kresstools.com\/wp-content\/uploads\/2020\/07\/KUB60.2-d.jpg' data-rel='gallery-1' data-prev-img='https:\/\/eu.kresstools.com\/wp-content\/uploads\/2020\/07\/KUB60.2-d.jpg' class='first_thumb lightbox ' data-onclick='1' title=''  itemprop=\"thumbnailUrl\" ><img  src='https:\/\/eu.kresstools.com\/wp-content\/uploads\/2020\/07\/KUB60.2-d-705x705.jpg' width='705' height='705'  title='KUB60.2 (d)' alt='' \/><\/a> <a href='https:\/\/eu.kresstools.com\/wp-content\/uploads\/2020\/07\/KUB60.2-B.jpg' data-rel='gallery-1' data-prev-img='https:\/\/eu.kresstools.com\/wp-content\/uploads\/2020\/07\/KUB60.2-B.jpg' class='lightbox ' data-onclick='2' title=''  itemprop=\"thumbnailUrl\" ><img  src='https:\/\/eu.kresstools.com\/wp-content\/uploads\/2020\/07\/KUB60.2-B-705x705.jpg' width='705' height='705'  title='KUB60.2 (B)' alt='' \/><\/a> <a href='https:\/\/eu.kresstools.com\/wp-content\/uploads\/2020\/07\/KUB60.2-A.jpg' data-rel='gallery-1' data-prev-img='https:\/\/eu.kresstools.com\/wp-content\/uploads\/2020\/07\/KUB60.2-A.jpg' class='lightbox ' data-onclick='3' title=''  itemprop=\"thumbnailUrl\" ><img  src='https:\/\/eu.kresstools.com\/wp-content\/uploads\/2020\/07\/KUB60.2-A-705x705.jpg' width='705' height='705'  title='KUB60.2' alt='' \/><\/a> <a href='https:\/\/eu.kresstools.com\/wp-content\/uploads\/2020\/07\/KUB60.2-C.jpg' data-rel='gallery-1' data-prev-img='https:\/\/eu.kresstools.com\/wp-content\/uploads\/2020\/07\/KUB60.2-C.jpg' class='lightbox ' data-onclick='4' title=''  itemprop=\"thumbnailUrl\" ><img  src='https:\/\/eu.kresstools.com\/wp-content\/uploads\/2020\/07\/KUB60.2-C-705x705.jpg' width='705' height='705'  title='KUB60.2 (C)' alt='' \/><\/a> <a href='https:\/\/eu.kresstools.com\/wp-content\/uploads\/2020\/07\/KUB60.2-e.jpg' data-rel='gallery-1' data-prev-img='https:\/\/eu.kresstools.com\/wp-content\/uploads\/2020\/07\/KUB60.2-e.jpg' class='first_thumb lightbox ' data-onclick='5' title=''  itemprop=\"thumbnailUrl\" ><img  src='https:\/\/eu.kresstools.com\/wp-content\/uploads\/2020\/07\/KUB60.2-e-705x705.jpg' width='705' height='705'  title='KUB60.2 (e)' alt='' \/><\/a> <a href='https:\/\/eu.kresstools.com\/wp-content\/uploads\/2020\/07\/KUB60.2-f.jpg' data-rel='gallery-1' data-prev-img='https:\/\/eu.kresstools.com\/wp-content\/uploads\/2020\/07\/KUB60.2-f.jpg' class='lightbox ' data-onclick='6' title=''  itemprop=\"thumbnailUrl\" ><img  src='https:\/\/eu.kresstools.com\/wp-content\/uploads\/2020\/07\/KUB60.2-f-705x705.jpg' width='705' height='705'  title='KUB60.2 (f)' alt='' \/><\/a> <a href='https:\/\/eu.kresstools.com\/wp-content\/uploads\/2020\/07\/KUB60.2-g.jpg' data-rel='gallery-1' data-prev-img='https:\/\/eu.kresstools.com\/wp-content\/uploads\/2020\/07\/KUB60.2-g.jpg' class='lightbox ' data-onclick='7' title=''  itemprop=\"thumbnailUrl\" ><img  src='https:\/\/eu.kresstools.com\/wp-content\/uploads\/2020\/07\/KUB60.2-g-705x705.jpg' width='705' height='705'  title='KUB60.2 (g)' alt='' \/><\/a><\/div><\/div><\/div><div class=\"flex_column av_one_half  flex_column_div av-zero-column-padding   avia-builder-el-3  el_after_av_one_half  avia-builder-el-last  \" style='border-radius:0px; '><p><div  style='padding-bottom:10px; ' class='av-special-heading av-special-heading-h3    avia-builder-el-4  el_before_av_hr  avia-builder-el-first  '><h3 class='av-special-heading-tag '  itemprop=\"headline\"  >Atornillador Impacto Brushless 20V 4Ah 2bat &#8211; KUB60.2<\/h3><div class='special-heading-border'><div class='special-heading-inner-border' ><\/div><\/div><\/div><br \/>\n<div  style='height:10px' class='hr hr-invisible   avia-builder-el-5  el_after_av_heading  el_before_av_textblock '><span class='hr-inner ' ><span class='hr-inner-style'><\/span><\/span><\/div><br \/>\n<section class=\"av_textblock_section \"  itemscope=\"itemscope\" itemtype=\"https:\/\/schema.org\/CreativeWork\" ><div class='avia_textblock  '   itemprop=\"text\" ><ul>\n<li>Tecnolog\u00eda del profesional Brushless (sin escobillas):\n<ul>\n<li>Hasta 50% m\u00e1s de autonom\u00eda<\/li>\n<li>Hasta 25% m\u00e1s de potencia<\/li>\n<li>Hasta 10 veces mayor vida del motor.<\/li>\n<\/ul>\n<\/li>\n<li>El control variable de 3 velocidades se adapta a todas las aplicaciones de perforaci\u00f3n y fijaci\u00f3n<\/li>\n<li>Caja de engranajes de aluminio para mayor durabilidad y vida \u00fatil prolongada<\/li>\n<li>Dise\u00f1o muy compacto y ligero para zonas de acceso dif\u00edcil<\/li>\n<li>Luz LED de trabajo para \u00e1reas oscuras con retardo de apagado 20s<\/li>\n<li>Clip de cintur\u00f3n<\/li>\n<li>Kross Pack. Bater\u00eda extra\u00edble e intercambiable con todas las herramientas el\u00e9ctricas de la gama 20V de Kress<\/li>\n<\/ul>\n<\/div><\/section><br \/>\n<div  style='height:10px' class='hr hr-invisible   avia-builder-el-7  el_after_av_textblock  el_before_av_textblock '><span class='hr-inner ' ><span class='hr-inner-style'><\/span><\/span><\/div><br \/>\n<section class=\"av_textblock_section \"  itemscope=\"itemscope\" itemtype=\"https:\/\/schema.org\/CreativeWork\" ><div class='avia_textblock  '   itemprop=\"text\" ><p>El atornillador de impacto KUB60.2 de Kress se caracteriza por la potencia y su larga vida \u00fatil gracias al motor sin escobillas. Las dos velocidades variables, te permiten ajustar la velocidad en funci\u00f3n del trabajo que quieras realizar.<\/p>\n<p>La empu\u00f1adura sobremoldeada facilita el trabajo haci\u00e9ndolo m\u00e1s c\u00f3modo.<\/p>\n<\/div><\/section><\/p><\/div>\n\n<\/div><\/div><\/main><!-- close content main element --><\/div><\/div><div id='av_section_2'  class='avia-section main_color avia-section-default avia-no-border-styling  avia-bg-style-scroll  avia-builder-el-9  el_after_av_section  el_before_av_button   container_wrap fullsize' style=' '  ><div class='container' ><div class='template-page content  av-content-full alpha units'><div class='post-entry post-entry-type-page post-entry-2088'><div class='entry-content-wrapper clearfix'>\n<div  style='padding-bottom:10px; color:#b02b2c;' class='av-special-heading av-special-heading-h3 custom-color-heading blockquote modern-quote modern-centered  avia-builder-el-10  el_before_av_table  avia-builder-el-first  '><h3 class='av-special-heading-tag '  itemprop=\"headline\"  >Datos t\u00e9cnicos<\/h3><div class='special-heading-border'><div class='special-heading-inner-border' style='border-color:#b02b2c'><\/div><\/div><\/div>\n<div  class='avia-table main_color avia-pricing-table-container  avia_pricing_default   avia-builder-el-11  el_after_av_heading  el_before_av_heading  avia-table-1'  itemscope=\"itemscope\" itemtype=\"https:\/\/schema.org\/Table\" ><div class='pricing-table-wrap'><ul class='pricing-table '><li class=''><div class='first-table-item'>Bater\u00eda<\/div><span class='pricing-extra'><\/span><\/li><li class=''>Velocidad en vac\u00edo<\/li><li class=''>Tasa de impacto<\/li><li class=''>Inserci\u00f3n<\/li><li class=''>M\u00e1ximo par apriete<\/li><li class=''>Tiempo de carga<\/li><li class=''>Peso<\/li><\/ul><\/div><div class='pricing-table-wrap'><ul class='pricing-table '><li class=''><div class='first-table-item'>20V \/ 4.0AH<\/div><span class='pricing-extra'><\/span><\/li><li class=''>0-900 \/ 0-2400 \/ 0-3000 rpm<\/li><li class=''>0-1200 \/ 0-3300 \/ 0-4000 ipm<\/li><li class=''>1\/4 hexagonal<\/li><li class=''>75 \/ 160 \/ 230 Nm<\/li><li class=''>45min<\/li><li class=''>1,8kg<\/li><\/ul><\/div><\/div>\n<div  style='padding-bottom:10px; color:#b02b2c;' class='av-special-heading av-special-heading-h3 custom-color-heading blockquote modern-quote modern-centered  avia-builder-el-12  el_after_av_table  el_before_av_table  '><h3 class='av-special-heading-tag '  itemprop=\"headline\"  >Accesorios incluidos<\/h3><div class='special-heading-border'><div class='special-heading-inner-border' style='border-color:#b02b2c'><\/div><\/div><\/div>\n<div  class='avia-table main_color avia-pricing-table-container  avia_pricing_default   avia-builder-el-13  el_after_av_heading  avia-builder-el-last  avia-table-2'  itemscope=\"itemscope\" itemtype=\"https:\/\/schema.org\/Table\" ><div class='pricing-table-wrap'><ul class='pricing-table '><li class=''><div class='first-table-item'>(2) Bater\u00edas 4.0Ah<br \/><\/div><span class='pricing-extra'><\/span><\/li><li class=''>(1) Cargador<br \/><\/li><li class=''>(1) Doble punta<\/li><li class=''>(1) Clip de cintur\u00f3n<\/li><li class=''>(1) Clip de punta<br \/><\/li><li class=''>(1) Malet\u00edn apilable<\/li><\/ul><\/div><\/div>\n<\/div><\/div><\/div><!-- close content main div --><\/div><\/div><div id='after_section_2'  class='main_color av_default_container_wrap container_wrap fullsize' style=' '  ><div class='container' ><div class='template-page content  av-content-full alpha units'><div class='post-entry post-entry-type-page post-entry-2088'><div class='entry-content-wrapper clearfix'>\n<div  class='avia-button-wrap avia-button-center  avia-builder-el-14  el_after_av_section  avia-builder-el-no-sibling ' ><a href='https:\/\/eu.kresstools.com\/wp-content\/uploads\/2020\/10\/11L-KUB60-KUB60.2-KUB60.91-M-20200714.pdf' class='avia-button   avia-icon_select-yes-left-icon avia-color-theme-color avia-size-small avia-position-center ' target=\"_blank\" rel=\"noopener\"><span class='avia_button_icon avia_button_icon_left ' aria-hidden='true' data-av_icon='\ue82d' data-av_iconfont='entypo-fontello'><\/span><span class='avia_iconbox_title' >Descargar manual de producto<\/span><\/a><\/div>\n","protected":false},"excerpt":{"rendered":"","protected":false},"featured_media":3088,"template":"","meta":[],"product_cat":[479,567],"product_tag":[],"_links":{"self":[{"href":"https:\/\/eu.kresstools.com\/es\/wp-json\/wp\/v2\/product\/2088"}],"collection":[{"href":"https:\/\/eu.kresstools.com\/es\/wp-json\/wp\/v2\/product"}],"about":[{"href":"https:\/\/eu.kresstools.com\/es\/wp-json\/wp\/v2\/types\/product"}],"wp:featuredmedia":[{"embeddable":true,"href":"https:\/\/eu.kresstools.com\/es\/wp-json\/wp\/v2\/media\/3088"}],"wp:attachment":[{"href":"https:\/\/eu.kresstools.com\/es\/wp-json\/wp\/v2\/media?parent=2088"}],"wp:term":[{"taxonomy":"product_cat","embeddable":true,"href":"https:\/\/eu.kresstools.com\/es\/wp-json\/wp\/v2\/product_cat?post=2088"},{"taxonomy":"product_tag","embeddable":true,"href":"https:\/\/eu.kresstools.com\/es\/wp-json\/wp\/v2\/product_tag?post=2088"}],"curies":[{"name":"wp","href":"https:\/\/api.w.org\/{rel}","templated":true}]}}