{"id":15743,"date":"2026-05-15T13:22:35","date_gmt":"2026-05-15T11:22:35","guid":{"rendered":"https:\/\/eu.kresstools.com\/?post_type=product&#038;p=15743"},"modified":"2026-05-15T14:02:17","modified_gmt":"2026-05-15T12:02:17","slug":"mini-amoladora-brushless-20v-125mm-2bat-5ah-kuh10-4","status":"publish","type":"product","link":"https:\/\/eu.kresstools.com\/es\/produkt\/mini-amoladora-brushless-20v-125mm-2bat-5ah-kuh10-4\/","title":{"rendered":"Mini amoladora Brushless 20V 125mm 2bat 5Ah &#8211; KUH10.4"},"content":{"rendered":"<div id='av_section_1'  class='avia-section main_color avia-section-default avia-no-border-styling  avia-bg-style-scroll  avia-builder-el-0  el_before_av_heading  avia-builder-el-first   container_wrap fullsize' style=' '  ><div class='container' ><main  role=\"main\" itemprop=\"mainContentOfPage\"  class='template-page content  av-content-full alpha units'><div class='post-entry post-entry-type-page post-entry-15743'><div class='entry-content-wrapper clearfix'>\n<div class=\"flex_column av_one_half  flex_column_div av-zero-column-padding first  avia-builder-el-1  el_before_av_one_half  avia-builder-el-first  \" style='border-radius:0px; '><div  class='avia-gallery  avia-gallery-1 avia_lazyload avia-gallery-animate avia_animate_when_visible  avia-builder-el-2  avia-builder-el-no-sibling '  itemprop=\"image\" itemscope=\"itemscope\" itemtype=\"https:\/\/schema.org\/ImageObject\" ><a class='avia-gallery-big fakeLightbox lightbox avia-gallery-big-crop-thumb ' href='https:\/\/eu.kresstools.com\/wp-content\/uploads\/2026\/05\/KUH10-5.0Ah-front-1030x1030.png'  data-onclick='1' title='' ><span class='avia-gallery-big-inner'  itemprop=\"thumbnailUrl\" >\t<img width='1030' height='1030' src='https:\/\/eu.kresstools.com\/wp-content\/uploads\/2026\/05\/KUH10-5.0Ah-front-1030x1030.png' title='KUH10 5.0Ah front' alt='' \/><\/span><\/a><div class='avia-gallery-thumb'> <a href='https:\/\/eu.kresstools.com\/wp-content\/uploads\/2026\/05\/KUH10-5.0Ah-front-1030x1030.png' data-rel='gallery-1' data-prev-img='https:\/\/eu.kresstools.com\/wp-content\/uploads\/2026\/05\/KUH10-5.0Ah-front-1030x1030.png' class='first_thumb lightbox ' data-onclick='1' title=''  itemprop=\"thumbnailUrl\" ><img  src='https:\/\/eu.kresstools.com\/wp-content\/uploads\/2026\/05\/KUH10-5.0Ah-front-1030x1030.png' width='1030' height='1030'  title='KUH10 5.0Ah front' alt='' \/><\/a> <a href='https:\/\/eu.kresstools.com\/wp-content\/uploads\/2026\/05\/KUH10.4-5.0Ah-1030x1030.png' data-rel='gallery-1' data-prev-img='https:\/\/eu.kresstools.com\/wp-content\/uploads\/2026\/05\/KUH10.4-5.0Ah-1030x1030.png' class='lightbox ' data-onclick='2' title=''  itemprop=\"thumbnailUrl\" ><img  src='https:\/\/eu.kresstools.com\/wp-content\/uploads\/2026\/05\/KUH10.4-5.0Ah-1030x1030.png' width='1030' height='1030'  title='KUH10.4 -5.0Ah' alt='' \/><\/a> <a href='https:\/\/eu.kresstools.com\/wp-content\/uploads\/2026\/05\/KUH10_Head-1030x1030.png' data-rel='gallery-1' data-prev-img='https:\/\/eu.kresstools.com\/wp-content\/uploads\/2026\/05\/KUH10_Head-1030x1030.png' class='lightbox ' data-onclick='3' title=''  itemprop=\"thumbnailUrl\" ><img  src='https:\/\/eu.kresstools.com\/wp-content\/uploads\/2026\/05\/KUH10_Head-1030x1030.png' width='1030' height='1030'  title='KUH10_Head' alt='' \/><\/a> <a href='https:\/\/eu.kresstools.com\/wp-content\/uploads\/2026\/05\/KUH10_Handle-1030x1030.png' data-rel='gallery-1' data-prev-img='https:\/\/eu.kresstools.com\/wp-content\/uploads\/2026\/05\/KUH10_Handle-1030x1030.png' class='lightbox ' data-onclick='4' title=''  itemprop=\"thumbnailUrl\" ><img  src='https:\/\/eu.kresstools.com\/wp-content\/uploads\/2026\/05\/KUH10_Handle-1030x1030.png' width='1030' height='1030'  title='KUH10_Handle' alt='' \/><\/a> <a href='https:\/\/eu.kresstools.com\/wp-content\/uploads\/2026\/05\/KUH10.4-1030x1030.png' data-rel='gallery-1' data-prev-img='https:\/\/eu.kresstools.com\/wp-content\/uploads\/2026\/05\/KUH10.4-1030x1030.png' class='lightbox ' data-onclick='5' title=''  itemprop=\"thumbnailUrl\" ><img  src='https:\/\/eu.kresstools.com\/wp-content\/uploads\/2026\/05\/KUH10.4-1030x1030.png' width='1030' height='1030'  title='KUH10.4' alt='' \/><\/a><\/div><\/div><\/div><div class=\"flex_column av_one_half  flex_column_div av-zero-column-padding   avia-builder-el-3  el_after_av_one_half  avia-builder-el-last  \" style='border-radius:0px; '><p><div  style='padding-bottom:10px; ' class='av-special-heading av-special-heading-h3    avia-builder-el-4  el_before_av_hr  avia-builder-el-first  '><h3 class='av-special-heading-tag '  itemprop=\"headline\"  >Mini amoladora Brushless 20V 125mm 2bat 5Ah &#8211; KUH10.4<\/h3><div class='special-heading-border'><div class='special-heading-inner-border' ><\/div><\/div><\/div><br \/>\n<div  style='height:10px' class='hr hr-invisible   avia-builder-el-5  el_after_av_heading  el_before_av_textblock '><span class='hr-inner ' ><span class='hr-inner-style'><\/span><\/span><\/div><br \/>\n<section class=\"av_textblock_section \"  itemscope=\"itemscope\" itemtype=\"https:\/\/schema.org\/CreativeWork\" ><div class='avia_textblock  '   itemprop=\"text\" ><p>La amoladora angular KRESS KUH10.4 20V de 3 velocidades y 125mm incorpora tecnolog\u00eda de motor sin escobillas que proporciona un tama\u00f1o m\u00e1s compacto, hasta 10 veces m\u00e1s vida \u00fatil del motor y un 50% m\u00e1s de tiempo de funcionamiento. Dispone de 3 velocidades, hasta 8500 RPM&#8217;s, seleccionables a trav\u00e9s de una pantalla electr\u00f3nica LED; la velocidad se puede ajustar para adaptarse a una variedad de trabajos de amolado con s\u00f3lo pulsar un bot\u00f3n. Entre las funciones de seguridad adicionales se incluyen el arranque suave y la protecci\u00f3n antirearranque, y la rejilla antipolvo desmontable evita da\u00f1os por suciedad a trav\u00e9s de los orificios de ventilaci\u00f3n. Indicada para aplicaciones de amolado ligeras y pesadas.<\/p>\n<\/div><\/section><br \/>\n<div  style='height:10px' class='hr hr-invisible   avia-builder-el-7  el_after_av_textblock  el_before_av_textblock '><span class='hr-inner ' ><span class='hr-inner-style'><\/span><\/span><\/div><br \/>\n<section class=\"av_textblock_section \"  itemscope=\"itemscope\" itemtype=\"https:\/\/schema.org\/CreativeWork\" ><div class='avia_textblock  '   itemprop=\"text\" ><div class=\"text-wrap tlid-copy-target\">\n<ul>\n<li class=\"result-shield-container tlid-copy-target\">Tecnolog\u00eda de motor sin escobillas.<\/li>\n<li class=\"result-shield-container tlid-copy-target\">3 ajustes de velocidad de hasta 8500 RPM.<\/li>\n<li class=\"result-shield-container tlid-copy-target\">El arranque suave y el sistema antirreinicio.<\/li>\n<li class=\"result-shield-container tlid-copy-target\">La rejilla desmontable a prueba de polvo evita<br \/>\nda\u00f1os por residuos y aumenta la longevidad del<br \/>\nproducto.<\/li>\n<li class=\"result-shield-container tlid-copy-target\">Mango antivibraci\u00f3n y empu\u00f1adura engomada.<\/li>\n<li class=\"result-shield-container tlid-copy-target\">Ajuste r\u00e1pido de la protecci\u00f3n sin herramientas.<\/li>\n<li class=\"result-shield-container tlid-copy-target\">Todos los productos Kress 20V son compatibles<br \/>\ncon todas las bater\u00edas 20V Max KROSSPACK\u00ae.<\/li>\n<\/ul>\n<\/div>\n<\/div><\/section><\/p><\/div>\n<\/div><\/div><\/main><!-- close content main element --><\/div><\/div><div id='after_section_1'  class='main_color av_default_container_wrap container_wrap fullsize' style=' '  ><div class='container' ><div class='template-page content  av-content-full alpha units'><div class='post-entry post-entry-type-page post-entry-15743'><div class='entry-content-wrapper clearfix'>\n<div  style='padding-bottom:10px; color:#b02b2c;' class='av-special-heading av-special-heading-h3 custom-color-heading blockquote modern-quote modern-centered  avia-builder-el-9  el_after_av_section  el_before_av_table  avia-builder-el-first  '><h3 class='av-special-heading-tag '  itemprop=\"headline\"  >Datos t\u00e9cnicos<\/h3><div class='special-heading-border'><div class='special-heading-inner-border' style='border-color:#b02b2c'><\/div><\/div><\/div>\n<div  class='avia-table main_color avia-pricing-table-container  avia_pricing_default   avia-builder-el-10  el_after_av_heading  el_before_av_heading  avia-table-1'  itemscope=\"itemscope\" itemtype=\"https:\/\/schema.org\/Table\" ><div class='pricing-table-wrap'><ul class='pricing-table '><li class=''><div class='first-table-item'>Bater\u00eda<\/div><span class='pricing-extra'><\/span><\/li><li class=''>Velocidad en el vac\u00edo<\/li><li class=''>Di\u00e1metro del disco<\/li><li class=''>M\u00e9trica husillo<\/li><li class=''>Peso<\/li><\/ul><\/div><div class='pricing-table-wrap'><ul class='pricing-table '><li class=''><div class='first-table-item'>20 V \/ 5,0 Ah<\/div><span class='pricing-extra'><\/span><\/li><li class=''>3500\/6000\/8500 rpm<\/li><li class=''>125 cm<\/li><li class=''>M 14<\/li><li class=''>1,7 kg<\/li><\/ul><\/div><\/div>\n<div  style='padding-bottom:10px; color:#b02b2c;' class='av-special-heading av-special-heading-h3 custom-color-heading blockquote modern-quote modern-centered  avia-builder-el-11  el_after_av_table  el_before_av_table  '><h3 class='av-special-heading-tag '  itemprop=\"headline\"  >Accesorios incluidos<\/h3><div class='special-heading-border'><div class='special-heading-inner-border' style='border-color:#b02b2c'><\/div><\/div><\/div>\n<div  class='avia-table main_color avia-pricing-table-container  avia_pricing_default   avia-builder-el-12  el_after_av_heading  el_before_av_button  avia-table-2'  itemscope=\"itemscope\" itemtype=\"https:\/\/schema.org\/Table\" ><div class='pricing-table-wrap'><ul class='pricing-table '><li class=''><div class='first-table-item'>(2) Bater\u00edas 5,0 Ah<\/div><span class='pricing-extra'><\/span><\/li><li class=''>(1) Cargador 6 A<\/li><li class=''>(1) Mango auxiliar<\/li><li class=''>(1) Protector de desbaste<\/li><li class=''>(1) Llave de cambio de disco<\/li><li class=''>(1) Malet\u00edn<\/li><\/ul><\/div><\/div>\n<div  class='avia-button-wrap avia-button-center  avia-builder-el-13  el_after_av_table  avia-builder-el-last ' ><a href='https:\/\/eu.kresstools.com\/wp-content\/uploads\/2026\/05\/9L-KUH10-KUH10.2-KUH10.91-M-20220622-\u6539\u5730\u5740.pdf' class='avia-button   avia-icon_select-yes-left-icon avia-color-theme-color avia-size-small avia-position-center ' target=\"_blank\" rel=\"noopener\"><span class='avia_button_icon avia_button_icon_left ' aria-hidden='true' data-av_icon='\ue82d' data-av_iconfont='entypo-fontello'><\/span><span class='avia_iconbox_title' >Descargar manual de producto<\/span><\/a><\/div>\n","protected":false},"excerpt":{"rendered":"","protected":false},"featured_media":15719,"template":"","meta":[],"product_cat":[677,479,487],"product_tag":[],"_links":{"self":[{"href":"https:\/\/eu.kresstools.com\/es\/wp-json\/wp\/v2\/product\/15743"}],"collection":[{"href":"https:\/\/eu.kresstools.com\/es\/wp-json\/wp\/v2\/product"}],"about":[{"href":"https:\/\/eu.kresstools.com\/es\/wp-json\/wp\/v2\/types\/product"}],"wp:featuredmedia":[{"embeddable":true,"href":"https:\/\/eu.kresstools.com\/es\/wp-json\/wp\/v2\/media\/15719"}],"wp:attachment":[{"href":"https:\/\/eu.kresstools.com\/es\/wp-json\/wp\/v2\/media?parent=15743"}],"wp:term":[{"taxonomy":"product_cat","embeddable":true,"href":"https:\/\/eu.kresstools.com\/es\/wp-json\/wp\/v2\/product_cat?post=15743"},{"taxonomy":"product_tag","embeddable":true,"href":"https:\/\/eu.kresstools.com\/es\/wp-json\/wp\/v2\/product_tag?post=15743"}],"curies":[{"name":"wp","href":"https:\/\/api.w.org\/{rel}","templated":true}]}}