{"id":13148,"date":"2024-09-25T13:12:44","date_gmt":"2024-09-25T11:12:44","guid":{"rendered":"https:\/\/eu.kresstools.com\/?post_type=product&#038;p=13148"},"modified":"2024-09-25T13:52:10","modified_gmt":"2024-09-25T11:52:10","slug":"amoladora-brushless-20v-kuh04","status":"publish","type":"product","link":"https:\/\/eu.kresstools.com\/es\/produkt\/amoladora-brushless-20v-kuh04\/","title":{"rendered":"Amoladora Brushless 20V 4Ah 2Bat \u2013 KUH04"},"content":{"rendered":"<div id='av_section_1'  class='avia-section main_color avia-section-default avia-no-border-styling  avia-bg-style-scroll  avia-builder-el-0  el_before_av_heading  avia-builder-el-first   container_wrap fullsize' style=' '  ><div class='container' ><main  role=\"main\" itemprop=\"mainContentOfPage\"  class='template-page content  av-content-full alpha units'><div class='post-entry post-entry-type-page post-entry-13148'><div class='entry-content-wrapper clearfix'>\n<div class=\"flex_column av_one_half  flex_column_div av-zero-column-padding first  avia-builder-el-1  el_before_av_one_half  avia-builder-el-first  \" style='border-radius:0px; '><div  class='avia-gallery  avia-gallery-1 avia_lazyload avia-gallery-animate avia_animate_when_visible  avia-builder-el-2  avia-builder-el-no-sibling '  itemprop=\"image\" itemscope=\"itemscope\" itemtype=\"https:\/\/schema.org\/ImageObject\" ><a class='avia-gallery-big fakeLightbox lightbox avia-gallery-big-crop-thumb ' href='https:\/\/eu.kresstools.com\/wp-content\/uploads\/2024\/04\/KUH04_2-1030x1030.png'  data-onclick='1' title='' ><span class='avia-gallery-big-inner'  itemprop=\"thumbnailUrl\" >\t<img width='1030' height='1030' src='https:\/\/eu.kresstools.com\/wp-content\/uploads\/2024\/04\/KUH04_2-1030x1030.png' title='KUH04_2' alt='' \/><\/span><\/a><div class='avia-gallery-thumb'> <a href='https:\/\/eu.kresstools.com\/wp-content\/uploads\/2024\/04\/KUH04_2-1030x1030.png' data-rel='gallery-1' data-prev-img='https:\/\/eu.kresstools.com\/wp-content\/uploads\/2024\/04\/KUH04_2-1030x1030.png' class='first_thumb lightbox ' data-onclick='1' title=''  itemprop=\"thumbnailUrl\" ><img  src='https:\/\/eu.kresstools.com\/wp-content\/uploads\/2024\/04\/KUH04_2-1030x1030.png' width='1030' height='1030'  title='KUH04_2' alt='' \/><\/a> <a href='https:\/\/eu.kresstools.com\/wp-content\/uploads\/2024\/03\/KUH04.91_7-1-1030x1030.png' data-rel='gallery-1' data-prev-img='https:\/\/eu.kresstools.com\/wp-content\/uploads\/2024\/03\/KUH04.91_7-1-1030x1030.png' class='lightbox ' data-onclick='2' title=''  itemprop=\"thumbnailUrl\" ><img  src='https:\/\/eu.kresstools.com\/wp-content\/uploads\/2024\/03\/KUH04.91_7-1-1030x1030.png' width='1030' height='1030'  title='KUH04.91_7 (1)' alt='' \/><\/a> <a href='https:\/\/eu.kresstools.com\/wp-content\/uploads\/2024\/03\/KUH04.91_4-1-1030x1030.png' data-rel='gallery-1' data-prev-img='https:\/\/eu.kresstools.com\/wp-content\/uploads\/2024\/03\/KUH04.91_4-1-1030x1030.png' class='lightbox ' data-onclick='3' title=''  itemprop=\"thumbnailUrl\" ><img  src='https:\/\/eu.kresstools.com\/wp-content\/uploads\/2024\/03\/KUH04.91_4-1-1030x1030.png' width='1030' height='1030'  title='KUH04.91_4 (1)' alt='' \/><\/a> <a href='https:\/\/eu.kresstools.com\/wp-content\/uploads\/2024\/03\/KUH04.91_3-1-1030x1030.png' data-rel='gallery-1' data-prev-img='https:\/\/eu.kresstools.com\/wp-content\/uploads\/2024\/03\/KUH04.91_3-1-1030x1030.png' class='lightbox ' data-onclick='4' title=''  itemprop=\"thumbnailUrl\" ><img  src='https:\/\/eu.kresstools.com\/wp-content\/uploads\/2024\/03\/KUH04.91_3-1-1030x1030.png' width='1030' height='1030'  title='KUH04.91_3 (1)' alt='' \/><\/a> <a href='https:\/\/eu.kresstools.com\/wp-content\/uploads\/2024\/03\/KUH04_Family-1030x1030.png' data-rel='gallery-1' data-prev-img='https:\/\/eu.kresstools.com\/wp-content\/uploads\/2024\/03\/KUH04_Family-1030x1030.png' class='lightbox ' data-onclick='5' title=''  itemprop=\"thumbnailUrl\" ><img  src='https:\/\/eu.kresstools.com\/wp-content\/uploads\/2024\/03\/KUH04_Family-1030x1030.png' width='1030' height='1030'  title='KUH04_Family' alt='' \/><\/a><\/div><\/div><\/div><div class=\"flex_column av_one_half  flex_column_div av-zero-column-padding   avia-builder-el-3  el_after_av_one_half  avia-builder-el-last  \" style='border-radius:0px; '><p><div  style='padding-bottom:10px; ' class='av-special-heading av-special-heading-h3    avia-builder-el-4  el_before_av_hr  avia-builder-el-first  '><h3 class='av-special-heading-tag '  itemprop=\"headline\"  >Amoladora Brushless 20V 4Ah 2Bat \u2013 KUH04<\/h3><div class='special-heading-border'><div class='special-heading-inner-border' ><\/div><\/div><\/div><br \/>\n<div   class='hr hr-default   avia-builder-el-5  el_after_av_heading  el_before_av_textblock '><span class='hr-inner ' ><span class='hr-inner-style'><\/span><\/span><\/div><br \/>\n<section class=\"av_textblock_section \"  itemscope=\"itemscope\" itemtype=\"https:\/\/schema.org\/CreativeWork\" ><div class='avia_textblock  '   itemprop=\"text\" ><p>La amoladora angular KRESS 20V max sin escobillas de 125mm dispone de 3 velocidades, hasta 8500 RPM, que pueden ajustarse para adaptarse a una gran variedad de trabajos de amolado. Las caracter\u00edsticas de seguridad adicionales incluyen un interruptor de palanca con freno electr\u00f3nico. La herramienta s\u00f3lo se pone en marcha al pulsar el interruptor y se detiene r\u00e1pidamente al soltarlo. Protecci\u00f3n de arranque suave y antirearranque. Su dise\u00f1o compacto y ligero permite trabajar con una sola mano y reducir la fatiga. La rejilla antipolvo desmontable evita que la suciedad penetre por los orificios de ventilaci\u00f3n.<\/p>\n<\/div><\/section><br \/>\n<section class=\"av_textblock_section \"  itemscope=\"itemscope\" itemtype=\"https:\/\/schema.org\/CreativeWork\" ><div class='avia_textblock  '   itemprop=\"text\" ><ul>\n<li>Tecnolog\u00eda de motor sin escobillas: tama\u00f1o compacto, mayor vida \u00fatil del motor y mayor tiempo de funcionamiento<\/li>\n<li>Selecci\u00f3n de 3 velocidades para adaptarse a la aplicaci\u00f3n<\/li>\n<li>Funciones antirearranque y de arranque suave<\/li>\n<li>Rejilla antipolvo desmontable que evita da\u00f1os por suciedad<\/li>\n<li>Empu\u00f1adura engomada<\/li>\n<li>Ajuste r\u00e1pido del protector de disco, sin herramientas<\/li>\n<li>El interruptor de palanca y la funci\u00f3n de freno garantizan la seguridad<\/li>\n<li>Todos los productos Kress 20V son compatibles con todas las bater\u00edas KROSSPACK\u00ae 20V Max.<\/li>\n<\/ul>\n<\/div><\/section><\/p><\/div><\/div><\/div><\/main><!-- close content main element --><\/div><\/div><div id='after_section_1'  class='main_color av_default_container_wrap container_wrap fullsize' style=' '  ><div class='container' ><div class='template-page content  av-content-full alpha units'><div class='post-entry post-entry-type-page post-entry-13148'><div class='entry-content-wrapper clearfix'><div  style='padding-bottom:10px; ' class='av-special-heading av-special-heading-h3  blockquote modern-quote modern-centered  avia-builder-el-8  el_after_av_section  el_before_av_table  avia-builder-el-first  '><h3 class='av-special-heading-tag '  itemprop=\"headline\"  >Datos t\u00e9cnicos<\/h3><div class='special-heading-border'><div class='special-heading-inner-border' ><\/div><\/div><\/div><\/p>\n<div  class='avia-table main_color avia-pricing-table-container  avia_pricing_default   avia-builder-el-9  el_after_av_heading  el_before_av_heading  avia-table-1'  itemscope=\"itemscope\" itemtype=\"https:\/\/schema.org\/Table\" ><div class='pricing-table-wrap'><ul class='pricing-table '><li class=''><div class='first-table-item'>Tensi\u00f3n nominal<\/div><span class='pricing-extra'><\/span><\/li><li class=''>Tipo de motor<\/li><li class=''>Velocidad en vac\u00edo<\/li><li class=''>Di\u00e1metro del disco<\/li><li class=''>M\u00e9trica del husillo<\/li><li class=''>Asa ajustable<\/li><li class=''>Protector ajustable<\/li><li class=''>Nivel de vibraci\u00f3n<\/li><li class=''>Longitud del producto<\/li><li class=''>Anchura del producto<\/li><li class=''>Altura del producto<\/li><li class=''>Peso sin bater\u00eda<\/li><li class=''>Packaging<\/li><\/ul><\/div><div class='pricing-table-wrap'><ul class='pricing-table '><li class=''><div class='first-table-item'>20 V m\u00e1x.<\/div><span class='pricing-extra'><\/span><\/li><li class=''>Sin escobillas<\/li><li class=''>0- 3500 \/ 6000 \/ 8500 rpm<\/li><li class=''>125 cm x 22.2mm<\/li><li class=''>M14<\/li><li class=''>2 posiciones<\/li><li class=''>Si<\/li><li class=''>3.825m\/s\u00b2<\/li><li class=''>348.5 mm<\/li><li class=''>115 mm<\/li><li class=''>118 mm<\/li><li class=''>1.4kg<\/li><li class=''>Caja apilable<\/li><\/ul><\/div><\/div>\n<div  style='padding-bottom:10px; ' class='av-special-heading av-special-heading-h3  blockquote modern-quote modern-centered  avia-builder-el-10  el_after_av_table  el_before_av_table  '><h3 class='av-special-heading-tag '  itemprop=\"headline\"  >Accesorios incluidos<\/h3><div class='special-heading-border'><div class='special-heading-inner-border' ><\/div><\/div><\/div>\n<div  class='avia-table main_color avia-pricing-table-container  avia_pricing_default   avia-builder-el-11  el_after_av_heading  el_before_av_button  avia-table-2'  itemscope=\"itemscope\" itemtype=\"https:\/\/schema.org\/Table\" ><div class='pricing-table-wrap'><ul class='pricing-table '><li class=''><div class='first-table-item'>(2) Bater\u00edas 4,0 Ah<\/div><span class='pricing-extra'><\/span><\/li><li class=''>(1) Cargador 6 Ah<\/li><li class=''>(1) Empu\u00f1adura auxiliar antivibraci\u00f3n<\/li><li class=''>(1) Llave<\/li><li class=''>(1) Protector de disco<\/li><li class=''>(1) Malet\u00edn apilable<\/li><\/ul><\/div><\/div>\n<div  class='avia-button-wrap avia-button-center  avia-builder-el-12  el_after_av_table  avia-builder-el-last ' ><a href='https:\/\/eu.kresstools.com\/wp-content\/uploads\/2024\/04\/KUH04.pdf'  class='avia-button   avia-icon_select-yes-left-icon avia-color-theme-color avia-size-small avia-position-center '   ><span class='avia_button_icon avia_button_icon_left ' aria-hidden='true' data-av_icon='\ue82d' data-av_iconfont='entypo-fontello'><\/span><span class='avia_iconbox_title' >Descargar manual de producto<\/span><\/a><\/div>\n","protected":false},"excerpt":{"rendered":"","protected":false},"featured_media":9458,"template":"","meta":[],"product_cat":[677,479,487],"product_tag":[],"_links":{"self":[{"href":"https:\/\/eu.kresstools.com\/es\/wp-json\/wp\/v2\/product\/13148"}],"collection":[{"href":"https:\/\/eu.kresstools.com\/es\/wp-json\/wp\/v2\/product"}],"about":[{"href":"https:\/\/eu.kresstools.com\/es\/wp-json\/wp\/v2\/types\/product"}],"wp:featuredmedia":[{"embeddable":true,"href":"https:\/\/eu.kresstools.com\/es\/wp-json\/wp\/v2\/media\/9458"}],"wp:attachment":[{"href":"https:\/\/eu.kresstools.com\/es\/wp-json\/wp\/v2\/media?parent=13148"}],"wp:term":[{"taxonomy":"product_cat","embeddable":true,"href":"https:\/\/eu.kresstools.com\/es\/wp-json\/wp\/v2\/product_cat?post=13148"},{"taxonomy":"product_tag","embeddable":true,"href":"https:\/\/eu.kresstools.com\/es\/wp-json\/wp\/v2\/product_tag?post=13148"}],"curies":[{"name":"wp","href":"https:\/\/api.w.org\/{rel}","templated":true}]}}