{"id":11434,"date":"2024-07-11T08:58:41","date_gmt":"2024-07-11T06:58:41","guid":{"rendered":"https:\/\/eu.kresstools.com\/?post_type=product&#038;p=11434"},"modified":"2024-07-11T09:16:58","modified_gmt":"2024-07-11T07:16:58","slug":"taladro-percutor-60-nm-sin-escobillas-kress-20-v-max-2-velocidades-13-mm","status":"publish","type":"product","link":"https:\/\/eu.kresstools.com\/es\/produkt\/taladro-percutor-60-nm-sin-escobillas-kress-20-v-max-2-velocidades-13-mm\/","title":{"rendered":"Taladro percutor 60 Nm sin escobillas Kress 20 V Max 2 velocidades 13 mm"},"content":{"rendered":"<div id='av_section_1'  class='avia-section main_color avia-section-default avia-no-border-styling  avia-bg-style-scroll  avia-builder-el-0  avia-builder-el-no-sibling   container_wrap fullsize' style=' '  ><div class='container' ><main  role=\"main\" itemprop=\"mainContentOfPage\"  class='template-page content  av-content-full alpha units'><div class='post-entry post-entry-type-page post-entry-11434'><div class='entry-content-wrapper clearfix'>\n<div class=\"flex_column av_one_half  flex_column_div av-zero-column-padding first  avia-builder-el-1  el_before_av_one_half  avia-builder-el-first  \" style='border-radius:0px; '><div  class='avia-gallery  avia-gallery-1 avia_lazyload avia-gallery-animate avia_animate_when_visible  avia-builder-el-2  avia-builder-el-no-sibling '  itemprop=\"image\" itemscope=\"itemscope\" itemtype=\"https:\/\/schema.org\/ImageObject\" ><a class='avia-gallery-big fakeLightbox lightbox avia-gallery-big-crop-thumb ' href='https:\/\/eu.kresstools.com\/wp-content\/uploads\/2024\/07\/KUC30.91_Family-1030x1030.png'  data-onclick='1' title='' ><span class='avia-gallery-big-inner'  itemprop=\"thumbnailUrl\" >\t<img width='1030' height='1030' src='https:\/\/eu.kresstools.com\/wp-content\/uploads\/2024\/07\/KUC30.91_Family-1030x1030.png' title='KUC30.91_Family' alt='' \/><\/span><\/a><div class='avia-gallery-thumb'> <a href='https:\/\/eu.kresstools.com\/wp-content\/uploads\/2024\/07\/KUC30.91_Family-1030x1030.png' data-rel='gallery-1' data-prev-img='https:\/\/eu.kresstools.com\/wp-content\/uploads\/2024\/07\/KUC30.91_Family-1030x1030.png' class='first_thumb lightbox ' data-onclick='1' title=''  itemprop=\"thumbnailUrl\" ><img  src='https:\/\/eu.kresstools.com\/wp-content\/uploads\/2024\/07\/KUC30.91_Family-1030x1030.png' width='1030' height='1030'  title='KUC30.91_Family' alt='' \/><\/a><\/div><\/div><\/div><div class=\"flex_column av_one_half  flex_column_div av-zero-column-padding   avia-builder-el-3  el_after_av_one_half  avia-builder-el-last  \" style='border-radius:0px; '><p><div  style='padding-bottom:10px; ' class='av-special-heading av-special-heading-h3    avia-builder-el-4  el_before_av_hr  avia-builder-el-first  '><h3 class='av-special-heading-tag '  itemprop=\"headline\"  >Taladro percutor 60 Nm sin escobillas Kress 20 V Max 2 velocidades 13 mm KUC30.1<\/h3><div class='special-heading-border'><div class='special-heading-inner-border' ><\/div><\/div><\/div><br \/>\n<div  style='height:10px' class='hr hr-invisible   avia-builder-el-5  el_after_av_heading  el_before_av_hr '><span class='hr-inner ' ><span class='hr-inner-style'><\/span><\/span><\/div><br \/>\n<div  style='height:10px' class='hr hr-invisible   avia-builder-el-6  el_after_av_hr  el_before_av_textblock '><span class='hr-inner ' ><span class='hr-inner-style'><\/span><\/span><\/div><br \/>\n<section class=\"av_textblock_section \"  itemscope=\"itemscope\" itemtype=\"https:\/\/schema.org\/CreativeWork\" ><div class='avia_textblock  '   itemprop=\"text\" ><p data-pm-slice=\"1 1 &#091;&#093;\">Dise\u00f1ado con la innovadora tecnolog\u00eda sin escobillas que proporciona un tama\u00f1o m\u00e1s compacto, hasta 10 veces m\u00e1s vida \u00fatil del motor y un 50% m\u00e1s de tiempo de funcionamiento, y el sistema de yunque y martillo Kress, el taladro percutor Kress KUC30.1 20 V 60 Nm 13 mm est\u00e1 dise\u00f1ado para producir una alta eficiencia y una mayor precisi\u00f3n para condiciones de perforaci\u00f3n dif\u00edciles. Dispone de un portabrocas met\u00e1lico de 13 mm de alta resistencia, 2 velocidades variables, par m\u00e1ximo de 60 Nm, 20+1 posiciones de embrague y una potente velocidad de impacto m\u00e1xima de 33.600 bpm. Con un dise\u00f1o ultracompacto, la KUC30 es ideal para acceder a esquinas estrechas, con una luz LED para zonas poco iluminadas. Adecuado para taladrar madera, metal, pl\u00e1sticos y otras tareas de conducci\u00f3n con un dise\u00f1o ergon\u00f3mico que ofrece un mejor control.<\/p>\n<\/div><\/section><\/p><\/div>\n","protected":false},"excerpt":{"rendered":"","protected":false},"featured_media":9793,"template":"","meta":[],"product_cat":[567],"product_tag":[],"_links":{"self":[{"href":"https:\/\/eu.kresstools.com\/es\/wp-json\/wp\/v2\/product\/11434"}],"collection":[{"href":"https:\/\/eu.kresstools.com\/es\/wp-json\/wp\/v2\/product"}],"about":[{"href":"https:\/\/eu.kresstools.com\/es\/wp-json\/wp\/v2\/types\/product"}],"wp:featuredmedia":[{"embeddable":true,"href":"https:\/\/eu.kresstools.com\/es\/wp-json\/wp\/v2\/media\/9793"}],"wp:attachment":[{"href":"https:\/\/eu.kresstools.com\/es\/wp-json\/wp\/v2\/media?parent=11434"}],"wp:term":[{"taxonomy":"product_cat","embeddable":true,"href":"https:\/\/eu.kresstools.com\/es\/wp-json\/wp\/v2\/product_cat?post=11434"},{"taxonomy":"product_tag","embeddable":true,"href":"https:\/\/eu.kresstools.com\/es\/wp-json\/wp\/v2\/product_tag?post=11434"}],"curies":[{"name":"wp","href":"https:\/\/api.w.org\/{rel}","templated":true}]}}