{"id":11294,"date":"2024-07-11T07:46:41","date_gmt":"2024-07-11T05:46:41","guid":{"rendered":"https:\/\/eu.kresstools.com\/?post_type=product&#038;p=11294"},"modified":"2025-10-30T12:22:15","modified_gmt":"2025-10-30T11:22:15","slug":"kress-20v-aspirador-kh035-9","status":"publish","type":"product","link":"https:\/\/eu.kresstools.com\/es\/produkt\/kress-20v-aspirador-kh035-9\/","title":{"rendered":"KRESS 20V Apirador 2 en 1 KH035.9"},"content":{"rendered":"<div id='av_section_1'  class='avia-section main_color avia-section-default avia-no-border-styling  avia-bg-style-scroll  avia-builder-el-0  el_before_av_heading  avia-builder-el-first   container_wrap fullsize' style=' '  ><div class='container' ><main  role=\"main\" itemprop=\"mainContentOfPage\"  class='template-page content  av-content-full alpha units'><div class='post-entry post-entry-type-page post-entry-11294'><div class='entry-content-wrapper clearfix'>\n<div class=\"flex_column av_one_half  flex_column_div av-zero-column-padding first  avia-builder-el-1  el_before_av_one_half  avia-builder-el-first  \" style='border-radius:0px; '><div  class='avia-gallery  avia-gallery-1 avia_lazyload avia-gallery-animate avia_animate_when_visible  avia-builder-el-2  avia-builder-el-no-sibling '  itemprop=\"image\" itemscope=\"itemscope\" itemtype=\"https:\/\/schema.org\/ImageObject\" ><a class='avia-gallery-big fakeLightbox lightbox avia-gallery-big-crop-thumb ' href='https:\/\/eu.kresstools.com\/wp-content\/uploads\/2024\/07\/KU035.9_45-1030x1030.png'  data-onclick='1' title='' ><span class='avia-gallery-big-inner'  itemprop=\"thumbnailUrl\" >\t<img width='1030' height='1030' src='https:\/\/eu.kresstools.com\/wp-content\/uploads\/2024\/07\/KU035.9_45-1030x1030.png' title='KU035.9_45' alt='' \/><\/span><\/a><div class='avia-gallery-thumb'> <a href='https:\/\/eu.kresstools.com\/wp-content\/uploads\/2024\/07\/KU035.9_45-1030x1030.png' data-rel='gallery-1' data-prev-img='https:\/\/eu.kresstools.com\/wp-content\/uploads\/2024\/07\/KU035.9_45-1030x1030.png' class='first_thumb lightbox ' data-onclick='1' title=''  itemprop=\"thumbnailUrl\" ><img  src='https:\/\/eu.kresstools.com\/wp-content\/uploads\/2024\/07\/KU035.9_45-1030x1030.png' width='1030' height='1030'  title='KU035.9_45' alt='' \/><\/a> <a href='https:\/\/eu.kresstools.com\/wp-content\/uploads\/2024\/07\/KU035.9_F-1030x1030.png' data-rel='gallery-1' data-prev-img='https:\/\/eu.kresstools.com\/wp-content\/uploads\/2024\/07\/KU035.9_F-1030x1030.png' class='lightbox ' data-onclick='2' title=''  itemprop=\"thumbnailUrl\" ><img  src='https:\/\/eu.kresstools.com\/wp-content\/uploads\/2024\/07\/KU035.9_F-1030x1030.png' width='1030' height='1030'  title='KU035.9_F' alt='' \/><\/a> <a href='https:\/\/eu.kresstools.com\/wp-content\/uploads\/2024\/07\/KU035.9_button-1030x1030.png' data-rel='gallery-1' data-prev-img='https:\/\/eu.kresstools.com\/wp-content\/uploads\/2024\/07\/KU035.9_button-1030x1030.png' class='lightbox ' data-onclick='3' title=''  itemprop=\"thumbnailUrl\" ><img  src='https:\/\/eu.kresstools.com\/wp-content\/uploads\/2024\/07\/KU035.9_button-1030x1030.png' width='1030' height='1030'  title='KU035.9_button' alt='' \/><\/a> <a href='https:\/\/eu.kresstools.com\/wp-content\/uploads\/2024\/07\/KU035.9_Family-1030x1030.png' data-rel='gallery-1' data-prev-img='https:\/\/eu.kresstools.com\/wp-content\/uploads\/2024\/07\/KU035.9_Family-1030x1030.png' class='lightbox ' data-onclick='4' title=''  itemprop=\"thumbnailUrl\" ><img  src='https:\/\/eu.kresstools.com\/wp-content\/uploads\/2024\/07\/KU035.9_Family-1030x1030.png' width='1030' height='1030'  title='KU035.9_Family' alt='' \/><\/a> <a href='https:\/\/eu.kresstools.com\/wp-content\/uploads\/2024\/07\/KU035.9_handle-1030x1030.png' data-rel='gallery-1' data-prev-img='https:\/\/eu.kresstools.com\/wp-content\/uploads\/2024\/07\/KU035.9_handle-1030x1030.png' class='lightbox ' data-onclick='5' title=''  itemprop=\"thumbnailUrl\" ><img  src='https:\/\/eu.kresstools.com\/wp-content\/uploads\/2024\/07\/KU035.9_handle-1030x1030.png' width='1030' height='1030'  title='KU035.9_handle' alt='' \/><\/a> <a href='https:\/\/eu.kresstools.com\/wp-content\/uploads\/2024\/07\/KU035.9_wristband--1030x1030.png' data-rel='gallery-1' data-prev-img='https:\/\/eu.kresstools.com\/wp-content\/uploads\/2024\/07\/KU035.9_wristband--1030x1030.png' class='first_thumb lightbox ' data-onclick='6' title=''  itemprop=\"thumbnailUrl\" ><img  src='https:\/\/eu.kresstools.com\/wp-content\/uploads\/2024\/07\/KU035.9_wristband--1030x1030.png' width='1030' height='1030'  title='KU035.9_wristband' alt='' \/><\/a><\/div><\/div><\/div><div class=\"flex_column av_one_half  flex_column_div av-zero-column-padding   avia-builder-el-3  el_after_av_one_half  avia-builder-el-last  \" style='border-radius:0px; '><p><div  style='padding-bottom:10px; ' class='av-special-heading av-special-heading-h3    avia-builder-el-4  el_before_av_hr  avia-builder-el-first  '><h3 class='av-special-heading-tag '  itemprop=\"headline\"  >KRESS 20V Aspirador en seco y h\u00famedo sin cable 10L KH035.9<\/h3><div class='special-heading-border'><div class='special-heading-inner-border' ><\/div><\/div><\/div><br \/>\n<div  style='height:10px' class='hr hr-invisible   avia-builder-el-5  el_after_av_heading  el_before_av_textblock '><span class='hr-inner ' ><span class='hr-inner-style'><\/span><\/span><\/div><br \/>\n<section class=\"av_textblock_section \"  itemscope=\"itemscope\" itemtype=\"https:\/\/schema.org\/CreativeWork\" ><div class='avia_textblock  '   itemprop=\"text\" ><p>Esta sierra de calar inal\u00e1mbrica de 20 V est\u00e1 dise\u00f1ada para cortes curvos y ofrece una potencia potente y manejable.<\/p>\n<\/div><\/section><br \/>\n<section class=\"av_textblock_section \"  itemscope=\"itemscope\" itemtype=\"https:\/\/schema.org\/CreativeWork\" ><div class='avia_textblock  '   itemprop=\"text\" ><p>&#8211; El eficiente motor sin escobillas de 250W produce una potencia de succi\u00f3n competitiva de 16KPa y un fuerte volumen de aire de 1.3m3\/min para una limpieza m\u00e1s r\u00e1pida<br \/>\n-Gran capacidad de 10L para un almacenamiento abundante y un largo tiempo de uso sin necesidad de limpiar con frecuencia la basura del interior<br \/>\n&#8211; La pulsera inal\u00e1mbrica controla a distancia la puesta en marcha y la velocidad, lo que resulta muy pr\u00e1ctico<br \/>\n&#8211; El sistema Bluetooth I-connect conecta autom\u00e1ticamente las herramientas el\u00e9ctricas Worx para limpiar el lugar de trabajo<br \/>\n&#8211; El innovador dise\u00f1o ergon\u00f3mico proporciona a esta herramienta una movilidad inigualable y una limpieza extralarga, ahorrando tiempo de transporte de las herramientas dentro y fuera de la obra.<br \/>\n&#8211; Manguera telesc\u00f3pica de 3,6 metros para llegar a todas las zonas<br \/>\n&#8211; El cartucho de bater\u00eda mejorado admite bater\u00edas de 6,0\/8,0Ah<br \/>\n&#8211; Se convierte r\u00e1pidamente de aspirador a soplador para una mayor versatilidad<br \/>\n&#8211; Bot\u00f3n de selecci\u00f3n de potencia de dos velocidades (alta\/baja) para una gran variedad de aplicaciones<br \/>\n&#8211; Su dise\u00f1o apilable y el almacenamiento organizado a bordo mantienen todos los accesorios dentro de la unidad para un transporte y almacenamiento c\u00f3modos.<\/p>\n<\/div><\/section><\/p><\/div><\/div><\/div><\/main><!-- close content main element --><\/div><\/div><div id='after_section_1'  class='main_color av_default_container_wrap container_wrap fullsize' style=' '  ><div class='container' ><div class='template-page content  av-content-full alpha units'><div class='post-entry post-entry-type-page post-entry-11294'><div class='entry-content-wrapper clearfix'><div  style='padding-bottom:10px; color:#b02b2c;' class='av-special-heading av-special-heading-h3 custom-color-heading blockquote modern-quote modern-centered  avia-builder-el-8  el_after_av_section  el_before_av_table  avia-builder-el-first  '><h3 class='av-special-heading-tag '  itemprop=\"headline\"  >Datos t\u00e9cnicos<\/h3><div class='special-heading-border'><div class='special-heading-inner-border' style='border-color:#b02b2c'><\/div><\/div><\/div><\/p>\n<div  class='avia-table main_color avia-pricing-table-container  avia_pricing_default   avia-builder-el-9  el_after_av_heading  el_before_av_heading  avia-table-1'  itemscope=\"itemscope\" itemtype=\"https:\/\/schema.org\/Table\" ><div class='pricing-table-wrap'><ul class='pricing-table '><li class=''><div class='first-table-item'>Voltaje<\/div><span class='pricing-extra'><\/span><\/li><li class=''>Velocidad en vac\u00edo<\/li><li class=''>Potencia de succi\u00f3n<\/li><li class=''>Caudal de aire<\/li><li class=''>Capacidad<\/li><li class=''>Longitud de la manguera<\/li><li class=''>Velocidades<\/li><li class=''>H\u00famedo\/seco<\/li><li class=''>Funci\u00f3n soplado\/aspiraci\u00f3n<\/li><li class=''>Autonom\u00eda con 4,0Ah<\/li><li class=''>Peso de la m\u00e1quina<\/li><\/ul><\/div><div class='pricing-table-wrap'><ul class='pricing-table '><li class=''><div class='first-table-item'>20 V m\u00e1x.<\/div><span class='pricing-extra'><\/span><\/li><li class=''>65.000 rpm<\/li><li class=''>17KPa<\/li><li class=''>(A)1,3m3\/min (B) 0,7m3\/min<\/li><li class=''>Polvo 10L \/ Agua 8L<\/li><li class=''>3,6 m<\/li><li class=''>2 (Alto-Bajo)<\/li><li class=''>S\u00ed<\/li><li class=''>S\u00ed<\/li><li class=''>(A) 16 m \/ (B)40 m<\/li><li class=''>4,1 kg<\/li><\/ul><\/div><\/div>\n<div  style='padding-bottom:10px; color:#b02b2c;' class='av-special-heading av-special-heading-h3 custom-color-heading blockquote modern-quote modern-centered  avia-builder-el-10  el_after_av_table  el_before_av_table  '><h3 class='av-special-heading-tag '  itemprop=\"headline\"  >Accesorios incluidos<\/h3><div class='special-heading-border'><div class='special-heading-inner-border' style='border-color:#b02b2c'><\/div><\/div><\/div>\n<div  class='avia-table main_color avia-pricing-table-container  avia_pricing_default   avia-builder-el-11  el_after_av_heading  el_before_av_button  avia-table-2'  itemscope=\"itemscope\" itemtype=\"https:\/\/schema.org\/Table\" ><div class='pricing-table-wrap'><ul class='pricing-table '><li class=''><div class='first-table-item'>(1) Filtro HEPA<\/div><span class='pricing-extra'><\/span><\/li><li class=''>(1) Manguera<\/li><li class=''>(1) Tapa de entrada de agua<\/li><li class=''>(1) Tapa de vaciado del agua<\/li><li class=''>(1) Esponja<\/li><li class=''>(1) Boquilla esquinera<\/li><li class=''>(1) Mu\u00f1equera inal\u00e1mbrica<\/li><li class=''>(1) Tubo de pl\u00e1stico<\/li><li class=''>(1) Boquilla de suelo<\/li><li class=''>(1) Adaptador<\/li><li class=''>(1) Caja de cart\u00f3n<\/li><\/ul><\/div><\/div>\n<div  class='avia-button-wrap avia-button-center  avia-builder-el-12  el_after_av_table  avia-builder-el-last ' ><a href='https:\/\/eu.kresstools.com\/wp-content\/uploads\/2025\/03\/UK9L-KH035-KH035.X-M-20231219.pdf'  class='avia-button   avia-icon_select-yes-left-icon avia-color-theme-color avia-size-small avia-position-center '   ><span class='avia_button_icon avia_button_icon_left ' aria-hidden='true' data-av_icon='\ue887' data-av_iconfont='entypo-fontello'><\/span><span class='avia_iconbox_title' >Descargar manual<\/span><\/a><\/div>\n","protected":false},"excerpt":{"rendered":"","protected":false},"featured_media":13298,"template":"","meta":[],"product_cat":[603],"product_tag":[],"_links":{"self":[{"href":"https:\/\/eu.kresstools.com\/es\/wp-json\/wp\/v2\/product\/11294"}],"collection":[{"href":"https:\/\/eu.kresstools.com\/es\/wp-json\/wp\/v2\/product"}],"about":[{"href":"https:\/\/eu.kresstools.com\/es\/wp-json\/wp\/v2\/types\/product"}],"wp:featuredmedia":[{"embeddable":true,"href":"https:\/\/eu.kresstools.com\/es\/wp-json\/wp\/v2\/media\/13298"}],"wp:attachment":[{"href":"https:\/\/eu.kresstools.com\/es\/wp-json\/wp\/v2\/media?parent=11294"}],"wp:term":[{"taxonomy":"product_cat","embeddable":true,"href":"https:\/\/eu.kresstools.com\/es\/wp-json\/wp\/v2\/product_cat?post=11294"},{"taxonomy":"product_tag","embeddable":true,"href":"https:\/\/eu.kresstools.com\/es\/wp-json\/wp\/v2\/product_tag?post=11294"}],"curies":[{"name":"wp","href":"https:\/\/api.w.org\/{rel}","templated":true}]}}