{"id":11248,"date":"2024-07-11T03:40:40","date_gmt":"2024-07-11T01:40:40","guid":{"rendered":"https:\/\/eu.kresstools.com\/?post_type=product&#038;p=11248"},"modified":"2024-09-25T15:34:33","modified_gmt":"2024-09-25T13:34:33","slug":"kud26-91","status":"publish","type":"product","link":"https:\/\/eu.kresstools.com\/es\/produkt\/kud26-91\/","title":{"rendered":"Fresadora Brushless 20V &#8211; solo herramienta KUD26.91"},"content":{"rendered":"<div id='av_section_1'  class='avia-section main_color avia-section-default avia-no-border-styling  avia-bg-style-scroll  avia-builder-el-0  avia-builder-el-no-sibling   container_wrap fullsize' style=' '  ><div class='container' ><main  role=\"main\" itemprop=\"mainContentOfPage\"  class='template-page content  av-content-full alpha units'><div class='post-entry post-entry-type-page post-entry-11248'><div class='entry-content-wrapper clearfix'>\n<div class=\"flex_column av_one_half  flex_column_div av-zero-column-padding first  avia-builder-el-1  el_before_av_one_half  avia-builder-el-first  \" style='border-radius:0px; '><div  class='avia-gallery  avia-gallery-1 avia_lazyload avia-gallery-animate avia_animate_when_visible  avia-builder-el-2  avia-builder-el-no-sibling '  itemprop=\"image\" itemscope=\"itemscope\" itemtype=\"https:\/\/schema.org\/ImageObject\" ><a class='avia-gallery-big fakeLightbox lightbox avia-gallery-big-crop-thumb ' href='https:\/\/eu.kresstools.com\/wp-content\/uploads\/2024\/07\/KUD26.91_1-1030x1030.png'  data-onclick='1' title='' ><span class='avia-gallery-big-inner'  itemprop=\"thumbnailUrl\" >\t<img width='1030' height='1030' src='https:\/\/eu.kresstools.com\/wp-content\/uploads\/2024\/07\/KUD26.91_1-1030x1030.png' title='KUD26.91_1' alt='' \/><\/span><\/a><div class='avia-gallery-thumb'> <a href='https:\/\/eu.kresstools.com\/wp-content\/uploads\/2024\/07\/KUD26.91_1-1030x1030.png' data-rel='gallery-1' data-prev-img='https:\/\/eu.kresstools.com\/wp-content\/uploads\/2024\/07\/KUD26.91_1-1030x1030.png' class='first_thumb lightbox ' data-onclick='1' title=''  itemprop=\"thumbnailUrl\" ><img  src='https:\/\/eu.kresstools.com\/wp-content\/uploads\/2024\/07\/KUD26.91_1-1030x1030.png' width='1030' height='1030'  title='KUD26.91_1' alt='' \/><\/a> <a href='https:\/\/eu.kresstools.com\/wp-content\/uploads\/2024\/07\/KUD26.91_2-1030x1030.png' data-rel='gallery-1' data-prev-img='https:\/\/eu.kresstools.com\/wp-content\/uploads\/2024\/07\/KUD26.91_2-1030x1030.png' class='lightbox ' data-onclick='2' title=''  itemprop=\"thumbnailUrl\" ><img  src='https:\/\/eu.kresstools.com\/wp-content\/uploads\/2024\/07\/KUD26.91_2-1030x1030.png' width='1030' height='1030'  title='KUD26.91_2' alt='' \/><\/a> <a href='https:\/\/eu.kresstools.com\/wp-content\/uploads\/2024\/07\/KUD26.91_3-1030x1030.png' data-rel='gallery-1' data-prev-img='https:\/\/eu.kresstools.com\/wp-content\/uploads\/2024\/07\/KUD26.91_3-1030x1030.png' class='lightbox ' data-onclick='3' title=''  itemprop=\"thumbnailUrl\" ><img  src='https:\/\/eu.kresstools.com\/wp-content\/uploads\/2024\/07\/KUD26.91_3-1030x1030.png' width='1030' height='1030'  title='KUD26.91_3' alt='' \/><\/a> <a href='https:\/\/eu.kresstools.com\/wp-content\/uploads\/2024\/07\/KUD26.91_4-1030x1030.png' data-rel='gallery-1' data-prev-img='https:\/\/eu.kresstools.com\/wp-content\/uploads\/2024\/07\/KUD26.91_4-1030x1030.png' class='lightbox ' data-onclick='4' title=''  itemprop=\"thumbnailUrl\" ><img  src='https:\/\/eu.kresstools.com\/wp-content\/uploads\/2024\/07\/KUD26.91_4-1030x1030.png' width='1030' height='1030'  title='KUD26.91_4' alt='' \/><\/a> <a href='https:\/\/eu.kresstools.com\/wp-content\/uploads\/2024\/07\/KUD26.91_5-1030x1030.png' data-rel='gallery-1' data-prev-img='https:\/\/eu.kresstools.com\/wp-content\/uploads\/2024\/07\/KUD26.91_5-1030x1030.png' class='lightbox ' data-onclick='5' title=''  itemprop=\"thumbnailUrl\" ><img  src='https:\/\/eu.kresstools.com\/wp-content\/uploads\/2024\/07\/KUD26.91_5-1030x1030.png' width='1030' height='1030'  title='KUD26.91_5' alt='' \/><\/a> <a href='https:\/\/eu.kresstools.com\/wp-content\/uploads\/2024\/07\/KUD26_Family-1030x1030.png' data-rel='gallery-1' data-prev-img='https:\/\/eu.kresstools.com\/wp-content\/uploads\/2024\/07\/KUD26_Family-1030x1030.png' class='first_thumb lightbox ' data-onclick='6' title=''  itemprop=\"thumbnailUrl\" ><img  src='https:\/\/eu.kresstools.com\/wp-content\/uploads\/2024\/07\/KUD26_Family-1030x1030.png' width='1030' height='1030'  title='KUD26_Family' alt='' \/><\/a><\/div><\/div><\/div><div class=\"flex_column av_one_half  flex_column_div av-zero-column-padding   avia-builder-el-3  el_after_av_one_half  avia-builder-el-last  \" style='border-radius:0px; '><p><div  style='padding-bottom:10px; ' class='av-special-heading av-special-heading-h3    avia-builder-el-4  el_before_av_hr  avia-builder-el-first  '><h3 class='av-special-heading-tag '  itemprop=\"headline\"  >Fresadora Brushless 20V &#8211; solo herramienta KUD26.91<\/h3><div class='special-heading-border'><div class='special-heading-inner-border' ><\/div><\/div><\/div><br \/>\n<div  style='height:10px' class='hr hr-invisible   avia-builder-el-5  el_after_av_heading  el_before_av_textblock '><span class='hr-inner ' ><span class='hr-inner-style'><\/span><\/span><\/div><br \/>\n<section class=\"av_textblock_section \"  itemscope=\"itemscope\" itemtype=\"https:\/\/schema.org\/CreativeWork\" ><div class='avia_textblock  '   itemprop=\"text\" ><p>La fresadora de 1\/4&#8243; sin escobillas de 20V ofrece una potencia de gran resistencia para cortar maderas duras y otros materiales.<\/p>\n<\/div><\/section><br \/>\n<section class=\"av_textblock_section \"  itemscope=\"itemscope\" itemtype=\"https:\/\/schema.org\/CreativeWork\" ><div class='avia_textblock  '   itemprop=\"text\" ><p>La fresadora Kress KUD26.91 20V 1\/4&#8243; ofrece un dise\u00f1o compacto y ligero, con tecnolog\u00eda de motor sin escobillas que proporciona un tama\u00f1o m\u00e1s compacto, hasta 10 veces m\u00e1s vida \u00fatil del motor y un 50% m\u00e1s de tiempo de funcionamiento.<\/p>\n<p>La base fija de pl\u00e1stico y las luces LED dobles ayudan a iluminar las superficies de trabajo, adem\u00e1s de proporcionar una visibilidad superior cuando est\u00e1 en uso.<\/p>\n<p>Est\u00e1 equipada con control de velocidad variable para una velocidad \u00f3ptima de la broca en cada aplicaci\u00f3n, una abrazadera de liberaci\u00f3n que permite cambiar la broca y la base de forma r\u00e1pida y sencilla, y base y carcasa de aluminio para mayor durabilidad.<\/p>\n<p>Dispone de bloqueo del eje para facilitar los cambios de broca, bloqueo con bot\u00f3n pulsador, bloqueo del eje y se puede conectar f\u00e1cilmente para la extracci\u00f3n de polvo.<\/p>\n<p>Todos los productos KRESS 20V son compatibles con las Bater\u00edas KROSSPACK\u00ae 20V Max<\/p>\n<\/div><\/section><\/p><\/div>\n","protected":false},"excerpt":{"rendered":"","protected":false},"featured_media":11258,"template":"","meta":[],"product_cat":[479,603],"product_tag":[],"_links":{"self":[{"href":"https:\/\/eu.kresstools.com\/es\/wp-json\/wp\/v2\/product\/11248"}],"collection":[{"href":"https:\/\/eu.kresstools.com\/es\/wp-json\/wp\/v2\/product"}],"about":[{"href":"https:\/\/eu.kresstools.com\/es\/wp-json\/wp\/v2\/types\/product"}],"wp:featuredmedia":[{"embeddable":true,"href":"https:\/\/eu.kresstools.com\/es\/wp-json\/wp\/v2\/media\/11258"}],"wp:attachment":[{"href":"https:\/\/eu.kresstools.com\/es\/wp-json\/wp\/v2\/media?parent=11248"}],"wp:term":[{"taxonomy":"product_cat","embeddable":true,"href":"https:\/\/eu.kresstools.com\/es\/wp-json\/wp\/v2\/product_cat?post=11248"},{"taxonomy":"product_tag","embeddable":true,"href":"https:\/\/eu.kresstools.com\/es\/wp-json\/wp\/v2\/product_tag?post=11248"}],"curies":[{"name":"wp","href":"https:\/\/api.w.org\/{rel}","templated":true}]}}