{"id":3167,"date":"2020-08-06T10:51:18","date_gmt":"2020-08-06T08:51:18","guid":{"rendered":"https:\/\/eu.kresstools.com\/?page_id=3167"},"modified":"2021-09-09T08:50:19","modified_gmt":"2021-09-09T06:50:19","slug":"contacto","status":"publish","type":"page","link":"https:\/\/eu.kresstools.com\/es\/contacto\/","title":{"rendered":"Contacto"},"content":{"rendered":"<div class=\"flex_column av_one_fourth  flex_column_div av-zero-column-padding first  avia-builder-el-0  el_before_av_one_half  avia-builder-el-first  \" style='border-radius:0px; '><\/div>\n<div class=\"flex_column av_one_half  flex_column_div av-zero-column-padding   avia-builder-el-1  el_after_av_one_fourth  el_before_av_one_fourth  \" style='border-radius:0px; '><section class=\"av_textblock_section \"  itemscope=\"itemscope\" itemtype=\"https:\/\/schema.org\/CreativeWork\" ><div class='avia_textblock  av_inherit_color '  style='color:#b02b2c; '  itemprop=\"text\" ><h2 style=\"text-align: center\"><strong>En caso de que tu herramienta necesite reparaci\u00f3n o bien est\u00e9s buscando un repuesto, por favor, ponte en contacto con el servicio t\u00e9cnico oficial de Kress:<\/strong><\/h2>\n<p style=\"text-align: center\"><strong>Talleres Barahona<\/strong><\/p>\n<p style=\"text-align: center\"><strong>Tel\u00e9fono:<\/strong> <a href=\"https:\/\/www.google.com\/search?rlz=1C1GCEU_esES910ES910&amp;ei=jDEtX_aZHeKejLsP9OSRuAI&amp;q=barahona+talleres&amp;oq=barahona+talleres&amp;gs_lcp=CgZwc3ktYWIQAzIGCAAQFhAeMgYIABAWEB4yBggAEBYQHjIGCAAQFhAeMgIIJjoECAAQRzoHCC4QQxCTAjoECAAQQzoECC4QQzoCCAA6BggAEAoQQzoCCC46CAgAEAgQDRAeUJAUWKwdYJ0eaABwAXgAgAFeiAHgBZIBATmYAQCgAQGqAQdnd3Mtd2l6wAEB&amp;sclient=psy-ab&amp;ved=0ahUKEwj2j7fK9YjrAhViD2MBHXRyBCcQ4dUDCAw&amp;uact=5#\" data-dtype=\"d3ifr\" data-local-attribute=\"d3ph\" data-ved=\"2ahUKEwjTnuDM9YjrAhX7DWMBHX-SDUkQkAgoADATegQIGxAO\">913 68 10 03<\/a><\/p>\n<p style=\"text-align: center\"><strong>Email:<\/strong> kress@talleresbarahona.com<\/p>\n<\/div><\/section><\/div>\n<div class=\"flex_column av_one_fourth  flex_column_div av-zero-column-padding   avia-builder-el-3  el_after_av_one_half  el_before_av_two_fifth  \" style='border-radius:0px; '><\/div>\n<div class=\"flex_column av_two_fifth  flex_column_div av-zero-column-padding first  avia-builder-el-4  el_after_av_one_fourth  el_before_av_three_fifth  column-top-margin\" style='border-radius:0px; '><div  class='avia-image-container  av-styling-    avia-builder-el-5  avia-builder-el-no-sibling  avia-align-center '  itemprop=\"image\" itemscope=\"itemscope\" itemtype=\"https:\/\/schema.org\/ImageObject\"  ><div class='avia-image-container-inner'><div class='avia-image-overlay-wrap'><img class='avia_image' src='https:\/\/eu.kresstools.com\/wp-content\/uploads\/2020\/08\/DSC05568s-scaled.jpg' alt='' title='' height=\"2560\" width=\"1658\"  itemprop=\"thumbnailUrl\"  \/><\/div><\/div><\/div><\/div>\n<div class=\"flex_column av_three_fifth  flex_column_div av-zero-column-padding   avia-builder-el-6  el_after_av_two_fifth  el_before_av_textblock  column-top-margin\" style='border-radius:0px; '><p><section class=\"av_textblock_section \"  itemscope=\"itemscope\" itemtype=\"https:\/\/schema.org\/CreativeWork\" ><div class='avia_textblock  '   itemprop=\"text\" ><div class=\"wpforms-container wpforms-container-full\" id=\"wpforms-4006\"><form id=\"wpforms-form-4006\" class=\"wpforms-validate wpforms-form\" data-formid=\"4006\" method=\"post\" enctype=\"multipart\/form-data\" action=\"\/es\/wp-json\/wp\/v2\/pages\/3167\" data-token=\"87da1cef19b08de4de3033b198029223\"><noscript class=\"wpforms-error-noscript\">Por favor, activa JavaScript en tu navegador para completar este formulario.<\/noscript><div class=\"wpforms-field-container\"><div id=\"wpforms-4006-field_0-container\" class=\"wpforms-field wpforms-field-name\" data-field-id=\"0\"><label class=\"wpforms-field-label\" for=\"wpforms-4006-field_0\">Nombre  <span class=\"wpforms-required-label\">*<\/span><\/label><input type=\"text\" id=\"wpforms-4006-field_0\" class=\"wpforms-field-medium wpforms-field-required\" name=\"wpforms[fields][0]\" required><\/div><div id=\"wpforms-4006-field_1-container\" class=\"wpforms-field wpforms-field-email\" data-field-id=\"1\"><label class=\"wpforms-field-label\" for=\"wpforms-4006-field_1\">Correo electr\u00f3nico <span class=\"wpforms-required-label\">*<\/span><\/label><input type=\"email\" id=\"wpforms-4006-field_1\" class=\"wpforms-field-medium wpforms-field-required\" name=\"wpforms[fields][1]\" required><\/div><div id=\"wpforms-4006-field_3-container\" class=\"wpforms-field wpforms-field-text\" data-field-id=\"3\"><label class=\"wpforms-field-label\" for=\"wpforms-4006-field_3\">Asunto  <span class=\"wpforms-required-label\">*<\/span><\/label><input type=\"text\" id=\"wpforms-4006-field_3\" class=\"wpforms-field-medium wpforms-field-required\" name=\"wpforms[fields][3]\" required><\/div><div id=\"wpforms-4006-field_4-container\" class=\"wpforms-field wpforms-field-text\" data-field-id=\"4\"><label class=\"wpforms-field-label\" for=\"wpforms-4006-field_4\">Referencia del producto<\/label><input type=\"text\" id=\"wpforms-4006-field_4\" class=\"wpforms-field-medium\" name=\"wpforms[fields][4]\" ><\/div><div id=\"wpforms-4006-field_2-container\" class=\"wpforms-field wpforms-field-textarea\" data-field-id=\"2\"><label class=\"wpforms-field-label\" for=\"wpforms-4006-field_2\">Mensaje  <span class=\"wpforms-required-label\">*<\/span><\/label><textarea id=\"wpforms-4006-field_2\" class=\"wpforms-field-medium wpforms-field-required\" name=\"wpforms[fields][2]\" required><\/textarea><\/div><div id=\"wpforms-4006-field_5-container\" class=\"wpforms-field wpforms-field-captcha\" data-field-id=\"5\"><label class=\"wpforms-field-label\" for=\"wpforms-4006-field_5\">Captcha <span class=\"wpforms-required-label\">*<\/span><\/label>\t\t\t<div class=\"wpforms-captcha-math\">\n\t\t\t\t<span class=\"wpforms-captcha-equation\">\n\t\t\t\t\t<span class=\"n1\">12<\/span>\n\t\t\t\t\t\t\t<span class=\"cal\">*<\/span>\n\t\t\t\t\t\t\t<span class=\"n2\">3<\/span>\t\t\t\t\t<span class=\"e\">=<\/span>\n\t\t\t\t<\/span>\n\t\t\t\t<input type=\"text\" id=\"wpforms-4006-field_5\" class=\"wpforms-field-medium wpforms-field-required a\" data-rule-wpf-captcha=\"math\" name=\"wpforms[fields][5][a]\" required>\t\t\t\t<input type=\"hidden\" name=\"wpforms[fields][5][cal]\" class=\"cal\">\n\t\t\t\t<input type=\"hidden\" name=\"wpforms[fields][5][n2]\" class=\"n2\">\n\t\t\t\t<input type=\"hidden\" name=\"wpforms[fields][5][n1]\" class=\"n1\">\n\t\t\t<\/div>\n\t\t\t<\/div><div id=\"wpforms-4006-field_9-container\" class=\"wpforms-field wpforms-field-html\" data-field-id=\"9\"><div id=\"wpforms-4006-field_9\"><p> Kress est\u00e1 comprometido a proteger y respetar su privacidad. Utilizamos su informaci\u00f3n personal s\u00f3lo para gestionar su cuenta y para proporcionarle los productos y servicios que solicite.  <\/p>\r\nAl hacer clic en \u201cEnviar\u201d a continuaci\u00f3n, usted acepta que Positec puede almacenar y procesar la informaci\u00f3n personal proporcionada anteriormente para proporcionarle el contenido solicitado.<\/div><\/div><\/div><div class=\"wpforms-field wpforms-field-hp\"><label for=\"wpforms-4006-field-hp\" class=\"wpforms-field-label\">Name<\/label><input type=\"text\" name=\"wpforms[hp]\" id=\"wpforms-4006-field-hp\" class=\"wpforms-field-medium\"><\/div><div class=\"wpforms-submit-container\"><input type=\"hidden\" name=\"wpforms[id]\" value=\"4006\"><input type=\"hidden\" name=\"wpforms[author]\" value=\"10\"><button type=\"submit\" name=\"wpforms[submit]\" id=\"wpforms-submit-4006\" class=\"wpforms-submit\" data-alt-text=\"Sending...\" data-submit-text=\"Enviar\" aria-live=\"assertive\" value=\"wpforms-submit\">Enviar<\/button><\/div><\/form><\/div>  <!-- .wpforms-container -->\n<\/div><\/section><br \/>\n<form action=\"https:\/\/eu.kresstools.com\/es\/contacto\/\" method=\"post\"  class=\"avia_ajax_form av-form-labels-visible   avia-builder-el-8  el_after_av_textblock  avia-builder-el-last    av-desktop-hide av-medium-hide av-small-hide av-mini-hide\" data-avia-form-id=\"1\" data-avia-redirect='' ><h3 class=''>Cont\u00e1ctanos<\/h3><fieldset><p class='  first_form  form_element form_fullwidth' id='element_avia_1_1'><label for=\"avia_1_1\">Nombre <abbr class=\"required\" title=\"requerido\">*<\/abbr><\/label> <input name=\"avia_1_1\" class=\"text_input is_empty\" type=\"text\" id=\"avia_1_1\" value=\"\" \/><\/p><p class='  first_form  form_element form_fullwidth' id='element_avia_2_1'><label for=\"avia_2_1\">Correo electr\u00f3nico <abbr class=\"required\" title=\"requerido\">*<\/abbr><\/label> <input name=\"avia_2_1\" class=\"text_input is_email\" type=\"text\" id=\"avia_2_1\" value=\"\" \/><\/p><p class='  first_form  form_element form_fullwidth' id='element_avia_3_1'><label for=\"avia_3_1\">Asunto <abbr class=\"required\" title=\"requerido\">*<\/abbr><\/label> <input name=\"avia_3_1\" class=\"text_input is_empty\" type=\"text\" id=\"avia_3_1\" value=\"\" \/><\/p><p class='  first_form  form_element form_fullwidth' id='element_avia_4_1'><label for=\"avia_4_1\">Referencia del producto<\/label> <input name=\"avia_4_1\" class=\"text_input \" type=\"text\" id=\"avia_4_1\" value=\"\" \/><\/p><p class='  first_form  form_element form_fullwidth' id='element_avia_5_1'><label for=\"avia_5_1\" class=\"textare_label hidden textare_label_avia_5_1\">Mensaje <abbr class=\"required\" title=\"requerido\">*<\/abbr><\/label><textarea  name=\"avia_5_1\" class=\"text_area is_empty\" cols=\"40\" rows=\"7\" id=\"avia_5_1\" ><\/textarea><\/p><p class=\"hidden\"><input type=\"text\" name=\"avia_6_1\" class=\"hidden \" id=\"avia_6_1\" value=\"\" \/><\/p><p class='   form_element form_fullwidth' id='element_avia_7_1'><span class='value_verifier_label'>2 + 1 = ?<\/span><input name=\"avia_7_1_verifier\" type=\"hidden\" id=\"avia_7_1_verifier\" value=\"566313423\"\/><label for=\"avia_7_1\">Para mayor seguridad, responde la siguiente pregunta <abbr class=\"required\" title=\"requerido\">*<\/abbr><\/label><input name=\"avia_7_1\" class=\"text_input captcha\" type=\"text\" id=\"avia_7_1\" value=\"\"\/><\/p><p class=\"form_element \"><input type=\"hidden\" value=\"1\" name=\"avia_generated_form1\" \/><input type=\"submit\" value=\"Enviar\" class=\"button\"  data-sending-label=\"Enviando\"\/><\/p><\/fieldset><\/form><div id=\"ajaxresponse_1\" class=\"ajaxresponse ajaxresponse_1 hidden\"><\/div><\/p><\/div>\n<section class=\"av_textblock_section \"  itemscope=\"itemscope\" itemtype=\"https:\/\/schema.org\/CreativeWork\" ><div class='avia_textblock  '   itemprop=\"text\" ><h2>Pr\u00f3ximamente:<\/h2>\n<p>Encuentra tu ferreter\u00eda de confianza.<\/p>\n<\/div><\/section>\n<div  class='av_gmaps_sc_main_wrap av_gmaps_main_wrap '><div id='av_gmap_0' class='avia-google-map-container avia-google-map-sc av_gmaps_show_unconditionally av-no-fallback-img ' data-mapid='av_gmap_0'  style='height: 400px;'><a class=\"av_gmaps_browser_disabled av_text_confirm_link av_text_confirm_link_visible\" href=\"https:\/\/www.google.com\/maps\/search\/?api=1&#038;query=\" target=\"_blank\" rel=\"noopener\">Maps were disabled by the visitor on this site. Click to open the map in a new window.<\/a><\/div><\/div>\n","protected":false},"excerpt":{"rendered":"","protected":false},"author":10,"featured_media":0,"parent":0,"menu_order":0,"comment_status":"closed","ping_status":"closed","template":"","meta":[],"_links":{"self":[{"href":"https:\/\/eu.kresstools.com\/es\/wp-json\/wp\/v2\/pages\/3167"}],"collection":[{"href":"https:\/\/eu.kresstools.com\/es\/wp-json\/wp\/v2\/pages"}],"about":[{"href":"https:\/\/eu.kresstools.com\/es\/wp-json\/wp\/v2\/types\/page"}],"author":[{"embeddable":true,"href":"https:\/\/eu.kresstools.com\/es\/wp-json\/wp\/v2\/users\/10"}],"replies":[{"embeddable":true,"href":"https:\/\/eu.kresstools.com\/es\/wp-json\/wp\/v2\/comments?post=3167"}],"version-history":[{"count":2,"href":"https:\/\/eu.kresstools.com\/es\/wp-json\/wp\/v2\/pages\/3167\/revisions"}],"predecessor-version":[{"id":7161,"href":"https:\/\/eu.kresstools.com\/es\/wp-json\/wp\/v2\/pages\/3167\/revisions\/7161"}],"wp:attachment":[{"href":"https:\/\/eu.kresstools.com\/es\/wp-json\/wp\/v2\/media?parent=3167"}],"curies":[{"name":"wp","href":"https:\/\/api.w.org\/{rel}","templated":true}]}}