{"id":2172,"date":"2020-07-10T16:31:59","date_gmt":"2020-07-10T14:31:59","guid":{"rendered":"https:\/\/eu.kresstools.com\/impresion\/"},"modified":"2020-07-30T12:04:46","modified_gmt":"2020-07-30T10:04:46","slug":"aviso-legal","status":"publish","type":"page","link":"https:\/\/eu.kresstools.com\/es\/aviso-legal\/","title":{"rendered":"Aviso legal"},"content":{"rendered":"<div id='av_section_1'  class='avia-section main_color avia-section-default avia-no-border-styling  avia-bg-style-scroll  avia-builder-el-0  avia-builder-el-no-sibling   container_wrap fullsize' style=' '  ><div class='container' ><main  role=\"main\" itemprop=\"mainContentOfPage\"  class='template-page content  av-content-full alpha units'><div class='post-entry post-entry-type-page post-entry-2172'><div class='entry-content-wrapper clearfix'>\n<section class=\"av_textblock_section \"  itemscope=\"itemscope\" itemtype=\"https:\/\/schema.org\/CreativeWork\" ><div class='avia_textblock  '   itemprop=\"text\" ><p>Aviso Legal \u2013 Informaci\u00f3n de acuerdo con el art\u00edculo 5 TMG:<\/p>\n<h3 id=\"positec-germany-gmbhe280a8\"><strong>Positec Germany GmbH<\/strong><\/h3>\n<p>Gr&#8217;ner Weg 10<br \/>\nD-50825 K&#8217;ln<\/p>\n<p>Representantes Autorizados Directores Generales:<br \/>\nDon Zhengdong Gao, Torsten Bollweg<\/p>\n<p>Contacto:<br \/>\nTel\u00e9fono: +49 (0) 221 \u2013 130 656 0<br \/>\nCorreo electr\u00f3nico: <a href=\"mailto:germany@positecgroup.com\">germany@positecgroup.com<\/a><\/p>\n<p>Tribunal de Registro: Amtsgericht Koln<br \/>\nN\u00famero de registro: HRB 71318<br \/>\nN\u00famero de identificaci\u00f3n a la tina de identificaci\u00f3n fiscal de conformidad con el art\u00edculo 27 a<br \/>\nUStG: DE813921765<\/p>\n<p>Responsable del contenido editorial de acuerdo con el art\u00edculo 55 Abs.2 RStV:<br \/>\nDaniel Kaiser<\/p>\n<p><strong>Renuncia<\/strong><\/p>\n<p>Limitaci\u00f3n de responsabilidad por exenci\u00f3n de responsabilidad por contenidos. Los contenidos de nuestro sitio web fueron creados con mucho cuidado. Sin embargo, no podemos garantizar la exactitud, integridad y puntualidad de todo el contenido. Como proveedor de servicios, somos responsables de acuerdo con el art\u00edculo 7 Abs. 1 TMG para los contenidos propios en estas p\u00e1ginas web despu\u00e9s de las leyes generales, despu\u00e9s de los art\u00edculos 8 a 10 TMG, sin embargo, no est\u00e1 obligado a supervisar la informaci\u00f3n extranjera transmitida o almacenada. Tan pronto como tengamos conocimiento de cualquier violaci\u00f3n, eliminaremos inmediatamente el contenido relevante. No obstante, dicha responsabilidad s\u00f3lo se asumir\u00e1 desde el momento del conocimiento de infracciones concretas.<\/p>\n<p><strong>Responsabilidad por enlaces externos<\/strong><\/p>\n<p>Nuestros sitios web contienen enlaces a sitios web externos de terceros en cuyo contenido no tenemos influencia. El proveedor u operador respectivo es siempre responsable de la exactitud del contenido del sitio web vinculado, por lo que no asumimos ninguna responsabilidad al respecto. En el momento de la vinculaci\u00f3n, revisamos los sitios web extranjeros en busca de posibles violaciones legales, pero no eran identificables. Un control constante del contenido de los sitios web enlazados no es razonable para nosotros sin evidencia concreta de violaciones legales. Tras la notificaci\u00f3n de las infracciones, eliminaremos los enlaces inmediatamente.<\/p>\n<p><strong>Copyright<\/strong><\/p>\n<p>El contenido y las obras creadas en este sitio web por el operador de este sitio web est\u00e1n sujetos a la ley alemana de derechos de autor. El contenido y los derechos de terceros est\u00e1n marcados como tales. La duplicaci\u00f3n, el procesamiento, la distribuci\u00f3n y cualquier tipo de explotaci\u00f3n fuera de los l\u00edmites del derecho de autor requieren el consentimiento por escrito del autor o titular de los derechos respectivos. S\u00f3lo se permite la producci\u00f3n de copias y descargas para uso personal, privado y no comercial.<\/p>\n<\/div><\/section>\n\n","protected":false},"excerpt":{"rendered":"","protected":false},"author":1,"featured_media":0,"parent":0,"menu_order":0,"comment_status":"closed","ping_status":"closed","template":"","meta":[],"_links":{"self":[{"href":"https:\/\/eu.kresstools.com\/es\/wp-json\/wp\/v2\/pages\/2172"}],"collection":[{"href":"https:\/\/eu.kresstools.com\/es\/wp-json\/wp\/v2\/pages"}],"about":[{"href":"https:\/\/eu.kresstools.com\/es\/wp-json\/wp\/v2\/types\/page"}],"author":[{"embeddable":true,"href":"https:\/\/eu.kresstools.com\/es\/wp-json\/wp\/v2\/users\/1"}],"replies":[{"embeddable":true,"href":"https:\/\/eu.kresstools.com\/es\/wp-json\/wp\/v2\/comments?post=2172"}],"version-history":[{"count":0,"href":"https:\/\/eu.kresstools.com\/es\/wp-json\/wp\/v2\/pages\/2172\/revisions"}],"wp:attachment":[{"href":"https:\/\/eu.kresstools.com\/es\/wp-json\/wp\/v2\/media?parent=2172"}],"curies":[{"name":"wp","href":"https:\/\/api.w.org\/{rel}","templated":true}]}}