{"id":2142,"date":"2020-07-10T16:29:27","date_gmt":"2020-07-10T14:29:27","guid":{"rendered":"https:\/\/eu.kresstools.com\/historia\/"},"modified":"2020-09-02T11:29:43","modified_gmt":"2020-09-02T09:29:43","slug":"historia","status":"publish","type":"page","link":"https:\/\/eu.kresstools.com\/es\/historia\/","title":{"rendered":"Historia"},"content":{"rendered":"<div id='story'  class='avia-section main_color avia-section-small avia-no-border-styling  avia-bg-style-scroll  avia-builder-el-0  avia-builder-el-no-sibling   av-minimum-height av-minimum-height-50  container_wrap fullsize' style='background-color: #cc1417;  '   data-av_minimum_height_pc='50'><div class='container' ><main  role=\"main\" itemprop=\"mainContentOfPage\"  class='template-page content  av-content-full alpha units'><div class='post-entry post-entry-type-page post-entry-2142'><div class='entry-content-wrapper clearfix'>\n<div  style='height:50px' class='hr hr-invisible   avia-builder-el-1  el_before_av_hr  avia-builder-el-first '><span class='hr-inner ' ><span class='hr-inner-style'><\/span><\/span><\/div>\n<div  style='height:50px' class='hr hr-invisible   avia-builder-el-2  el_after_av_hr  el_before_av_two_third '><span class='hr-inner ' ><span class='hr-inner-style'><\/span><\/span><\/div>\n<div class=\"flex_column av_two_third  flex_column_div av-zero-column-padding first  avia-builder-el-3  el_after_av_hr  el_before_av_one_third  \" style='border-radius:0px; '><section class=\"av_textblock_section \"  itemscope=\"itemscope\" itemtype=\"https:\/\/schema.org\/CreativeWork\" ><div class='avia_textblock  '   itemprop=\"text\" ><h3 style=\"text-align: left;color: white\">Kress Powertools<\/h3>\n<\/div><\/section><br \/>\n<section class=\"av_textblock_section \"  itemscope=\"itemscope\" itemtype=\"https:\/\/schema.org\/CreativeWork\" ><div class='avia_textblock  av_inherit_color '  style='color:#ffffff; '  itemprop=\"text\" ><p align=\"justify\">Kress fue fundada en Alemania en 1928 y comenz\u00f3 la producci\u00f3n de herramientas el\u00e9ctricas en Bisingen en el a\u00f1o 1964. Con m\u00e1s de 90 a\u00f1os de experiencia en motores el\u00e9ctricos, I+D y producci\u00f3n y m\u00e1s de 50 a\u00f1os de experiencia en la creaci\u00f3n y producci\u00f3n de herramientas el\u00e9ctricas, generaciones de usuarios profesionales han confiado en las herramientas el\u00e9ctricas Kress por su calidad, fiabilidad y durabilidad.<\/p>\n<p align=\"justify\">Hoy en d\u00eda, Kress como marca es sin\u00f3nimo de herramientas el\u00e9ctricas profesionales con tecnolog\u00edas potentes, de alta calidad e innovadoras que ganaron la reputaci\u00f3n de los usuarios finales en todo el mundo. Kress contin\u00faa configurando los est\u00e1ndares de dise\u00f1o de herramientas el\u00e9ctricas.<\/p>\n<\/div><\/section><br \/>\n<div  style='height:20px' class='hr hr-invisible   avia-builder-el-6  el_after_av_textblock  el_before_av_button '><span class='hr-inner ' ><span class='hr-inner-style'><\/span><\/span><\/div><br \/>\n<div  class='avia-button-wrap avia-button-left  avia-builder-el-7  el_after_av_hr  avia-builder-el-last ' ><a href='https:\/\/eu.kresstools.com\/es\/todos-los-productos\/'  class='avia-button   avia-icon_select-yes-right-icon avia-color-light avia-size-medium avia-position-left '   ><span class='avia_iconbox_title' >Ver productos<\/span><span class='avia_button_icon avia_button_icon_right' aria-hidden='true' data-av_icon='\ue87d' data-av_iconfont='entypo-fontello'><\/span><\/a><\/div><\/p><\/div><div class=\"flex_column av_one_third  flex_column_div av-zero-column-padding   avia-builder-el-8  el_after_av_two_third  el_before_av_hr  \" style='border-radius:0px; '><div  class='avia-image-container  av-styling-    avia-builder-el-9  avia-builder-el-no-sibling  avia-align-center '  itemprop=\"image\" itemscope=\"itemscope\" itemtype=\"https:\/\/schema.org\/ImageObject\"  ><div class='avia-image-container-inner'><div class='avia-image-overlay-wrap'><img class='avia_image' src='https:\/\/eu.kresstools.com\/wp-content\/uploads\/2020\/07\/90-year-white-1-269x300.png' alt='Kress 90 year' title='90 year white' height=\"300\" width=\"269\"  itemprop=\"thumbnailUrl\"  \/><\/div><\/div><\/div><\/div><div  style='height:50px' class='hr hr-invisible   avia-builder-el-10  el_after_av_one_third  el_before_av_horizontal_gallery  avia-builder-el-last '><span class='hr-inner ' ><span class='hr-inner-style'><\/span><\/span><\/div>\n<div  class='av-horizontal-gallery av-horizontal-gallery-large-gap av-horizontal-gallery-enlarge-effect av-horizontal-gallery-1  avia-builder-el-11  el_after_av_hr  avia-builder-el-last  av-control-default '  itemprop=\"image\" itemscope=\"itemscope\" itemtype=\"https:\/\/schema.org\/ImageObject\"  style='padding: 3% 0px;' data-av-enlarge='1.3'  ><div class='avia-slideshow-arrows avia-slideshow-controls'><a href='#prev' class='prev-slide av-horizontal-gallery-prev' aria-hidden='true' data-av_icon='\ue87c' data-av_iconfont='entypo-fontello'>Anterior<\/a><a href='#next' class='next-slide av-horizontal-gallery-next' aria-hidden='true' data-av_icon='\ue87d' data-av_iconfont='entypo-fontello'>Posterior <\/a><\/div><div class='av-horizontal-gallery-inner' style='padding-bottom:20%' data-av-height='20'><div class='av-horizontal-gallery-slider'><div class='av-horizontal-gallery-wrap noHover'><img class='av-horizontal-gallery-img' width='300' height='300' src='https:\/\/eu.kresstools.com\/wp-content\/uploads\/2019\/03\/1997-300x300.png' title='1997' alt='' \/><\/div><div class='av-horizontal-gallery-wrap noHover'><img class='av-horizontal-gallery-img' width='300' height='300' src='https:\/\/eu.kresstools.com\/wp-content\/uploads\/2019\/03\/1989-300x300.png' title='1989' alt='' \/><\/div><div class='av-horizontal-gallery-wrap noHover'><img class='av-horizontal-gallery-img' width='300' height='300' src='https:\/\/eu.kresstools.com\/wp-content\/uploads\/2019\/03\/1988-300x300.png' title='1988' alt='' \/><\/div><div class='av-horizontal-gallery-wrap noHover'><img class='av-horizontal-gallery-img' width='300' height='300' src='https:\/\/eu.kresstools.com\/wp-content\/uploads\/2019\/03\/1986-300x300.png' title='1986' alt='' \/><\/div><div class='av-horizontal-gallery-wrap noHover'><img class='av-horizontal-gallery-img' width='300' height='300' src='https:\/\/eu.kresstools.com\/wp-content\/uploads\/2019\/03\/1984-300x300.png' title='1984' alt='' \/><\/div><div class='av-horizontal-gallery-wrap noHover'><img class='av-horizontal-gallery-img' width='300' height='300' src='https:\/\/eu.kresstools.com\/wp-content\/uploads\/2019\/03\/1972-300x300.png' title='1972' alt='' \/><\/div><div class='av-horizontal-gallery-wrap noHover'><img class='av-horizontal-gallery-img' width='300' height='300' src='https:\/\/eu.kresstools.com\/wp-content\/uploads\/2019\/03\/1966-300x300.png' title='1966' alt='' \/><\/div><div class='av-horizontal-gallery-wrap noHover'><img class='av-horizontal-gallery-img' width='300' height='300' src='https:\/\/eu.kresstools.com\/wp-content\/uploads\/2019\/03\/1964-300x300.png' title='1964' alt='' \/><\/div><div class='av-horizontal-gallery-wrap noHover'><img class='av-horizontal-gallery-img' width='300' height='300' src='https:\/\/eu.kresstools.com\/wp-content\/uploads\/2019\/03\/1965-300x300.png' title='1965' alt='' \/><\/div><\/div><\/div><\/div>\n\n","protected":false},"excerpt":{"rendered":"","protected":false},"author":1,"featured_media":0,"parent":0,"menu_order":0,"comment_status":"closed","ping_status":"closed","template":"","meta":[],"_links":{"self":[{"href":"https:\/\/eu.kresstools.com\/es\/wp-json\/wp\/v2\/pages\/2142"}],"collection":[{"href":"https:\/\/eu.kresstools.com\/es\/wp-json\/wp\/v2\/pages"}],"about":[{"href":"https:\/\/eu.kresstools.com\/es\/wp-json\/wp\/v2\/types\/page"}],"author":[{"embeddable":true,"href":"https:\/\/eu.kresstools.com\/es\/wp-json\/wp\/v2\/users\/1"}],"replies":[{"embeddable":true,"href":"https:\/\/eu.kresstools.com\/es\/wp-json\/wp\/v2\/comments?post=2142"}],"version-history":[{"count":0,"href":"https:\/\/eu.kresstools.com\/es\/wp-json\/wp\/v2\/pages\/2142\/revisions"}],"wp:attachment":[{"href":"https:\/\/eu.kresstools.com\/es\/wp-json\/wp\/v2\/media?parent=2142"}],"curies":[{"name":"wp","href":"https:\/\/api.w.org\/{rel}","templated":true}]}}