{"id":10583,"date":"2024-06-23T23:55:22","date_gmt":"2024-06-23T21:55:22","guid":{"rendered":"https:\/\/eu.kresstools.com\/declaracion-de-garantia\/"},"modified":"2024-06-27T04:24:49","modified_gmt":"2024-06-27T02:24:49","slug":"declaracion-de-garantia","status":"publish","type":"page","link":"https:\/\/eu.kresstools.com\/es\/declaracion-de-garantia\/","title":{"rendered":"Declaraci\u00f3n de garant\u00eda"},"content":{"rendered":"<p><strong>Declaraci\u00f3n de garant\u00eda<\/strong><\/p>\n<p>&nbsp;<\/p>\n<p>Las herramientas el\u00e9ctricas Kress tienen un per\u00edodo de garant\u00eda de un a\u00f1o por defectos de fabricaci\u00f3n, montaje u operaci\u00f3n a partir de la fecha del recibo de compra, excepto accesorios y consumibles, excepto accesorios y consumibles;<\/p>\n<p>2 a\u00f1os para bater\u00edas y cargadores.<\/p>\n<p>&nbsp;<\/p>\n<p>El per\u00edodo de garant\u00eda se puede extender hasta 3 a\u00f1os si registra estas herramientas en eu.kresstools.com dentro de los 30 d\u00edas de la fecha original de compra.<\/p>\n<p>Los accesorios suministrados, la bater\u00eda y los cargadores est\u00e1n excluidos de esta extensi\u00f3n de garant\u00eda.<\/p>\n<p>&nbsp;<\/p>\n<p>Para los productos en garant\u00eda que se acompa\u00f1en de un recibo de compra v\u00e1lido, Kress ofrece la siguiente garant\u00eda:<\/p>\n<p>Sustituci\u00f3n o reparaci\u00f3n gratuitas de todas las piezas defectuosas; o<\/p>\n<p>Reparaci\u00f3n gratuita del producto; o<\/p>\n<p>Sustituci\u00f3n gratuita del producto por otro igual o parecido.<\/p>\n<p>&nbsp;<\/p>\n<p><strong>La garant\u00eda del fabricante no cubre los casos que se indican a continuaci\u00f3n:<\/strong><\/p>\n<ol>\n<li>Fallos de funcionamiento en la herramienta derivados del desgaste natural del producto, sus componentes, m\u00e1quinas, componentes mec\u00e1nicos o accesorios, tales como cables el\u00e9ctricos, hojas y cuchillas, correas de accionamiento, filtros, escobillas de carbono, elementos de sujeci\u00f3n y soportes;<\/li>\n<li>Da\u00f1os mec\u00e1nicos causados por la infracci\u00f3n de las normas de uso o almacenamiento del equipo que se detallan en el manual de instrucciones;<\/li>\n<li>Da\u00f1os causados por el uso inadecuado de las herramientas (uso indebido);<\/li>\n<li>Da\u00f1os causados por sobrecalentamiento, sobrecarga, tensiones mec\u00e1nicas o entrada de precipitaciones, l\u00edquidos, insectos o sustancias que no sean residuos en el interior del cuerpo de la herramienta al utilizarla conforme al uso previsto (virutas, serr\u00edn);<\/li>\n<li>Da\u00f1os derivados de una sobrecarga de la herramienta que haya causado el fallo simult\u00e1neo de 2 o m\u00e1s componentes (rotor y est\u00e1tor, motor el\u00e9ctrico y otros componentes o piezas). Los signos inequ\u00edvocos de sobrecarga del producto incluyen, entre otros, la aparici\u00f3n de lo siguiente: matices de color, deformaci\u00f3n o fusi\u00f3n de piezas y componentes del producto, oscurecimiento y quemadura del aislamiento, da\u00f1os en los cables del motor debido a alta temperatura;<\/li>\n<li>Da\u00f1os causados por el incumplimiento de los plazos de mantenimiento especificados en el manual de instrucciones;<\/li>\n<li>Da\u00f1os causados por el uso de una red de alimentaci\u00f3n el\u00e9ctrica con unas especificaciones no conformes con los requisitos de alimentaci\u00f3n indicados en la herramienta;<\/li>\n<li>Da\u00f1os causados por el uso de l\u00edquidos agresivos para limpiar las herramientas;<\/li>\n<li>Realizaci\u00f3n de los trabajos de revisi\u00f3n y reparaci\u00f3n de la herramienta fuera de un centro de servicio autorizado por Kress;<\/li>\n<li>Uso de la herramienta de forma incorrecta, abusiva o negligente, o si ha sido alterada, modificada o reparada por alguien que no pertenezca a un centro de servicio autorizado;<\/li>\n<li>Uso de piezas de recambio, piezas de sustituci\u00f3n o componentes adicionales no suministrados por Kress para las reparaciones, as\u00ed como los da\u00f1os causados por el uso de piezas de recambio no originales.<\/li>\n<\/ol>\n<p>Para solicitar la garant\u00eda, se debe presentar un documento de registro y el justificante de la compra, es decir, un recibo v\u00e1lido donde se indique la fecha y el lugar de compra.<\/p>\n<p>Esta declaraci\u00f3n de garant\u00eda no reemplaza sus derechos legales, sino que los complementa.<\/p>\n<p>La presente garant\u00eda solo es v\u00e1lida para el comprador original y no es transferible.<\/p>\n<p>La garant\u00eda limitada cubrir\u00e1 todas las reparaciones y herramientas de recambio durante el periodo de garant\u00eda a partir de la fecha de compra original.<\/p>\n<p>&nbsp;<\/p>\n<p>&nbsp;<\/p>\n","protected":false},"excerpt":{"rendered":"<p>Declaraci\u00f3n de garant\u00eda &nbsp; Las herramientas el\u00e9ctricas Kress tienen un per\u00edodo de garant\u00eda de un a\u00f1o por defectos de fabricaci\u00f3n, montaje u operaci\u00f3n a partir de la fecha del recibo de compra, excepto accesorios y consumibles, excepto accesorios y consumibles; 2 a\u00f1os para bater\u00edas y cargadores. &nbsp; El per\u00edodo de garant\u00eda se puede extender hasta [&hellip;]<\/p>\n","protected":false},"author":9,"featured_media":0,"parent":0,"menu_order":0,"comment_status":"closed","ping_status":"closed","template":"","meta":[],"_links":{"self":[{"href":"https:\/\/eu.kresstools.com\/es\/wp-json\/wp\/v2\/pages\/10583"}],"collection":[{"href":"https:\/\/eu.kresstools.com\/es\/wp-json\/wp\/v2\/pages"}],"about":[{"href":"https:\/\/eu.kresstools.com\/es\/wp-json\/wp\/v2\/types\/page"}],"author":[{"embeddable":true,"href":"https:\/\/eu.kresstools.com\/es\/wp-json\/wp\/v2\/users\/9"}],"replies":[{"embeddable":true,"href":"https:\/\/eu.kresstools.com\/es\/wp-json\/wp\/v2\/comments?post=10583"}],"version-history":[{"count":2,"href":"https:\/\/eu.kresstools.com\/es\/wp-json\/wp\/v2\/pages\/10583\/revisions"}],"predecessor-version":[{"id":10613,"href":"https:\/\/eu.kresstools.com\/es\/wp-json\/wp\/v2\/pages\/10583\/revisions\/10613"}],"wp:attachment":[{"href":"https:\/\/eu.kresstools.com\/es\/wp-json\/wp\/v2\/media?parent=10583"}],"curies":[{"name":"wp","href":"https:\/\/api.w.org\/{rel}","templated":true}]}}